{"id":5067,"date":"2022-10-25T09:37:03","date_gmt":"2022-10-25T09:37:03","guid":{"rendered":"https:\/\/drtzadeh.com\/cosmetic-surgery-and-treatments\/blepharoplasty-eyelid-surgery-2\/"},"modified":"2026-03-06T19:22:23","modified_gmt":"2026-03-06T19:22:23","slug":"chirurgie-des-paupieres","status":"publish","type":"page","link":"https:\/\/drtzadeh.com\/fr\/chirurgie-et-traitements-esthetiques\/chirurgie-des-paupieres\/","title":{"rendered":"Blepharoplastie \/ Chirurgie des paupi\u00e8res"},"content":{"rendered":"<p>[et_pb_section fb_built=&#8221;1&#8243; _builder_version=&#8221;4.17.4&#8243; _module_preset=&#8221;default&#8221; background_color=&#8221;gcid-d72333c4-2dcd-44de-8826-8dfc2c15db04&#8243; global_colors_info=&#8221;{%22gcid-d72333c4-2dcd-44de-8826-8dfc2c15db04%22:%91%22background_color%22%93}&#8221;][et_pb_row _builder_version=&#8221;4.17.4&#8243; _module_preset=&#8221;default&#8221; global_colors_info=&#8221;{}&#8221;][et_pb_column type=&#8221;4_4&#8243; _builder_version=&#8221;4.17.4&#8243; _module_preset=&#8221;default&#8221; global_colors_info=&#8221;{}&#8221;][et_pb_text module_class=&#8221;hero-sec-heading&#8221; _builder_version=&#8221;4.19.5&#8243; _module_preset=&#8221;default&#8221; header_font_size=&#8221;40px&#8221; custom_margin=&#8221;||0px||false|false&#8221; header_text_align_tablet=&#8221;&#8221; header_text_align_phone=&#8221;center&#8221; header_text_align_last_edited=&#8221;on|phone&#8221; header_font_size_tablet=&#8221;40px&#8221; header_font_size_phone=&#8221;34px&#8221; header_font_size_last_edited=&#8221;on|phone&#8221; header_line_height_tablet=&#8221;&#8221; header_line_height_phone=&#8221;1.3em&#8221; header_line_height_last_edited=&#8221;on|phone&#8221; global_colors_info=&#8221;{}&#8221;]<\/p>\n<h1>Bl\u00e9paroplastie- Chirurgie des paupi\u00e8res<\/h1>\n<p>[\/et_pb_text][lwp_divi_breadcrumbs link_color=&#8221;gcid-5f7becaa-db42-4a27-923f-406088f8cb05&#8243; _builder_version=&#8221;4.27.4&#8243; _module_preset=&#8221;default&#8221; hover_enabled=&#8221;0&#8243; module_text_align_tablet=&#8221;&#8221; module_text_align_phone=&#8221;center&#8221; module_text_align_last_edited=&#8221;on|phone&#8221; module_font_size_tablet=&#8221;&#8221; module_font_size_phone=&#8221;16px&#8221; module_font_size_last_edited=&#8221;on|phone&#8221; text_orientation_tablet=&#8221;&#8221; text_orientation_phone=&#8221;center&#8221; text_orientation_last_edited=&#8221;on|phone&#8221; global_colors_info=&#8221;{%22gcid-5f7becaa-db42-4a27-923f-406088f8cb05%22:%91%22link_color%22%93}&#8221; font_icon=&#8221;&#x35;||divi||400&#8243; sticky_enabled=&#8221;0&#8243;][\/lwp_divi_breadcrumbs][\/et_pb_column][\/et_pb_row][\/et_pb_section][et_pb_section fb_built=&#8221;1&#8243; _builder_version=&#8221;4.17.4&#8243; _module_preset=&#8221;default&#8221; global_colors_info=&#8221;{}&#8221;][et_pb_row column_structure=&#8221;2_3,1_3&#8243; _builder_version=&#8221;4.17.4&#8243; _module_preset=&#8221;default&#8221; global_colors_info=&#8221;{}&#8221;][et_pb_column type=&#8221;2_3&#8243; _builder_version=&#8221;4.17.4&#8243; _module_preset=&#8221;default&#8221; global_colors_info=&#8221;{}&#8221;][et_pb_text disabled_on=&#8221;on|on|on&#8221; _builder_version=&#8221;4.19.5&#8243; _module_preset=&#8221;default&#8221; disabled=&#8221;on&#8221; locked=&#8221;off&#8221; global_colors_info=&#8221;{}&#8221;]<\/p>\n<h2>R\u00e9sum\u00e9<\/h2>\n<p>[\/et_pb_text][et_pb_divider color=&#8221;#444444&#8243; divider_weight=&#8221;2px&#8221; disabled_on=&#8221;on|on|on&#8221; _builder_version=&#8221;4.16&#8243; _module_preset=&#8221;default&#8221; width=&#8221;100px&#8221; module_alignment=&#8221;left&#8221; custom_margin=&#8221;||15px||false|false&#8221; disabled=&#8221;on&#8221; locked=&#8221;off&#8221; global_colors_info=&#8221;{}&#8221;][\/et_pb_divider][et_pb_text module_class=&#8221;service-txt&#8221; _builder_version=&#8221;4.19.5&#8243; _module_preset=&#8221;default&#8221; text_orientation_tablet=&#8221;&#8221; text_orientation_phone=&#8221;center&#8221; text_orientation_last_edited=&#8221;on|phone&#8221; global_colors_info=&#8221;{}&#8221;]<\/p>\n<p>Une bl\u00e9pharoplastie, ou lifting des paupi\u00e8res, est une intervention qui vise \u00e0 donner aux yeux une apparence plus jeune. Pour ce faire, elle cible l&#8217;exc\u00e8s de peau des paupi\u00e8res sup\u00e9rieures et\/ou inf\u00e9rieures, ce qui vous aide \u00e0 para\u00eetre plus alerte et repos\u00e9.<\/p>\n<p>Les patients qui envisagent une bl\u00e9pharoplastie pr\u00e9sentent g\u00e9n\u00e9ralement des signes de vieillissement autour des yeux. Il peut s&#8217;agir d&#8217;un affaissement des paupi\u00e8res sup\u00e9rieures, cr\u00e9ant un pli suppl\u00e9mentaire et perturbant leur contour naturel, ou d&#8217;une accumulation de graisse dans les paupi\u00e8res sup\u00e9rieures et inf\u00e9rieures, provoquant un gonflement du tissu p\u00e9rioculaire.<\/p>\n<p>Une bl\u00e9pharoplastie ne corrige pas les rides sur le front ou aux coins des yeux. Lorsque le Dr Zadeh vous examinera, il d\u00e9terminera si vous avez int\u00e9r\u00eat \u00e0 combiner un lifting des paupi\u00e8res avec un lifting du visage et du cou, ce qui rajeunirait l&#8217;ensemble de votre visage en une seule op\u00e9ration.<\/p>\n<p>[\/et_pb_text][et_pb_image src=&#8221;https:\/\/drtzadeh.com\/wp-content\/uploads\/2022\/10\/image-024.png&#8221; title_text=&#8221;image-024&#8243; _builder_version=&#8221;4.19.5&#8243; _module_preset=&#8221;default&#8221; max_width=&#8221;75%&#8221; max_width_tablet=&#8221;&#8221; max_width_phone=&#8221;&#8221; max_width_last_edited=&#8221;on|desktop&#8221; module_alignment=&#8221;left&#8221; global_colors_info=&#8221;{}&#8221;][\/et_pb_image][et_pb_text admin_label=&#8221;Frequently Asked Questions&#8221; _builder_version=&#8221;4.19.5&#8243; _module_preset=&#8221;default&#8221; header_2_text_align_tablet=&#8221;&#8221; header_2_text_align_phone=&#8221;center&#8221; header_2_text_align_last_edited=&#8221;on|phone&#8221; header_2_line_height_tablet=&#8221;&#8221; header_2_line_height_phone=&#8221;1.3em&#8221; header_2_line_height_last_edited=&#8221;on|phone&#8221; locked=&#8221;off&#8221; global_colors_info=&#8221;{}&#8221;]<\/p>\n<h2>Questions fr\u00e9quemment pos\u00e9es<\/h2>\n<p>[\/et_pb_text][et_pb_divider color=&#8221;#444444&#8243; divider_weight=&#8221;2px&#8221; _builder_version=&#8221;4.17.4&#8243; _module_preset=&#8221;default&#8221; width=&#8221;100px&#8221; module_alignment=&#8221;left&#8221; custom_margin=&#8221;||15px||false|false&#8221; module_alignment_tablet=&#8221;left&#8221; module_alignment_phone=&#8221;center&#8221; module_alignment_last_edited=&#8221;on|phone&#8221; locked=&#8221;off&#8221; global_colors_info=&#8221;{}&#8221;][\/et_pb_divider][et_pb_accordion open_toggle_text_color=&#8221;#333333&#8243; open_toggle_background_color=&#8221;#FFFFFF&#8221; closed_toggle_background_color=&#8221;#faf9f6&#8243; icon_color=&#8221;gcid-d72333c4-2dcd-44de-8826-8dfc2c15db04&#8243; module_id=&#8221;myfaq&#8221; module_class=&#8221;faq-list&#8221; _builder_version=&#8221;4.27.4&#8243; _module_preset=&#8221;default&#8221; toggle_font=&#8221;|700|||||||&#8221; global_colors_info=&#8221;{%22gcid-d72333c4-2dcd-44de-8826-8dfc2c15db04%22:%91%22icon_color%22%93}&#8221;][et_pb_accordion_item title=&#8221;Quelles sont les diff\u00e9rentes techniques de bl\u00e9pharoplastie ?&#8221; _builder_version=&#8221;4.19.5&#8243; _module_preset=&#8221;default&#8221; global_colors_info=&#8221;{}&#8221; open=&#8221;on&#8221;]<\/p>\n<p>Utilis\u00e9e dans le bon contexte, chaque technique de bl\u00e9pharoplastie produit des r\u00e9sultats fiables et durables, donnant un aspect rafra\u00eechi et rajeuni aux yeux, cr\u00e9ant un contour lisse et une apparence plus jeune et repos\u00e9e. Les yeux perdront leur aspect triste, fatigu\u00e9 ou furieux. Lors de votre rendez-vous, le Dr Zadeh \u00e9valuera l&#8217;ensemble de votre visage avant de s&#8217;asseoir avec vous pour d\u00e9terminer le meilleur plan de traitement.<\/p>\n<h3>1. Lifting de la paupi\u00e8re sup\u00e9rieure<\/h3>\n<p>Au cours de cette intervention, une incision est pratiqu\u00e9e dans le pli naturel de la paupi\u00e8re sup\u00e9rieure, en commen\u00e7ant pr\u00e8s du coin interne et en terminant au coin externe de la paupi\u00e8re. Le Dr Zadeh prend soin de dissimuler l&#8217;incision dans un pli naturel existant. Compte tenu de son emplacement, la cicatrice devient pratiquement invisible, notamment lorsque du maquillage est appliqu\u00e9 par-dessus.<\/p>\n<p>L&#8217;exc\u00e8s de peau de la paupi\u00e8re est retir\u00e9. Les d\u00e9p\u00f4ts graisseux peuvent \u00eatre repositionn\u00e9s ou retir\u00e9s, et les muscles des paupi\u00e8res peuvent \u00eatre resserr\u00e9s si n\u00e9cessaire. Le r\u00e9sultat final est une apparence jeune et rafra\u00eechie, car vos yeux para\u00eetront plus alertes.<\/p>\n<h3>2) Lifting de la paupi\u00e8re inf\u00e9rieure<\/h3>\n<p>Au cours de cette intervention, une incision est pratiqu\u00e9e sous la ligne des cils de la paupi\u00e8re inf\u00e9rieure (subciliaire) ou sur sa surface interne (transconjonctivale). Avec l&#8217;approche subciliaire, l&#8217;exc\u00e8s de peau est retir\u00e9 et la graisse et\/ou le muscle sous-jacent sont repositionn\u00e9s ou retir\u00e9s si n\u00e9cessaire. La cicatrice est presque invisible car elle est dissimul\u00e9e sous les cils inf\u00e9rieurs. Avec l&#8217;approche transconjonctivale, une incision est pratiqu\u00e9e \u00e0 travers la conjonctive (fine membrane recouvrant la surface interne de la paupi\u00e8re). Cette approche est uniquement utilis\u00e9e pour redistribuer ou retirer l&#8217;exc\u00e8s de graisse de la paupi\u00e8re inf\u00e9rieure ; elle ne convient pas aux patients pr\u00e9sentant un exc\u00e8s de peau.<\/p>\n<p>[\/et_pb_accordion_item][et_pb_accordion_item title=&#8221;Quelle est la dur\u00e9e de la p\u00e9riode de r\u00e9tablissement ? Y a-t-il des restrictions en termes d&#8217;activit\u00e9s ?&#8221; _builder_version=&#8221;4.19.5&#8243; _module_preset=&#8221;default&#8221; global_colors_info=&#8221;{}&#8221; open=&#8221;off&#8221;]<\/p>\n<p>Vous devez \u00e9viter tout exercice physique intense pendant les deux ou trois premi\u00e8res semaines suivant votre op\u00e9ration afin de permettre \u00e0 votre corps de gu\u00e9rir confortablement. Vous pourrez reprendre vos activit\u00e9s physiques normales quatre semaines apr\u00e8s l&#8217;op\u00e9ration. Il est important que vous \u00e9coutiez votre corps. Il vous dira si vous \u00eates pr\u00eat \u00e0 faire de l&#8217;exercice et quelle quantit\u00e9 d&#8217;exercice vous pouvez supporter. Une douleur ou une g\u00eane lors de l&#8217;exercice est un signe que votre corps n&#8217;est pas tout \u00e0 fait gu\u00e9ri et qu&#8217;il serait pr\u00e9f\u00e9rable d&#8217;attendre quelques semaines avant de r\u00e9essayer.<\/p>\n<p>Il est \u00e9galement crucial d&#8217;\u00e9viter une exposition prolong\u00e9e au soleil afin de permettre une cicatrisation optimale de vos plaies. Il est recommand\u00e9 d&#8217;appliquer une cr\u00e8me solaire (SPF30 minimum) et de porter un chapeau lorsque vous sortez, quelles que soient les conditions m\u00e9t\u00e9orologiques, afin de prot\u00e9ger votre visage.<\/p>\n<p>[\/et_pb_accordion_item][et_pb_accordion_item title=&#8221;Qui est un bon candidat pour une bl\u00e9pharoplastie ?&#8221; _builder_version=&#8221;4.19.5&#8243; _module_preset=&#8221;default&#8221; global_colors_info=&#8221;{}&#8221; open=&#8221;off&#8221;]<\/p>\n<p>The ideal patient for this procedure is in good general health. This procedure may not be suitable for you if you smoke or have complex health problems for which you are currently being treated. In addition, this procedure is not performed on patients who are not psychologically prepared for surgery.<\/p>\n<p>[\/et_pb_accordion_item][et_pb_accordion_item title=&#8221;Serai-je sous anesth\u00e9sie pendant l&#8217;op\u00e9ration ?&#8221; _builder_version=&#8221;4.19.5&#8243; _module_preset=&#8221;default&#8221; global_colors_info=&#8221;{}&#8221; open=&#8221;off&#8221;]<\/p>\n<p>Cette op\u00e9ration peut \u00eatre r\u00e9alis\u00e9e sous anesth\u00e9sie g\u00e9n\u00e9rale, c&#8217;est-\u00e0-dire que vous serez compl\u00e8tement endormi pendant toute la dur\u00e9e de l&#8217;intervention. En d&#8217;autres termes, vous serez parfaitement inconscient tout au long de l&#8217;op\u00e9ration.<\/p>\n<p>Vous pouvez \u00e9galement \u00eatre op\u00e9r\u00e9 sous anesth\u00e9sie locale et s\u00e9dation. Votre visage sera anesth\u00e9si\u00e9 (gel\u00e9) au moyen d&#8217;injections (comme chez le dentiste) et vous recevrez un m\u00e9dicament par voie intraveineuse qui vous rendra somnolent et dissoci\u00e9 des \u00e9v\u00e9nements pendant toute la dur\u00e9e de l&#8217;intervention.<\/p>\n<p>[\/et_pb_accordion_item][et_pb_accordion_item title=&#8221;Quel est le co\u00fbt d&#8217;un lifting des paupi\u00e8res ?&#8221; open=&#8221;off&#8221; _builder_version=&#8221;4.27.4&#8243; _module_preset=&#8221;default&#8221; global_colors_info=&#8221;{}&#8221;]<\/p>\n<p>Le co\u00fbt final de vos traitements sera calcul\u00e9 sur une base individuelle en fonction de vos besoins. En g\u00e9n\u00e9ral, un lifting des paupi\u00e8res sup\u00e9rieures co\u00fbte 3 200 dollars, tandis qu&#8217;un lifting des paupi\u00e8res inf\u00e9rieures co\u00fbte 4 995. dollars. Une op\u00e9ration combinant les deux proc\u00e9dures co\u00fbte 7 700 dollars. Toutefois, des frais suppl\u00e9mentaires peuvent s&#8217;appliquer si le patient pr\u00e9sente une condition particuli\u00e8re ou si diff\u00e9rentes chirurgies sont combin\u00e9es.<\/p>\n<p>[\/et_pb_accordion_item][\/et_pb_accordion][\/et_pb_column][et_pb_column type=&#8221;1_3&#8243; _builder_version=&#8221;4.17.4&#8243; _module_preset=&#8221;default&#8221; global_colors_info=&#8221;{}&#8221;][et_pb_sidebar area=&#8221;et_pb_widget_area_1&#8243; _builder_version=&#8221;4.17.4&#8243; _module_preset=&#8221;default&#8221; global_colors_info=&#8221;{}&#8221;][\/et_pb_sidebar][\/et_pb_column][\/et_pb_row][\/et_pb_section]<\/p>\n","protected":false},"excerpt":{"rendered":"<p>Bl\u00e9paroplastie- Chirurgie des paupi\u00e8res<div class=\"et_pb_module lwp_divi_breadcrumbs lwp_divi_breadcrumbs_0\">\n\t\t\t\t\n\t\t\t\t\n\t\t\t\t\n\t\t\t\t\n\t\t\t\t\n\t\t\t\t\n\t\t\t\t<div class=\"et_pb_module_inner\">\n\t\t\t\t\t<div class=\"lwp-breadcrumbs\"> <span class=\"before\"><\/span> <span><span property=\"itemListElement\" typeof=\"ListItem\"><a property=\"item\" typeof=\"WebPage\" href=\"https:\/\/drtzadeh.com\/fr\/\" class=\"home\"><span property=\"name\">Accueil<\/span><\/a><meta property=\"position\" content=\"1\"><\/span> <span class=\"separator et-pb-icon\">&#x35;<\/span> <\/span><\/div>\n\t\t\t\t<\/div>\n\t\t\t<\/div>R\u00e9sum\u00e9Une bl\u00e9pharoplastie, ou lifting des paupi\u00e8res, est une intervention qui vise \u00e0 donner aux yeux une apparence plus jeune. Pour ce faire, elle cible l&#8217;exc\u00e8s de peau des paupi\u00e8res sup\u00e9rieures et\/ou inf\u00e9rieures, ce qui vous aide [&hellip;]<\/p>\n","protected":false},"author":5,"featured_media":0,"parent":5066,"menu_order":0,"comment_status":"closed","ping_status":"closed","template":"","meta":{"_et_pb_use_builder":"on","_et_pb_old_content":"","_et_gb_content_width":"","footnotes":""},"class_list":["post-5067","page","type-page","status-publish","hentry"],"yoast_head":"<!-- This site is optimized with the Yoast SEO plugin v25.7 - https:\/\/yoast.com\/wordpress\/plugins\/seo\/ -->\n<title>Blepharoplastie \/ Chirurgie des paupi\u00e8res - Dr. Teanoosh Zadeh - Clinique T Montreal<\/title>\n<meta name=\"robots\" content=\"index, follow, max-snippet:-1, max-image-preview:large, max-video-preview:-1\" \/>\n<link rel=\"canonical\" href=\"https:\/\/drtzadeh.com\/fr\/chirurgie-et-traitements-esthetiques\/chirurgie-des-paupieres\/\" \/>\n<meta property=\"og:locale\" content=\"fr_FR\" \/>\n<meta property=\"og:type\" content=\"article\" \/>\n<meta property=\"og:title\" content=\"Blepharoplastie \/ Chirurgie des paupi\u00e8res - Dr. Teanoosh Zadeh - Clinique T Montreal\" \/>\n<meta property=\"og:description\" content=\"Bl\u00e9paroplastie- Chirurgie des paupi\u00e8resR\u00e9sum\u00e9Une bl\u00e9pharoplastie, ou lifting des paupi\u00e8res, est une intervention qui vise \u00e0 donner aux yeux une apparence plus jeune. Pour ce faire, elle cible l&#039;exc\u00e8s de peau des paupi\u00e8res sup\u00e9rieures et\/ou inf\u00e9rieures, ce qui vous aide [&hellip;]\" \/>\n<meta property=\"og:url\" content=\"https:\/\/drtzadeh.com\/fr\/chirurgie-et-traitements-esthetiques\/chirurgie-des-paupieres\/\" \/>\n<meta property=\"og:site_name\" content=\"Dr. Teanoosh Zadeh - Clinique T\" \/>\n<meta property=\"article:publisher\" content=\"https:\/\/www.facebook.com\/drteanooshzadehMD\" \/>\n<meta property=\"article:modified_time\" content=\"2026-03-06T19:22:23+00:00\" \/>\n<meta name=\"twitter:label1\" content=\"Dur\u00e9e de lecture estim\u00e9e\" \/>\n\t<meta name=\"twitter:data1\" content=\"5 minutes\" \/>\n<!-- \/ Yoast SEO plugin. -->","yoast_head_json":{"title":"Blepharoplastie \/ Chirurgie des paupi\u00e8res - Dr. Teanoosh Zadeh - Clinique T Montreal","robots":{"index":"index","follow":"follow","max-snippet":"max-snippet:-1","max-image-preview":"max-image-preview:large","max-video-preview":"max-video-preview:-1"},"canonical":"https:\/\/drtzadeh.com\/fr\/chirurgie-et-traitements-esthetiques\/chirurgie-des-paupieres\/","og_locale":"fr_FR","og_type":"article","og_title":"Blepharoplastie \/ Chirurgie des paupi\u00e8res - Dr. Teanoosh Zadeh - Clinique T Montreal","og_description":"Bl\u00e9paroplastie- Chirurgie des paupi\u00e8resR\u00e9sum\u00e9Une bl\u00e9pharoplastie, ou lifting des paupi\u00e8res, est une intervention qui vise \u00e0 donner aux yeux une apparence plus jeune. Pour ce faire, elle cible l'exc\u00e8s de peau des paupi\u00e8res sup\u00e9rieures et\/ou inf\u00e9rieures, ce qui vous aide [&hellip;]","og_url":"https:\/\/drtzadeh.com\/fr\/chirurgie-et-traitements-esthetiques\/chirurgie-des-paupieres\/","og_site_name":"Dr. Teanoosh Zadeh - Clinique T","article_publisher":"https:\/\/www.facebook.com\/drteanooshzadehMD","article_modified_time":"2026-03-06T19:22:23+00:00","twitter_misc":{"Dur\u00e9e de lecture estim\u00e9e":"5 minutes"},"schema":{"@context":"https:\/\/schema.org","@graph":[{"@type":"WebPage","@id":"https:\/\/drtzadeh.com\/fr\/chirurgie-et-traitements-esthetiques\/chirurgie-des-paupieres\/","url":"https:\/\/drtzadeh.com\/fr\/chirurgie-et-traitements-esthetiques\/chirurgie-des-paupieres\/","name":"Blepharoplastie \/ Chirurgie des paupi\u00e8res - Dr. Teanoosh Zadeh - Clinique T Montreal","isPartOf":{"@id":"https:\/\/drtzadeh.com\/#website"},"datePublished":"2022-10-25T09:37:03+00:00","dateModified":"2026-03-06T19:22:23+00:00","breadcrumb":{"@id":"https:\/\/drtzadeh.com\/fr\/chirurgie-et-traitements-esthetiques\/chirurgie-des-paupieres\/#breadcrumb"},"inLanguage":"fr-FR","potentialAction":[{"@type":"ReadAction","target":["https:\/\/drtzadeh.com\/fr\/chirurgie-et-traitements-esthetiques\/chirurgie-des-paupieres\/"]}]},{"@type":"BreadcrumbList","@id":"https:\/\/drtzadeh.com\/fr\/chirurgie-et-traitements-esthetiques\/chirurgie-des-paupieres\/#breadcrumb","itemListElement":[{"@type":"ListItem","position":1,"name":"Home","item":"https:\/\/drtzadeh.com\/"},{"@type":"ListItem","position":2,"name":"Chirurgie et Traitements Esth\u00e9tiques","item":"https:\/\/drtzadeh.com\/fr\/chirurgie-et-traitements-esthetiques\/"},{"@type":"ListItem","position":3,"name":"Blepharoplastie \/ Chirurgie des paupi\u00e8res"}]},{"@type":"WebSite","@id":"https:\/\/drtzadeh.com\/#website","url":"https:\/\/drtzadeh.com\/","name":"Dr. Teanoosh Zadeh - Clinique T","description":"Experienced &amp; Certified Montreal Plastic Surgeon","publisher":{"@id":"https:\/\/drtzadeh.com\/#organization"},"potentialAction":[{"@type":"SearchAction","target":{"@type":"EntryPoint","urlTemplate":"https:\/\/drtzadeh.com\/?s={search_term_string}"},"query-input":{"@type":"PropertyValueSpecification","valueRequired":true,"valueName":"search_term_string"}}],"inLanguage":"fr-FR"},{"@type":"Organization","@id":"https:\/\/drtzadeh.com\/#organization","name":"Dr. Teanoosh Zadeh - Clinique T","url":"https:\/\/drtzadeh.com\/","logo":{"@type":"ImageObject","inLanguage":"fr-FR","@id":"https:\/\/drtzadeh.com\/#\/schema\/logo\/image\/","url":"https:\/\/drtzadeh.com\/wp-content\/uploads\/2023\/01\/CLINIQUE-T-Logo.png","contentUrl":"https:\/\/drtzadeh.com\/wp-content\/uploads\/2023\/01\/CLINIQUE-T-Logo.png","width":270,"height":77,"caption":"Dr. Teanoosh Zadeh - Clinique T"},"image":{"@id":"https:\/\/drtzadeh.com\/#\/schema\/logo\/image\/"},"sameAs":["https:\/\/www.facebook.com\/drteanooshzadehMD","http:\/\/www.instagram.com\/drzadehteanoosh\/"]}]}},"_links":{"self":[{"href":"https:\/\/drtzadeh.com\/fr\/wp-json\/wp\/v2\/pages\/5067","targetHints":{"allow":["GET"]}}],"collection":[{"href":"https:\/\/drtzadeh.com\/fr\/wp-json\/wp\/v2\/pages"}],"about":[{"href":"https:\/\/drtzadeh.com\/fr\/wp-json\/wp\/v2\/types\/page"}],"author":[{"embeddable":true,"href":"https:\/\/drtzadeh.com\/fr\/wp-json\/wp\/v2\/users\/5"}],"replies":[{"embeddable":true,"href":"https:\/\/drtzadeh.com\/fr\/wp-json\/wp\/v2\/comments?post=5067"}],"version-history":[{"count":4,"href":"https:\/\/drtzadeh.com\/fr\/wp-json\/wp\/v2\/pages\/5067\/revisions"}],"predecessor-version":[{"id":7049,"href":"https:\/\/drtzadeh.com\/fr\/wp-json\/wp\/v2\/pages\/5067\/revisions\/7049"}],"up":[{"embeddable":true,"href":"https:\/\/drtzadeh.com\/fr\/wp-json\/wp\/v2\/pages\/5066"}],"wp:attachment":[{"href":"https:\/\/drtzadeh.com\/fr\/wp-json\/wp\/v2\/media?parent=5067"}],"curies":[{"name":"wp","href":"https:\/\/api.w.org\/{rel}","templated":true}]}}