{"id":5070,"date":"2022-10-22T11:45:10","date_gmt":"2022-10-22T11:45:10","guid":{"rendered":"https:\/\/drtzadeh.com\/cosmetic-surgery-and-treatments\/brachioplasty-arm-lift\/"},"modified":"2026-03-06T19:52:55","modified_gmt":"2026-03-06T19:52:55","slug":"brachioplastie-lifting-des-bras","status":"publish","type":"page","link":"https:\/\/drtzadeh.com\/fr\/chirurgie-et-traitements-esthetiques\/brachioplastie-lifting-des-bras\/","title":{"rendered":"Brachioplastie (lifting des bras)"},"content":{"rendered":"<p>[et_pb_section fb_built=&#8221;1&#8243; _builder_version=&#8221;4.17.4&#8243; _module_preset=&#8221;default&#8221; background_color=&#8221;gcid-d72333c4-2dcd-44de-8826-8dfc2c15db04&#8243; global_colors_info=&#8221;{%22gcid-d72333c4-2dcd-44de-8826-8dfc2c15db04%22:%91%22background_color%22%93}&#8221;][et_pb_row _builder_version=&#8221;4.17.4&#8243; _module_preset=&#8221;default&#8221; global_colors_info=&#8221;{}&#8221;][et_pb_column type=&#8221;4_4&#8243; _builder_version=&#8221;4.17.4&#8243; _module_preset=&#8221;default&#8221; global_colors_info=&#8221;{}&#8221;][et_pb_text module_class=&#8221;hero-sec-heading&#8221; _builder_version=&#8221;4.19.5&#8243; _module_preset=&#8221;default&#8221; header_font_size=&#8221;40px&#8221; custom_margin=&#8221;||0px||false|false&#8221; header_text_align_tablet=&#8221;&#8221; header_text_align_phone=&#8221;center&#8221; header_text_align_last_edited=&#8221;on|phone&#8221; header_font_size_tablet=&#8221;40px&#8221; header_font_size_phone=&#8221;34px&#8221; header_font_size_last_edited=&#8221;on|phone&#8221; header_line_height_tablet=&#8221;&#8221; header_line_height_phone=&#8221;1.3em&#8221; header_line_height_last_edited=&#8221;on|phone&#8221; global_colors_info=&#8221;{}&#8221;]<\/p>\n<h1>Brachioplastie (lifting des bras)<\/h1>\n<p>[\/et_pb_text][lwp_divi_breadcrumbs link_color=&#8221;gcid-5f7becaa-db42-4a27-923f-406088f8cb05&#8243; _builder_version=&#8221;4.27.4&#8243; _module_preset=&#8221;default&#8221; hover_enabled=&#8221;0&#8243; module_text_align_tablet=&#8221;&#8221; module_text_align_phone=&#8221;center&#8221; module_text_align_last_edited=&#8221;on|phone&#8221; module_font_size_tablet=&#8221;&#8221; module_font_size_phone=&#8221;16px&#8221; module_font_size_last_edited=&#8221;on|phone&#8221; global_colors_info=&#8221;{%22gcid-5f7becaa-db42-4a27-923f-406088f8cb05%22:%91%22link_color%22%93}&#8221; font_icon=&#8221;&#x35;||divi||400&#8243; sticky_enabled=&#8221;0&#8243;][\/lwp_divi_breadcrumbs][\/et_pb_column][\/et_pb_row][\/et_pb_section][et_pb_section fb_built=&#8221;1&#8243; _builder_version=&#8221;4.17.4&#8243; _module_preset=&#8221;default&#8221; global_colors_info=&#8221;{}&#8221;][et_pb_row column_structure=&#8221;2_3,1_3&#8243; _builder_version=&#8221;4.17.4&#8243; _module_preset=&#8221;default&#8221; global_colors_info=&#8221;{}&#8221;][et_pb_column type=&#8221;2_3&#8243; _builder_version=&#8221;4.17.4&#8243; _module_preset=&#8221;default&#8221; global_colors_info=&#8221;{}&#8221;][et_pb_text disabled_on=&#8221;on|on|on&#8221; _builder_version=&#8221;4.19.5&#8243; _module_preset=&#8221;default&#8221; disabled=&#8221;on&#8221; locked=&#8221;off&#8221; global_colors_info=&#8221;{}&#8221;]<\/p>\n<h2>R\u00e9sum\u00e9<\/h2>\n<p>[\/et_pb_text][et_pb_divider color=&#8221;#444444&#8243; divider_weight=&#8221;2px&#8221; disabled_on=&#8221;on|on|on&#8221; _builder_version=&#8221;4.16&#8243; _module_preset=&#8221;default&#8221; width=&#8221;100px&#8221; module_alignment=&#8221;left&#8221; custom_margin=&#8221;||15px||false|false&#8221; disabled=&#8221;on&#8221; locked=&#8221;off&#8221; global_colors_info=&#8221;{}&#8221;][\/et_pb_divider][et_pb_text module_class=&#8221;service-txt&#8221; _builder_version=&#8221;4.19.5&#8243; _module_preset=&#8221;default&#8221; text_orientation_tablet=&#8221;&#8221; text_orientation_phone=&#8221;center&#8221; text_orientation_last_edited=&#8221;on|phone&#8221; global_colors_info=&#8221;{}&#8221;]<\/p>\n<p>Les lifting des bras (brachioplasties) sont g\u00e9n\u00e9ralement pratiqu\u00e9s sur des patients qui ont perdu une quantit\u00e9 importante de poids, ce qui entra\u00eene un exc\u00e8s de peau sur les bras.<\/p>\n<p>L&#8217;objectif d&#8217;une brachioplastie est de donner aux bras une forme plus esth\u00e9tique en retirant l&#8217;exc\u00e8s de graisse et de peau. Pour un r\u00e9sultat plus uniforme, la peau portant des vergetures, la cellulite et les imperfections peuvent \u00e9galement \u00eatre cibl\u00e9es pendant l&#8217;intervention. Une brachioplastie peut \u00eatre pratiqu\u00e9e seule ou \u00eatre associ\u00e9e \u00e0 d&#8217;autres interventions telles que la liposuccion, le lifting des seins, etc.<\/p>\n<p>[\/et_pb_text][et_pb_text disabled_on=&#8221;on|on|on&#8221; module_class=&#8221;service-txt&#8221; _builder_version=&#8221;4.17.4&#8243; _module_preset=&#8221;default&#8221; background_enable_color=&#8221;off&#8221; max_width=&#8221;440px&#8221; module_alignment=&#8221;center&#8221; disabled=&#8221;on&#8221; global_colors_info=&#8221;{}&#8221;]<\/p>\n<p><img loading=\"lazy\" decoding=\"async\" class=\"wp-image-2285 alignnone size-full\" src=\"https:\/\/drtzadeh.com\/wp-content\/uploads\/2022\/10\/image-006.jpg\" alt=\"\" width=\"220\" height=\"176\" \/><img loading=\"lazy\" decoding=\"async\" class=\"wp-image-2286 alignnone size-full\" src=\"https:\/\/drtzadeh.com\/wp-content\/uploads\/2022\/10\/image-007.jpg\" alt=\"\" width=\"220\" height=\"176\" \/><\/p>\n<p>[\/et_pb_text][et_pb_image src=&#8221;https:\/\/drtzadeh.com\/wp-content\/uploads\/2023\/01\/2d7be920-06e2-4f3a-9472-b0ea7326145f.jpeg&#8221; title_text=&#8221;2d7be920-06e2-4f3a-9472-b0ea7326145f&#8221; align_tablet=&#8221;&#8221; align_phone=&#8221;center&#8221; align_last_edited=&#8221;on|phone&#8221; _builder_version=&#8221;4.17.4&#8243; _module_preset=&#8221;default&#8221; max_width=&#8221;64.1%&#8221; max_width_tablet=&#8221;&#8221; max_width_phone=&#8221;&#8221; max_width_last_edited=&#8221;on|desktop&#8221; module_alignment=&#8221;left&#8221; custom_padding=&#8221;|247px|0px|||&#8221; global_colors_info=&#8221;{}&#8221;][\/et_pb_image][et_pb_text admin_label=&#8221;Frequently Asked Questions&#8221; _builder_version=&#8221;4.19.5&#8243; _module_preset=&#8221;default&#8221; header_2_text_align_tablet=&#8221;&#8221; header_2_text_align_phone=&#8221;center&#8221; header_2_text_align_last_edited=&#8221;on|phone&#8221; header_2_line_height_tablet=&#8221;&#8221; header_2_line_height_phone=&#8221;1.3em&#8221; header_2_line_height_last_edited=&#8221;on|phone&#8221; locked=&#8221;off&#8221; global_colors_info=&#8221;{}&#8221;]<\/p>\n<h2>Questions fr\u00e9quemment pos\u00e9es<\/h2>\n<p>[\/et_pb_text][et_pb_divider color=&#8221;#444444&#8243; divider_weight=&#8221;2px&#8221; _builder_version=&#8221;4.17.4&#8243; _module_preset=&#8221;default&#8221; width=&#8221;100px&#8221; module_alignment=&#8221;left&#8221; custom_margin=&#8221;||15px||false|false&#8221; module_alignment_tablet=&#8221;left&#8221; module_alignment_phone=&#8221;center&#8221; module_alignment_last_edited=&#8221;on|phone&#8221; locked=&#8221;off&#8221; global_colors_info=&#8221;{}&#8221;][\/et_pb_divider][et_pb_accordion open_toggle_text_color=&#8221;#333333&#8243; open_toggle_background_color=&#8221;#FFFFFF&#8221; closed_toggle_background_color=&#8221;#faf9f6&#8243; icon_color=&#8221;gcid-d72333c4-2dcd-44de-8826-8dfc2c15db04&#8243; module_id=&#8221;myfaq&#8221; module_class=&#8221;faq-list&#8221; _builder_version=&#8221;4.22.1&#8243; _module_preset=&#8221;default&#8221; toggle_font=&#8221;|700|||||||&#8221; global_colors_info=&#8221;{%22gcid-d72333c4-2dcd-44de-8826-8dfc2c15db04%22:%91%22icon_color%22%93}&#8221;][et_pb_accordion_item title=&#8221;Qui est un bon candidat pour un lifting des bras ?&#8221; open=&#8221;on&#8221; _builder_version=&#8221;4.19.5&#8243; _module_preset=&#8221;default&#8221; global_colors_info=&#8221;{}&#8221;]<\/p>\n<p>La chirurgie de lifting des bras peut vous convenir si la partie inf\u00e9rieure de vos bras est affaiss\u00e9e ou semble l\u00e2che et pleine en raison d&#8217;un exc\u00e8s de peau et de graisse. Les adultes de tout \u00e2ge dont le poids est relativement stable et qui ne pr\u00e9sentent pas de surcharge pond\u00e9rale importante sont de bons candidats. Enfin, les personnes doivent avoir une attitude positive et des attentes r\u00e9alistes.<\/p>\n<p>[\/et_pb_accordion_item][et_pb_accordion_item title=&#8221;Quelles sont les complications potentielles ?&#8221; _builder_version=&#8221;4.19.5&#8243; _module_preset=&#8221;default&#8221; global_colors_info=&#8221;{}&#8221; open=&#8221;off&#8221;]<\/p>\n<p>Chez les patients en bonne sant\u00e9, le lifting des bras est tr\u00e8s s\u00fbr et entra\u00eene peu de complications. Voici une liste des complications possibles imm\u00e9diatement apr\u00e8s l&#8217;intervention et \u00e0 long terme.<\/p>\n<h3>Saignement<\/h3>\n<p>Apr\u00e8s toute intervention chirurgicale, il y a normalement un saignement au niveau de la plaie. Ces saignements devraient ralentir avec le temps et s&#8217;arr\u00eater compl\u00e8tement apr\u00e8s quelques jours. Toutefois, si le saignement est important et ne peut \u00eatre arr\u00eat\u00e9 par une pression, une autre intervention chirurgicale est n\u00e9cessaire.<\/p>\n<h3>S\u00e9rome<\/h3>\n<p>Une quantit\u00e9 excessive de liquides normalement produits par le corps peut s&#8217;accumuler \u00e0 l&#8217;int\u00e9rieur de la plaie. Ce n&#8217;est pas dangereux, mais il peut \u00eatre n\u00e9cessaire de drainer les fluides \u00e0 l&#8217;aide d&#8217;une seringue \u00e0 une ou plusieurs reprises.<\/p>\n<h3>Infection<\/h3>\n<p>Une infection peut parfois survenir malgr\u00e9 l&#8217;utilisation de m\u00e9thodes st\u00e9riles et la prise d&#8217;antibiotiques avant l&#8217;op\u00e9ration. Selon la gravit\u00e9 de l&#8217;infection, des antibiotiques par voie orale ou intraveineuse peuvent \u00eatre n\u00e9cessaires. Si un abc\u00e8s (accumulation de pus) se d\u00e9veloppe, il faudra le drainer en ouvrant la zone cutan\u00e9e concern\u00e9e ou en utilisant un tube de drainage.<\/p>\n<h3>D\u00e9hiscence de la plaie<\/h3>\n<p>La d\u00e9hiscence d&#8217;une plaie d\u00e9signe une ouverture compl\u00e8te ou partielle de la plaie qui ne gu\u00e9rit pas bien. Elle peut \u00eatre caus\u00e9e par une infection, une poche de sang ou un s\u00e9rome, ou encore par un flux sanguin insuffisant. La d\u00e9hiscence est g\u00e9n\u00e9ralement trait\u00e9e de mani\u00e8re conservatrice, c&#8217;est-\u00e0-dire soit par l&#8217;application de pansements et le traitement de la plaie, soit par une intervention chirurgicale pour refermer la plaie.<\/p>\n<h3>N\u00e9crose de la peau<\/h3>\n<p>La n\u00e9crose de la peau est une complication rare o\u00f9 une partie de la peau ne re\u00e7oit pas assez de sang pour gu\u00e9rir correctement. La peau touch\u00e9e par la n\u00e9crose peut \u00eatre trait\u00e9e par l&#8217;application de pansements et le traitement de la plaie ou peut n\u00e9cessiter une intervention chirurgicale pour refermer la plaie. Les patients qui fument sont plus \u00e0 risque.<\/p>\n<h3>N\u00e9crose du tissu adipeux<\/h3>\n<p>La n\u00e9crose du tissu adipeux se caract\u00e9rise par un \u00e9coulement de graisse liqu\u00e9fi\u00e9e qui peut durer plusieurs semaines. Cette affection est due \u00e0 une irrigation sanguine insuffisante du tissu adipeux et est plus fr\u00e9quente chez les patients fumeurs ou ob\u00e8ses.<\/p>\n<h3>Phl\u00e9bite<\/h3>\n<p>La phl\u00e9bite, qui est rare, est une inflammation qui peut se produire dans les veines profondes des jambes. Des m\u00e9dicaments anticoagulants et des bas de contention peuvent \u00eatre prescrits pour traiter cette affection. La meilleure pr\u00e9vention consiste \u00e0 bouger d\u00e8s que possible apr\u00e8s l&#8217;op\u00e9ration, car la contraction des muscles du mollet am\u00e9liore consid\u00e9rablement la circulation sanguine dans les jambes.<\/p>\n<h3>Cicatrice<\/h3>\n<p>La cicatrice se modifie progressivement pendant deux ans avant d&#8217;atteindre son aspect d\u00e9finitif. Elle peut devenir pigment\u00e9e, en relief, douloureuse ou sensible au toucher. En fonction de l&#8217;\u00e9volution de la cicatrice, le Dr Zadeh proposera des traitements tels que le gel de silicone, le microneedling, les injections de cortisone, la luminoth\u00e9rapie, etc. pour am\u00e9liorer l&#8217;aspect de la cicatrice.<\/p>\n<p>[\/et_pb_accordion_item][et_pb_accordion_item title=&#8221;Quelle est la dur\u00e9e de la p\u00e9riode de r\u00e9tablissement ? Y a-t-il des restrictions en termes d&#8217;activit\u00e9s ?&#8221; _builder_version=&#8221;4.19.5&#8243; _module_preset=&#8221;default&#8221; global_colors_info=&#8221;{}&#8221; open=&#8221;off&#8221;]<\/p>\n<p>Les pansements postop\u00e9ratoires doivent rester propres et secs pendant les premiers jours suivant l&#8217;intervention. Vous pouvez prendre une douche une fois que les pansements et les tubes de drainage ont \u00e9t\u00e9 retir\u00e9s. Vous devez \u00e9viter tout exercice physique intense et ne pas lever les bras au-dessus des \u00e9paules pendant les quatre \u00e0 six premi\u00e8res semaines suivant l&#8217;op\u00e9ration afin de donner \u00e0 votre corps la possibilit\u00e9 de gu\u00e9rir confortablement. Cependant, il est important de sortir du lit et de marcher r\u00e9guli\u00e8rement afin d&#8217;activer la circulation sanguine dans les jambes et d&#8217;\u00e9viter les thrombophl\u00e9bites.<\/p>\n<p>Vous pouvez reprendre vos activit\u00e9s physiques normales deux \u00e0 trois semaines apr\u00e8s l&#8217;op\u00e9ration. Il est important que vous \u00e9coutiez votre corps. Il vous dira si vous \u00eates pr\u00eat \u00e0 faire de l&#8217;exercice et quelle quantit\u00e9 d&#8217;exercice vous pouvez supporter. Une douleur ou une g\u00eane lors de l&#8217;exercice est un signe que votre corps n&#8217;est pas tout \u00e0 fait gu\u00e9ri et qu&#8217;il serait pr\u00e9f\u00e9rable d&#8217;attendre quelques jours de plus avant de r\u00e9essayer.<\/p>\n<p>[\/et_pb_accordion_item][et_pb_accordion_item title=&#8221;Comment puis-je contr\u00f4ler la douleur \u00e0 la maison ?&#8221; _builder_version=&#8221;4.19.5&#8243; _module_preset=&#8221;default&#8221; global_colors_info=&#8221;{}&#8221; open=&#8221;off&#8221;]<\/p>\n<p>Le Dr Zadeh vous remettra, avant l&#8217;intervention, une ordonnance d&#8217;analg\u00e9siques \u00e0 emporter chez vous. De cette fa\u00e7on, les m\u00e9dicaments seront \u00e0 votre disposition lorsque vous rentrerez chez vous apr\u00e8s l&#8217;op\u00e9ration.<\/p>\n<p>Remarque : Assurez-vous que le Dr Zadeh est au courant des m\u00e9dicaments antidouleur qui vous ont caus\u00e9 des probl\u00e8mes dans le pass\u00e9.<\/p>\n<p>[\/et_pb_accordion_item][\/et_pb_accordion][\/et_pb_column][et_pb_column type=&#8221;1_3&#8243; _builder_version=&#8221;4.17.4&#8243; _module_preset=&#8221;default&#8221; global_colors_info=&#8221;{}&#8221;][et_pb_sidebar area=&#8221;et_pb_widget_area_1&#8243; _builder_version=&#8221;4.17.4&#8243; _module_preset=&#8221;default&#8221; global_colors_info=&#8221;{}&#8221;][\/et_pb_sidebar][\/et_pb_column][\/et_pb_row][\/et_pb_section]<\/p>\n","protected":false},"excerpt":{"rendered":"<p>Brachioplastie (lifting des bras)<div class=\"et_pb_module lwp_divi_breadcrumbs lwp_divi_breadcrumbs_0\">\n\t\t\t\t\n\t\t\t\t\n\t\t\t\t\n\t\t\t\t\n\t\t\t\t\n\t\t\t\t\n\t\t\t\t<div class=\"et_pb_module_inner\">\n\t\t\t\t\t<div class=\"lwp-breadcrumbs\"> <span class=\"before\"><\/span> <span><span property=\"itemListElement\" typeof=\"ListItem\"><a property=\"item\" typeof=\"WebPage\" href=\"https:\/\/drtzadeh.com\/fr\/\" class=\"home\"><span property=\"name\">Accueil<\/span><\/a><meta property=\"position\" content=\"1\"><\/span> <span class=\"separator et-pb-icon\">&#x35;<\/span> <\/span><\/div>\n\t\t\t\t<\/div>\n\t\t\t<\/div>R\u00e9sum\u00e9Les lifting des bras (brachioplasties) sont g\u00e9n\u00e9ralement pratiqu\u00e9s sur des patients qui ont perdu une quantit\u00e9 importante de poids, ce qui entra\u00eene un exc\u00e8s de peau sur les bras. L&#8217;objectif d&#8217;une brachioplastie est de donner aux bras une forme [&hellip;]<\/p>\n","protected":false},"author":5,"featured_media":0,"parent":5066,"menu_order":0,"comment_status":"closed","ping_status":"closed","template":"","meta":{"_et_pb_use_builder":"on","_et_pb_old_content":"","_et_gb_content_width":"","footnotes":""},"class_list":["post-5070","page","type-page","status-publish","hentry"],"yoast_head":"<!-- This site is optimized with the Yoast SEO plugin v25.7 - https:\/\/yoast.com\/wordpress\/plugins\/seo\/ -->\n<title>Brachioplastie (lifting des bras) - Dr. Teanoosh Zadeh - Clinique T Montreal<\/title>\n<meta name=\"robots\" content=\"index, follow, max-snippet:-1, max-image-preview:large, max-video-preview:-1\" \/>\n<link rel=\"canonical\" href=\"https:\/\/drtzadeh.com\/fr\/chirurgie-et-traitements-esthetiques\/brachioplastie-lifting-des-bras\/\" \/>\n<meta property=\"og:locale\" content=\"fr_FR\" \/>\n<meta property=\"og:type\" content=\"article\" \/>\n<meta property=\"og:title\" content=\"Brachioplastie (lifting des bras) - Dr. Teanoosh Zadeh - Clinique T Montreal\" \/>\n<meta property=\"og:description\" content=\"Brachioplastie (lifting des bras)R\u00e9sum\u00e9Les lifting des bras (brachioplasties) sont g\u00e9n\u00e9ralement pratiqu\u00e9s sur des patients qui ont perdu une quantit\u00e9 importante de poids, ce qui entra\u00eene un exc\u00e8s de peau sur les bras. L&#039;objectif d&#039;une brachioplastie est de donner aux bras une forme [&hellip;]\" \/>\n<meta property=\"og:url\" content=\"https:\/\/drtzadeh.com\/fr\/chirurgie-et-traitements-esthetiques\/brachioplastie-lifting-des-bras\/\" \/>\n<meta property=\"og:site_name\" content=\"Dr. Teanoosh Zadeh - Clinique T\" \/>\n<meta property=\"article:publisher\" content=\"https:\/\/www.facebook.com\/drteanooshzadehMD\" \/>\n<meta property=\"article:modified_time\" content=\"2026-03-06T19:52:55+00:00\" \/>\n<meta property=\"og:image\" content=\"https:\/\/drtzadeh.com\/wp-content\/uploads\/2022\/10\/image-006.jpg\" \/>\n<meta name=\"twitter:label1\" content=\"Dur\u00e9e de lecture estim\u00e9e\" \/>\n\t<meta name=\"twitter:data1\" content=\"6 minutes\" \/>\n<!-- \/ Yoast SEO plugin. -->","yoast_head_json":{"title":"Brachioplastie (lifting des bras) - Dr. Teanoosh Zadeh - Clinique T Montreal","robots":{"index":"index","follow":"follow","max-snippet":"max-snippet:-1","max-image-preview":"max-image-preview:large","max-video-preview":"max-video-preview:-1"},"canonical":"https:\/\/drtzadeh.com\/fr\/chirurgie-et-traitements-esthetiques\/brachioplastie-lifting-des-bras\/","og_locale":"fr_FR","og_type":"article","og_title":"Brachioplastie (lifting des bras) - Dr. Teanoosh Zadeh - Clinique T Montreal","og_description":"Brachioplastie (lifting des bras)R\u00e9sum\u00e9Les lifting des bras (brachioplasties) sont g\u00e9n\u00e9ralement pratiqu\u00e9s sur des patients qui ont perdu une quantit\u00e9 importante de poids, ce qui entra\u00eene un exc\u00e8s de peau sur les bras. L'objectif d'une brachioplastie est de donner aux bras une forme [&hellip;]","og_url":"https:\/\/drtzadeh.com\/fr\/chirurgie-et-traitements-esthetiques\/brachioplastie-lifting-des-bras\/","og_site_name":"Dr. Teanoosh Zadeh - Clinique T","article_publisher":"https:\/\/www.facebook.com\/drteanooshzadehMD","article_modified_time":"2026-03-06T19:52:55+00:00","og_image":[{"url":"https:\/\/drtzadeh.com\/wp-content\/uploads\/2022\/10\/image-006.jpg","type":"","width":"","height":""}],"twitter_misc":{"Dur\u00e9e de lecture estim\u00e9e":"6 minutes"},"schema":{"@context":"https:\/\/schema.org","@graph":[{"@type":"WebPage","@id":"https:\/\/drtzadeh.com\/fr\/chirurgie-et-traitements-esthetiques\/brachioplastie-lifting-des-bras\/","url":"https:\/\/drtzadeh.com\/fr\/chirurgie-et-traitements-esthetiques\/brachioplastie-lifting-des-bras\/","name":"Brachioplastie (lifting des bras) - Dr. Teanoosh Zadeh - Clinique T Montreal","isPartOf":{"@id":"https:\/\/drtzadeh.com\/#website"},"primaryImageOfPage":{"@id":"https:\/\/drtzadeh.com\/fr\/chirurgie-et-traitements-esthetiques\/brachioplastie-lifting-des-bras\/#primaryimage"},"image":{"@id":"https:\/\/drtzadeh.com\/fr\/chirurgie-et-traitements-esthetiques\/brachioplastie-lifting-des-bras\/#primaryimage"},"thumbnailUrl":"https:\/\/drtzadeh.com\/wp-content\/uploads\/2022\/10\/image-006.jpg","datePublished":"2022-10-22T11:45:10+00:00","dateModified":"2026-03-06T19:52:55+00:00","breadcrumb":{"@id":"https:\/\/drtzadeh.com\/fr\/chirurgie-et-traitements-esthetiques\/brachioplastie-lifting-des-bras\/#breadcrumb"},"inLanguage":"fr-FR","potentialAction":[{"@type":"ReadAction","target":["https:\/\/drtzadeh.com\/fr\/chirurgie-et-traitements-esthetiques\/brachioplastie-lifting-des-bras\/"]}]},{"@type":"ImageObject","inLanguage":"fr-FR","@id":"https:\/\/drtzadeh.com\/fr\/chirurgie-et-traitements-esthetiques\/brachioplastie-lifting-des-bras\/#primaryimage","url":"https:\/\/drtzadeh.com\/wp-content\/uploads\/2022\/10\/image-006.jpg","contentUrl":"https:\/\/drtzadeh.com\/wp-content\/uploads\/2022\/10\/image-006.jpg"},{"@type":"BreadcrumbList","@id":"https:\/\/drtzadeh.com\/fr\/chirurgie-et-traitements-esthetiques\/brachioplastie-lifting-des-bras\/#breadcrumb","itemListElement":[{"@type":"ListItem","position":1,"name":"Home","item":"https:\/\/drtzadeh.com\/"},{"@type":"ListItem","position":2,"name":"Chirurgie et Traitements Esth\u00e9tiques","item":"https:\/\/drtzadeh.com\/fr\/chirurgie-et-traitements-esthetiques\/"},{"@type":"ListItem","position":3,"name":"Brachioplastie (lifting des bras)"}]},{"@type":"WebSite","@id":"https:\/\/drtzadeh.com\/#website","url":"https:\/\/drtzadeh.com\/","name":"Dr. Teanoosh Zadeh - Clinique T","description":"Experienced &amp; Certified Montreal Plastic Surgeon","publisher":{"@id":"https:\/\/drtzadeh.com\/#organization"},"potentialAction":[{"@type":"SearchAction","target":{"@type":"EntryPoint","urlTemplate":"https:\/\/drtzadeh.com\/?s={search_term_string}"},"query-input":{"@type":"PropertyValueSpecification","valueRequired":true,"valueName":"search_term_string"}}],"inLanguage":"fr-FR"},{"@type":"Organization","@id":"https:\/\/drtzadeh.com\/#organization","name":"Dr. Teanoosh Zadeh - Clinique T","url":"https:\/\/drtzadeh.com\/","logo":{"@type":"ImageObject","inLanguage":"fr-FR","@id":"https:\/\/drtzadeh.com\/#\/schema\/logo\/image\/","url":"https:\/\/drtzadeh.com\/wp-content\/uploads\/2023\/01\/CLINIQUE-T-Logo.png","contentUrl":"https:\/\/drtzadeh.com\/wp-content\/uploads\/2023\/01\/CLINIQUE-T-Logo.png","width":270,"height":77,"caption":"Dr. Teanoosh Zadeh - Clinique T"},"image":{"@id":"https:\/\/drtzadeh.com\/#\/schema\/logo\/image\/"},"sameAs":["https:\/\/www.facebook.com\/drteanooshzadehMD","http:\/\/www.instagram.com\/drzadehteanoosh\/"]}]}},"_links":{"self":[{"href":"https:\/\/drtzadeh.com\/fr\/wp-json\/wp\/v2\/pages\/5070","targetHints":{"allow":["GET"]}}],"collection":[{"href":"https:\/\/drtzadeh.com\/fr\/wp-json\/wp\/v2\/pages"}],"about":[{"href":"https:\/\/drtzadeh.com\/fr\/wp-json\/wp\/v2\/types\/page"}],"author":[{"embeddable":true,"href":"https:\/\/drtzadeh.com\/fr\/wp-json\/wp\/v2\/users\/5"}],"replies":[{"embeddable":true,"href":"https:\/\/drtzadeh.com\/fr\/wp-json\/wp\/v2\/comments?post=5070"}],"version-history":[{"count":5,"href":"https:\/\/drtzadeh.com\/fr\/wp-json\/wp\/v2\/pages\/5070\/revisions"}],"predecessor-version":[{"id":7177,"href":"https:\/\/drtzadeh.com\/fr\/wp-json\/wp\/v2\/pages\/5070\/revisions\/7177"}],"up":[{"embeddable":true,"href":"https:\/\/drtzadeh.com\/fr\/wp-json\/wp\/v2\/pages\/5066"}],"wp:attachment":[{"href":"https:\/\/drtzadeh.com\/fr\/wp-json\/wp\/v2\/media?parent=5070"}],"curies":[{"name":"wp","href":"https:\/\/api.w.org\/{rel}","templated":true}]}}