{"id":5071,"date":"2022-10-22T07:13:05","date_gmt":"2022-10-22T07:13:05","guid":{"rendered":"https:\/\/drtzadeh.com\/cosmetic-surgery-and-treatments\/brazilian-butt-lift\/"},"modified":"2026-03-06T19:53:26","modified_gmt":"2026-03-06T19:53:26","slug":"lifting-fessier-bresilien","status":"publish","type":"page","link":"https:\/\/drtzadeh.com\/fr\/chirurgie-et-traitements-esthetiques\/lifting-fessier-bresilien\/","title":{"rendered":"Lifting Fessier Br\u00e9silien"},"content":{"rendered":"<p>[et_pb_section fb_built=&#8221;1&#8243; _builder_version=&#8221;4.17.4&#8243; _module_preset=&#8221;default&#8221; background_color=&#8221;gcid-d72333c4-2dcd-44de-8826-8dfc2c15db04&#8243; global_colors_info=&#8221;{%22gcid-d72333c4-2dcd-44de-8826-8dfc2c15db04%22:%91%22background_color%22%93}&#8221;][et_pb_row _builder_version=&#8221;4.17.4&#8243; _module_preset=&#8221;default&#8221; global_colors_info=&#8221;{}&#8221;][et_pb_column type=&#8221;4_4&#8243; _builder_version=&#8221;4.17.4&#8243; _module_preset=&#8221;default&#8221; global_colors_info=&#8221;{}&#8221;][et_pb_text module_class=&#8221;hero-sec-heading&#8221; _builder_version=&#8221;4.19.5&#8243; _module_preset=&#8221;default&#8221; header_font_size=&#8221;40px&#8221; custom_margin=&#8221;||0px||false|false&#8221; header_text_align_tablet=&#8221;&#8221; header_text_align_phone=&#8221;center&#8221; header_text_align_last_edited=&#8221;on|phone&#8221; header_font_size_tablet=&#8221;40px&#8221; header_font_size_phone=&#8221;34px&#8221; header_font_size_last_edited=&#8221;on|phone&#8221; global_colors_info=&#8221;{}&#8221;]<\/p>\n<h1>Lifting Fessier Br\u00e9silien<\/h1>\n<p>[\/et_pb_text][lwp_divi_breadcrumbs link_color=&#8221;gcid-5f7becaa-db42-4a27-923f-406088f8cb05&#8243; _builder_version=&#8221;4.27.4&#8243; _module_preset=&#8221;default&#8221; hover_enabled=&#8221;0&#8243; module_text_align_tablet=&#8221;&#8221; module_text_align_phone=&#8221;center&#8221; module_text_align_last_edited=&#8221;on|phone&#8221; module_font_size_tablet=&#8221;&#8221; module_font_size_phone=&#8221;16px&#8221; module_font_size_last_edited=&#8221;on|phone&#8221; global_colors_info=&#8221;{%22gcid-5f7becaa-db42-4a27-923f-406088f8cb05%22:%91%22link_color%22%93}&#8221; font_icon=&#8221;&#x35;||divi||400&#8243; sticky_enabled=&#8221;0&#8243;][\/lwp_divi_breadcrumbs][\/et_pb_column][\/et_pb_row][\/et_pb_section][et_pb_section fb_built=&#8221;1&#8243; _builder_version=&#8221;4.17.4&#8243; _module_preset=&#8221;default&#8221; global_colors_info=&#8221;{}&#8221;][et_pb_row column_structure=&#8221;2_3,1_3&#8243; _builder_version=&#8221;4.17.4&#8243; _module_preset=&#8221;default&#8221; global_colors_info=&#8221;{}&#8221;][et_pb_column type=&#8221;2_3&#8243; _builder_version=&#8221;4.17.4&#8243; _module_preset=&#8221;default&#8221; global_colors_info=&#8221;{}&#8221;][et_pb_text disabled_on=&#8221;on|on|on&#8221; _builder_version=&#8221;4.17.4&#8243; _module_preset=&#8221;default&#8221; disabled=&#8221;on&#8221; locked=&#8221;off&#8221; global_colors_info=&#8221;{}&#8221;]<\/p>\n<h2>Overview<\/h2>\n<p>[\/et_pb_text][et_pb_divider color=&#8221;#444444&#8243; divider_weight=&#8221;2px&#8221; disabled_on=&#8221;on|on|on&#8221; _builder_version=&#8221;4.16&#8243; _module_preset=&#8221;default&#8221; width=&#8221;100px&#8221; module_alignment=&#8221;left&#8221; custom_margin=&#8221;||15px||false|false&#8221; disabled=&#8221;on&#8221; locked=&#8221;off&#8221; global_colors_info=&#8221;{}&#8221;][\/et_pb_divider][et_pb_text _builder_version=&#8221;4.19.5&#8243; _module_preset=&#8221;default&#8221; text_orientation_tablet=&#8221;&#8221; text_orientation_phone=&#8221;center&#8221; text_orientation_last_edited=&#8221;on|phone&#8221; global_colors_info=&#8221;{}&#8221;]<\/p>\n<p>En plein essor, le lifting br\u00e9silien des fesses est devenu l&#8217;une des proc\u00e9dures les plus populaires dans les cabinets de chirurgie esth\u00e9tique au cours des derni\u00e8res ann\u00e9es. Bien que ce ph\u00e9nom\u00e8ne soit souvent attribu\u00e9 \u00e0 l'&#8221;effet Kardashian&#8221;, la courbe en sablier est certainement en train de revenir \u00e0 la mode et n&#8217;est pas pr\u00eate de dispara\u00eetre. Le Brazilian Butt Lift (BBL) est une intervention de remodelage du corps qui vise \u00e0 vous donner de plus belles courbes en d\u00e9pla\u00e7ant votre exc\u00e8s de graisse vers des endroits plus souhaitables, pour obtenir un r\u00e9sultat profil\u00e9, ferme et naturel. Avec deux interventions en une, vous b\u00e9n\u00e9ficiez de l&#8217;\u00e9limination et de l&#8217;am\u00e9lioration des tissus, parfois d\u00e9sign\u00e9es sous le nom de lifting br\u00e9silien des fesses.<\/p>\n<p>[\/et_pb_text][et_pb_image src=&#8221;https:\/\/drtzadeh.com\/wp-content\/uploads\/2023\/01\/1ae28cb0-6518-4fee-a896-a67be229ed16.jpeg&#8221; title_text=&#8221;1ae28cb0-6518-4fee-a896-a67be229ed16&#8243; align_tablet=&#8221;&#8221; align_phone=&#8221;center&#8221; align_last_edited=&#8221;on|phone&#8221; _builder_version=&#8221;4.17.4&#8243; _module_preset=&#8221;default&#8221; max_width=&#8221;75%&#8221; max_width_tablet=&#8221;&#8221; max_width_phone=&#8221;&#8221; max_width_last_edited=&#8221;on|phone&#8221; module_alignment=&#8221;left&#8221; global_colors_info=&#8221;{}&#8221;][\/et_pb_image][et_pb_text admin_label=&#8221;Frequently Asked Questions&#8221; _builder_version=&#8221;4.19.5&#8243; _module_preset=&#8221;default&#8221; header_2_text_align_tablet=&#8221;&#8221; header_2_text_align_phone=&#8221;center&#8221; header_2_text_align_last_edited=&#8221;on|phone&#8221; header_2_line_height_tablet=&#8221;&#8221; header_2_line_height_phone=&#8221;1.3em&#8221; header_2_line_height_last_edited=&#8221;on|phone&#8221; locked=&#8221;off&#8221; global_colors_info=&#8221;{}&#8221;]<\/p>\n<h2>Questions fr\u00e9quemment pos\u00e9es<\/h2>\n<p>[\/et_pb_text][et_pb_divider color=&#8221;#444444&#8243; divider_weight=&#8221;2px&#8221; _builder_version=&#8221;4.17.4&#8243; _module_preset=&#8221;default&#8221; width=&#8221;100px&#8221; module_alignment=&#8221;left&#8221; custom_margin=&#8221;||15px||false|false&#8221; module_alignment_tablet=&#8221;left&#8221; module_alignment_phone=&#8221;center&#8221; module_alignment_last_edited=&#8221;on|phone&#8221; locked=&#8221;off&#8221; global_colors_info=&#8221;{}&#8221;][\/et_pb_divider][et_pb_accordion open_toggle_text_color=&#8221;#333333&#8243; open_toggle_background_color=&#8221;#FFFFFF&#8221; closed_toggle_background_color=&#8221;#faf9f6&#8243; icon_color=&#8221;gcid-d72333c4-2dcd-44de-8826-8dfc2c15db04&#8243; module_id=&#8221;myfaq&#8221; module_class=&#8221;faq-list&#8221; _builder_version=&#8221;4.19.5&#8243; _module_preset=&#8221;default&#8221; toggle_font=&#8221;|700|||||||&#8221; global_colors_info=&#8221;{%22gcid-d72333c4-2dcd-44de-8826-8dfc2c15db04%22:%91%22icon_color%22%93}&#8221;][et_pb_accordion_item title=&#8221;Qui est un bon candidat pour la chirurgie BBL ?&#8221; open=&#8221;on&#8221; _builder_version=&#8221;4.19.5&#8243; _module_preset=&#8221;default&#8221; global_colors_info=&#8221;{}&#8221;]<\/p>\n<p>La cl\u00e9 pour \u00eatre un bon candidat au lifting br\u00e9silien des fesses est d&#8217;avoir une quantit\u00e9 ad\u00e9quate de graisse dans d&#8217;autres zones de votre corps, et une \u00e9lasticit\u00e9 de la peau dans la r\u00e9gion des fesses pour accepter la graisse transf\u00e9r\u00e9e. Le Dr Zadeh \u00e9liminera l&#8217;exc\u00e8s de graisse dans des zones telles que l&#8217;abdomen, les poign\u00e9es d&#8217;amour, les cuisses, les hanches, le dos ou les bras. C&#8217;est cette graisse qui sera retir\u00e9e par liposuccion, purifi\u00e9e et inject\u00e9e dans les fesses. Si vous n&#8217;avez pas suffisamment de graisse disponible, vous ne pouvez pas \u00eatre candidat \u00e0 l&#8217;intervention.<\/p>\n<p>[\/et_pb_accordion_item][et_pb_accordion_item title=&#8221;Combien co\u00fbte l&#8217;op\u00e9ration ?&#8221; _builder_version=&#8221;4.19.5&#8243; _module_preset=&#8221;default&#8221; global_colors_info=&#8221;{}&#8221; open=&#8221;off&#8221;]<\/p>\n<p>En g\u00e9n\u00e9ral, le co\u00fbt d&#8217;une op\u00e9ration de lifting br\u00e9silien des fesses commence \u00e0 12 500 dollars. Le co\u00fbt final de votre traitement sera calcul\u00e9 au cas par cas, en fonction de vos besoins, du nombre de zones \u00e0 liposucer, etc.<\/p>\n<p>[\/et_pb_accordion_item][et_pb_accordion_item title=&#8221;Lifting fessier br\u00e9silien VS Lifting fessier traditionnel ?&#8221; _builder_version=&#8221;4.19.5&#8243; _module_preset=&#8221;default&#8221; global_colors_info=&#8221;{}&#8221; open=&#8221;off&#8221;]<\/p>\n<p>Dans le cadre d&#8217;un lifting traditionnel des fesses, le m\u00e9decin retire l&#8217;exc\u00e8s de peau ou le rel\u00e2chement cutan\u00e9 d\u00fb \u00e0 la perte de poids, \u00e0 la gravit\u00e9 ou au processus de vieillissement. Apr\u00e8s avoir pratiqu\u00e9 des incisions, la peau des fesses est soulev\u00e9e et resserr\u00e9e, ce qui rend les fesses moins molles, moins capitonn\u00e9es ou moins rid\u00e9es.<\/p>\n<p>Dans le cadre du lifting br\u00e9silien des fesses, la graisse de la patiente est inject\u00e9e dans les fesses, ce qui les rend plus larges, plus rondes et plus galb\u00e9es. Le BBL ne soul\u00e8ve pas les fesses, il les remod\u00e8le. Il n&#8217;est donc pas id\u00e9al pour les patients qui ont besoin d&#8217;un v\u00e9ritable lifting des fesses en raison d&#8217;un exc\u00e8s de peau.<\/p>\n<p>[\/et_pb_accordion_item][et_pb_accordion_item title=&#8221;Attentes r\u00e9alistes en mati\u00e8re de r\u00e9sultats&#8221; _builder_version=&#8221;4.19.5&#8243; _module_preset=&#8221;default&#8221; global_colors_info=&#8221;{}&#8221; open=&#8221;off&#8221;]<\/p>\n<p>Comme pour tout type d&#8217;intervention chirurgicale, il est de la plus haute importance que les patientes aient des attentes r\u00e9alistes concernant le Brazilian butt lift et ce qu&#8217;il implique. Les patientes doivent comprendre qu&#8217;il existe une possibilit\u00e9 d&#8217;absorption de graisse \u00e0 la suite de l&#8217;intervention.<\/p>\n<p style=\"text-align: center;\"><img loading=\"lazy\" decoding=\"async\" class=\"wp-image-2062 alignnone size-medium\" src=\"https:\/\/drtzadeh.com\/wp-content\/uploads\/2022\/10\/image-003-225x300.jpg\" alt=\"\" width=\"225\" height=\"300\" \/><\/p>\n<p>Les patients doivent \u00e9galement savoir qu&#8217;il existe des effets secondaires temporaires apr\u00e8s l&#8217;op\u00e9ration, qui peuvent \u00eatre trait\u00e9s en suivant attentivement toutes les instructions pr\u00e9op\u00e9ratoires et postop\u00e9ratoires. Les patients doivent \u00e9galement conna\u00eetre les risques et les avantages de l&#8217;intervention.<\/p>\n<p>[\/et_pb_accordion_item][et_pb_accordion_item title=&#8221;Une apparence plus naturelle ?&#8221; _builder_version=&#8221;4.19.5&#8243; _module_preset=&#8221;default&#8221; global_colors_info=&#8221;{}&#8221; open=&#8221;off&#8221;]<\/p>\n<p>Le BBL utilise les propres d\u00e9p\u00f4ts graisseux du patient pour remodeler les fesses, ce qui donne une apparence plus naturelle.<\/p>\n<h3>R\u00e9cup\u00e9ration moins douloureuse<\/h3>\n<p>Le BBL est moins douloureux que la pose d&#8217;implants fessiers et constitue un choix judicieux pour les patientes qui craignent une convalescence longue et douloureuse.<\/p>\n<h3>Cicatrices minimes<\/h3>\n<p>L&#8217;intervention laisse des cicatrices minimes ; les femmes peuvent porter un bikini sans montrer les traces de cette intervention esth\u00e9tique.<\/p>\n<h3>Aucune complication li\u00e9e aux implants<\/h3>\n<p>Les complications li\u00e9es aux implants en silicone comprennent l&#8217;infection, le d\u00e9placement, la visibilit\u00e9 de l&#8217;implant, les fuites, les ruptures et le durcissement de l&#8217;implant. Ces complications sont \u00e9vit\u00e9es avec le Brazilian Butt Lift. Une fois la cicatrisation termin\u00e9e, vous n&#8217;aurez plus \u00e0 vous soucier de complications futures.<\/p>\n<h3>Des fesses plus rondes et plus larges<\/h3>\n<p>Le BBL permet au Dr Zadeh de cr\u00e9er des fesses plus larges et plus pleines qu&#8217;avec des implants en silicone, tout en aidant \u00e0 amincir les zones o\u00f9 il y avait un exc\u00e8s de graisse.<\/p>\n<p>[\/et_pb_accordion_item][et_pb_accordion_item title=&#8221;Comment puis-je contr\u00f4ler la douleur \u00e0 la maison ?&#8221; _builder_version=&#8221;4.19.5&#8243; _module_preset=&#8221;default&#8221; global_colors_info=&#8221;{}&#8221; open=&#8221;off&#8221;]<\/p>\n<p>Le Dr Zadeh vous remettra, avant l&#8217;intervention, une ordonnance d&#8217;analg\u00e9siques \u00e0 emporter chez vous. De cette fa\u00e7on, les m\u00e9dicaments seront \u00e0 votre disposition lorsque vous rentrerez chez vous apr\u00e8s l&#8217;op\u00e9ration.<\/p>\n<p>Remarque : Assurez-vous que le Dr Zadeh est au courant des m\u00e9dicaments antidouleur qui vous ont caus\u00e9 des probl\u00e8mes dans le pass\u00e9.<\/p>\n<p>[\/et_pb_accordion_item][\/et_pb_accordion][\/et_pb_column][et_pb_column type=&#8221;1_3&#8243; _builder_version=&#8221;4.17.4&#8243; _module_preset=&#8221;default&#8221; global_colors_info=&#8221;{}&#8221;][et_pb_sidebar area=&#8221;et_pb_widget_area_1&#8243; _builder_version=&#8221;4.17.4&#8243; _module_preset=&#8221;default&#8221; global_colors_info=&#8221;{}&#8221;][\/et_pb_sidebar][\/et_pb_column][\/et_pb_row][\/et_pb_section]<\/p>\n","protected":false},"excerpt":{"rendered":"<p>Lifting Fessier Br\u00e9silien<div class=\"et_pb_module lwp_divi_breadcrumbs lwp_divi_breadcrumbs_0\">\n\t\t\t\t\n\t\t\t\t\n\t\t\t\t\n\t\t\t\t\n\t\t\t\t\n\t\t\t\t\n\t\t\t\t<div class=\"et_pb_module_inner\">\n\t\t\t\t\t<div class=\"lwp-breadcrumbs\"> <span class=\"before\"><\/span> <span><span property=\"itemListElement\" typeof=\"ListItem\"><a property=\"item\" typeof=\"WebPage\" href=\"https:\/\/drtzadeh.com\/fr\/\" class=\"home\"><span property=\"name\">Accueil<\/span><\/a><meta property=\"position\" content=\"1\"><\/span> <span class=\"separator et-pb-icon\">&#x35;<\/span> <\/span><\/div>\n\t\t\t\t<\/div>\n\t\t\t<\/div>OverviewEn plein essor, le lifting br\u00e9silien des fesses est devenu l&#8217;une des proc\u00e9dures les plus populaires dans les cabinets de chirurgie esth\u00e9tique au cours des derni\u00e8res ann\u00e9es. Bien que ce ph\u00e9nom\u00e8ne soit souvent attribu\u00e9 \u00e0 l'&#8221;effet Kardashian&#8221;, la courbe en [&hellip;]<\/p>\n","protected":false},"author":5,"featured_media":0,"parent":5066,"menu_order":0,"comment_status":"closed","ping_status":"closed","template":"","meta":{"_et_pb_use_builder":"on","_et_pb_old_content":"","_et_gb_content_width":"","footnotes":""},"class_list":["post-5071","page","type-page","status-publish","hentry"],"yoast_head":"<!-- This site is optimized with the Yoast SEO plugin v25.7 - https:\/\/yoast.com\/wordpress\/plugins\/seo\/ -->\n<title>Lifting Fessier Br\u00e9silien - Dr. Teanoosh Zadeh - Clinique T Montreal<\/title>\n<meta name=\"robots\" content=\"index, follow, max-snippet:-1, max-image-preview:large, max-video-preview:-1\" \/>\n<link rel=\"canonical\" href=\"https:\/\/drtzadeh.com\/fr\/chirurgie-et-traitements-esthetiques\/lifting-fessier-bresilien\/\" \/>\n<meta property=\"og:locale\" content=\"fr_FR\" \/>\n<meta property=\"og:type\" content=\"article\" \/>\n<meta property=\"og:title\" content=\"Lifting Fessier Br\u00e9silien - Dr. Teanoosh Zadeh - Clinique T Montreal\" \/>\n<meta property=\"og:description\" content=\"Lifting Fessier Br\u00e9silienOverviewEn plein essor, le lifting br\u00e9silien des fesses est devenu l&#039;une des proc\u00e9dures les plus populaires dans les cabinets de chirurgie esth\u00e9tique au cours des derni\u00e8res ann\u00e9es. Bien que ce ph\u00e9nom\u00e8ne soit souvent attribu\u00e9 \u00e0 l&#039;&quot;effet Kardashian&quot;, la courbe en [&hellip;]\" \/>\n<meta property=\"og:url\" content=\"https:\/\/drtzadeh.com\/fr\/chirurgie-et-traitements-esthetiques\/lifting-fessier-bresilien\/\" \/>\n<meta property=\"og:site_name\" content=\"Dr. Teanoosh Zadeh - Clinique T\" \/>\n<meta property=\"article:publisher\" content=\"https:\/\/www.facebook.com\/drteanooshzadehMD\" \/>\n<meta property=\"article:modified_time\" content=\"2026-03-06T19:53:26+00:00\" \/>\n<meta property=\"og:image\" content=\"https:\/\/drtzadeh.com\/wp-content\/uploads\/2022\/10\/image-003-225x300.jpg\" \/>\n<meta name=\"twitter:label1\" content=\"Dur\u00e9e de lecture estim\u00e9e\" \/>\n\t<meta name=\"twitter:data1\" content=\"5 minutes\" \/>\n<!-- \/ Yoast SEO plugin. -->","yoast_head_json":{"title":"Lifting Fessier Br\u00e9silien - Dr. Teanoosh Zadeh - Clinique T Montreal","robots":{"index":"index","follow":"follow","max-snippet":"max-snippet:-1","max-image-preview":"max-image-preview:large","max-video-preview":"max-video-preview:-1"},"canonical":"https:\/\/drtzadeh.com\/fr\/chirurgie-et-traitements-esthetiques\/lifting-fessier-bresilien\/","og_locale":"fr_FR","og_type":"article","og_title":"Lifting Fessier Br\u00e9silien - Dr. Teanoosh Zadeh - Clinique T Montreal","og_description":"Lifting Fessier Br\u00e9silienOverviewEn plein essor, le lifting br\u00e9silien des fesses est devenu l'une des proc\u00e9dures les plus populaires dans les cabinets de chirurgie esth\u00e9tique au cours des derni\u00e8res ann\u00e9es. Bien que ce ph\u00e9nom\u00e8ne soit souvent attribu\u00e9 \u00e0 l'\"effet Kardashian\", la courbe en [&hellip;]","og_url":"https:\/\/drtzadeh.com\/fr\/chirurgie-et-traitements-esthetiques\/lifting-fessier-bresilien\/","og_site_name":"Dr. Teanoosh Zadeh - Clinique T","article_publisher":"https:\/\/www.facebook.com\/drteanooshzadehMD","article_modified_time":"2026-03-06T19:53:26+00:00","og_image":[{"url":"https:\/\/drtzadeh.com\/wp-content\/uploads\/2022\/10\/image-003-225x300.jpg","type":"","width":"","height":""}],"twitter_misc":{"Dur\u00e9e de lecture estim\u00e9e":"5 minutes"},"schema":{"@context":"https:\/\/schema.org","@graph":[{"@type":"WebPage","@id":"https:\/\/drtzadeh.com\/fr\/chirurgie-et-traitements-esthetiques\/lifting-fessier-bresilien\/","url":"https:\/\/drtzadeh.com\/fr\/chirurgie-et-traitements-esthetiques\/lifting-fessier-bresilien\/","name":"Lifting Fessier Br\u00e9silien - Dr. Teanoosh Zadeh - Clinique T Montreal","isPartOf":{"@id":"https:\/\/drtzadeh.com\/#website"},"primaryImageOfPage":{"@id":"https:\/\/drtzadeh.com\/fr\/chirurgie-et-traitements-esthetiques\/lifting-fessier-bresilien\/#primaryimage"},"image":{"@id":"https:\/\/drtzadeh.com\/fr\/chirurgie-et-traitements-esthetiques\/lifting-fessier-bresilien\/#primaryimage"},"thumbnailUrl":"https:\/\/drtzadeh.com\/wp-content\/uploads\/2022\/10\/image-003-225x300.jpg","datePublished":"2022-10-22T07:13:05+00:00","dateModified":"2026-03-06T19:53:26+00:00","breadcrumb":{"@id":"https:\/\/drtzadeh.com\/fr\/chirurgie-et-traitements-esthetiques\/lifting-fessier-bresilien\/#breadcrumb"},"inLanguage":"fr-FR","potentialAction":[{"@type":"ReadAction","target":["https:\/\/drtzadeh.com\/fr\/chirurgie-et-traitements-esthetiques\/lifting-fessier-bresilien\/"]}]},{"@type":"ImageObject","inLanguage":"fr-FR","@id":"https:\/\/drtzadeh.com\/fr\/chirurgie-et-traitements-esthetiques\/lifting-fessier-bresilien\/#primaryimage","url":"https:\/\/drtzadeh.com\/wp-content\/uploads\/2022\/10\/image-003-225x300.jpg","contentUrl":"https:\/\/drtzadeh.com\/wp-content\/uploads\/2022\/10\/image-003-225x300.jpg"},{"@type":"BreadcrumbList","@id":"https:\/\/drtzadeh.com\/fr\/chirurgie-et-traitements-esthetiques\/lifting-fessier-bresilien\/#breadcrumb","itemListElement":[{"@type":"ListItem","position":1,"name":"Home","item":"https:\/\/drtzadeh.com\/"},{"@type":"ListItem","position":2,"name":"Chirurgie et Traitements Esth\u00e9tiques","item":"https:\/\/drtzadeh.com\/fr\/chirurgie-et-traitements-esthetiques\/"},{"@type":"ListItem","position":3,"name":"Lifting Fessier Br\u00e9silien"}]},{"@type":"WebSite","@id":"https:\/\/drtzadeh.com\/#website","url":"https:\/\/drtzadeh.com\/","name":"Dr. Teanoosh Zadeh - Clinique T","description":"Experienced &amp; Certified Montreal Plastic Surgeon","publisher":{"@id":"https:\/\/drtzadeh.com\/#organization"},"potentialAction":[{"@type":"SearchAction","target":{"@type":"EntryPoint","urlTemplate":"https:\/\/drtzadeh.com\/?s={search_term_string}"},"query-input":{"@type":"PropertyValueSpecification","valueRequired":true,"valueName":"search_term_string"}}],"inLanguage":"fr-FR"},{"@type":"Organization","@id":"https:\/\/drtzadeh.com\/#organization","name":"Dr. Teanoosh Zadeh - Clinique T","url":"https:\/\/drtzadeh.com\/","logo":{"@type":"ImageObject","inLanguage":"fr-FR","@id":"https:\/\/drtzadeh.com\/#\/schema\/logo\/image\/","url":"https:\/\/drtzadeh.com\/wp-content\/uploads\/2023\/01\/CLINIQUE-T-Logo.png","contentUrl":"https:\/\/drtzadeh.com\/wp-content\/uploads\/2023\/01\/CLINIQUE-T-Logo.png","width":270,"height":77,"caption":"Dr. Teanoosh Zadeh - Clinique T"},"image":{"@id":"https:\/\/drtzadeh.com\/#\/schema\/logo\/image\/"},"sameAs":["https:\/\/www.facebook.com\/drteanooshzadehMD","http:\/\/www.instagram.com\/drzadehteanoosh\/"]}]}},"_links":{"self":[{"href":"https:\/\/drtzadeh.com\/fr\/wp-json\/wp\/v2\/pages\/5071","targetHints":{"allow":["GET"]}}],"collection":[{"href":"https:\/\/drtzadeh.com\/fr\/wp-json\/wp\/v2\/pages"}],"about":[{"href":"https:\/\/drtzadeh.com\/fr\/wp-json\/wp\/v2\/types\/page"}],"author":[{"embeddable":true,"href":"https:\/\/drtzadeh.com\/fr\/wp-json\/wp\/v2\/users\/5"}],"replies":[{"embeddable":true,"href":"https:\/\/drtzadeh.com\/fr\/wp-json\/wp\/v2\/comments?post=5071"}],"version-history":[{"count":3,"href":"https:\/\/drtzadeh.com\/fr\/wp-json\/wp\/v2\/pages\/5071\/revisions"}],"predecessor-version":[{"id":7184,"href":"https:\/\/drtzadeh.com\/fr\/wp-json\/wp\/v2\/pages\/5071\/revisions\/7184"}],"up":[{"embeddable":true,"href":"https:\/\/drtzadeh.com\/fr\/wp-json\/wp\/v2\/pages\/5066"}],"wp:attachment":[{"href":"https:\/\/drtzadeh.com\/fr\/wp-json\/wp\/v2\/media?parent=5071"}],"curies":[{"name":"wp","href":"https:\/\/api.w.org\/{rel}","templated":true}]}}