{"id":5132,"date":"2022-10-26T06:35:44","date_gmt":"2022-10-26T06:35:44","guid":{"rendered":"https:\/\/drtzadeh.com\/chirurgie-et-traitements-esthetiques\/chemical-peel-2\/"},"modified":"2026-03-06T19:26:51","modified_gmt":"2026-03-06T19:26:51","slug":"peeling-chimique","status":"publish","type":"page","link":"https:\/\/drtzadeh.com\/fr\/chirurgie-et-traitements-esthetiques\/peeling-chimique\/","title":{"rendered":"Peeling chimique"},"content":{"rendered":"<p>[et_pb_section fb_built=&#8221;1&#8243; _builder_version=&#8221;4.17.4&#8243; _module_preset=&#8221;default&#8221; background_color=&#8221;gcid-d72333c4-2dcd-44de-8826-8dfc2c15db04&#8243; global_colors_info=&#8221;{%22gcid-d72333c4-2dcd-44de-8826-8dfc2c15db04%22:%91%22background_color%22%93}&#8221;][et_pb_row _builder_version=&#8221;4.17.4&#8243; _module_preset=&#8221;default&#8221; global_colors_info=&#8221;{}&#8221;][et_pb_column type=&#8221;4_4&#8243; _builder_version=&#8221;4.17.4&#8243; _module_preset=&#8221;default&#8221; global_colors_info=&#8221;{}&#8221;][et_pb_text module_class=&#8221;hero-sec-heading&#8221; _builder_version=&#8221;4.17.4&#8243; _module_preset=&#8221;default&#8221; header_font_size=&#8221;40px&#8221; custom_margin=&#8221;||0px||false|false&#8221; header_text_align_tablet=&#8221;&#8221; header_text_align_phone=&#8221;center&#8221; header_text_align_last_edited=&#8221;on|phone&#8221; header_font_size_tablet=&#8221;40px&#8221; header_font_size_phone=&#8221;34px&#8221; header_font_size_last_edited=&#8221;on|phone&#8221; global_colors_info=&#8221;{}&#8221;]<\/p>\n<h1>Chemical Peel<\/h1>\n<p>[\/et_pb_text][lwp_divi_breadcrumbs link_color=&#8221;gcid-5f7becaa-db42-4a27-923f-406088f8cb05&#8243; _builder_version=&#8221;4.27.4&#8243; _module_preset=&#8221;default&#8221; hover_enabled=&#8221;0&#8243; module_text_align_tablet=&#8221;&#8221; module_text_align_phone=&#8221;center&#8221; module_text_align_last_edited=&#8221;on|phone&#8221; module_font_size_tablet=&#8221;&#8221; module_font_size_phone=&#8221;16px&#8221; module_font_size_last_edited=&#8221;on|phone&#8221; global_colors_info=&#8221;{%22gcid-5f7becaa-db42-4a27-923f-406088f8cb05%22:%91%22link_color%22%93}&#8221; font_icon=&#8221;&#x35;||divi||400&#8243; sticky_enabled=&#8221;0&#8243;][\/lwp_divi_breadcrumbs][\/et_pb_column][\/et_pb_row][\/et_pb_section][et_pb_section fb_built=&#8221;1&#8243; _builder_version=&#8221;4.17.4&#8243; _module_preset=&#8221;default&#8221; global_colors_info=&#8221;{}&#8221;][et_pb_row column_structure=&#8221;2_3,1_3&#8243; _builder_version=&#8221;4.17.4&#8243; _module_preset=&#8221;default&#8221; custom_margin=&#8221;|auto||5px||&#8221; global_colors_info=&#8221;{}&#8221;][et_pb_column type=&#8221;2_3&#8243; _builder_version=&#8221;4.17.4&#8243; _module_preset=&#8221;default&#8221; global_colors_info=&#8221;{}&#8221;][et_pb_text disabled_on=&#8221;on|on|on&#8221; _builder_version=&#8221;4.17.4&#8243; _module_preset=&#8221;default&#8221; disabled=&#8221;on&#8221; locked=&#8221;off&#8221; global_colors_info=&#8221;{}&#8221;]<\/p>\n<h2>R\u00e9sum\u00e9<\/h2>\n<p>[\/et_pb_text][et_pb_divider color=&#8221;#444444&#8243; divider_weight=&#8221;2px&#8221; disabled_on=&#8221;on|on|on&#8221; _builder_version=&#8221;4.16&#8243; _module_preset=&#8221;default&#8221; width=&#8221;100px&#8221; module_alignment=&#8221;left&#8221; custom_margin=&#8221;||15px||false|false&#8221; disabled=&#8221;on&#8221; locked=&#8221;off&#8221; global_colors_info=&#8221;{}&#8221;][\/et_pb_divider][et_pb_text module_class=&#8221;service-txt&#8221; _builder_version=&#8221;4.19.5&#8243; _module_preset=&#8221;default&#8221; text_orientation_tablet=&#8221;&#8221; text_orientation_phone=&#8221;center&#8221; text_orientation_last_edited=&#8221;on|phone&#8221; global_colors_info=&#8221;{}&#8221;]<\/p>\n<p>Un peeling chimique est une technique utilis\u00e9e pour am\u00e9liorer l&#8217;apparence de la peau du visage, du cou ou des mains. Une solution chimique est appliqu\u00e9e sur la peau, ce qui entra\u00eene son exfoliation et son d\u00e9collement. La nouvelle peau r\u00e9g\u00e9n\u00e9r\u00e9e est g\u00e9n\u00e9ralement plus lisse et moins rid\u00e9e que l&#8217;ancienne.<\/p>\n<p>[\/et_pb_text][et_pb_text _builder_version=&#8221;4.19.5&#8243; _module_preset=&#8221;default&#8221; header_2_text_align_tablet=&#8221;&#8221; header_2_text_align_phone=&#8221;center&#8221; header_2_text_align_last_edited=&#8221;on|phone&#8221; header_2_line_height_tablet=&#8221;&#8221; header_2_line_height_phone=&#8221;1.3em&#8221; header_2_line_height_last_edited=&#8221;on|phone&#8221; locked=&#8221;off&#8221; global_colors_info=&#8221;{}&#8221;]<\/p>\n<h2>Questions fr\u00e9quemment pos\u00e9es<\/h2>\n<p>[\/et_pb_text][et_pb_divider color=&#8221;#444444&#8243; divider_weight=&#8221;2px&#8221; _builder_version=&#8221;4.17.4&#8243; _module_preset=&#8221;default&#8221; width=&#8221;100px&#8221; module_alignment=&#8221;left&#8221; custom_margin=&#8221;||15px||false|false&#8221; module_alignment_tablet=&#8221;left&#8221; module_alignment_phone=&#8221;center&#8221; module_alignment_last_edited=&#8221;on|phone&#8221; locked=&#8221;off&#8221; global_colors_info=&#8221;{}&#8221;][\/et_pb_divider][et_pb_accordion open_toggle_text_color=&#8221;#333333&#8243; open_toggle_background_color=&#8221;#FFFFFF&#8221; closed_toggle_background_color=&#8221;#faf9f6&#8243; icon_color=&#8221;gcid-d72333c4-2dcd-44de-8826-8dfc2c15db04&#8243; module_id=&#8221;myfaq&#8221; module_class=&#8221;faq-list&#8221; _builder_version=&#8221;4.19.5&#8243; _module_preset=&#8221;default&#8221; toggle_font=&#8221;|700|||||||&#8221; global_colors_info=&#8221;{%22gcid-d72333c4-2dcd-44de-8826-8dfc2c15db04%22:%91%22icon_color%22%93}&#8221;][et_pb_accordion_item title=&#8221;Que se passe-t-il pendant un peeling chimique ?&#8221; open=&#8221;on&#8221; _builder_version=&#8221;4.19.5&#8243; _module_preset=&#8221;default&#8221; global_colors_info=&#8221;{}&#8221;]<\/p>\n<p>Avant de subir un peeling chimique, certains patients doivent suivre un programme de soins de la peau pendant 2 \u00e0 4 semaines. Ce plan peut am\u00e9liorer les r\u00e9sultats et r\u00e9duire les effets secondaires potentiels. Le jour de votre peeling, vous serez d&#8217;abord pr\u00e9par\u00e9 pour le traitement. Cela inclut un nettoyage complet de votre peau.<\/p>\n<p>Apr\u00e8s cette pr\u00e9paration, votre esth\u00e9ticienne appliquera le peeling rapidement et uniform\u00e9ment. Elle observera attentivement votre peau pour retirer le peeling au bon moment. Avec un peeling profond, la peau est trait\u00e9e une petite section \u00e0 la fois. Apr\u00e8s le retrait du peeling, votre peau sera trait\u00e9e comme il se doit. Les patients qui b\u00e9n\u00e9ficient d&#8217;un peeling moyen peuvent avoir besoin de compresses froides suivies d&#8217;une lotion ou d&#8217;une cr\u00e8me pour apaiser leur peau.<\/p>\n<p>[\/et_pb_accordion_item][et_pb_accordion_item title=&#8221;Quelles sont les choses \u00e0 faire et \u00e0 ne pas faire apr\u00e8s un peeling chimique ?&#8221; _builder_version=&#8221;4.19.5&#8243; _module_preset=&#8221;default&#8221; global_colors_info=&#8221;{}&#8221; open=&#8221;off&#8221;]<\/p>\n<p>Ne vous exposez pas trop au soleil, \u00e0 des environnements difficiles ou \u00e0 des polluants. Ne vous \u00e9pilez pas \u00e0 la cire et n&#8217;utilisez aucune forme d&#8217;\u00e9pilation une semaine avant et jusqu&#8217;\u00e0 une semaine apr\u00e8s les traitements. Ne grattez pas les parties de votre peau qui pourraient peler. N&#8217;utilisez pas de peeling chimique si votre peau a \u00e9t\u00e9 br\u00fbl\u00e9e par le soleil ou si vous avez des liaisons ouvertes.<\/p>\n<p>[\/et_pb_accordion_item][et_pb_accordion_item title=&#8221;Quel est le co\u00fbt d&#8217;un peeling chimique ?&#8221; _builder_version=&#8221;4.19.5&#8243; _module_preset=&#8221;default&#8221; global_colors_info=&#8221;{}&#8221; open=&#8221;off&#8221;]<\/p>\n<p>Le co\u00fbt d&#8217;un traitement par peeling chimique est de 300 $ par s\u00e9ance. Un forfait comprenant 3 traitements co\u00fbte 800 $.<\/p>\n<p>[\/et_pb_accordion_item][\/et_pb_accordion][\/et_pb_column][et_pb_column type=&#8221;1_3&#8243; _builder_version=&#8221;4.17.4&#8243; _module_preset=&#8221;default&#8221; global_colors_info=&#8221;{}&#8221;][et_pb_sidebar area=&#8221;et_pb_widget_area_1&#8243; _builder_version=&#8221;4.17.4&#8243; _module_preset=&#8221;default&#8221; global_colors_info=&#8221;{}&#8221;][\/et_pb_sidebar][\/et_pb_column][\/et_pb_row][\/et_pb_section]<\/p>\n","protected":false},"excerpt":{"rendered":"<p>Chemical Peel<div class=\"et_pb_module lwp_divi_breadcrumbs lwp_divi_breadcrumbs_0\">\n\t\t\t\t\n\t\t\t\t\n\t\t\t\t\n\t\t\t\t\n\t\t\t\t\n\t\t\t\t\n\t\t\t\t<div class=\"et_pb_module_inner\">\n\t\t\t\t\t<div class=\"lwp-breadcrumbs\"> <span class=\"before\"><\/span> <span><span property=\"itemListElement\" typeof=\"ListItem\"><a property=\"item\" typeof=\"WebPage\" href=\"https:\/\/drtzadeh.com\/fr\/\" class=\"home\"><span property=\"name\">Accueil<\/span><\/a><meta property=\"position\" content=\"1\"><\/span> <span class=\"separator et-pb-icon\">&#x35;<\/span> <\/span><\/div>\n\t\t\t\t<\/div>\n\t\t\t<\/div>R\u00e9sum\u00e9Un peeling chimique est une technique utilis\u00e9e pour am\u00e9liorer l&#8217;apparence de la peau du visage, du cou ou des mains. Une solution chimique est appliqu\u00e9e sur la peau, ce qui entra\u00eene son exfoliation et son d\u00e9collement. La nouvelle peau r\u00e9g\u00e9n\u00e9r\u00e9e est [&hellip;]<\/p>\n","protected":false},"author":5,"featured_media":0,"parent":5066,"menu_order":0,"comment_status":"closed","ping_status":"closed","template":"","meta":{"_et_pb_use_builder":"on","_et_pb_old_content":"","_et_gb_content_width":"","footnotes":""},"class_list":["post-5132","page","type-page","status-publish","hentry"],"yoast_head":"<!-- This site is optimized with the Yoast SEO plugin v25.7 - https:\/\/yoast.com\/wordpress\/plugins\/seo\/ -->\n<title>Peeling chimique - Dr. Teanoosh Zadeh - Clinique T Montreal<\/title>\n<meta name=\"robots\" content=\"index, follow, max-snippet:-1, max-image-preview:large, max-video-preview:-1\" \/>\n<link rel=\"canonical\" href=\"https:\/\/drtzadeh.com\/fr\/chirurgie-et-traitements-esthetiques\/peeling-chimique\/\" \/>\n<meta property=\"og:locale\" content=\"fr_FR\" \/>\n<meta property=\"og:type\" content=\"article\" \/>\n<meta property=\"og:title\" content=\"Peeling chimique - Dr. Teanoosh Zadeh - Clinique T Montreal\" \/>\n<meta property=\"og:description\" content=\"Chemical PeelR\u00e9sum\u00e9Un peeling chimique est une technique utilis\u00e9e pour am\u00e9liorer l&#039;apparence de la peau du visage, du cou ou des mains. Une solution chimique est appliqu\u00e9e sur la peau, ce qui entra\u00eene son exfoliation et son d\u00e9collement. La nouvelle peau r\u00e9g\u00e9n\u00e9r\u00e9e est [&hellip;]\" \/>\n<meta property=\"og:url\" content=\"https:\/\/drtzadeh.com\/fr\/chirurgie-et-traitements-esthetiques\/peeling-chimique\/\" \/>\n<meta property=\"og:site_name\" content=\"Dr. Teanoosh Zadeh - Clinique T\" \/>\n<meta property=\"article:publisher\" content=\"https:\/\/www.facebook.com\/drteanooshzadehMD\" \/>\n<meta property=\"article:modified_time\" content=\"2026-03-06T19:26:51+00:00\" \/>\n<meta name=\"twitter:label1\" content=\"Dur\u00e9e de lecture estim\u00e9e\" \/>\n\t<meta name=\"twitter:data1\" content=\"3 minutes\" \/>\n<!-- \/ Yoast SEO plugin. -->","yoast_head_json":{"title":"Peeling chimique - Dr. Teanoosh Zadeh - Clinique T Montreal","robots":{"index":"index","follow":"follow","max-snippet":"max-snippet:-1","max-image-preview":"max-image-preview:large","max-video-preview":"max-video-preview:-1"},"canonical":"https:\/\/drtzadeh.com\/fr\/chirurgie-et-traitements-esthetiques\/peeling-chimique\/","og_locale":"fr_FR","og_type":"article","og_title":"Peeling chimique - Dr. Teanoosh Zadeh - Clinique T Montreal","og_description":"Chemical PeelR\u00e9sum\u00e9Un peeling chimique est une technique utilis\u00e9e pour am\u00e9liorer l'apparence de la peau du visage, du cou ou des mains. Une solution chimique est appliqu\u00e9e sur la peau, ce qui entra\u00eene son exfoliation et son d\u00e9collement. La nouvelle peau r\u00e9g\u00e9n\u00e9r\u00e9e est [&hellip;]","og_url":"https:\/\/drtzadeh.com\/fr\/chirurgie-et-traitements-esthetiques\/peeling-chimique\/","og_site_name":"Dr. Teanoosh Zadeh - Clinique T","article_publisher":"https:\/\/www.facebook.com\/drteanooshzadehMD","article_modified_time":"2026-03-06T19:26:51+00:00","twitter_misc":{"Dur\u00e9e de lecture estim\u00e9e":"3 minutes"},"schema":{"@context":"https:\/\/schema.org","@graph":[{"@type":"WebPage","@id":"https:\/\/drtzadeh.com\/fr\/chirurgie-et-traitements-esthetiques\/peeling-chimique\/","url":"https:\/\/drtzadeh.com\/fr\/chirurgie-et-traitements-esthetiques\/peeling-chimique\/","name":"Peeling chimique - Dr. Teanoosh Zadeh - Clinique T Montreal","isPartOf":{"@id":"https:\/\/drtzadeh.com\/#website"},"datePublished":"2022-10-26T06:35:44+00:00","dateModified":"2026-03-06T19:26:51+00:00","breadcrumb":{"@id":"https:\/\/drtzadeh.com\/fr\/chirurgie-et-traitements-esthetiques\/peeling-chimique\/#breadcrumb"},"inLanguage":"fr-FR","potentialAction":[{"@type":"ReadAction","target":["https:\/\/drtzadeh.com\/fr\/chirurgie-et-traitements-esthetiques\/peeling-chimique\/"]}]},{"@type":"BreadcrumbList","@id":"https:\/\/drtzadeh.com\/fr\/chirurgie-et-traitements-esthetiques\/peeling-chimique\/#breadcrumb","itemListElement":[{"@type":"ListItem","position":1,"name":"Home","item":"https:\/\/drtzadeh.com\/"},{"@type":"ListItem","position":2,"name":"Chirurgie et Traitements Esth\u00e9tiques","item":"https:\/\/drtzadeh.com\/fr\/chirurgie-et-traitements-esthetiques\/"},{"@type":"ListItem","position":3,"name":"Peeling chimique"}]},{"@type":"WebSite","@id":"https:\/\/drtzadeh.com\/#website","url":"https:\/\/drtzadeh.com\/","name":"Dr. Teanoosh Zadeh - Clinique T","description":"Experienced &amp; Certified Montreal Plastic Surgeon","publisher":{"@id":"https:\/\/drtzadeh.com\/#organization"},"potentialAction":[{"@type":"SearchAction","target":{"@type":"EntryPoint","urlTemplate":"https:\/\/drtzadeh.com\/?s={search_term_string}"},"query-input":{"@type":"PropertyValueSpecification","valueRequired":true,"valueName":"search_term_string"}}],"inLanguage":"fr-FR"},{"@type":"Organization","@id":"https:\/\/drtzadeh.com\/#organization","name":"Dr. Teanoosh Zadeh - Clinique T","url":"https:\/\/drtzadeh.com\/","logo":{"@type":"ImageObject","inLanguage":"fr-FR","@id":"https:\/\/drtzadeh.com\/#\/schema\/logo\/image\/","url":"https:\/\/drtzadeh.com\/wp-content\/uploads\/2023\/01\/CLINIQUE-T-Logo.png","contentUrl":"https:\/\/drtzadeh.com\/wp-content\/uploads\/2023\/01\/CLINIQUE-T-Logo.png","width":270,"height":77,"caption":"Dr. Teanoosh Zadeh - Clinique T"},"image":{"@id":"https:\/\/drtzadeh.com\/#\/schema\/logo\/image\/"},"sameAs":["https:\/\/www.facebook.com\/drteanooshzadehMD","http:\/\/www.instagram.com\/drzadehteanoosh\/"]}]}},"_links":{"self":[{"href":"https:\/\/drtzadeh.com\/fr\/wp-json\/wp\/v2\/pages\/5132","targetHints":{"allow":["GET"]}}],"collection":[{"href":"https:\/\/drtzadeh.com\/fr\/wp-json\/wp\/v2\/pages"}],"about":[{"href":"https:\/\/drtzadeh.com\/fr\/wp-json\/wp\/v2\/types\/page"}],"author":[{"embeddable":true,"href":"https:\/\/drtzadeh.com\/fr\/wp-json\/wp\/v2\/users\/5"}],"replies":[{"embeddable":true,"href":"https:\/\/drtzadeh.com\/fr\/wp-json\/wp\/v2\/comments?post=5132"}],"version-history":[{"count":3,"href":"https:\/\/drtzadeh.com\/fr\/wp-json\/wp\/v2\/pages\/5132\/revisions"}],"predecessor-version":[{"id":7063,"href":"https:\/\/drtzadeh.com\/fr\/wp-json\/wp\/v2\/pages\/5132\/revisions\/7063"}],"up":[{"embeddable":true,"href":"https:\/\/drtzadeh.com\/fr\/wp-json\/wp\/v2\/pages\/5066"}],"wp:attachment":[{"href":"https:\/\/drtzadeh.com\/fr\/wp-json\/wp\/v2\/media?parent=5132"}],"curies":[{"name":"wp","href":"https:\/\/api.w.org\/{rel}","templated":true}]}}