{"id":5133,"date":"2022-10-25T10:15:28","date_gmt":"2022-10-25T10:15:28","guid":{"rendered":"https:\/\/drtzadeh.com\/chirurgie-et-traitements-esthetiques\/chin-implants\/"},"modified":"2026-03-06T19:22:47","modified_gmt":"2026-03-06T19:22:47","slug":"implants-du-menton","status":"publish","type":"page","link":"https:\/\/drtzadeh.com\/fr\/chirurgie-et-traitements-esthetiques\/implants-du-menton\/","title":{"rendered":"Implants du menton"},"content":{"rendered":"<p>[et_pb_section fb_built=&#8221;1&#8243; _builder_version=&#8221;4.17.4&#8243; _module_preset=&#8221;default&#8221; background_color=&#8221;gcid-d72333c4-2dcd-44de-8826-8dfc2c15db04&#8243; global_colors_info=&#8221;{%22gcid-d72333c4-2dcd-44de-8826-8dfc2c15db04%22:%91%22background_color%22%93}&#8221;][et_pb_row _builder_version=&#8221;4.17.4&#8243; _module_preset=&#8221;default&#8221; global_colors_info=&#8221;{}&#8221;][et_pb_column type=&#8221;4_4&#8243; _builder_version=&#8221;4.17.4&#8243; _module_preset=&#8221;default&#8221; global_colors_info=&#8221;{}&#8221;][et_pb_text module_class=&#8221;hero-sec-heading&#8221; _builder_version=&#8221;4.17.4&#8243; _module_preset=&#8221;default&#8221; header_font_size=&#8221;40px&#8221; custom_margin=&#8221;||0px||false|false&#8221; header_text_align_tablet=&#8221;&#8221; header_text_align_phone=&#8221;center&#8221; header_text_align_last_edited=&#8221;on|phone&#8221; header_font_size_tablet=&#8221;40px&#8221; header_font_size_phone=&#8221;34px&#8221; header_font_size_last_edited=&#8221;on|phone&#8221; global_colors_info=&#8221;{}&#8221;]<\/p>\n<h1>Implants du menton<\/h1>\n<p>[\/et_pb_text][lwp_divi_breadcrumbs link_color=&#8221;gcid-5f7becaa-db42-4a27-923f-406088f8cb05&#8243; _builder_version=&#8221;4.27.4&#8243; _module_preset=&#8221;default&#8221; hover_enabled=&#8221;0&#8243; module_text_align_tablet=&#8221;&#8221; module_text_align_phone=&#8221;center&#8221; module_text_align_last_edited=&#8221;on|phone&#8221; module_font_size_tablet=&#8221;&#8221; module_font_size_phone=&#8221;16px&#8221; module_font_size_last_edited=&#8221;on|phone&#8221; global_colors_info=&#8221;{%22gcid-5f7becaa-db42-4a27-923f-406088f8cb05%22:%91%22link_color%22%93}&#8221; font_icon=&#8221;&#x35;||divi||400&#8243; sticky_enabled=&#8221;0&#8243;][\/lwp_divi_breadcrumbs][\/et_pb_column][\/et_pb_row][\/et_pb_section][et_pb_section fb_built=&#8221;1&#8243; _builder_version=&#8221;4.17.4&#8243; _module_preset=&#8221;default&#8221; global_colors_info=&#8221;{}&#8221;][et_pb_row column_structure=&#8221;2_3,1_3&#8243; _builder_version=&#8221;4.17.4&#8243; _module_preset=&#8221;default&#8221; global_colors_info=&#8221;{}&#8221;][et_pb_column type=&#8221;2_3&#8243; _builder_version=&#8221;4.17.4&#8243; _module_preset=&#8221;default&#8221; global_colors_info=&#8221;{}&#8221;][et_pb_text disabled_on=&#8221;on|on|on&#8221; _builder_version=&#8221;4.19.5&#8243; _module_preset=&#8221;default&#8221; disabled=&#8221;on&#8221; locked=&#8221;off&#8221; global_colors_info=&#8221;{}&#8221;]<\/p>\n<h2>R\u00e9sum\u00e9<\/h2>\n<p>[\/et_pb_text][et_pb_divider color=&#8221;#444444&#8243; divider_weight=&#8221;2px&#8221; disabled_on=&#8221;on|on|on&#8221; _builder_version=&#8221;4.16&#8243; _module_preset=&#8221;default&#8221; width=&#8221;100px&#8221; module_alignment=&#8221;left&#8221; custom_margin=&#8221;||15px||false|false&#8221; disabled=&#8221;on&#8221; locked=&#8221;off&#8221; global_colors_info=&#8221;{}&#8221;][\/et_pb_divider][et_pb_text module_class=&#8221;service-txt&#8221; _builder_version=&#8221;4.19.5&#8243; _module_preset=&#8221;default&#8221; text_orientation_tablet=&#8221;&#8221; text_orientation_phone=&#8221;center&#8221; text_orientation_last_edited=&#8221;on|phone&#8221; global_colors_info=&#8221;{}&#8221;]<\/p>\n<p>Pour de nombreuses personnes, un simple changement de la forme et de la protrusion de la m\u00e2choire peut faire une \u00e9norme diff\u00e9rence dans l&#8217;apparence g\u00e9n\u00e9rale du visage. Les patients ont recours \u00e0 la chirurgie des implants mentonniers avec le Dr Zadeh afin d&#8217;am\u00e9liorer le contour de leur menton, de cr\u00e9er une silhouette plus proportionnelle et de renforcer la ligne de la m\u00e2choire. Un menton fuyant ou un manque de d\u00e9finition dans la zone de la m\u00e2choire peut nuire \u00e0 la confiance en soi, mais avec la proc\u00e9dure d&#8217;implants mentonniers du Dr Zadeh, nous pouvons corriger le contour du menton pour cr\u00e9er un visage plus sculpt\u00e9 !<\/p>\n<p>[\/et_pb_text][et_pb_text _builder_version=&#8221;4.19.5&#8243; _module_preset=&#8221;default&#8221; header_2_text_align_tablet=&#8221;&#8221; header_2_text_align_phone=&#8221;center&#8221; header_2_text_align_last_edited=&#8221;on|phone&#8221; header_2_line_height_tablet=&#8221;&#8221; header_2_line_height_phone=&#8221;1.3em&#8221; header_2_line_height_last_edited=&#8221;on|phone&#8221; locked=&#8221;off&#8221; global_colors_info=&#8221;{}&#8221;]<\/p>\n<h2>Questions fr\u00e9quemment pos\u00e9es<\/h2>\n<p>[\/et_pb_text][et_pb_divider color=&#8221;#444444&#8243; divider_weight=&#8221;2px&#8221; _builder_version=&#8221;4.17.4&#8243; _module_preset=&#8221;default&#8221; width=&#8221;100px&#8221; module_alignment=&#8221;left&#8221; custom_margin=&#8221;||15px||false|false&#8221; module_alignment_tablet=&#8221;left&#8221; module_alignment_phone=&#8221;center&#8221; module_alignment_last_edited=&#8221;on|phone&#8221; locked=&#8221;off&#8221; global_colors_info=&#8221;{}&#8221;][\/et_pb_divider][et_pb_accordion open_toggle_text_color=&#8221;#333333&#8243; open_toggle_background_color=&#8221;#FFFFFF&#8221; closed_toggle_background_color=&#8221;#faf9f6&#8243; icon_color=&#8221;gcid-d72333c4-2dcd-44de-8826-8dfc2c15db04&#8243; module_id=&#8221;myfaq&#8221; module_class=&#8221;faq-list&#8221; _builder_version=&#8221;4.19.5&#8243; _module_preset=&#8221;default&#8221; toggle_font=&#8221;|700|||||||&#8221; global_colors_info=&#8221;{%22gcid-d72333c4-2dcd-44de-8826-8dfc2c15db04%22:%91%22icon_color%22%93}&#8221;][et_pb_accordion_item title=&#8221;Qui est un bon candidat pour des implants mentonniers ?&#8221; open=&#8221;on&#8221; _builder_version=&#8221;4.19.5&#8243; _module_preset=&#8221;default&#8221; global_colors_info=&#8221;{}&#8221;]<\/p>\n<p>Si vous avez un menton fuyant ou faible et que cela vous emp\u00eache d&#8217;avoir confiance en l&#8217;harmonie g\u00e9n\u00e9rale de votre visage, vous pourriez \u00eatre un candidat appropri\u00e9 pour l&#8217;am\u00e9lioration du menton. Cependant, toutes les personnes ayant un menton faible ne peuvent pas b\u00e9n\u00e9ficier de cette proc\u00e9dure. Les personnes qui ont beaucoup d&#8217;espace entre le nez et la l\u00e8vre ne sont pas n\u00e9cessairement des candidats appropri\u00e9s, car les implants mentonniers pourraient donner lieu \u00e0 un visage anormalement long. L&#8217;\u00e9paisseur du tissu au-dessus du menton peut \u00e9galement influer sur l&#8217;aptitude \u00e0 \u00eatre candidat. Lors de votre consultation, le Dr Zadeh \u00e9valuera la structure actuelle de votre m\u00e2choire afin de d\u00e9terminer si vous pouvez b\u00e9n\u00e9ficier d&#8217;une augmentation du menton.<\/p>\n<p>[\/et_pb_accordion_item][et_pb_accordion_item title=&#8221;\u00c0 quoi ressemble un implant mentonnier ?&#8221; _builder_version=&#8221;4.19.5&#8243; _module_preset=&#8221;default&#8221; global_colors_info=&#8221;{}&#8221; open=&#8221;off&#8221;]<\/p>\n<p>&nbsp;<\/p>\n<p><img loading=\"lazy\" decoding=\"async\" class=\"wp-image-4670 alignnone \" src=\"https:\/\/drtzadeh.com\/wp-content\/uploads\/2023\/01\/WhatsApp-Image-2023-01-26-at-3.56.03-PM-1-300x153.jpeg\" alt=\"\" width=\"437\" height=\"223\" \/><\/p>\n<p>Les implants mentonniers sont de petits dispositifs solides fabriqu\u00e9s dans un mat\u00e9riau biocompatible, g\u00e9n\u00e9ralement du silicone, qui a \u00e9t\u00e9 moul\u00e9 pour s&#8217;adapter \u00e0 l&#8217;os du menton du patient. Les implants mentonniers varient en taille et en contour ; le Dr Zadeh vous aidera \u00e0 choisir un implant qui vous permettra d&#8217;obtenir le degr\u00e9 d&#8217;am\u00e9lioration souhait\u00e9 et le r\u00e9sultat le plus naturel possible.<\/p>\n<p>[\/et_pb_accordion_item][et_pb_accordion_item title=&#8221;Comment les implants mentonniers sont-ils pos\u00e9s ?&#8221; _builder_version=&#8221;4.19.5&#8243; _module_preset=&#8221;default&#8221; global_colors_info=&#8221;{}&#8221; open=&#8221;off&#8221;]<\/p>\n<p>Le Dr Zadeh pratique une incision externe juste sous le menton. L&#8217;implant est ensuite ins\u00e9r\u00e9 et la plaie est fix\u00e9e par des sutures. Les avantages de cette m\u00e9thode sont les suivants : une incision bien camoufl\u00e9e, moins de risques d&#8217;infection et moins de risques de d\u00e9placement de l&#8217;implant.<\/p>\n<p>[\/et_pb_accordion_item][et_pb_accordion_item title=&#8221;Quelle est la reprise ?&#8221; _builder_version=&#8221;4.19.5&#8243; _module_preset=&#8221;default&#8221; global_colors_info=&#8221;{}&#8221; open=&#8221;off&#8221;]<\/p>\n<p>La plupart des patients ayant subi une augmentation du menton ont un temps de r\u00e9cup\u00e9ration relativement court et peuvent reprendre le travail et la plupart des activit\u00e9s quotidiennes dans les sept jours suivant l&#8217;intervention. L&#8217;inconfort est g\u00e9n\u00e9ralement minime et facilement contr\u00f4l\u00e9 par des m\u00e9dicaments contre la douleur ou des compresses froides.<\/p>\n<p>Vous devrez dormir sur le ventre, avec la t\u00eate sur\u00e9lev\u00e9e, pendant au moins une \u00e0 deux semaines apr\u00e8s l&#8217;intervention pour aider \u00e0 contr\u00f4ler le gonflement postop\u00e9ratoire et prot\u00e9ger vos incisions en cours de cicatrisation. Le Dr Zadeh peut \u00e9galement vous demander de suivre un r\u00e9gime exclusivement liquide pendant un jour ou deux apr\u00e8s l&#8217;op\u00e9ration. Les activit\u00e9s intenses peuvent g\u00e9n\u00e9ralement \u00eatre reprises dans les 3 \u00e0 4 semaines suivant l&#8217;augmentation du menton. Il est important de suivre les instructions sp\u00e9cifiques du Dr Zadeh pendant la convalescence afin de garantir une bonne cicatrisation et d&#8217;obtenir d&#8217;excellents r\u00e9sultats le plus rapidement possible.<\/p>\n<p>Les r\u00e9sultats sont consid\u00e9r\u00e9s comme d\u00e9finitifs apr\u00e8s environ 6 mois, lorsque le gonflement r\u00e9siduel a disparu.<\/p>\n<p>[\/et_pb_accordion_item][et_pb_accordion_item title=&#8221;Aurai-je des cicatrices ?&#8221; _builder_version=&#8221;4.19.5&#8243; _module_preset=&#8221;default&#8221; global_colors_info=&#8221;{}&#8221; open=&#8221;off&#8221;]<\/p>\n<p>Il y aura une petite cicatrice cach\u00e9e au niveau de la m\u00e2choire. Le Dr Zadeh est conscient que les patients de chirurgie esth\u00e9tique souhaitent avoir une cicatrice minimale, en particulier lorsque l&#8217;incision est faite sur le visage, et il est tr\u00e8s comp\u00e9tent pour minimiser la visibilit\u00e9 de toutes les cicatrices.<\/p>\n<p>[\/et_pb_accordion_item][et_pb_accordion_item title=&#8221;Y a-t-il des complications associ\u00e9es \u00e0 l&#8217;augmentation du menton ?&#8221; _builder_version=&#8221;4.19.5&#8243; _module_preset=&#8221;default&#8221; global_colors_info=&#8221;{}&#8221; open=&#8221;off&#8221;]<\/p>\n<p>Il y a tr\u00e8s peu de risques associ\u00e9s aux implants mentonniers. Cependant, comme pour toutes les chirurgies esth\u00e9tiques, il existe certains risques li\u00e9s aux implants mentonniers, notamment l&#8217;infection, le d\u00e9placement des implants, les saignements et l&#8217;engourdissement.<\/p>\n<p>[\/et_pb_accordion_item][et_pb_accordion_item title=&#8221;Quelles sont les options pour am\u00e9liorer le menton et la m\u00e2choire ?&#8221; _builder_version=&#8221;4.19.5&#8243; _module_preset=&#8221;default&#8221; global_colors_info=&#8221;{}&#8221; open=&#8221;off&#8221;]<\/p>\n<p>Si de nombreux patients choisissent de se faire poser un implant mentonnier seul, il arrive tout aussi souvent que le Dr Zadeh associe l&#8217;augmentation du menton \u00e0 d&#8217;autres proc\u00e9dures pour obtenir de meilleurs r\u00e9sultats.<\/p>\n<h3>Rhinoplastie + augmentation du menton<\/h3>\n<p>Les implants mentonniers peuvent am\u00e9liorer consid\u00e9rablement les r\u00e9sultats d&#8217;une rhinoplastie, et l&#8217;augmentation du menton associ\u00e9e \u00e0 une chirurgie de remodelage du nez est l&#8217;une des combinaisons de proc\u00e9dures de remodelage du visage les plus courantes.<\/p>\n<h3>Liposuccion du cou + implants mentonniers<\/h3>\n<p>Les patients pr\u00e9sentant un exc\u00e8s de volume sous le menton choisissent souvent de subir une liposuccion du cou en m\u00eame temps qu&#8217;un implant mentonnier. Si le renforcement du menton permet \u00e0 lui seul d&#8217;am\u00e9liorer la d\u00e9finition de la m\u00e2choire, l&#8217;\u00e9limination de l&#8217;exc\u00e8s de graisse sous le menton peut am\u00e9liorer encore l&#8217;apparence du bas du visage et du cou.<\/p>\n<p>[\/et_pb_accordion_item][et_pb_accordion_item title=&#8221;Quelle est la dur\u00e9e de la proc\u00e9dure ?&#8221; _builder_version=&#8221;4.19.5&#8243; _module_preset=&#8221;default&#8221; global_colors_info=&#8221;{}&#8221; open=&#8221;off&#8221;]<\/p>\n<p>L&#8217;intervention est g\u00e9n\u00e9ralement r\u00e9alis\u00e9e sous anesth\u00e9sie g\u00e9n\u00e9rale ou sous anesth\u00e9sie locale avec s\u00e9dation. Elle dure environ une heure.<\/p>\n<p>[\/et_pb_accordion_item][et_pb_accordion_item title=&#8221;Combien co\u00fbte l&#8217;op\u00e9ration ?&#8221; _builder_version=&#8221;4.19.5&#8243; _module_preset=&#8221;default&#8221; global_colors_info=&#8221;{}&#8221; open=&#8221;off&#8221;]<\/p>\n<p>Le co\u00fbt final d\u00e9pend de vos besoins de correction. Cette chirurgie d\u00e9bute g\u00e9n\u00e9ralement \u00e0 6 400 $. Toutefois, des frais suppl\u00e9mentaires peuvent s&#8217;appliquer si le patient pr\u00e9sente une condition particuli\u00e8re ou si diff\u00e9rentes chirurgies sont combin\u00e9es.<\/p>\n<p>[\/et_pb_accordion_item][\/et_pb_accordion][\/et_pb_column][et_pb_column type=&#8221;1_3&#8243; _builder_version=&#8221;4.17.4&#8243; _module_preset=&#8221;default&#8221; global_colors_info=&#8221;{}&#8221;][et_pb_sidebar area=&#8221;et_pb_widget_area_1&#8243; _builder_version=&#8221;4.17.4&#8243; _module_preset=&#8221;default&#8221; global_colors_info=&#8221;{}&#8221;][\/et_pb_sidebar][\/et_pb_column][\/et_pb_row][\/et_pb_section]<\/p>\n","protected":false},"excerpt":{"rendered":"<p>Implants du menton<div class=\"et_pb_module lwp_divi_breadcrumbs lwp_divi_breadcrumbs_0\">\n\t\t\t\t\n\t\t\t\t\n\t\t\t\t\n\t\t\t\t\n\t\t\t\t\n\t\t\t\t\n\t\t\t\t<div class=\"et_pb_module_inner\">\n\t\t\t\t\t<div class=\"lwp-breadcrumbs\"> <span class=\"before\"><\/span> <span><span property=\"itemListElement\" typeof=\"ListItem\"><a property=\"item\" typeof=\"WebPage\" href=\"https:\/\/drtzadeh.com\/fr\/\" class=\"home\"><span property=\"name\">Accueil<\/span><\/a><meta property=\"position\" content=\"1\"><\/span> <span class=\"separator et-pb-icon\">&#x35;<\/span> <\/span><\/div>\n\t\t\t\t<\/div>\n\t\t\t<\/div>R\u00e9sum\u00e9Pour de nombreuses personnes, un simple changement de la forme et de la protrusion de la m\u00e2choire peut faire une \u00e9norme diff\u00e9rence dans l&#8217;apparence g\u00e9n\u00e9rale du visage. Les patients ont recours \u00e0 la chirurgie des implants mentonniers avec le Dr [&hellip;]<\/p>\n","protected":false},"author":5,"featured_media":0,"parent":5066,"menu_order":0,"comment_status":"closed","ping_status":"closed","template":"","meta":{"_et_pb_use_builder":"on","_et_pb_old_content":"","_et_gb_content_width":"","footnotes":""},"class_list":["post-5133","page","type-page","status-publish","hentry"],"yoast_head":"<!-- This site is optimized with the Yoast SEO plugin v25.7 - https:\/\/yoast.com\/wordpress\/plugins\/seo\/ -->\n<title>Implants du menton - Dr. Teanoosh Zadeh - Clinique T Montreal<\/title>\n<meta name=\"robots\" content=\"index, follow, max-snippet:-1, max-image-preview:large, max-video-preview:-1\" \/>\n<link rel=\"canonical\" href=\"https:\/\/drtzadeh.com\/fr\/chirurgie-et-traitements-esthetiques\/implants-du-menton\/\" \/>\n<meta property=\"og:locale\" content=\"fr_FR\" \/>\n<meta property=\"og:type\" content=\"article\" \/>\n<meta property=\"og:title\" content=\"Implants du menton - Dr. Teanoosh Zadeh - Clinique T Montreal\" \/>\n<meta property=\"og:description\" content=\"Implants du mentonR\u00e9sum\u00e9Pour de nombreuses personnes, un simple changement de la forme et de la protrusion de la m\u00e2choire peut faire une \u00e9norme diff\u00e9rence dans l&#039;apparence g\u00e9n\u00e9rale du visage. Les patients ont recours \u00e0 la chirurgie des implants mentonniers avec le Dr [&hellip;]\" \/>\n<meta property=\"og:url\" content=\"https:\/\/drtzadeh.com\/fr\/chirurgie-et-traitements-esthetiques\/implants-du-menton\/\" \/>\n<meta property=\"og:site_name\" content=\"Dr. Teanoosh Zadeh - Clinique T\" \/>\n<meta property=\"article:publisher\" content=\"https:\/\/www.facebook.com\/drteanooshzadehMD\" \/>\n<meta property=\"article:modified_time\" content=\"2026-03-06T19:22:47+00:00\" \/>\n<meta property=\"og:image\" content=\"https:\/\/drtzadeh.com\/wp-content\/uploads\/2023\/01\/WhatsApp-Image-2023-01-26-at-3.56.03-PM-1-300x153.jpeg\" \/>\n<meta name=\"twitter:label1\" content=\"Dur\u00e9e de lecture estim\u00e9e\" \/>\n\t<meta name=\"twitter:data1\" content=\"5 minutes\" \/>\n<!-- \/ Yoast SEO plugin. -->","yoast_head_json":{"title":"Implants du menton - Dr. Teanoosh Zadeh - Clinique T Montreal","robots":{"index":"index","follow":"follow","max-snippet":"max-snippet:-1","max-image-preview":"max-image-preview:large","max-video-preview":"max-video-preview:-1"},"canonical":"https:\/\/drtzadeh.com\/fr\/chirurgie-et-traitements-esthetiques\/implants-du-menton\/","og_locale":"fr_FR","og_type":"article","og_title":"Implants du menton - Dr. Teanoosh Zadeh - Clinique T Montreal","og_description":"Implants du mentonR\u00e9sum\u00e9Pour de nombreuses personnes, un simple changement de la forme et de la protrusion de la m\u00e2choire peut faire une \u00e9norme diff\u00e9rence dans l'apparence g\u00e9n\u00e9rale du visage. Les patients ont recours \u00e0 la chirurgie des implants mentonniers avec le Dr [&hellip;]","og_url":"https:\/\/drtzadeh.com\/fr\/chirurgie-et-traitements-esthetiques\/implants-du-menton\/","og_site_name":"Dr. Teanoosh Zadeh - Clinique T","article_publisher":"https:\/\/www.facebook.com\/drteanooshzadehMD","article_modified_time":"2026-03-06T19:22:47+00:00","og_image":[{"url":"https:\/\/drtzadeh.com\/wp-content\/uploads\/2023\/01\/WhatsApp-Image-2023-01-26-at-3.56.03-PM-1-300x153.jpeg","type":"","width":"","height":""}],"twitter_misc":{"Dur\u00e9e de lecture estim\u00e9e":"5 minutes"},"schema":{"@context":"https:\/\/schema.org","@graph":[{"@type":"WebPage","@id":"https:\/\/drtzadeh.com\/fr\/chirurgie-et-traitements-esthetiques\/implants-du-menton\/","url":"https:\/\/drtzadeh.com\/fr\/chirurgie-et-traitements-esthetiques\/implants-du-menton\/","name":"Implants du menton - Dr. Teanoosh Zadeh - Clinique T Montreal","isPartOf":{"@id":"https:\/\/drtzadeh.com\/#website"},"primaryImageOfPage":{"@id":"https:\/\/drtzadeh.com\/fr\/chirurgie-et-traitements-esthetiques\/implants-du-menton\/#primaryimage"},"image":{"@id":"https:\/\/drtzadeh.com\/fr\/chirurgie-et-traitements-esthetiques\/implants-du-menton\/#primaryimage"},"thumbnailUrl":"https:\/\/drtzadeh.com\/wp-content\/uploads\/2023\/01\/WhatsApp-Image-2023-01-26-at-3.56.03-PM-1-300x153.jpeg","datePublished":"2022-10-25T10:15:28+00:00","dateModified":"2026-03-06T19:22:47+00:00","breadcrumb":{"@id":"https:\/\/drtzadeh.com\/fr\/chirurgie-et-traitements-esthetiques\/implants-du-menton\/#breadcrumb"},"inLanguage":"fr-FR","potentialAction":[{"@type":"ReadAction","target":["https:\/\/drtzadeh.com\/fr\/chirurgie-et-traitements-esthetiques\/implants-du-menton\/"]}]},{"@type":"ImageObject","inLanguage":"fr-FR","@id":"https:\/\/drtzadeh.com\/fr\/chirurgie-et-traitements-esthetiques\/implants-du-menton\/#primaryimage","url":"https:\/\/drtzadeh.com\/wp-content\/uploads\/2023\/01\/WhatsApp-Image-2023-01-26-at-3.56.03-PM-1-300x153.jpeg","contentUrl":"https:\/\/drtzadeh.com\/wp-content\/uploads\/2023\/01\/WhatsApp-Image-2023-01-26-at-3.56.03-PM-1-300x153.jpeg"},{"@type":"BreadcrumbList","@id":"https:\/\/drtzadeh.com\/fr\/chirurgie-et-traitements-esthetiques\/implants-du-menton\/#breadcrumb","itemListElement":[{"@type":"ListItem","position":1,"name":"Home","item":"https:\/\/drtzadeh.com\/"},{"@type":"ListItem","position":2,"name":"Chirurgie et Traitements Esth\u00e9tiques","item":"https:\/\/drtzadeh.com\/fr\/chirurgie-et-traitements-esthetiques\/"},{"@type":"ListItem","position":3,"name":"Implants du menton"}]},{"@type":"WebSite","@id":"https:\/\/drtzadeh.com\/#website","url":"https:\/\/drtzadeh.com\/","name":"Dr. Teanoosh Zadeh - Clinique T","description":"Experienced &amp; Certified Montreal Plastic Surgeon","publisher":{"@id":"https:\/\/drtzadeh.com\/#organization"},"potentialAction":[{"@type":"SearchAction","target":{"@type":"EntryPoint","urlTemplate":"https:\/\/drtzadeh.com\/?s={search_term_string}"},"query-input":{"@type":"PropertyValueSpecification","valueRequired":true,"valueName":"search_term_string"}}],"inLanguage":"fr-FR"},{"@type":"Organization","@id":"https:\/\/drtzadeh.com\/#organization","name":"Dr. Teanoosh Zadeh - Clinique T","url":"https:\/\/drtzadeh.com\/","logo":{"@type":"ImageObject","inLanguage":"fr-FR","@id":"https:\/\/drtzadeh.com\/#\/schema\/logo\/image\/","url":"https:\/\/drtzadeh.com\/wp-content\/uploads\/2023\/01\/CLINIQUE-T-Logo.png","contentUrl":"https:\/\/drtzadeh.com\/wp-content\/uploads\/2023\/01\/CLINIQUE-T-Logo.png","width":270,"height":77,"caption":"Dr. Teanoosh Zadeh - Clinique T"},"image":{"@id":"https:\/\/drtzadeh.com\/#\/schema\/logo\/image\/"},"sameAs":["https:\/\/www.facebook.com\/drteanooshzadehMD","http:\/\/www.instagram.com\/drzadehteanoosh\/"]}]}},"_links":{"self":[{"href":"https:\/\/drtzadeh.com\/fr\/wp-json\/wp\/v2\/pages\/5133","targetHints":{"allow":["GET"]}}],"collection":[{"href":"https:\/\/drtzadeh.com\/fr\/wp-json\/wp\/v2\/pages"}],"about":[{"href":"https:\/\/drtzadeh.com\/fr\/wp-json\/wp\/v2\/types\/page"}],"author":[{"embeddable":true,"href":"https:\/\/drtzadeh.com\/fr\/wp-json\/wp\/v2\/users\/5"}],"replies":[{"embeddable":true,"href":"https:\/\/drtzadeh.com\/fr\/wp-json\/wp\/v2\/comments?post=5133"}],"version-history":[{"count":3,"href":"https:\/\/drtzadeh.com\/fr\/wp-json\/wp\/v2\/pages\/5133\/revisions"}],"predecessor-version":[{"id":7054,"href":"https:\/\/drtzadeh.com\/fr\/wp-json\/wp\/v2\/pages\/5133\/revisions\/7054"}],"up":[{"embeddable":true,"href":"https:\/\/drtzadeh.com\/fr\/wp-json\/wp\/v2\/pages\/5066"}],"wp:attachment":[{"href":"https:\/\/drtzadeh.com\/fr\/wp-json\/wp\/v2\/media?parent=5133"}],"curies":[{"name":"wp","href":"https:\/\/api.w.org\/{rel}","templated":true}]}}