{"id":5137,"date":"2022-10-25T09:26:13","date_gmt":"2022-10-25T09:26:13","guid":{"rendered":"https:\/\/drtzadeh.com\/chirurgie-et-traitements-esthetiques\/face-lift\/"},"modified":"2026-03-06T19:22:11","modified_gmt":"2026-03-06T19:22:11","slug":"lifting-du-visage","status":"publish","type":"page","link":"https:\/\/drtzadeh.com\/fr\/chirurgie-et-traitements-esthetiques\/lifting-du-visage\/","title":{"rendered":"Lifting du visage"},"content":{"rendered":"<p>[et_pb_section fb_built=&#8221;1&#8243; _builder_version=&#8221;4.17.4&#8243; _module_preset=&#8221;default&#8221; background_color=&#8221;gcid-d72333c4-2dcd-44de-8826-8dfc2c15db04&#8243; global_colors_info=&#8221;{%22gcid-d72333c4-2dcd-44de-8826-8dfc2c15db04%22:%91%22background_color%22%93}&#8221;][et_pb_row _builder_version=&#8221;4.17.4&#8243; _module_preset=&#8221;default&#8221; global_colors_info=&#8221;{}&#8221;][et_pb_column type=&#8221;4_4&#8243; _builder_version=&#8221;4.17.4&#8243; _module_preset=&#8221;default&#8221; global_colors_info=&#8221;{}&#8221;][et_pb_text module_class=&#8221;hero-sec-heading&#8221; _builder_version=&#8221;4.19.5&#8243; _module_preset=&#8221;default&#8221; header_font_size=&#8221;40px&#8221; custom_margin=&#8221;||0px||false|false&#8221; header_text_align_tablet=&#8221;&#8221; header_text_align_phone=&#8221;center&#8221; header_text_align_last_edited=&#8221;on|phone&#8221; header_font_size_tablet=&#8221;40px&#8221; header_font_size_phone=&#8221;34px&#8221; header_font_size_last_edited=&#8221;on|phone&#8221; global_colors_info=&#8221;{}&#8221;]<\/p>\n<h1>Lifting du visage<\/h1>\n<p>[\/et_pb_text][lwp_divi_breadcrumbs link_color=&#8221;gcid-5f7becaa-db42-4a27-923f-406088f8cb05&#8243; _builder_version=&#8221;4.27.4&#8243; _module_preset=&#8221;default&#8221; hover_enabled=&#8221;0&#8243; module_text_align_tablet=&#8221;&#8221; module_text_align_phone=&#8221;center&#8221; module_text_align_last_edited=&#8221;on|phone&#8221; module_font_size_tablet=&#8221;&#8221; module_font_size_phone=&#8221;16px&#8221; module_font_size_last_edited=&#8221;on|phone&#8221; global_colors_info=&#8221;{%22gcid-5f7becaa-db42-4a27-923f-406088f8cb05%22:%91%22link_color%22%93}&#8221; font_icon=&#8221;&#x35;||divi||400&#8243; sticky_enabled=&#8221;0&#8243;][\/lwp_divi_breadcrumbs][\/et_pb_column][\/et_pb_row][\/et_pb_section][et_pb_section fb_built=&#8221;1&#8243; _builder_version=&#8221;4.17.4&#8243; _module_preset=&#8221;default&#8221; width=&#8221;100%&#8221; custom_padding=&#8221;|19px||||&#8221; global_colors_info=&#8221;{}&#8221;][et_pb_row column_structure=&#8221;2_3,1_3&#8243; _builder_version=&#8221;4.17.4&#8243; _module_preset=&#8221;default&#8221; global_colors_info=&#8221;{}&#8221;][et_pb_column type=&#8221;2_3&#8243; _builder_version=&#8221;4.17.4&#8243; _module_preset=&#8221;default&#8221; global_colors_info=&#8221;{}&#8221;][et_pb_text disabled_on=&#8221;on|on|on&#8221; _builder_version=&#8221;4.17.4&#8243; _module_preset=&#8221;default&#8221; disabled=&#8221;on&#8221; locked=&#8221;off&#8221; global_colors_info=&#8221;{}&#8221;]<\/p>\n<h2>r\u00e9sum\u00e9<\/h2>\n<p>[\/et_pb_text][et_pb_divider color=&#8221;#444444&#8243; divider_weight=&#8221;2px&#8221; disabled_on=&#8221;on|on|on&#8221; _builder_version=&#8221;4.17.4&#8243; _module_preset=&#8221;default&#8221; width=&#8221;100px&#8221; module_alignment=&#8221;left&#8221; custom_margin=&#8221;||15px||false|false&#8221; disabled=&#8221;on&#8221; locked=&#8221;off&#8221; global_colors_info=&#8221;{}&#8221;][\/et_pb_divider][et_pb_text module_class=&#8221;service-txt&#8221; _builder_version=&#8221;4.19.5&#8243; _module_preset=&#8221;default&#8221; text_orientation_tablet=&#8221;&#8221; text_orientation_phone=&#8221;center&#8221; text_orientation_last_edited=&#8221;on|phone&#8221; global_colors_info=&#8221;{}&#8221;]<\/p>\n<p>Les proc\u00e9dures de rajeunissement du visage peuvent \u00eatre divis\u00e9es en deux grandes cat\u00e9gories : les traitements non chirurgicaux tels que les injections de prot\u00e9ines botuliques et d&#8217;acide hyaluronique, et les traitements de la peau tels que le microneedling\/la radiofr\u00e9quence ; et les traitements chirurgicaux tels que le lifting.<\/p>\n<p>Notre apparence change continuellement au fil du temps en raison d&#8217;un certain nombre de facteurs. Le vieillissement et l&#8217;exposition au soleil entra\u00eenent l&#8217;apparition de lignes dans la peau, commun\u00e9ment appel\u00e9es rides. Caract\u00e9ris\u00e9e par une perte de volume des tissus mous et une diminution du tonus musculaire, la peau des paupi\u00e8res, du visage, du menton et du cou s&#8217;affaisse et perd sa forme.<\/p>\n<p>Dans le cas d&#8217;un lifting, les tissus profonds sont soulev\u00e9s et resserr\u00e9s. L&#8217;exc\u00e8s de peau et de tissus graisseux est retir\u00e9 du visage et du cou, ce qui leur donne une apparence plus jeune. Il en r\u00e9sulte une peau plus tendue, lift\u00e9e et lisse sur le visage et le cou. Les avantages sont consid\u00e9rables. Les patients qui envisagent un lifting du visage et du cou souhaitent retrouver une apparence plus jeune. Ils d\u00e9crivent souvent leur visage comme &#8220;fatigu\u00e9&#8221;, alors que cela ne refl\u00e8te pas leur niveau d&#8217;\u00e9nergie r\u00e9el ni leur jeunesse.<br \/>de leur jeunesse.<\/p>\n<p>Cette proc\u00e9dure peut \u00eatre combin\u00e9e avec un lifting du cou, un lifting des sourcils, une bl\u00e9pharoplastie (proc\u00e9dure de lifting des paupi\u00e8res), des injections de graisse, etc. afin de rajeunir l&#8217;ensemble du visage en une seule fois.<\/p>\n<p>[\/et_pb_text][et_pb_image src=&#8221;http:\/\/drtzadeh.com\/wp-content\/uploads\/2026\/02\/Facelift-Before-After-1-french.jpg&#8221; title_text=&#8221;Facelift-Before-After-1-french&#8221; align_tablet=&#8221;&#8221; align_phone=&#8221;center&#8221; align_last_edited=&#8221;on|phone&#8221; _builder_version=&#8221;4.27.4&#8243; _module_preset=&#8221;default&#8221; max_width=&#8221;75%&#8221; max_width_tablet=&#8221;&#8221; max_width_phone=&#8221;&#8221; max_width_last_edited=&#8221;on|desktop&#8221; module_alignment=&#8221;left&#8221; global_colors_info=&#8221;{}&#8221;][\/et_pb_image][et_pb_image src=&#8221;http:\/\/drtzadeh.com\/wp-content\/uploads\/2026\/02\/Facelift-Before-After-2-french.jpg&#8221; title_text=&#8221;Facelift-Before-After-2-french&#8221; align_tablet=&#8221;&#8221; align_phone=&#8221;center&#8221; align_last_edited=&#8221;on|phone&#8221; _builder_version=&#8221;4.27.4&#8243; _module_preset=&#8221;default&#8221; max_width=&#8221;75%&#8221; max_width_tablet=&#8221;&#8221; max_width_phone=&#8221;&#8221; max_width_last_edited=&#8221;on|desktop&#8221; module_alignment=&#8221;left&#8221; global_colors_info=&#8221;{}&#8221;][\/et_pb_image][et_pb_image src=&#8221;https:\/\/drtzadeh.com\/wp-content\/uploads\/2023\/01\/5cfa8793-994b-4637-900b-603e70b78935.jpeg&#8221; title_text=&#8221;5cfa8793-994b-4637-900b-603e70b78935&#8243; align_tablet=&#8221;&#8221; align_phone=&#8221;center&#8221; align_last_edited=&#8221;on|phone&#8221; _builder_version=&#8221;4.27.4&#8243; _module_preset=&#8221;default&#8221; max_width=&#8221;75%&#8221; max_width_tablet=&#8221;&#8221; max_width_phone=&#8221;&#8221; max_width_last_edited=&#8221;on|desktop&#8221; module_alignment=&#8221;left&#8221; global_colors_info=&#8221;{}&#8221;][\/et_pb_image][et_pb_image src=&#8221;https:\/\/drtzadeh.com\/wp-content\/uploads\/2023\/08\/Facelift.png&#8221; title_text=&#8221;Facelift&#8221; _builder_version=&#8221;4.27.4&#8243; _module_preset=&#8221;default&#8221; width=&#8221;65.2%&#8221; global_colors_info=&#8221;{}&#8221;][\/et_pb_image][et_pb_image src=&#8221;https:\/\/drtzadeh.com\/wp-content\/uploads\/2023\/01\/74100b18-2024-4e28-98a3-0c067dfa3050.jpeg&#8221; title_text=&#8221;74100b18-2024-4e28-98a3-0c067dfa3050&#8243; align_tablet=&#8221;&#8221; align_phone=&#8221;center&#8221; align_last_edited=&#8221;on|phone&#8221; _builder_version=&#8221;4.27.4&#8243; _module_preset=&#8221;default&#8221; max_width=&#8221;75%&#8221; max_width_tablet=&#8221;&#8221; max_width_phone=&#8221;&#8221; max_width_last_edited=&#8221;on|desktop&#8221; module_alignment=&#8221;left&#8221; global_colors_info=&#8221;{}&#8221;][\/et_pb_image][et_pb_text admin_label=&#8221;Frequently Asked Questions&#8221; _builder_version=&#8221;4.19.5&#8243; _module_preset=&#8221;default&#8221; header_2_text_align_tablet=&#8221;&#8221; header_2_text_align_phone=&#8221;center&#8221; header_2_text_align_last_edited=&#8221;on|phone&#8221; header_2_line_height_tablet=&#8221;&#8221; header_2_line_height_phone=&#8221;1.3em&#8221; header_2_line_height_last_edited=&#8221;on|phone&#8221; locked=&#8221;off&#8221; global_colors_info=&#8221;{}&#8221;]<\/p>\n<h2>Questions fr\u00e9quemment pos\u00e9es<\/h2>\n<p>[\/et_pb_text][et_pb_divider color=&#8221;#444444&#8243; divider_weight=&#8221;2px&#8221; _builder_version=&#8221;4.17.4&#8243; _module_preset=&#8221;default&#8221; width=&#8221;100px&#8221; module_alignment=&#8221;left&#8221; custom_margin=&#8221;||15px||false|false&#8221; module_alignment_tablet=&#8221;left&#8221; module_alignment_phone=&#8221;center&#8221; module_alignment_last_edited=&#8221;on|phone&#8221; locked=&#8221;off&#8221; global_colors_info=&#8221;{}&#8221;][\/et_pb_divider][et_pb_accordion open_toggle_text_color=&#8221;#333333&#8243; open_toggle_background_color=&#8221;#FFFFFF&#8221; closed_toggle_background_color=&#8221;#faf9f6&#8243; icon_color=&#8221;gcid-d72333c4-2dcd-44de-8826-8dfc2c15db04&#8243; module_id=&#8221;myfaq&#8221; module_class=&#8221;faq-list&#8221; _builder_version=&#8221;4.27.0&#8243; _module_preset=&#8221;default&#8221; toggle_font=&#8221;|700|||||||&#8221; global_colors_info=&#8221;{%22gcid-d72333c4-2dcd-44de-8826-8dfc2c15db04%22:%91%22icon_color%22%93}&#8221;][et_pb_accordion_item title=&#8221;Quelle est la dur\u00e9e de la p\u00e9riode de r\u00e9cup\u00e9ration ? Y a-t-il des restrictions en termes d&#8217;activit\u00e9s ?&#8221; open=&#8221;on&#8221; _builder_version=&#8221;4.19.5&#8243; _module_preset=&#8221;default&#8221; global_colors_info=&#8221;{}&#8221;]<\/p>\n<p>Vous devez \u00e9viter tout exercice physique intense pendant les deux ou trois premi\u00e8res semaines suivant votre op\u00e9ration afin de permettre \u00e0 votre corps de gu\u00e9rir confortablement. Vous pourrez reprendre vos activit\u00e9s physiques normales quatre \u00e0 six semaines apr\u00e8s l&#8217;op\u00e9ration. Il est important que vous \u00e9coutiez votre corps. Il vous dira si vous \u00eates pr\u00eat \u00e0 faire de l&#8217;exercice et quelle quantit\u00e9 d&#8217;exercice vous pouvez supporter. Une douleur ou une g\u00eane lors de l&#8217;exercice est un signe que votre corps n&#8217;est pas tout \u00e0 fait gu\u00e9ri et qu&#8217;il serait pr\u00e9f\u00e9rable d&#8217;attendre quelques semaines avant de r\u00e9essayer.<\/p>\n<p><img loading=\"lazy\" decoding=\"async\" class=\"wp-image-2531 alignnone size-full\" style=\"display: block; margin-left: auto; margin-right: auto;\" src=\"https:\/\/drtzadeh.com\/wp-content\/uploads\/2022\/10\/image-023.png\" alt=\"\" width=\"566\" height=\"318\" srcset=\"https:\/\/drtzadeh.com\/wp-content\/uploads\/2022\/10\/image-023.png 566w, https:\/\/drtzadeh.com\/wp-content\/uploads\/2022\/10\/image-023-480x270.png 480w\" sizes=\"(min-width: 0px) and (max-width: 480px) 480px, (min-width: 481px) 566px, 100vw\" \/><\/p>\n<p>De plus, il est important d&#8217;\u00e9viter une exposition prolong\u00e9e au soleil pour permettre une cicatrisation optimale de vos cicatrices. Il est recommand\u00e9 d&#8217;appliquer une cr\u00e8me solaire avec un FPS minimum de 50 lorsque vous sortez \u00e0 l&#8217;ext\u00e9rieur, quelles que soient les conditions m\u00e9t\u00e9orologiques, afin de prot\u00e9ger votre visage.<\/p>\n<p>[\/et_pb_accordion_item][et_pb_accordion_item title=&#8221;Lifting Plan Profond  (Deep Plane) vs. Lifting Traditionnel&#8221; _builder_version=&#8221;4.24.2&#8243; _module_preset=&#8221;default&#8221; global_colors_info=&#8221;{}&#8221; open=&#8221;off&#8221;]<\/p>\n<p>Un lifting profond lib\u00e8re et soul\u00e8ve les tissus conjonctifs profonds du visage dans les plis de la bouche et les bajoues.<\/p>\n<p>Le lifting profond commence \u00e0 l&#8217;arri\u00e8re de la m\u00e2choire et remonte jusqu&#8217;au coin de l&#8217;\u0153il, l\u00e0 o\u00f9 les tissus mous commencent \u00e0 tomber.<\/p>\n<p>Une fois que les tissus conjonctifs profonds sont lib\u00e9r\u00e9s, ils sont ancr\u00e9s et remis en suspension pour cr\u00e9er une am\u00e9lioration naturelle mais spectaculaire de l&#8217;apparence. Un lifting en profondeur vous donnera un r\u00e9sultat plus naturel et plus durable qu&#8217;un lifting traditionnel.<\/p>\n<p>[\/et_pb_accordion_item][et_pb_accordion_item title=&#8221;Qui est un bon candidat pour un lifting du visage ?&#8221; _builder_version=&#8221;4.19.5&#8243; _module_preset=&#8221;default&#8221; global_colors_info=&#8221;{}&#8221; open=&#8221;off&#8221;]<\/p>\n<p>Le patient id\u00e9al pour cette intervention est en bonne sant\u00e9 g\u00e9n\u00e9rale, en bonne forme physique et a un poids id\u00e9al (ou a atteint un poids stable apr\u00e8s une perte de poids significative).<\/p>\n<p>Cette intervention peut ne pas vous convenir si vous avez des probl\u00e8mes de sant\u00e9 complexes pour lesquels vous \u00eates actuellement trait\u00e9. Si vous \u00eates en surpoids important, il est recommand\u00e9 de perdre un peu de poids avant l&#8217;intervention afin de garantir le r\u00e9sultat le plus esth\u00e9tique et de diminuer le risque de complications. En outre, cette intervention n&#8217;est pas pratiqu\u00e9e sur des patients qui ne sont pas psychologiquement pr\u00e9par\u00e9s \u00e0 la chirurgie.<\/p>\n<p>[\/et_pb_accordion_item][et_pb_accordion_item title=&#8221;Serai-je sous anesth\u00e9sie pendant l&#8217;op\u00e9ration ?&#8221; _builder_version=&#8221;4.19.5&#8243; _module_preset=&#8221;default&#8221; global_colors_info=&#8221;{}&#8221; open=&#8221;off&#8221;]<\/p>\n<p>Cette op\u00e9ration peut \u00eatre r\u00e9alis\u00e9e sous anesth\u00e9sie g\u00e9n\u00e9rale, c&#8217;est-\u00e0-dire que vous serez compl\u00e8tement endormi pendant toute la dur\u00e9e de l&#8217;intervention. En d&#8217;autres termes, vous serez parfaitement inconscient tout au long de l&#8217;op\u00e9ration.<\/p>\n<p>Vous pouvez \u00e9galement \u00eatre op\u00e9r\u00e9 sous anesth\u00e9sie locale avec s\u00e9dation consciente. Votre visage sera anesth\u00e9si\u00e9 (gel\u00e9) au moyen d&#8217;injections (comme chez le dentiste) et vous recevrez un m\u00e9dicament par voie intraveineuse qui vous rendra somnolent et dissoci\u00e9 des \u00e9v\u00e9nements pendant toute la dur\u00e9e de l&#8217;intervention.<\/p>\n<p>[\/et_pb_accordion_item][et_pb_accordion_item title=&#8221;Comment puis-je contr\u00f4ler la douleur \u00e0 la maison ?&#8221; _builder_version=&#8221;4.19.5&#8243; _module_preset=&#8221;default&#8221; global_colors_info=&#8221;{}&#8221; open=&#8221;off&#8221;]<\/p>\n<p>Avant l&#8217;op\u00e9ration, le Dr Zadeh vous r\u00e9digera une ordonnance pour des m\u00e9dicaments contre la douleur. Ainsi, les m\u00e9dicaments seront \u00e0 votre disposition lorsque vous rentrerez chez vous apr\u00e8s l&#8217;op\u00e9ration.<\/p>\n<p>Remarque : Assurez-vous que le Dr Zadeh conna\u00eet les m\u00e9dicaments antidouleur qui vous ont caus\u00e9 des probl\u00e8mes dans le pass\u00e9.<\/p>\n<p>[\/et_pb_accordion_item][et_pb_accordion_item title=&#8221;Quel est le co\u00fbt d&#8217;un Lifting Plan Profond du Visage  (Deep Plane Facelift) ?&#8221; _builder_version=&#8221;4.27.0&#8243; _module_preset=&#8221;default&#8221; global_colors_info=&#8221;{}&#8221; open=&#8221;off&#8221;]<\/p>\n<p>En g\u00e9n\u00e9ral, le prix d&#8217;un lifting du visage commence \u00e0 13,000$. Toutefois, des frais suppl\u00e9mentaires peuvent s&#8217;appliquer si le patient pr\u00e9sente une pathologie particuli\u00e8re ou si diff\u00e9rentes interventions chirurgicales sont combin\u00e9es (ex: le cou) . Le co\u00fbt final de vos traitements sera calcul\u00e9 sur une base individuelle en fonction de vos besoins.<\/p>\n<p>[\/et_pb_accordion_item][\/et_pb_accordion][\/et_pb_column][et_pb_column type=&#8221;1_3&#8243; _builder_version=&#8221;4.17.4&#8243; _module_preset=&#8221;default&#8221; global_colors_info=&#8221;{}&#8221;][et_pb_sidebar area=&#8221;et_pb_widget_area_1&#8243; _builder_version=&#8221;4.17.4&#8243; _module_preset=&#8221;default&#8221; global_colors_info=&#8221;{}&#8221;][\/et_pb_sidebar][\/et_pb_column][\/et_pb_row][\/et_pb_section]<\/p>\n","protected":false},"excerpt":{"rendered":"<p>Lifting du visage<div class=\"et_pb_module lwp_divi_breadcrumbs lwp_divi_breadcrumbs_0\">\n\t\t\t\t\n\t\t\t\t\n\t\t\t\t\n\t\t\t\t\n\t\t\t\t\n\t\t\t\t\n\t\t\t\t<div class=\"et_pb_module_inner\">\n\t\t\t\t\t<div class=\"lwp-breadcrumbs\"> <span class=\"before\"><\/span> <span><span property=\"itemListElement\" typeof=\"ListItem\"><a property=\"item\" typeof=\"WebPage\" href=\"https:\/\/drtzadeh.com\/fr\/\" class=\"home\"><span property=\"name\">Accueil<\/span><\/a><meta property=\"position\" content=\"1\"><\/span> <span class=\"separator et-pb-icon\">&#x35;<\/span> <\/span><\/div>\n\t\t\t\t<\/div>\n\t\t\t<\/div>r\u00e9sum\u00e9Les proc\u00e9dures de rajeunissement du visage peuvent \u00eatre divis\u00e9es en deux grandes cat\u00e9gories : les traitements non chirurgicaux tels que les injections de prot\u00e9ines botuliques et d&#8217;acide hyaluronique, et les traitements de la peau tels que le microneedling\/la radiofr\u00e9quence ; [&hellip;]<\/p>\n","protected":false},"author":5,"featured_media":0,"parent":5066,"menu_order":0,"comment_status":"closed","ping_status":"closed","template":"","meta":{"_et_pb_use_builder":"on","_et_pb_old_content":"","_et_gb_content_width":"","footnotes":""},"class_list":["post-5137","page","type-page","status-publish","hentry"],"yoast_head":"<!-- This site is optimized with the Yoast SEO plugin v25.7 - https:\/\/yoast.com\/wordpress\/plugins\/seo\/ -->\n<title>Lifting du visage - Dr. Teanoosh Zadeh - Clinique T Montreal<\/title>\n<meta name=\"robots\" content=\"index, follow, max-snippet:-1, max-image-preview:large, max-video-preview:-1\" \/>\n<link rel=\"canonical\" href=\"https:\/\/drtzadeh.com\/fr\/chirurgie-et-traitements-esthetiques\/lifting-du-visage\/\" \/>\n<meta property=\"og:locale\" content=\"fr_FR\" \/>\n<meta property=\"og:type\" content=\"article\" \/>\n<meta property=\"og:title\" content=\"Lifting du visage - Dr. Teanoosh Zadeh - Clinique T Montreal\" \/>\n<meta property=\"og:description\" content=\"Lifting du visager\u00e9sum\u00e9Les proc\u00e9dures de rajeunissement du visage peuvent \u00eatre divis\u00e9es en deux grandes cat\u00e9gories : les traitements non chirurgicaux tels que les injections de prot\u00e9ines botuliques et d&#039;acide hyaluronique, et les traitements de la peau tels que le microneedling\/la radiofr\u00e9quence ; [&hellip;]\" \/>\n<meta property=\"og:url\" content=\"https:\/\/drtzadeh.com\/fr\/chirurgie-et-traitements-esthetiques\/lifting-du-visage\/\" \/>\n<meta property=\"og:site_name\" content=\"Dr. Teanoosh Zadeh - Clinique T\" \/>\n<meta property=\"article:publisher\" content=\"https:\/\/www.facebook.com\/drteanooshzadehMD\" \/>\n<meta property=\"article:modified_time\" content=\"2026-03-06T19:22:11+00:00\" \/>\n<meta property=\"og:image\" content=\"https:\/\/drtzadeh.com\/wp-content\/uploads\/2022\/10\/image-023.png\" \/>\n<meta name=\"twitter:label1\" content=\"Dur\u00e9e de lecture estim\u00e9e\" \/>\n\t<meta name=\"twitter:data1\" content=\"6 minutes\" \/>\n<!-- \/ Yoast SEO plugin. -->","yoast_head_json":{"title":"Lifting du visage - Dr. Teanoosh Zadeh - Clinique T Montreal","robots":{"index":"index","follow":"follow","max-snippet":"max-snippet:-1","max-image-preview":"max-image-preview:large","max-video-preview":"max-video-preview:-1"},"canonical":"https:\/\/drtzadeh.com\/fr\/chirurgie-et-traitements-esthetiques\/lifting-du-visage\/","og_locale":"fr_FR","og_type":"article","og_title":"Lifting du visage - Dr. Teanoosh Zadeh - Clinique T Montreal","og_description":"Lifting du visager\u00e9sum\u00e9Les proc\u00e9dures de rajeunissement du visage peuvent \u00eatre divis\u00e9es en deux grandes cat\u00e9gories : les traitements non chirurgicaux tels que les injections de prot\u00e9ines botuliques et d'acide hyaluronique, et les traitements de la peau tels que le microneedling\/la radiofr\u00e9quence ; [&hellip;]","og_url":"https:\/\/drtzadeh.com\/fr\/chirurgie-et-traitements-esthetiques\/lifting-du-visage\/","og_site_name":"Dr. Teanoosh Zadeh - Clinique T","article_publisher":"https:\/\/www.facebook.com\/drteanooshzadehMD","article_modified_time":"2026-03-06T19:22:11+00:00","og_image":[{"url":"https:\/\/drtzadeh.com\/wp-content\/uploads\/2022\/10\/image-023.png","type":"","width":"","height":""}],"twitter_misc":{"Dur\u00e9e de lecture estim\u00e9e":"6 minutes"},"schema":{"@context":"https:\/\/schema.org","@graph":[{"@type":"WebPage","@id":"https:\/\/drtzadeh.com\/fr\/chirurgie-et-traitements-esthetiques\/lifting-du-visage\/","url":"https:\/\/drtzadeh.com\/fr\/chirurgie-et-traitements-esthetiques\/lifting-du-visage\/","name":"Lifting du visage - Dr. Teanoosh Zadeh - Clinique T Montreal","isPartOf":{"@id":"https:\/\/drtzadeh.com\/#website"},"primaryImageOfPage":{"@id":"https:\/\/drtzadeh.com\/fr\/chirurgie-et-traitements-esthetiques\/lifting-du-visage\/#primaryimage"},"image":{"@id":"https:\/\/drtzadeh.com\/fr\/chirurgie-et-traitements-esthetiques\/lifting-du-visage\/#primaryimage"},"thumbnailUrl":"https:\/\/drtzadeh.com\/wp-content\/uploads\/2022\/10\/image-023.png","datePublished":"2022-10-25T09:26:13+00:00","dateModified":"2026-03-06T19:22:11+00:00","breadcrumb":{"@id":"https:\/\/drtzadeh.com\/fr\/chirurgie-et-traitements-esthetiques\/lifting-du-visage\/#breadcrumb"},"inLanguage":"fr-FR","potentialAction":[{"@type":"ReadAction","target":["https:\/\/drtzadeh.com\/fr\/chirurgie-et-traitements-esthetiques\/lifting-du-visage\/"]}]},{"@type":"ImageObject","inLanguage":"fr-FR","@id":"https:\/\/drtzadeh.com\/fr\/chirurgie-et-traitements-esthetiques\/lifting-du-visage\/#primaryimage","url":"https:\/\/drtzadeh.com\/wp-content\/uploads\/2022\/10\/image-023.png","contentUrl":"https:\/\/drtzadeh.com\/wp-content\/uploads\/2022\/10\/image-023.png"},{"@type":"BreadcrumbList","@id":"https:\/\/drtzadeh.com\/fr\/chirurgie-et-traitements-esthetiques\/lifting-du-visage\/#breadcrumb","itemListElement":[{"@type":"ListItem","position":1,"name":"Home","item":"https:\/\/drtzadeh.com\/"},{"@type":"ListItem","position":2,"name":"Chirurgie et Traitements Esth\u00e9tiques","item":"https:\/\/drtzadeh.com\/fr\/chirurgie-et-traitements-esthetiques\/"},{"@type":"ListItem","position":3,"name":"Lifting du visage"}]},{"@type":"WebSite","@id":"https:\/\/drtzadeh.com\/#website","url":"https:\/\/drtzadeh.com\/","name":"Dr. Teanoosh Zadeh - Clinique T","description":"Experienced &amp; Certified Montreal Plastic Surgeon","publisher":{"@id":"https:\/\/drtzadeh.com\/#organization"},"potentialAction":[{"@type":"SearchAction","target":{"@type":"EntryPoint","urlTemplate":"https:\/\/drtzadeh.com\/?s={search_term_string}"},"query-input":{"@type":"PropertyValueSpecification","valueRequired":true,"valueName":"search_term_string"}}],"inLanguage":"fr-FR"},{"@type":"Organization","@id":"https:\/\/drtzadeh.com\/#organization","name":"Dr. Teanoosh Zadeh - Clinique T","url":"https:\/\/drtzadeh.com\/","logo":{"@type":"ImageObject","inLanguage":"fr-FR","@id":"https:\/\/drtzadeh.com\/#\/schema\/logo\/image\/","url":"https:\/\/drtzadeh.com\/wp-content\/uploads\/2023\/01\/CLINIQUE-T-Logo.png","contentUrl":"https:\/\/drtzadeh.com\/wp-content\/uploads\/2023\/01\/CLINIQUE-T-Logo.png","width":270,"height":77,"caption":"Dr. Teanoosh Zadeh - Clinique T"},"image":{"@id":"https:\/\/drtzadeh.com\/#\/schema\/logo\/image\/"},"sameAs":["https:\/\/www.facebook.com\/drteanooshzadehMD","http:\/\/www.instagram.com\/drzadehteanoosh\/"]}]}},"_links":{"self":[{"href":"https:\/\/drtzadeh.com\/fr\/wp-json\/wp\/v2\/pages\/5137","targetHints":{"allow":["GET"]}}],"collection":[{"href":"https:\/\/drtzadeh.com\/fr\/wp-json\/wp\/v2\/pages"}],"about":[{"href":"https:\/\/drtzadeh.com\/fr\/wp-json\/wp\/v2\/types\/page"}],"author":[{"embeddable":true,"href":"https:\/\/drtzadeh.com\/fr\/wp-json\/wp\/v2\/users\/5"}],"replies":[{"embeddable":true,"href":"https:\/\/drtzadeh.com\/fr\/wp-json\/wp\/v2\/comments?post=5137"}],"version-history":[{"count":9,"href":"https:\/\/drtzadeh.com\/fr\/wp-json\/wp\/v2\/pages\/5137\/revisions"}],"predecessor-version":[{"id":7046,"href":"https:\/\/drtzadeh.com\/fr\/wp-json\/wp\/v2\/pages\/5137\/revisions\/7046"}],"up":[{"embeddable":true,"href":"https:\/\/drtzadeh.com\/fr\/wp-json\/wp\/v2\/pages\/5066"}],"wp:attachment":[{"href":"https:\/\/drtzadeh.com\/fr\/wp-json\/wp\/v2\/media?parent=5137"}],"curies":[{"name":"wp","href":"https:\/\/api.w.org\/{rel}","templated":true}]}}