{"id":5138,"date":"2022-10-20T11:30:05","date_gmt":"2022-10-20T11:30:05","guid":{"rendered":"https:\/\/drtzadeh.com\/chirurgie-et-traitements-esthetiques\/gynecomastia-2\/"},"modified":"2026-03-06T19:28:19","modified_gmt":"2026-03-06T19:28:19","slug":"gynecomastie-2","status":"publish","type":"page","link":"https:\/\/drtzadeh.com\/fr\/chirurgie-et-traitements-esthetiques\/gynecomastie-2\/","title":{"rendered":"Gyn\u00e9comastie"},"content":{"rendered":"<p>[et_pb_section fb_built=&#8221;1&#8243; _builder_version=&#8221;4.17.4&#8243; _module_preset=&#8221;default&#8221; background_color=&#8221;gcid-d72333c4-2dcd-44de-8826-8dfc2c15db04&#8243; global_colors_info=&#8221;{%22gcid-d72333c4-2dcd-44de-8826-8dfc2c15db04%22:%91%22background_color%22%93}&#8221;][et_pb_row _builder_version=&#8221;4.17.4&#8243; _module_preset=&#8221;default&#8221; global_colors_info=&#8221;{}&#8221;][et_pb_column type=&#8221;4_4&#8243; _builder_version=&#8221;4.17.4&#8243; _module_preset=&#8221;default&#8221; global_colors_info=&#8221;{}&#8221;][et_pb_text module_class=&#8221;hero-sec-heading&#8221; _builder_version=&#8221;4.19.5&#8243; _module_preset=&#8221;default&#8221; header_font_size=&#8221;40px&#8221; custom_margin=&#8221;||0px||false|false&#8221; header_text_align_tablet=&#8221;&#8221; header_text_align_phone=&#8221;center&#8221; header_text_align_last_edited=&#8221;on|phone&#8221; header_font_size_tablet=&#8221;40px&#8221; header_font_size_phone=&#8221;34px&#8221; header_font_size_last_edited=&#8221;on|phone&#8221; global_colors_info=&#8221;{}&#8221;]<\/p>\n<h1>Gyn\u00e9comastie<\/h1>\n<p>[\/et_pb_text][lwp_divi_breadcrumbs link_color=&#8221;gcid-5f7becaa-db42-4a27-923f-406088f8cb05&#8243; _builder_version=&#8221;4.27.4&#8243; _module_preset=&#8221;default&#8221; hover_enabled=&#8221;0&#8243; module_text_align_tablet=&#8221;&#8221; module_text_align_phone=&#8221;center&#8221; module_text_align_last_edited=&#8221;on|phone&#8221; module_font_size_tablet=&#8221;&#8221; module_font_size_phone=&#8221;16px&#8221; module_font_size_last_edited=&#8221;on|phone&#8221; global_colors_info=&#8221;{%22gcid-5f7becaa-db42-4a27-923f-406088f8cb05%22:%91%22link_color%22%93}&#8221; font_icon=&#8221;&#x35;||divi||400&#8243; sticky_enabled=&#8221;0&#8243;][\/lwp_divi_breadcrumbs][\/et_pb_column][\/et_pb_row][\/et_pb_section][et_pb_section fb_built=&#8221;1&#8243; _builder_version=&#8221;4.17.4&#8243; _module_preset=&#8221;default&#8221; global_colors_info=&#8221;{}&#8221;][et_pb_row column_structure=&#8221;2_3,1_3&#8243; _builder_version=&#8221;4.17.4&#8243; _module_preset=&#8221;default&#8221; global_colors_info=&#8221;{}&#8221;][et_pb_column type=&#8221;2_3&#8243; _builder_version=&#8221;4.17.4&#8243; _module_preset=&#8221;default&#8221; global_colors_info=&#8221;{}&#8221;][et_pb_text disabled_on=&#8221;on|on|on&#8221; _builder_version=&#8221;4.19.5&#8243; _module_preset=&#8221;default&#8221; disabled=&#8221;on&#8221; locked=&#8221;off&#8221; global_colors_info=&#8221;{}&#8221;]<\/p>\n<h2>R\u00e9sum\u00e9<\/h2>\n<p>[\/et_pb_text][et_pb_divider color=&#8221;#444444&#8243; divider_weight=&#8221;2px&#8221; disabled_on=&#8221;on|on|on&#8221; _builder_version=&#8221;4.16&#8243; _module_preset=&#8221;default&#8221; width=&#8221;100px&#8221; module_alignment=&#8221;left&#8221; custom_margin=&#8221;||15px||false|false&#8221; disabled=&#8221;on&#8221; locked=&#8221;off&#8221; global_colors_info=&#8221;{}&#8221;][\/et_pb_divider][et_pb_text _builder_version=&#8221;4.19.5&#8243; _module_preset=&#8221;default&#8221; text_orientation_tablet=&#8221;&#8221; text_orientation_phone=&#8221;center&#8221; text_orientation_last_edited=&#8221;on|phone&#8221; global_colors_info=&#8221;{}&#8221;]<\/p>\n<p>La chirurgie de la gyn\u00e9comastie r\u00e9duit la taille des seins chez les hommes, en aplatissant et en am\u00e9liorant les contours de la poitrine. Dans les cas graves de gyn\u00e9comastie, le poids de l&#8217;exc\u00e8s de tissu mammaire peut entra\u00eener l&#8217;affaissement des seins et l&#8217;\u00e9tirement de l&#8217;ar\u00e9ole (la peau fonc\u00e9e qui entoure le mamelon). Dans ces cas, la position et la taille de l&#8217;ar\u00e9ole peuvent \u00eatre am\u00e9lior\u00e9es chirurgicalement et l&#8217;exc\u00e8s de peau peut \u00eatre r\u00e9duit.<\/p>\n<p>[\/et_pb_text][et_pb_image src=&#8221;https:\/\/drtzadeh.com\/wp-content\/uploads\/2023\/01\/c96f1b8e-9f7e-4412-a0ec-4445a6787713.jpeg&#8221; title_text=&#8221;c96f1b8e-9f7e-4412-a0ec-4445a6787713&#8243; align_tablet=&#8221;&#8221; align_phone=&#8221;center&#8221; align_last_edited=&#8221;on|phone&#8221; admin_label=&#8221;Image&#8221; _builder_version=&#8221;4.17.4&#8243; _module_preset=&#8221;default&#8221; max_width=&#8221;75%&#8221; max_width_tablet=&#8221;&#8221; max_width_phone=&#8221;&#8221; max_width_last_edited=&#8221;on|desktop&#8221; module_alignment=&#8221;left&#8221; global_colors_info=&#8221;{}&#8221;][\/et_pb_image][et_pb_text admin_label=&#8221;Frequently Asked Questions&#8221; _builder_version=&#8221;4.19.5&#8243; _module_preset=&#8221;default&#8221; header_2_text_align_tablet=&#8221;&#8221; header_2_text_align_phone=&#8221;center&#8221; header_2_text_align_last_edited=&#8221;on|phone&#8221; header_2_line_height_tablet=&#8221;&#8221; header_2_line_height_phone=&#8221;1.4em&#8221; header_2_line_height_last_edited=&#8221;on|phone&#8221; locked=&#8221;off&#8221; global_colors_info=&#8221;{}&#8221;]<\/p>\n<h2>Questions fr\u00e9quemment pos\u00e9es<\/h2>\n<p>[\/et_pb_text][et_pb_divider color=&#8221;#444444&#8243; divider_weight=&#8221;2px&#8221; _builder_version=&#8221;4.17.4&#8243; _module_preset=&#8221;default&#8221; width=&#8221;100px&#8221; module_alignment=&#8221;left&#8221; custom_margin=&#8221;||15px||false|false&#8221; module_alignment_tablet=&#8221;left&#8221; module_alignment_phone=&#8221;center&#8221; module_alignment_last_edited=&#8221;on|phone&#8221; locked=&#8221;off&#8221; global_colors_info=&#8221;{}&#8221;][\/et_pb_divider][et_pb_accordion open_toggle_text_color=&#8221;#333333&#8243; open_toggle_background_color=&#8221;#FFFFFF&#8221; closed_toggle_background_color=&#8221;#faf9f6&#8243; icon_color=&#8221;gcid-d72333c4-2dcd-44de-8826-8dfc2c15db04&#8243; module_id=&#8221;myfaq&#8221; module_class=&#8221;faq-list&#8221; _builder_version=&#8221;4.19.5&#8243; _module_preset=&#8221;default&#8221; toggle_font=&#8221;|700|||||||&#8221; global_colors_info=&#8221;{%22gcid-d72333c4-2dcd-44de-8826-8dfc2c15db04%22:%91%22icon_color%22%93}&#8221;][et_pb_accordion_item title=&#8221;Qu&#8217;est-ce que la gyn\u00e9comastie ?&#8221; open=&#8221;on&#8221; _builder_version=&#8221;4.19.5&#8243; _module_preset=&#8221;default&#8221; global_colors_info=&#8221;{}&#8221;]<\/p>\n<p>La gyn\u00e9comastie est un \u00e9tat de surd\u00e9veloppement ou d&#8217;hypertrophie des seins chez les hommes qui peut survenir \u00e0 tout \u00e2ge. Elle peut \u00eatre le r\u00e9sultat de changements hormonaux, de l&#8217;h\u00e9r\u00e9dit\u00e9, de l&#8217;ob\u00e9sit\u00e9 ou de la prise de certains m\u00e9dicaments. La gyn\u00e9comastie peut provoquer une g\u00eane \u00e9motionnelle et alt\u00e9rer la confiance en soi. Certains hommes peuvent m\u00eame \u00e9viter certaines activit\u00e9s physiques et intimes simplement pour cacher leur \u00e9tat.<\/p>\n<p><strong>La gyn\u00e9comastie se caract\u00e9rise par :<\/strong><\/p>\n<ul>\n<li>Un exc\u00e8s de graisse localis\u00e9<\/li>\n<li>Un d\u00e9veloppement excessif du tissu glandulaire<\/li>\n<li>Parfois un exc\u00e8s de peau mammaire<\/li>\n<li>Pr\u00e9sence unilat\u00e9rale (un sein) ou bilat\u00e9rale (les deux seins)<\/li>\n<\/ul>\n<p>[\/et_pb_accordion_item][et_pb_accordion_item title=&#8221;Combien co\u00fbte l&#8217;op\u00e9ration ?&#8221; _builder_version=&#8221;4.19.5&#8243; _module_preset=&#8221;default&#8221; global_colors_info=&#8221;{}&#8221; open=&#8221;off&#8221;]<\/p>\n<p>Le co\u00fbt final de vos traitements sera calcul\u00e9 sur une base individuelle en fonction de vos besoins. Le co\u00fbt de la chirurgie de la gyn\u00e9comastie commence g\u00e9n\u00e9ralement \u00e0 7 800 dollars. Toutefois, des frais suppl\u00e9mentaires peuvent s&#8217;appliquer si le patient pr\u00e9sente une condition particuli\u00e8re ou si diff\u00e9rentes chirurgies sont combin\u00e9es.<\/p>\n<p>[\/et_pb_accordion_item][et_pb_accordion_item title=&#8221;Qui est un bon candidat pour la chirurgie de la gyn\u00e9comastie ?&#8221; _builder_version=&#8221;4.19.5&#8243; _module_preset=&#8221;default&#8221; global_colors_info=&#8221;{}&#8221; open=&#8221;off&#8221;]<\/p>\n<p>Le succ\u00e8s et la s\u00e9curit\u00e9 de votre intervention de gyn\u00e9comastie d\u00e9pendent en grande partie de votre totale franchise lors de votre consultation. On vous posera un certain nombre de questions sur votre sant\u00e9, vos d\u00e9sirs et votre mode de vie.<\/p>\n<p>[\/et_pb_accordion_item][et_pb_accordion_item title=&#8221;Les candidats \u00e0 la chirurgie de la gyn\u00e9comastie sont les suivants :&#8221; _builder_version=&#8221;4.19.5&#8243; _module_preset=&#8221;default&#8221; global_colors_info=&#8221;{}&#8221; open=&#8221;off&#8221;]<\/p>\n<ul>\n<li>Les hommes dont l&#8217;\u00e9tat ne peut \u00eatre corrig\u00e9 par des traitements m\u00e9dicaux alternatifs<\/li>\n<li>Les personnes en bonne sant\u00e9 qui ne souffrent pas d&#8217;une maladie potentiellement mortelle ou de conditions m\u00e9dicales susceptibles de nuire \u00e0 la gu\u00e9rison.<\/li>\n<li>Non-fumeurs et non-drogueurs.<\/li>\n<li>Les hommes ayant une attitude positive et des objectifs sp\u00e9cifiques pour am\u00e9liorer les sympt\u00f4mes physiques de la gyn\u00e9comastie.<br \/>sympt\u00f4mes physiques de la gyn\u00e9comastie<\/li>\n<li>Les hommes en bonne sant\u00e9 physique et de poids relativement normal.<\/li>\n<li>Les hommes qui ont des attentes r\u00e9alistes<\/li>\n<li>Les hommes dont le d\u00e9veloppement mammaire s&#8217;est stabilis\u00e9<\/li>\n<li>Les hommes qui ont l&#8217;impression que leurs seins sont trop gros.<\/li>\n<\/ul>\n<p>[\/et_pb_accordion_item][et_pb_accordion_item title=&#8221;Quelles sont les \u00e9tapes d&#8217;une proc\u00e9dure de gyn\u00e9comastie ?&#8221; _builder_version=&#8221;4.19.5&#8243; _module_preset=&#8221;default&#8221; global_colors_info=&#8221;{}&#8221; open=&#8221;off&#8221;]<\/p>\n<h3>Anesth\u00e9sie<\/h3>\n<p>Des m\u00e9dicaments sont administr\u00e9s pour votre confort pendant les proc\u00e9dures chirurgicales. Les options comprennent la s\u00e9dation intraveineuse et l&#8217;anesth\u00e9sie g\u00e9n\u00e9rale. Le Dr Zadeh vous recommandera la meilleure option pour vous.<\/p>\n<h3>Technique de liposuccion<\/h3>\n<p>Dans les cas o\u00f9 la gyn\u00e9comastie est principalement le r\u00e9sultat d&#8217;un exc\u00e8s de tissu graisseux, la technique de liposuccion seule peut \u00eatre utilis\u00e9e. La canule est d\u00e9plac\u00e9e d&#8217;avant en arri\u00e8re dans un mouvement contr\u00f4l\u00e9 pour d\u00e9tacher l&#8217;exc\u00e8s de graisse, qui est ensuite \u00e9limin\u00e9 du corps par aspiration.<\/p>\n<p><img loading=\"lazy\" decoding=\"async\" class=\"wp-image-1972 alignnone size-medium\" style=\"display: block; margin-left: auto; margin-right: auto;\" src=\"https:\/\/drtzadeh.com\/wp-content\/uploads\/2022\/10\/image-000-300x161.jpg\" alt=\"\" width=\"300\" height=\"161\" srcset=\"https:\/\/drtzadeh.com\/wp-content\/uploads\/2022\/10\/image-000-300x161.jpg 300w, https:\/\/drtzadeh.com\/wp-content\/uploads\/2022\/10\/image-000.jpg 336w\" sizes=\"(max-width: 300px) 100vw, 300px\" \/><\/p>\n<p>Diff\u00e9rentes techniques de liposuccion peuvent \u00eatre utilis\u00e9es ; la technique la plus appropri\u00e9e dans votre cas sera d\u00e9finie avant votre intervention.<\/p>\n<h3>Technique d&#8217;excision<\/h3>\n<p>Les techniques d&#8217;excision sont recommand\u00e9es lorsque le tissu mammaire glandulaire ou l&#8217;exc\u00e8s de peau doivent \u00eatre retir\u00e9s pour corriger une gyn\u00e9comastie. L&#8217;excision est \u00e9galement n\u00e9cessaire si l&#8217;ar\u00e9ole doit \u00eatre r\u00e9duite ou si le mamelon doit \u00eatre repositionn\u00e9 pour obtenir un contour masculin plus naturel. Les mod\u00e8les d&#8217;incision varient en fonction des conditions sp\u00e9cifiques et des pr\u00e9f\u00e9rences chirurgicales.<\/p>\n<p><img loading=\"lazy\" decoding=\"async\" class=\"wp-image-1973 alignnone size-medium\" style=\"display: block; margin-left: auto; margin-right: auto;\" src=\"https:\/\/drtzadeh.com\/wp-content\/uploads\/2022\/10\/image-001-300x161.jpg\" alt=\"\" width=\"300\" height=\"161\" srcset=\"https:\/\/drtzadeh.com\/wp-content\/uploads\/2022\/10\/image-001-300x161.jpg 300w, https:\/\/drtzadeh.com\/wp-content\/uploads\/2022\/10\/image-001.jpg 336w\" sizes=\"(max-width: 300px) 100vw, 300px\" \/><\/p>\n<h3>Combinaison des techniques de liposuccion et d&#8217;excision<\/h3>\n<p>Parfois, la gyn\u00e9comastie est trait\u00e9e \u00e0 la fois par liposuccion et par excision.<\/p>\n<p><img loading=\"lazy\" decoding=\"async\" class=\"wp-image-1974 alignnone size-medium\" style=\"display: block; margin-left: auto; margin-right: auto;\" src=\"https:\/\/drtzadeh.com\/wp-content\/uploads\/2022\/10\/image-002-300x161.jpg\" alt=\"\" width=\"300\" height=\"161\" srcset=\"https:\/\/drtzadeh.com\/wp-content\/uploads\/2022\/10\/image-002-300x161.jpg 300w, https:\/\/drtzadeh.com\/wp-content\/uploads\/2022\/10\/image-002.jpg 336w\" sizes=\"(max-width: 300px) 100vw, 300px\" \/><\/p>\n<p>[\/et_pb_accordion_item][et_pb_accordion_item title=&#8221;\u00c0 quoi dois-je m&#8217;attendre pendant ma chirurgie de la gyn\u00e9comastie ?&#8221; _builder_version=&#8221;4.19.5&#8243; _module_preset=&#8221;default&#8221; global_colors_info=&#8221;{}&#8221; open=&#8221;off&#8221;]<\/p>\n<p>Pendant votre p\u00e9riode de convalescence, des pansements ou des bandages seront appliqu\u00e9s sur vos incisions et un bandage \u00e9lastique ou un v\u00eatement de soutien sera utilis\u00e9 pour minimiser le gonflement et soutenir le nouveau contour de votre poitrine pendant sa gu\u00e9rison apr\u00e8s l&#8217;op\u00e9ration.<\/p>\n<p>Vous recevrez des instructions sp\u00e9cifiques, notamment sur la fa\u00e7on de prendre soin du site chirurgical et des drains, sur les m\u00e9dicaments \u00e0 appliquer ou \u00e0 prendre par voie orale pour faciliter la cicatrisation et r\u00e9duire le risque d&#8217;infection, sur les probl\u00e8mes sp\u00e9cifiques \u00e0 surveiller au niveau du site chirurgical ou de votre \u00e9tat de sant\u00e9 g\u00e9n\u00e9ral et sur le moment o\u00f9 vous devez consulter le Dr Zadeh.<\/p>\n<p>N&#8217;oubliez pas de poser des questions sp\u00e9cifiques au Dr Zadeh sur ce \u00e0 quoi vous pouvez vous attendre pendant votre p\u00e9riode de r\u00e9tablissement.<\/p>\n<p>[\/et_pb_accordion_item][et_pb_accordion_item title=&#8221;Quels r\u00e9sultats dois-je attendre apr\u00e8s une chirurgie de la gyn\u00e9comastie ?&#8221; _builder_version=&#8221;4.19.5&#8243; _module_preset=&#8221;default&#8221; global_colors_info=&#8221;{}&#8221; open=&#8221;off&#8221;]<\/p>\n<p>Les r\u00e9sultats de la chirurgie de la gyn\u00e9comastie sont imm\u00e9diatement visibles. Avec le temps, l&#8217;\u0153d\u00e8me post-chirurgical se r\u00e9sorbera et les lignes d&#8217;incision s&#8217;estomperont. La satisfaction \u00e0 l&#8217;\u00e9gard de votre nouvelle image devrait continuer \u00e0 cro\u00eetre au fur et \u00e0 mesure que vous vous r\u00e9tablissez de la chirurgie. Les r\u00e9sultats d\u00e9finitifs de votre chirurgie de la gyn\u00e9comastie peuvent prendre de 6 \u00e0 9 mois. Les lignes d&#8217;incision sont permanentes, mais elles continueront \u00e0 s&#8217;estomper avec le temps.<\/p>\n<p>[\/et_pb_accordion_item][et_pb_accordion_item title=&#8221;Cicatrices de chirurgie de la gyn\u00e9comastie ?&#8221; _builder_version=&#8221;4.19.5&#8243; _module_preset=&#8221;default&#8221; global_colors_info=&#8221;{}&#8221; open=&#8221;off&#8221;]<\/p>\n<p>Tout traitement chirurgical visant \u00e0 corriger la gyn\u00e9comastie n\u00e9cessite des incisions. Si la plupart des lignes d&#8217;incision sont dissimul\u00e9es dans les contours naturels, certaines peuvent \u00eatre visibles et sont un r\u00e9sultat n\u00e9cessaire de la chirurgie de r\u00e9duction des seins masculins.<\/p>\n<p>Toutes les cicatrices de la chirurgie de la gyn\u00e9comastie sont permanentes, m\u00eame si certaines cicatrices peuvent \u00eatre dissimul\u00e9es dans les contours naturels du sein. L&#8217;am\u00e9lioration du haut de votre corps rehaussera probablement l&#8217;image que vous avez de vous-m\u00eame et votre confiance en vous, que vous portiez une chemise et une cravate, un t-shirt ou que vous d\u00e9voiliez votre poitrine \u00e0 la plage.<\/p>\n<p>[\/et_pb_accordion_item][\/et_pb_accordion][et_pb_code _builder_version=&#8221;4.17.4&#8243; _module_preset=&#8221;default&#8221; global_colors_info=&#8221;{}&#8221;]<script><!-- [et_pb_line_break_holder] -->jQuery(document).ready(function(){<!-- [et_pb_line_break_holder] -->  jQuery(\"button\").click(function(){<!-- [et_pb_line_break_holder] -->    jQuery(\"#div1\").fadeIn();<!-- [et_pb_line_break_holder] -->   <!-- [et_pb_line_break_holder] -->  });<!-- [et_pb_line_break_holder] -->});<!-- [et_pb_line_break_holder] --><\/script>[\/et_pb_code][\/et_pb_column][et_pb_column type=&#8221;1_3&#8243; _builder_version=&#8221;4.17.4&#8243; _module_preset=&#8221;default&#8221; global_colors_info=&#8221;{}&#8221;][et_pb_sidebar area=&#8221;et_pb_widget_area_1&#8243; _builder_version=&#8221;4.17.4&#8243; _module_preset=&#8221;default&#8221; global_colors_info=&#8221;{}&#8221;][\/et_pb_sidebar][\/et_pb_column][\/et_pb_row][\/et_pb_section]<\/p>\n","protected":false},"excerpt":{"rendered":"<p>Gyn\u00e9comastie<div class=\"et_pb_module lwp_divi_breadcrumbs lwp_divi_breadcrumbs_0\">\n\t\t\t\t\n\t\t\t\t\n\t\t\t\t\n\t\t\t\t\n\t\t\t\t\n\t\t\t\t\n\t\t\t\t<div class=\"et_pb_module_inner\">\n\t\t\t\t\t<div class=\"lwp-breadcrumbs\"> <span class=\"before\"><\/span> <span><span property=\"itemListElement\" typeof=\"ListItem\"><a property=\"item\" typeof=\"WebPage\" href=\"https:\/\/drtzadeh.com\/fr\/\" class=\"home\"><span property=\"name\">Accueil<\/span><\/a><meta property=\"position\" content=\"1\"><\/span> <span class=\"separator et-pb-icon\">&#x35;<\/span> <\/span><\/div>\n\t\t\t\t<\/div>\n\t\t\t<\/div>R\u00e9sum\u00e9La chirurgie de la gyn\u00e9comastie r\u00e9duit la taille des seins chez les hommes, en aplatissant et en am\u00e9liorant les contours de la poitrine. Dans les cas graves de gyn\u00e9comastie, le poids de l&#8217;exc\u00e8s de tissu mammaire peut entra\u00eener l&#8217;affaissement des seins et [&hellip;]<\/p>\n","protected":false},"author":5,"featured_media":0,"parent":5066,"menu_order":0,"comment_status":"closed","ping_status":"closed","template":"","meta":{"_et_pb_use_builder":"on","_et_pb_old_content":"","_et_gb_content_width":"","footnotes":""},"class_list":["post-5138","page","type-page","status-publish","hentry"],"yoast_head":"<!-- This site is optimized with the Yoast SEO plugin v25.7 - https:\/\/yoast.com\/wordpress\/plugins\/seo\/ -->\n<title>Gyn\u00e9comastie - Dr. Teanoosh Zadeh - Clinique T Montreal<\/title>\n<meta name=\"robots\" content=\"index, follow, max-snippet:-1, max-image-preview:large, max-video-preview:-1\" \/>\n<link rel=\"canonical\" href=\"https:\/\/drtzadeh.com\/fr\/chirurgie-et-traitements-esthetiques\/gynecomastie-2\/\" \/>\n<meta property=\"og:locale\" content=\"fr_FR\" \/>\n<meta property=\"og:type\" content=\"article\" \/>\n<meta property=\"og:title\" content=\"Gyn\u00e9comastie - Dr. Teanoosh Zadeh - Clinique T Montreal\" \/>\n<meta property=\"og:description\" content=\"Gyn\u00e9comastieR\u00e9sum\u00e9La chirurgie de la gyn\u00e9comastie r\u00e9duit la taille des seins chez les hommes, en aplatissant et en am\u00e9liorant les contours de la poitrine. Dans les cas graves de gyn\u00e9comastie, le poids de l&#039;exc\u00e8s de tissu mammaire peut entra\u00eener l&#039;affaissement des seins et [&hellip;]\" \/>\n<meta property=\"og:url\" content=\"https:\/\/drtzadeh.com\/fr\/chirurgie-et-traitements-esthetiques\/gynecomastie-2\/\" \/>\n<meta property=\"og:site_name\" content=\"Dr. Teanoosh Zadeh - Clinique T\" \/>\n<meta property=\"article:publisher\" content=\"https:\/\/www.facebook.com\/drteanooshzadehMD\" \/>\n<meta property=\"article:modified_time\" content=\"2026-03-06T19:28:19+00:00\" \/>\n<meta property=\"og:image\" content=\"https:\/\/drtzadeh.com\/wp-content\/uploads\/2022\/10\/image-000-300x161.jpg\" \/>\n<meta name=\"twitter:label1\" content=\"Dur\u00e9e de lecture estim\u00e9e\" \/>\n\t<meta name=\"twitter:data1\" content=\"6 minutes\" \/>\n<!-- \/ Yoast SEO plugin. -->","yoast_head_json":{"title":"Gyn\u00e9comastie - Dr. Teanoosh Zadeh - Clinique T Montreal","robots":{"index":"index","follow":"follow","max-snippet":"max-snippet:-1","max-image-preview":"max-image-preview:large","max-video-preview":"max-video-preview:-1"},"canonical":"https:\/\/drtzadeh.com\/fr\/chirurgie-et-traitements-esthetiques\/gynecomastie-2\/","og_locale":"fr_FR","og_type":"article","og_title":"Gyn\u00e9comastie - Dr. Teanoosh Zadeh - Clinique T Montreal","og_description":"Gyn\u00e9comastieR\u00e9sum\u00e9La chirurgie de la gyn\u00e9comastie r\u00e9duit la taille des seins chez les hommes, en aplatissant et en am\u00e9liorant les contours de la poitrine. Dans les cas graves de gyn\u00e9comastie, le poids de l'exc\u00e8s de tissu mammaire peut entra\u00eener l'affaissement des seins et [&hellip;]","og_url":"https:\/\/drtzadeh.com\/fr\/chirurgie-et-traitements-esthetiques\/gynecomastie-2\/","og_site_name":"Dr. Teanoosh Zadeh - Clinique T","article_publisher":"https:\/\/www.facebook.com\/drteanooshzadehMD","article_modified_time":"2026-03-06T19:28:19+00:00","og_image":[{"url":"https:\/\/drtzadeh.com\/wp-content\/uploads\/2022\/10\/image-000-300x161.jpg","type":"","width":"","height":""}],"twitter_misc":{"Dur\u00e9e de lecture estim\u00e9e":"6 minutes"},"schema":{"@context":"https:\/\/schema.org","@graph":[{"@type":"WebPage","@id":"https:\/\/drtzadeh.com\/fr\/chirurgie-et-traitements-esthetiques\/gynecomastie-2\/","url":"https:\/\/drtzadeh.com\/fr\/chirurgie-et-traitements-esthetiques\/gynecomastie-2\/","name":"Gyn\u00e9comastie - Dr. Teanoosh Zadeh - Clinique T Montreal","isPartOf":{"@id":"https:\/\/drtzadeh.com\/#website"},"primaryImageOfPage":{"@id":"https:\/\/drtzadeh.com\/fr\/chirurgie-et-traitements-esthetiques\/gynecomastie-2\/#primaryimage"},"image":{"@id":"https:\/\/drtzadeh.com\/fr\/chirurgie-et-traitements-esthetiques\/gynecomastie-2\/#primaryimage"},"thumbnailUrl":"https:\/\/drtzadeh.com\/wp-content\/uploads\/2022\/10\/image-000-300x161.jpg","datePublished":"2022-10-20T11:30:05+00:00","dateModified":"2026-03-06T19:28:19+00:00","breadcrumb":{"@id":"https:\/\/drtzadeh.com\/fr\/chirurgie-et-traitements-esthetiques\/gynecomastie-2\/#breadcrumb"},"inLanguage":"fr-FR","potentialAction":[{"@type":"ReadAction","target":["https:\/\/drtzadeh.com\/fr\/chirurgie-et-traitements-esthetiques\/gynecomastie-2\/"]}]},{"@type":"ImageObject","inLanguage":"fr-FR","@id":"https:\/\/drtzadeh.com\/fr\/chirurgie-et-traitements-esthetiques\/gynecomastie-2\/#primaryimage","url":"https:\/\/drtzadeh.com\/wp-content\/uploads\/2022\/10\/image-000-300x161.jpg","contentUrl":"https:\/\/drtzadeh.com\/wp-content\/uploads\/2022\/10\/image-000-300x161.jpg"},{"@type":"BreadcrumbList","@id":"https:\/\/drtzadeh.com\/fr\/chirurgie-et-traitements-esthetiques\/gynecomastie-2\/#breadcrumb","itemListElement":[{"@type":"ListItem","position":1,"name":"Home","item":"https:\/\/drtzadeh.com\/"},{"@type":"ListItem","position":2,"name":"Chirurgie et Traitements Esth\u00e9tiques","item":"https:\/\/drtzadeh.com\/fr\/chirurgie-et-traitements-esthetiques\/"},{"@type":"ListItem","position":3,"name":"Gyn\u00e9comastie"}]},{"@type":"WebSite","@id":"https:\/\/drtzadeh.com\/#website","url":"https:\/\/drtzadeh.com\/","name":"Dr. Teanoosh Zadeh - Clinique T","description":"Experienced &amp; Certified Montreal Plastic Surgeon","publisher":{"@id":"https:\/\/drtzadeh.com\/#organization"},"potentialAction":[{"@type":"SearchAction","target":{"@type":"EntryPoint","urlTemplate":"https:\/\/drtzadeh.com\/?s={search_term_string}"},"query-input":{"@type":"PropertyValueSpecification","valueRequired":true,"valueName":"search_term_string"}}],"inLanguage":"fr-FR"},{"@type":"Organization","@id":"https:\/\/drtzadeh.com\/#organization","name":"Dr. Teanoosh Zadeh - Clinique T","url":"https:\/\/drtzadeh.com\/","logo":{"@type":"ImageObject","inLanguage":"fr-FR","@id":"https:\/\/drtzadeh.com\/#\/schema\/logo\/image\/","url":"https:\/\/drtzadeh.com\/wp-content\/uploads\/2023\/01\/CLINIQUE-T-Logo.png","contentUrl":"https:\/\/drtzadeh.com\/wp-content\/uploads\/2023\/01\/CLINIQUE-T-Logo.png","width":270,"height":77,"caption":"Dr. Teanoosh Zadeh - Clinique T"},"image":{"@id":"https:\/\/drtzadeh.com\/#\/schema\/logo\/image\/"},"sameAs":["https:\/\/www.facebook.com\/drteanooshzadehMD","http:\/\/www.instagram.com\/drzadehteanoosh\/"]}]}},"_links":{"self":[{"href":"https:\/\/drtzadeh.com\/fr\/wp-json\/wp\/v2\/pages\/5138","targetHints":{"allow":["GET"]}}],"collection":[{"href":"https:\/\/drtzadeh.com\/fr\/wp-json\/wp\/v2\/pages"}],"about":[{"href":"https:\/\/drtzadeh.com\/fr\/wp-json\/wp\/v2\/types\/page"}],"author":[{"embeddable":true,"href":"https:\/\/drtzadeh.com\/fr\/wp-json\/wp\/v2\/users\/5"}],"replies":[{"embeddable":true,"href":"https:\/\/drtzadeh.com\/fr\/wp-json\/wp\/v2\/comments?post=5138"}],"version-history":[{"count":3,"href":"https:\/\/drtzadeh.com\/fr\/wp-json\/wp\/v2\/pages\/5138\/revisions"}],"predecessor-version":[{"id":7075,"href":"https:\/\/drtzadeh.com\/fr\/wp-json\/wp\/v2\/pages\/5138\/revisions\/7075"}],"up":[{"embeddable":true,"href":"https:\/\/drtzadeh.com\/fr\/wp-json\/wp\/v2\/pages\/5066"}],"wp:attachment":[{"href":"https:\/\/drtzadeh.com\/fr\/wp-json\/wp\/v2\/media?parent=5138"}],"curies":[{"name":"wp","href":"https:\/\/api.w.org\/{rel}","templated":true}]}}