{"id":5144,"date":"2022-10-25T05:58:32","date_gmt":"2022-10-25T05:58:32","guid":{"rendered":"https:\/\/drtzadeh.com\/chirurgie-et-traitements-esthetiques\/liposuction\/"},"modified":"2026-03-06T19:53:53","modified_gmt":"2026-03-06T19:53:53","slug":"liposuccion","status":"publish","type":"page","link":"https:\/\/drtzadeh.com\/fr\/chirurgie-et-traitements-esthetiques\/liposuccion\/","title":{"rendered":"Liposuccion"},"content":{"rendered":"<p>[et_pb_section fb_built=&#8221;1&#8243; _builder_version=&#8221;4.17.4&#8243; _module_preset=&#8221;default&#8221; background_color=&#8221;gcid-d72333c4-2dcd-44de-8826-8dfc2c15db04&#8243; global_colors_info=&#8221;{%22gcid-d72333c4-2dcd-44de-8826-8dfc2c15db04%22:%91%22background_color%22%93}&#8221;][et_pb_row _builder_version=&#8221;4.17.4&#8243; _module_preset=&#8221;default&#8221; global_colors_info=&#8221;{}&#8221;][et_pb_column type=&#8221;4_4&#8243; _builder_version=&#8221;4.17.4&#8243; _module_preset=&#8221;default&#8221; global_colors_info=&#8221;{}&#8221;][et_pb_text module_class=&#8221;hero-sec-heading&#8221; _builder_version=&#8221;4.19.5&#8243; _module_preset=&#8221;default&#8221; header_font_size=&#8221;40px&#8221; custom_margin=&#8221;||0px||false|false&#8221; header_text_align_tablet=&#8221;&#8221; header_text_align_phone=&#8221;center&#8221; header_text_align_last_edited=&#8221;on|phone&#8221; header_font_size_tablet=&#8221;40px&#8221; header_font_size_phone=&#8221;34px&#8221; header_font_size_last_edited=&#8221;on|phone&#8221; global_colors_info=&#8221;{}&#8221;]<\/p>\n<h1>Liposuccion<\/h1>\n<p>[\/et_pb_text][lwp_divi_breadcrumbs link_color=&#8221;gcid-5f7becaa-db42-4a27-923f-406088f8cb05&#8243; _builder_version=&#8221;4.27.4&#8243; _module_preset=&#8221;default&#8221; hover_enabled=&#8221;0&#8243; module_text_align_tablet=&#8221;&#8221; module_text_align_phone=&#8221;center&#8221; module_text_align_last_edited=&#8221;on|phone&#8221; module_font_size_tablet=&#8221;&#8221; module_font_size_phone=&#8221;16px&#8221; module_font_size_last_edited=&#8221;on|phone&#8221; global_colors_info=&#8221;{%22gcid-5f7becaa-db42-4a27-923f-406088f8cb05%22:%91%22link_color%22%93}&#8221; font_icon=&#8221;&#x35;||divi||400&#8243; sticky_enabled=&#8221;0&#8243;][\/lwp_divi_breadcrumbs][\/et_pb_column][\/et_pb_row][\/et_pb_section][et_pb_section fb_built=&#8221;1&#8243; _builder_version=&#8221;4.17.4&#8243; _module_preset=&#8221;default&#8221; global_colors_info=&#8221;{}&#8221;][et_pb_row column_structure=&#8221;2_3,1_3&#8243; _builder_version=&#8221;4.17.4&#8243; _module_preset=&#8221;default&#8221; global_colors_info=&#8221;{}&#8221;][et_pb_column type=&#8221;2_3&#8243; _builder_version=&#8221;4.17.4&#8243; _module_preset=&#8221;default&#8221; global_colors_info=&#8221;{}&#8221;][et_pb_text disabled_on=&#8221;on|on|on&#8221; _builder_version=&#8221;4.19.5&#8243; _module_preset=&#8221;default&#8221; disabled=&#8221;on&#8221; locked=&#8221;off&#8221; global_colors_info=&#8221;{}&#8221;]<\/p>\n<h2>R\u00e9sum\u00e9<\/h2>\n<p>[\/et_pb_text][et_pb_divider color=&#8221;#444444&#8243; divider_weight=&#8221;2px&#8221; disabled_on=&#8221;on|on|on&#8221; _builder_version=&#8221;4.16&#8243; _module_preset=&#8221;default&#8221; width=&#8221;100px&#8221; module_alignment=&#8221;left&#8221; custom_margin=&#8221;||15px||false|false&#8221; disabled=&#8221;on&#8221; locked=&#8221;off&#8221; global_colors_info=&#8221;{}&#8221;][\/et_pb_divider][et_pb_text module_class=&#8221;service-txt&#8221; _builder_version=&#8221;4.19.5&#8243; _module_preset=&#8221;default&#8221; text_orientation_tablet=&#8221;&#8221; text_orientation_phone=&#8221;center&#8221; text_orientation_last_edited=&#8221;on|phone&#8221; global_colors_info=&#8221;{}&#8221;]<\/p>\n<p>La liposuccion est une proc\u00e9dure au cours de laquelle l&#8217;exc\u00e8s de tissu adipeux est retir\u00e9 \u00e0 l&#8217;aide d&#8217;un tube creux ou d&#8217;une canule.<\/p>\n<p>L&#8217;\u00eatre humain na\u00eet avec un certain nombre de cellules graisseuses. La taille (volume) de ces cellules \u00e9volue en fonction de facteurs externes tels que l&#8217;alimentation et certaines maladies endocriniennes.Le but de cette intervention est de red\u00e9finir et d&#8217;am\u00e9liorer la forme de diff\u00e9rentes parties du corps, tout en \u00e9vitant des cicatrices importantes. La liposuccion permet de diminuer le nombre total de cellules graisseuses dans le corps, et donc d&#8217;\u00e9viter de nouvelles accumulations d&#8217;exc\u00e8s de graisse sous la peau. Pendant l&#8217;intervention, le Dr Zadeh pratiquera plusieurs petites incisions discr\u00e8tes dans les zones cibl\u00e9es. Une solution d&#8217;anesth\u00e9sie locale dilu\u00e9e (technique tumescente) sera ensuite perfus\u00e9e afin de r\u00e9duire les saignements et de contr\u00f4ler la douleur. Un tube fin et creux, appel\u00e9 canule, est ensuite ins\u00e9r\u00e9 \u00e0 travers les incisions pour d\u00e9tacher l&#8217;exc\u00e8s de graisse, qui sera ensuite aspir\u00e9 du corps. Les cellules graisseuses restantes sont ensuite \u00e9galis\u00e9es pour cr\u00e9er un r\u00e9sultat lisse et \u00e9viter les irr\u00e9gularit\u00e9s. Des drains peuvent \u00eatre plac\u00e9s dans les zones d&#8217;incision pour r\u00e9duire l&#8217;accumulation de liquide et le gonflement. Enfin, un bandage ou un v\u00eatement de compression peut \u00eatre plac\u00e9 sur les zones concern\u00e9es afin de r\u00e9duire le gonflement.<\/p>\n<p>[\/et_pb_text][et_pb_gallery gallery_ids=&#8221;5725,5723,5721,5699,3623,3610,3622,3621,5704,5697,3603,3597,3598,3596,5806,5804&#8243; fullwidth=&#8221;on&#8221; _builder_version=&#8221;4.22.1&#8243; _module_preset=&#8221;default&#8221; max_width=&#8221;75%&#8221; max_width_tablet=&#8221;&#8221; max_width_phone=&#8221;&#8221; max_width_last_edited=&#8221;on|desktop&#8221; module_alignment=&#8221;left&#8221; dbdb_version=&#8221;4.8.1&#8243; global_colors_info=&#8221;{}&#8221;][\/et_pb_gallery][et_pb_text admin_label=&#8221;Frequently Asked Questions&#8221; _builder_version=&#8221;4.19.5&#8243; _module_preset=&#8221;default&#8221; header_2_text_align_tablet=&#8221;&#8221; header_2_text_align_phone=&#8221;center&#8221; header_2_text_align_last_edited=&#8221;on|phone&#8221; header_2_line_height_tablet=&#8221;&#8221; header_2_line_height_phone=&#8221;1.3em&#8221; header_2_line_height_last_edited=&#8221;on|phone&#8221; locked=&#8221;off&#8221; global_colors_info=&#8221;{}&#8221;]<\/p>\n<h2>Questions fr\u00e9quemment pos\u00e9es<\/h2>\n<p>[\/et_pb_text][et_pb_divider color=&#8221;#444444&#8243; divider_weight=&#8221;2px&#8221; _builder_version=&#8221;4.17.4&#8243; _module_preset=&#8221;default&#8221; width=&#8221;100px&#8221; module_alignment=&#8221;left&#8221; custom_margin=&#8221;||15px||false|false&#8221; module_alignment_tablet=&#8221;left&#8221; module_alignment_phone=&#8221;center&#8221; module_alignment_last_edited=&#8221;on|phone&#8221; locked=&#8221;off&#8221; global_colors_info=&#8221;{}&#8221;][\/et_pb_divider][et_pb_accordion open_toggle_text_color=&#8221;#333333&#8243; open_toggle_background_color=&#8221;#FFFFFF&#8221; closed_toggle_background_color=&#8221;#faf9f6&#8243; icon_color=&#8221;gcid-d72333c4-2dcd-44de-8826-8dfc2c15db04&#8243; module_id=&#8221;myfaq&#8221; module_class=&#8221;faq-list&#8221; _builder_version=&#8221;4.19.5&#8243; _module_preset=&#8221;default&#8221; toggle_font=&#8221;|700|||||||&#8221; global_colors_info=&#8221;{%22gcid-d72333c4-2dcd-44de-8826-8dfc2c15db04%22:%91%22icon_color%22%93}&#8221;][et_pb_accordion_item title=&#8221;Qui est le candidat id\u00e9al pour une liposuccion ?&#8221; open=&#8221;on&#8221; _builder_version=&#8221;4.19.5&#8243; _module_preset=&#8221;default&#8221; global_colors_info=&#8221;{}&#8221;]<\/p>\n<p>The ideal patient for this procedure is in good general health, physically fit and at a healthy body weight (or has reached a stable weight after significant weight loss). They usually have stubborn pockets of fat that do not respond to diet or exercise.<\/p>\n<p>The patient\u2019s skin elasticity must also be good. In other words, your skin has a good quality, and your fat deposits are well defined and localized. Patients presenting significant folds of skin are not likely to get the desired result by relying solely on liposuction, as the procedure does not address the excess skin. In such a case, Dr Zadeh may suggest a lipectomy (of the abdomen, arms and\/or thighs) as well as liposuction.<\/p>\n<p>[\/et_pb_accordion_item][et_pb_accordion_item title=&#8221;Les effets de la liposuccion sont-ils permanents ?&#8221; _builder_version=&#8221;4.19.5&#8243; _module_preset=&#8221;default&#8221; global_colors_info=&#8221;{}&#8221; open=&#8221;off&#8221;]<\/p>\n<p>La liposuccion \u00e9limine une partie de vos cellules graisseuses. Les cellules restantes continuent \u00e0 fonctionner normalement en fonction des changements hormonaux. La liposuccion n&#8217;emp\u00eache donc pas leur volume d&#8217;augmenter en cas de suralimentation (ou de toute autre prise de poids). Si de nouveaux d\u00e9p\u00f4ts graisseux apparaissent, une autre intervention de liposuccion peut \u00eatre envisag\u00e9e.<\/p>\n<p>[\/et_pb_accordion_item][et_pb_accordion_item title=&#8221;Qu&#8217;est-ce que la liposuccion ne peut pas faire ?&#8221; _builder_version=&#8221;4.19.5&#8243; _module_preset=&#8221;default&#8221; global_colors_info=&#8221;{}&#8221; open=&#8221;off&#8221;]<\/p>\n<p>La liposuccion n&#8217;est pas un traitement de l&#8217;ob\u00e9sit\u00e9 et ne remplace pas un r\u00e9gime alimentaire et un exercice physique appropri\u00e9s. Elle n&#8217;est pas non plus un traitement efficace de la cellulite &#8211; les capitons qui apparaissent g\u00e9n\u00e9ralement sur les cuisses, les hanches et les fesses &#8211; ni de la peau flasque.<\/p>\n<p>[\/et_pb_accordion_item][et_pb_accordion_item title=&#8221;Quels sont les diff\u00e9rents types de liposuccion ?&#8221; _builder_version=&#8221;4.19.5&#8243; _module_preset=&#8221;default&#8221; global_colors_info=&#8221;{}&#8221; open=&#8221;off&#8221;]<\/p>\n<h3>Liposuccion tumescente<\/h3>\n<p>La liposuccion tumescente est la forme de liposuccion la plus utilis\u00e9e. Dans les zones cibl\u00e9es par la liposuccion, le Dr Zadeh injecte un m\u00e9lange d&#8217;eau sal\u00e9e st\u00e9rile pour aider \u00e0 \u00e9liminer la graisse, d&#8217;anesth\u00e9sique (lidoca\u00efne) pour soulager la douleur et d&#8217;\u00e9pin\u00e9phrine pour resserrer les vaisseaux sanguins et r\u00e9duire les saignements. De petites incisions sont pratiqu\u00e9es sur la peau, puis une petite canule (un petit tube) est utilis\u00e9e pour aspirer les graisses et les liquides. Cette proc\u00e9dure entra\u00eene moins de pertes de sang et d&#8217;ecchymoses que les autres proc\u00e9dures.<\/p>\n<h3>Liposuccion assist\u00e9e<\/h3>\n<p>Une canule vibrante est utilis\u00e9e pour retirer la graisse des zones difficiles et fibreuses. La liposuccion assist\u00e9e provoque g\u00e9n\u00e9ralement moins de douleur et de gonflement, car elle permet au Dr Zadeh de retirer la graisse avec une grande pr\u00e9cision. Cette proc\u00e9dure est particuli\u00e8rement efficace dans des zones comme les seins masculins, les bras, les genoux et les chevilles.<\/p>\n<h3>SAFE Lipo<\/h3>\n<p>SAFE est l&#8217;acronyme de Separation, Aspiration, Fat Equalization (s\u00e9paration, aspiration, \u00e9galisation des graisses), les trois \u00e9tapes de la technique SAFElipo. Variante de la technique de liposuccion assist\u00e9e, cette proc\u00e9dure est en passe de devenir la technique de liposuccion la plus populaire en raison de sa capacit\u00e9 \u00e0 remodeler le corps de mani\u00e8re s\u00fbre et efficace. Le Dr Zadeh utilise cette technique pour obtenir un r\u00e9sultat de liposuccion s\u00fbr et d&#8217;apparence naturelle, sans les signes r\u00e9v\u00e9lateurs d&#8217;une intervention chirurgicale, comme une peau grumeleuse.<\/p>\n<h3>Qu&#8217;est-ce que Lipo 360 ?<\/h3>\n<p>Lipo 360 est une proc\u00e9dure de liposuccion compl\u00e8te qui est utilis\u00e9e pour remodeler et modeler l&#8217;abdomen, sur 360 degr\u00e9s. Les zones \u00e0 traiter sont les abdominaux sup\u00e9rieurs et inf\u00e9rieurs, les flancs des deux c\u00f4t\u00e9s, le bas du dos et parfois le milieu du dos ou les bourrelets du soutien-gorge.<\/p>\n<h3>Qui est le candidat id\u00e9al pour la lipo HD (haute d\u00e9finition) ?<\/h3>\n<p>Le candidat id\u00e9al pour la lipo HD est en bonne forme, poss\u00e8de une solide musculature sous-jacente et n&#8217;a pas beaucoup de graisse \u00e0 \u00e9liminer. Si vous voulez un look &#8220;d\u00e9chiquet\u00e9&#8221;, cette proc\u00e9dure peut vous aider \u00e0 l&#8217;obtenir.<\/p>\n<p>Il est \u00e9galement important d&#8217;avoir une bonne \u00e9lasticit\u00e9 de la peau avant de subir cette intervention, afin de ne pas \u00eatre victime d&#8217;un rel\u00e2chement.<\/p>\n<p>[\/et_pb_accordion_item][et_pb_accordion_item title=&#8221;Quelle est la r\u00e9cup\u00e9ration ?&#8221; _builder_version=&#8221;4.19.5&#8243; _module_preset=&#8221;default&#8221; global_colors_info=&#8221;{}&#8221; open=&#8221;off&#8221;]<\/p>\n<p>Vous devrez porter des v\u00eatements de compression ou des bandages \u00e9lastiques pendant plusieurs semaines afin de r\u00e9duire le gonflement et de comprimer la peau pour accentuer la nouvelle silhouette.<\/p>\n<h3>Drains temporaires<\/h3>\n<p>Des drains temporaires peuvent \u00eatre plac\u00e9s sous la peau pour aider \u00e0 \u00e9liminer tout exc\u00e8s de liquide ou de sang.<\/p>\n<h3>Gonflement<\/h3>\n<p>Le gonflement sera pr\u00e9sent, mais il commencera \u00e0 diminuer au bout de 7 \u00e0 10 jours. Bien que les r\u00e9sultats de votre liposuccion soient visibles presque imm\u00e9diatement, ce gonflement d\u00e9forme les r\u00e9sultats r\u00e9els. Le gonflement continuera \u00e0 se r\u00e9sorber, mais un certain gonflement peut persister pendant 3 \u00e0 6 mois. Vos r\u00e9sultats seront mieux appr\u00e9ci\u00e9s trois mois apr\u00e8s l&#8217;intervention, lorsque la plupart des gonflements auront disparu.<\/p>\n<h3>Cicatrices<\/h3>\n<p>Les incisions pratiqu\u00e9es lors de la liposuccion \u00e9tant tr\u00e8s petites et discr\u00e8tement plac\u00e9es, les cicatrices sont minimes et s&#8217;estompent g\u00e9n\u00e9ralement avec le temps.<\/p>\n<h3>Retour au travail<\/h3>\n<p>En fonction de la quantit\u00e9 et de l&#8217;\u00e9tendue de la liposuccion, il est probable que vous puissiez reprendre le travail en 2 \u00e0 3 jours. Cependant, si une liposuccion plus importante est pratiqu\u00e9e, vous souhaiterez peut-\u00eatre prendre une semaine de cong\u00e9.<\/p>\n<h3>Ecchymoses et inconfort<\/h3>\n<p>L&#8217;inconfort et la douleur durent g\u00e9n\u00e9ralement de 1 \u00e0 3 jours et peuvent \u00eatre contr\u00f4l\u00e9s par des m\u00e9dicaments antidouleur prescrits. La plupart des ecchymoses et des gonflements seront pr\u00e9sents pendant 7 \u00e0 10 jours et les gonflements continueront \u00e0 se r\u00e9sorber pendant 3 \u00e0 6 mois.<\/p>\n<h3>Quand puis-je faire de l&#8217;exercice ?<\/h3>\n<p>Les activit\u00e9s compl\u00e8tes, y compris l&#8217;exercice, peuvent \u00eatre reprises 6 semaines apr\u00e8s l&#8217;op\u00e9ration.<\/p>\n<p>[\/et_pb_accordion_item][et_pb_accordion_item title=&#8221;Combien co\u00fbte une liposuccion ?&#8221; _builder_version=&#8221;4.19.5&#8243; _module_preset=&#8221;default&#8221; global_colors_info=&#8221;{}&#8221; open=&#8221;off&#8221;]<\/p>\n<p>Le co\u00fbt d&#8217;une op\u00e9ration de liposuccion commence g\u00e9n\u00e9ralement \u00e0 4 800 $. Les honoraires du Dr Zadeh pour une liposuccion seront bas\u00e9s sur les zones concern\u00e9es et le type de proc\u00e9dure utilis\u00e9e. Le co\u00fbt final de vos traitements sera calcul\u00e9 sur une base individuelle en fonction de vos besoins.<\/p>\n<p>[\/et_pb_accordion_item][et_pb_accordion_item title=&#8221;Quelles sont les zones probl\u00e9matiques que la liposuccion peut traiter ?&#8221; _builder_version=&#8221;4.19.5&#8243; _module_preset=&#8221;default&#8221; global_colors_info=&#8221;{}&#8221; open=&#8221;off&#8221;]<\/p>\n<ul>\n<li>Abdomen<\/li>\n<li>Chevilles<\/li>\n<li>Bras<\/li>\n<li>Dos<\/li>\n<li>Fesses<\/li>\n<li>Hanches<\/li>\n<li>Genoux<\/li>\n<li>Cou<\/li>\n<li>Cuisses<\/li>\n<li>Bras sup\u00e9rieurs<\/li>\n<li>Taille<\/li>\n<\/ul>\n<p><img loading=\"lazy\" decoding=\"async\" class=\"wp-image-2445 alignnone size-full\" src=\"https:\/\/drtzadeh.com\/wp-content\/uploads\/2022\/10\/image-015.jpg\" alt=\"\" width=\"320\" height=\"170\" \/><img loading=\"lazy\" decoding=\"async\" class=\"wp-image-2446 alignnone size-full\" src=\"https:\/\/drtzadeh.com\/wp-content\/uploads\/2022\/10\/image-016.jpg\" alt=\"\" width=\"320\" height=\"170\" \/><\/p>\n<p>La liposuccion peut \u00eatre pratiqu\u00e9e seule ou en m\u00eame temps que d&#8217;autres interventions de chirurgie plastique, comme un lifting, une r\u00e9duction mammaire, une plastie abdominale, etc.<\/p>\n<p>[\/et_pb_accordion_item][\/et_pb_accordion][\/et_pb_column][et_pb_column type=&#8221;1_3&#8243; _builder_version=&#8221;4.17.4&#8243; _module_preset=&#8221;default&#8221; global_colors_info=&#8221;{}&#8221;][et_pb_sidebar area=&#8221;et_pb_widget_area_1&#8243; _builder_version=&#8221;4.17.4&#8243; _module_preset=&#8221;default&#8221; global_colors_info=&#8221;{}&#8221;][\/et_pb_sidebar][\/et_pb_column][\/et_pb_row][\/et_pb_section]<\/p>\n","protected":false},"excerpt":{"rendered":"<p>Liposuccion<div class=\"et_pb_module lwp_divi_breadcrumbs lwp_divi_breadcrumbs_0\">\n\t\t\t\t\n\t\t\t\t\n\t\t\t\t\n\t\t\t\t\n\t\t\t\t\n\t\t\t\t\n\t\t\t\t<div class=\"et_pb_module_inner\">\n\t\t\t\t\t<div class=\"lwp-breadcrumbs\"> <span class=\"before\"><\/span> <span><span property=\"itemListElement\" typeof=\"ListItem\"><a property=\"item\" typeof=\"WebPage\" href=\"https:\/\/drtzadeh.com\/fr\/\" class=\"home\"><span property=\"name\">Accueil<\/span><\/a><meta property=\"position\" content=\"1\"><\/span> <span class=\"separator et-pb-icon\">&#x35;<\/span> <\/span><\/div>\n\t\t\t\t<\/div>\n\t\t\t<\/div>R\u00e9sum\u00e9La liposuccion est une proc\u00e9dure au cours de laquelle l&#8217;exc\u00e8s de tissu adipeux est retir\u00e9 \u00e0 l&#8217;aide d&#8217;un tube creux ou d&#8217;une canule. L&#8217;\u00eatre humain na\u00eet avec un certain nombre de cellules graisseuses. La taille (volume) de ces cellules \u00e9volue en fonction [&hellip;]<\/p>\n","protected":false},"author":5,"featured_media":0,"parent":5066,"menu_order":0,"comment_status":"closed","ping_status":"closed","template":"","meta":{"_et_pb_use_builder":"on","_et_pb_old_content":"","_et_gb_content_width":"","footnotes":""},"class_list":["post-5144","page","type-page","status-publish","hentry"],"yoast_head":"<!-- This site is optimized with the Yoast SEO plugin v25.7 - https:\/\/yoast.com\/wordpress\/plugins\/seo\/ -->\n<title>Liposuccion - Dr. Teanoosh Zadeh - Clinique T Montreal<\/title>\n<meta name=\"robots\" content=\"index, follow, max-snippet:-1, max-image-preview:large, max-video-preview:-1\" \/>\n<link rel=\"canonical\" href=\"https:\/\/drtzadeh.com\/fr\/chirurgie-et-traitements-esthetiques\/liposuccion\/\" \/>\n<meta property=\"og:locale\" content=\"fr_FR\" \/>\n<meta property=\"og:type\" content=\"article\" \/>\n<meta property=\"og:title\" content=\"Liposuccion - Dr. Teanoosh Zadeh - Clinique T Montreal\" \/>\n<meta property=\"og:description\" content=\"LiposuccionR\u00e9sum\u00e9La liposuccion est une proc\u00e9dure au cours de laquelle l&#039;exc\u00e8s de tissu adipeux est retir\u00e9 \u00e0 l&#039;aide d&#039;un tube creux ou d&#039;une canule. L&#039;\u00eatre humain na\u00eet avec un certain nombre de cellules graisseuses. La taille (volume) de ces cellules \u00e9volue en fonction [&hellip;]\" \/>\n<meta property=\"og:url\" content=\"https:\/\/drtzadeh.com\/fr\/chirurgie-et-traitements-esthetiques\/liposuccion\/\" \/>\n<meta property=\"og:site_name\" content=\"Dr. Teanoosh Zadeh - Clinique T\" \/>\n<meta property=\"article:publisher\" content=\"https:\/\/www.facebook.com\/drteanooshzadehMD\" \/>\n<meta property=\"article:modified_time\" content=\"2026-03-06T19:53:53+00:00\" \/>\n<meta property=\"og:image\" content=\"https:\/\/drtzadeh.com\/wp-content\/uploads\/2022\/10\/image-015.jpg\" \/>\n<meta name=\"twitter:label1\" content=\"Dur\u00e9e de lecture estim\u00e9e\" \/>\n\t<meta name=\"twitter:data1\" content=\"10 minutes\" \/>\n<!-- \/ Yoast SEO plugin. -->","yoast_head_json":{"title":"Liposuccion - Dr. Teanoosh Zadeh - Clinique T Montreal","robots":{"index":"index","follow":"follow","max-snippet":"max-snippet:-1","max-image-preview":"max-image-preview:large","max-video-preview":"max-video-preview:-1"},"canonical":"https:\/\/drtzadeh.com\/fr\/chirurgie-et-traitements-esthetiques\/liposuccion\/","og_locale":"fr_FR","og_type":"article","og_title":"Liposuccion - Dr. Teanoosh Zadeh - Clinique T Montreal","og_description":"LiposuccionR\u00e9sum\u00e9La liposuccion est une proc\u00e9dure au cours de laquelle l'exc\u00e8s de tissu adipeux est retir\u00e9 \u00e0 l'aide d'un tube creux ou d'une canule. L'\u00eatre humain na\u00eet avec un certain nombre de cellules graisseuses. La taille (volume) de ces cellules \u00e9volue en fonction [&hellip;]","og_url":"https:\/\/drtzadeh.com\/fr\/chirurgie-et-traitements-esthetiques\/liposuccion\/","og_site_name":"Dr. Teanoosh Zadeh - Clinique T","article_publisher":"https:\/\/www.facebook.com\/drteanooshzadehMD","article_modified_time":"2026-03-06T19:53:53+00:00","og_image":[{"url":"https:\/\/drtzadeh.com\/wp-content\/uploads\/2022\/10\/image-015.jpg","type":"","width":"","height":""}],"twitter_misc":{"Dur\u00e9e de lecture estim\u00e9e":"10 minutes"},"schema":{"@context":"https:\/\/schema.org","@graph":[{"@type":"WebPage","@id":"https:\/\/drtzadeh.com\/fr\/chirurgie-et-traitements-esthetiques\/liposuccion\/","url":"https:\/\/drtzadeh.com\/fr\/chirurgie-et-traitements-esthetiques\/liposuccion\/","name":"Liposuccion - Dr. Teanoosh Zadeh - Clinique T Montreal","isPartOf":{"@id":"https:\/\/drtzadeh.com\/#website"},"primaryImageOfPage":{"@id":"https:\/\/drtzadeh.com\/fr\/chirurgie-et-traitements-esthetiques\/liposuccion\/#primaryimage"},"image":{"@id":"https:\/\/drtzadeh.com\/fr\/chirurgie-et-traitements-esthetiques\/liposuccion\/#primaryimage"},"thumbnailUrl":"https:\/\/drtzadeh.com\/wp-content\/uploads\/2022\/10\/image-015.jpg","datePublished":"2022-10-25T05:58:32+00:00","dateModified":"2026-03-06T19:53:53+00:00","breadcrumb":{"@id":"https:\/\/drtzadeh.com\/fr\/chirurgie-et-traitements-esthetiques\/liposuccion\/#breadcrumb"},"inLanguage":"fr-FR","potentialAction":[{"@type":"ReadAction","target":["https:\/\/drtzadeh.com\/fr\/chirurgie-et-traitements-esthetiques\/liposuccion\/"]}]},{"@type":"ImageObject","inLanguage":"fr-FR","@id":"https:\/\/drtzadeh.com\/fr\/chirurgie-et-traitements-esthetiques\/liposuccion\/#primaryimage","url":"https:\/\/drtzadeh.com\/wp-content\/uploads\/2022\/10\/image-015.jpg","contentUrl":"https:\/\/drtzadeh.com\/wp-content\/uploads\/2022\/10\/image-015.jpg"},{"@type":"BreadcrumbList","@id":"https:\/\/drtzadeh.com\/fr\/chirurgie-et-traitements-esthetiques\/liposuccion\/#breadcrumb","itemListElement":[{"@type":"ListItem","position":1,"name":"Home","item":"https:\/\/drtzadeh.com\/"},{"@type":"ListItem","position":2,"name":"Chirurgie et Traitements Esth\u00e9tiques","item":"https:\/\/drtzadeh.com\/fr\/chirurgie-et-traitements-esthetiques\/"},{"@type":"ListItem","position":3,"name":"Liposuccion"}]},{"@type":"WebSite","@id":"https:\/\/drtzadeh.com\/#website","url":"https:\/\/drtzadeh.com\/","name":"Dr. Teanoosh Zadeh - Clinique T","description":"Experienced &amp; Certified Montreal Plastic Surgeon","publisher":{"@id":"https:\/\/drtzadeh.com\/#organization"},"potentialAction":[{"@type":"SearchAction","target":{"@type":"EntryPoint","urlTemplate":"https:\/\/drtzadeh.com\/?s={search_term_string}"},"query-input":{"@type":"PropertyValueSpecification","valueRequired":true,"valueName":"search_term_string"}}],"inLanguage":"fr-FR"},{"@type":"Organization","@id":"https:\/\/drtzadeh.com\/#organization","name":"Dr. Teanoosh Zadeh - Clinique T","url":"https:\/\/drtzadeh.com\/","logo":{"@type":"ImageObject","inLanguage":"fr-FR","@id":"https:\/\/drtzadeh.com\/#\/schema\/logo\/image\/","url":"https:\/\/drtzadeh.com\/wp-content\/uploads\/2023\/01\/CLINIQUE-T-Logo.png","contentUrl":"https:\/\/drtzadeh.com\/wp-content\/uploads\/2023\/01\/CLINIQUE-T-Logo.png","width":270,"height":77,"caption":"Dr. Teanoosh Zadeh - Clinique T"},"image":{"@id":"https:\/\/drtzadeh.com\/#\/schema\/logo\/image\/"},"sameAs":["https:\/\/www.facebook.com\/drteanooshzadehMD","http:\/\/www.instagram.com\/drzadehteanoosh\/"]}]}},"_links":{"self":[{"href":"https:\/\/drtzadeh.com\/fr\/wp-json\/wp\/v2\/pages\/5144","targetHints":{"allow":["GET"]}}],"collection":[{"href":"https:\/\/drtzadeh.com\/fr\/wp-json\/wp\/v2\/pages"}],"about":[{"href":"https:\/\/drtzadeh.com\/fr\/wp-json\/wp\/v2\/types\/page"}],"author":[{"embeddable":true,"href":"https:\/\/drtzadeh.com\/fr\/wp-json\/wp\/v2\/users\/5"}],"replies":[{"embeddable":true,"href":"https:\/\/drtzadeh.com\/fr\/wp-json\/wp\/v2\/comments?post=5144"}],"version-history":[{"count":5,"href":"https:\/\/drtzadeh.com\/fr\/wp-json\/wp\/v2\/pages\/5144\/revisions"}],"predecessor-version":[{"id":7188,"href":"https:\/\/drtzadeh.com\/fr\/wp-json\/wp\/v2\/pages\/5144\/revisions\/7188"}],"up":[{"embeddable":true,"href":"https:\/\/drtzadeh.com\/fr\/wp-json\/wp\/v2\/pages\/5066"}],"wp:attachment":[{"href":"https:\/\/drtzadeh.com\/fr\/wp-json\/wp\/v2\/media?parent=5144"}],"curies":[{"name":"wp","href":"https:\/\/api.w.org\/{rel}","templated":true}]}}