{"id":5146,"date":"2022-10-26T06:23:29","date_gmt":"2022-10-26T06:23:29","guid":{"rendered":"https:\/\/drtzadeh.com\/chirurgie-et-traitements-esthetiques\/microneedling\/"},"modified":"2026-03-06T19:27:20","modified_gmt":"2026-03-06T19:27:20","slug":"microneedling","status":"publish","type":"page","link":"https:\/\/drtzadeh.com\/fr\/chirurgie-et-traitements-esthetiques\/microneedling\/","title":{"rendered":"Microneedling"},"content":{"rendered":"<p>[et_pb_section fb_built=&#8221;1&#8243; _builder_version=&#8221;4.17.4&#8243; _module_preset=&#8221;default&#8221; background_color=&#8221;gcid-d72333c4-2dcd-44de-8826-8dfc2c15db04&#8243; global_colors_info=&#8221;{%22gcid-d72333c4-2dcd-44de-8826-8dfc2c15db04%22:%91%22background_color%22%93}&#8221;][et_pb_row _builder_version=&#8221;4.17.4&#8243; _module_preset=&#8221;default&#8221; global_colors_info=&#8221;{}&#8221;][et_pb_column type=&#8221;4_4&#8243; _builder_version=&#8221;4.17.4&#8243; _module_preset=&#8221;default&#8221; global_colors_info=&#8221;{}&#8221;][et_pb_text module_class=&#8221;hero-sec-heading&#8221; _builder_version=&#8221;4.17.4&#8243; _module_preset=&#8221;default&#8221; header_font_size=&#8221;40px&#8221; custom_margin=&#8221;||0px||false|false&#8221; header_text_align_tablet=&#8221;&#8221; header_text_align_phone=&#8221;center&#8221; header_text_align_last_edited=&#8221;on|phone&#8221; header_font_size_tablet=&#8221;40px&#8221; header_font_size_phone=&#8221;34px&#8221; header_font_size_last_edited=&#8221;on|phone&#8221; global_colors_info=&#8221;{}&#8221;]<\/p>\n<h1>Microneedling<\/h1>\n<p>[\/et_pb_text][lwp_divi_breadcrumbs link_color=&#8221;gcid-5f7becaa-db42-4a27-923f-406088f8cb05&#8243; _builder_version=&#8221;4.27.4&#8243; _module_preset=&#8221;default&#8221; hover_enabled=&#8221;0&#8243; module_text_align_tablet=&#8221;&#8221; module_text_align_phone=&#8221;center&#8221; module_text_align_last_edited=&#8221;on|phone&#8221; module_font_size_tablet=&#8221;&#8221; module_font_size_phone=&#8221;16px&#8221; module_font_size_last_edited=&#8221;on|phone&#8221; global_colors_info=&#8221;{%22gcid-5f7becaa-db42-4a27-923f-406088f8cb05%22:%91%22link_color%22%93}&#8221; font_icon=&#8221;&#x35;||divi||400&#8243; sticky_enabled=&#8221;0&#8243;][\/lwp_divi_breadcrumbs][\/et_pb_column][\/et_pb_row][\/et_pb_section][et_pb_section fb_built=&#8221;1&#8243; _builder_version=&#8221;4.17.4&#8243; _module_preset=&#8221;default&#8221; global_colors_info=&#8221;{}&#8221;][et_pb_row column_structure=&#8221;2_3,1_3&#8243; _builder_version=&#8221;4.17.4&#8243; _module_preset=&#8221;default&#8221; global_colors_info=&#8221;{}&#8221;][et_pb_column type=&#8221;2_3&#8243; _builder_version=&#8221;4.17.4&#8243; _module_preset=&#8221;default&#8221; global_colors_info=&#8221;{}&#8221;][et_pb_text disabled_on=&#8221;on|on|on&#8221; _builder_version=&#8221;4.19.5&#8243; _module_preset=&#8221;default&#8221; disabled=&#8221;on&#8221; locked=&#8221;off&#8221; global_colors_info=&#8221;{}&#8221;]<\/p>\n<h2>r\u00e9sum\u00e9<\/h2>\n<p>[\/et_pb_text][et_pb_divider color=&#8221;#444444&#8243; divider_weight=&#8221;2px&#8221; disabled_on=&#8221;on|on|on&#8221; _builder_version=&#8221;4.16&#8243; _module_preset=&#8221;default&#8221; width=&#8221;100px&#8221; module_alignment=&#8221;left&#8221; custom_margin=&#8221;||15px||false|false&#8221; disabled=&#8221;on&#8221; locked=&#8221;off&#8221; global_colors_info=&#8221;{}&#8221;][\/et_pb_divider][et_pb_text module_class=&#8221;service-txt&#8221; _builder_version=&#8221;4.19.5&#8243; _module_preset=&#8221;default&#8221; text_orientation_tablet=&#8221;&#8221; text_orientation_phone=&#8221;center&#8221; text_orientation_last_edited=&#8221;on|phone&#8221; global_colors_info=&#8221;{}&#8221;]<\/p>\n<p>Le microneedling est un proc\u00e9d\u00e9 cosm\u00e9tique peu invasif utilis\u00e9 pour traiter les probl\u00e8mes de peau en stimulant la production de collag\u00e8ne. \u00c9galement connu sous le nom de th\u00e9rapie d&#8217;induction du collag\u00e8ne, ce traitement cr\u00e9e des microperforations dans la peau \u00e0 l&#8217;aide d&#8217;aiguilles miniatures st\u00e9rilis\u00e9es. Le processus de gu\u00e9rison de la peau apr\u00e8s le microneedling peut contribuer \u00e0 r\u00e9duire l&#8217;apparence des cicatrices et des taches sombres, ainsi qu&#8217;\u00e0 am\u00e9liorer l&#8217;\u00e9lasticit\u00e9 de la peau.<\/p>\n<p>[\/et_pb_text][et_pb_text _builder_version=&#8221;4.19.5&#8243; _module_preset=&#8221;default&#8221; header_2_text_align_tablet=&#8221;&#8221; header_2_text_align_phone=&#8221;center&#8221; header_2_text_align_last_edited=&#8221;on|phone&#8221; header_2_line_height_tablet=&#8221;&#8221; header_2_line_height_phone=&#8221;1.3em&#8221; header_2_line_height_last_edited=&#8221;on|phone&#8221; locked=&#8221;off&#8221; global_colors_info=&#8221;{}&#8221;]<\/p>\n<h2>Questions fr\u00e9quemment pos\u00e9es<\/h2>\n<p>[\/et_pb_text][et_pb_divider color=&#8221;#444444&#8243; divider_weight=&#8221;2px&#8221; _builder_version=&#8221;4.17.4&#8243; _module_preset=&#8221;default&#8221; width=&#8221;100px&#8221; module_alignment=&#8221;left&#8221; custom_margin=&#8221;||15px||false|false&#8221; module_alignment_tablet=&#8221;left&#8221; module_alignment_phone=&#8221;center&#8221; module_alignment_last_edited=&#8221;on|phone&#8221; locked=&#8221;off&#8221; global_colors_info=&#8221;{}&#8221;][\/et_pb_divider][et_pb_accordion open_toggle_text_color=&#8221;#333333&#8243; open_toggle_background_color=&#8221;#FFFFFF&#8221; closed_toggle_background_color=&#8221;#faf9f6&#8243; icon_color=&#8221;gcid-d72333c4-2dcd-44de-8826-8dfc2c15db04&#8243; module_id=&#8221;myfaq&#8221; module_class=&#8221;faq-list&#8221; _builder_version=&#8221;4.19.5&#8243; _module_preset=&#8221;default&#8221; toggle_font=&#8221;|700|||||||&#8221; body_font_size_tablet=&#8221;&#8221; body_font_size_phone=&#8221;16px&#8221; body_font_size_last_edited=&#8221;on|phone&#8221; global_colors_info=&#8221;{%22gcid-d72333c4-2dcd-44de-8826-8dfc2c15db04%22:%91%22icon_color%22%93}&#8221;][et_pb_accordion_item title=&#8221;Qui est un bon candidat pour le microneedling ?&#8221; _builder_version=&#8221;4.19.5&#8243; _module_preset=&#8221;default&#8221; global_colors_info=&#8221;{}&#8221; open=&#8221;on&#8221;]<\/p>\n<p>Vous pouvez \u00eatre un candidat id\u00e9al pour cette proc\u00e9dure si vous \u00eates en bonne sant\u00e9 et si vous souffrez de certaines affections cutan\u00e9es qui n&#8217;ont pas r\u00e9pondu aux traitements \u00e0 domicile ou \u00e0 d&#8217;autres types de proc\u00e9dures dermatologiques, comme les peelings chimiques.<\/p>\n<p>[\/et_pb_accordion_item][et_pb_accordion_item title=&#8221;Comment fonctionne le microneedling ?&#8221; _builder_version=&#8221;4.19.5&#8243; _module_preset=&#8221;default&#8221; global_colors_info=&#8221;{}&#8221; open=&#8221;off&#8221;]<\/p>\n<p>Le microneedling fonctionne en encourageant votre peau \u00e0 produire davantage de collag\u00e8ne. Les piq\u00fbres de la proc\u00e9dure causent une l\u00e9g\u00e8re blessure \u00e0 la peau, qui r\u00e9agit en produisant un nouveau tissu riche en collag\u00e8ne.<\/p>\n<p>Ce nouveau tissu cutan\u00e9 est plus uniforme en termes de tonalit\u00e9 et de texture. Il est courant que la peau perde du collag\u00e8ne avec l&#8217;\u00e2ge ou les blessures. En encourageant la peau \u00e0 fabriquer de nouveaux tissus, le collag\u00e8ne suppl\u00e9mentaire peut contribuer \u00e0 rendre la peau plus ferme.<\/p>\n<p>Le microneedling peut \u00e9galement \u00eatre associ\u00e9 \u00e0 des s\u00e9rums topiques, \u00e0 la radiofr\u00e9quence et au plasma riche en plaquettes. <strong>Vous pouvez ne pas \u00eatre un candidat id\u00e9al pour le microneedling si vous :<\/strong><\/p>\n<p>vous souffrez de certaines affections cutan\u00e9es, comme le psoriasis ou l&#8217;ecz\u00e9ma<br \/>vous avez des plaies ouvertes ou une acn\u00e9 active<br \/>vous avez r\u00e9cemment subi une radioth\u00e9rapie<br \/>vous avez des ant\u00e9c\u00e9dents de cicatrices cutan\u00e9es.<\/p>\n<p>Les femmes enceintes doivent \u00eatre examin\u00e9es.<\/p>\n<p>[\/et_pb_accordion_item][et_pb_accordion_item title=&#8221;\u00c0 quoi s&#8217;attendre apr\u00e8s le microneedling&#8221; _builder_version=&#8221;4.19.5&#8243; _module_preset=&#8221;default&#8221; global_colors_info=&#8221;{}&#8221; open=&#8221;off&#8221;]<\/p>\n<p>Le microneedling n&#8217;est pas aussi invasif que la chirurgie plastique, et le temps de r\u00e9cup\u00e9ration est minimal. La plupart des gens n&#8217;ont besoin que de tr\u00e8s peu de temps de r\u00e9cup\u00e9ration, voire d&#8217;aucun. Il est possible que vous remarquiez une irritation et une rougeur de la peau dans les premiers jours suivant l&#8217;intervention. Il s&#8217;agit d&#8217;une r\u00e9action naturelle aux petites &#8220;blessures&#8221; faites par les aiguilles dans votre peau. Vous pouvez retourner au travail ou \u00e0 l&#8217;\u00e9cole apr\u00e8s l&#8217;intervention si vous \u00eates \u00e0 l&#8217;aise. Il est pr\u00e9f\u00e9rable de laisser votre peau gu\u00e9rir avant de vous maquiller.<\/p>\n<p>Cependant, une fois le temps n\u00e9cessaire \u00e9coul\u00e9, un maquillage camouflant peut aider \u00e0 dissimuler les rougeurs lorsqu&#8217;elles se dissipent. Votre peau sera \u00e9galement plus sensible au soleil, veillez donc \u00e0 appliquer un \u00e9cran solaire. Il est toutefois recommand\u00e9 d&#8217;attendre une semaine avant d&#8217;exposer votre peau au soleil et aux produits chimiques agressifs. Apr\u00e8s le microneedling, votre peau travaille assez rapidement pour rajeunir les nouveaux tissus. En th\u00e9orie, vous devriez voir des r\u00e9sultats en quelques semaines.<\/p>\n<p>[\/et_pb_accordion_item][et_pb_accordion_item title=&#8221;Quel est le soin optimal pour la peau apr\u00e8s le microneedling ?&#8221; _builder_version=&#8221;4.19.5&#8243; _module_preset=&#8221;default&#8221; global_colors_info=&#8221;{}&#8221; open=&#8221;off&#8221;]<\/p>\n<p>\u00c9tant donn\u00e9 que les canaux cutan\u00e9s sont ouverts et sensibles apr\u00e8s l&#8217;intervention, il est pr\u00e9f\u00e9rable d&#8217;\u00e9viter les \u00e9l\u00e9ments suivants pendant la premi\u00e8re semaine de r\u00e9cup\u00e9ration :<\/p>\n<ul>\n<li>L&#8217;exposition au soleil<\/li>\n<li>Les produits de soins de la peau contenant des acides alpha-hydroxy et du r\u00e9tinol<\/li>\n<li>Le maquillage<\/li>\n<li>La transpiration<\/li>\n<\/ul>\n<p>Vous pouvez aider votre peau \u00e0 gu\u00e9rir apr\u00e8s le microneedling en<\/p>\n<ul>\n<li>En restant hydrat\u00e9<\/li>\n<li>En utilisant un s\u00e9rum antioxydant<\/li>\n<li>Utiliser un masque rafra\u00eechissant<\/li>\n<li>Utiliser des peptides stimulant le collag\u00e8ne<\/li>\n<\/ul>\n<p>[\/et_pb_accordion_item][et_pb_accordion_item title=&#8221;Quel est le co\u00fbt du microneedling ?&#8221; open=&#8221;off&#8221; _builder_version=&#8221;4.19.5&#8243; _module_preset=&#8221;default&#8221; global_colors_info=&#8221;{}&#8221;]<\/p>\n<p><strong>Visage complet<\/strong> $300.00<br \/><strong>Cou<\/strong> $300.00<br \/><strong>Visage complet et cou<\/strong> $400.00<br \/><strong>Forfait (3 traitements)<\/strong> $750.00<\/p>\n<p>&nbsp;<\/p>\n<p>[\/et_pb_accordion_item][\/et_pb_accordion][\/et_pb_column][et_pb_column type=&#8221;1_3&#8243; _builder_version=&#8221;4.17.4&#8243; _module_preset=&#8221;default&#8221; global_colors_info=&#8221;{}&#8221;][et_pb_sidebar area=&#8221;et_pb_widget_area_1&#8243; _builder_version=&#8221;4.17.4&#8243; _module_preset=&#8221;default&#8221; global_colors_info=&#8221;{}&#8221;][\/et_pb_sidebar][\/et_pb_column][\/et_pb_row][\/et_pb_section]<\/p>\n","protected":false},"excerpt":{"rendered":"<p>Microneedling<div class=\"et_pb_module lwp_divi_breadcrumbs lwp_divi_breadcrumbs_0\">\n\t\t\t\t\n\t\t\t\t\n\t\t\t\t\n\t\t\t\t\n\t\t\t\t\n\t\t\t\t\n\t\t\t\t<div class=\"et_pb_module_inner\">\n\t\t\t\t\t<div class=\"lwp-breadcrumbs\"> <span class=\"before\"><\/span> <span><span property=\"itemListElement\" typeof=\"ListItem\"><a property=\"item\" typeof=\"WebPage\" href=\"https:\/\/drtzadeh.com\/fr\/\" class=\"home\"><span property=\"name\">Accueil<\/span><\/a><meta property=\"position\" content=\"1\"><\/span> <span class=\"separator et-pb-icon\">&#x35;<\/span> <\/span><\/div>\n\t\t\t\t<\/div>\n\t\t\t<\/div>r\u00e9sum\u00e9Le microneedling est un proc\u00e9d\u00e9 cosm\u00e9tique peu invasif utilis\u00e9 pour traiter les probl\u00e8mes de peau en stimulant la production de collag\u00e8ne. \u00c9galement connu sous le nom de th\u00e9rapie d&#8217;induction du collag\u00e8ne, ce traitement cr\u00e9e des microperforations dans la peau \u00e0 l&#8217;aide d&#8217;aiguilles [&hellip;]<\/p>\n","protected":false},"author":5,"featured_media":0,"parent":5066,"menu_order":0,"comment_status":"closed","ping_status":"closed","template":"","meta":{"_et_pb_use_builder":"on","_et_pb_old_content":"","_et_gb_content_width":"","footnotes":""},"class_list":["post-5146","page","type-page","status-publish","hentry"],"yoast_head":"<!-- This site is optimized with the Yoast SEO plugin v25.7 - https:\/\/yoast.com\/wordpress\/plugins\/seo\/ -->\n<title>Microneedling - Dr. Teanoosh Zadeh - Clinique T Montreal<\/title>\n<meta name=\"robots\" content=\"index, follow, max-snippet:-1, max-image-preview:large, max-video-preview:-1\" \/>\n<link rel=\"canonical\" href=\"https:\/\/drtzadeh.com\/fr\/chirurgie-et-traitements-esthetiques\/microneedling\/\" \/>\n<meta property=\"og:locale\" content=\"fr_FR\" \/>\n<meta property=\"og:type\" content=\"article\" \/>\n<meta property=\"og:title\" content=\"Microneedling - Dr. Teanoosh Zadeh - Clinique T Montreal\" \/>\n<meta property=\"og:description\" content=\"Microneedlingr\u00e9sum\u00e9Le microneedling est un proc\u00e9d\u00e9 cosm\u00e9tique peu invasif utilis\u00e9 pour traiter les probl\u00e8mes de peau en stimulant la production de collag\u00e8ne. \u00c9galement connu sous le nom de th\u00e9rapie d&#039;induction du collag\u00e8ne, ce traitement cr\u00e9e des microperforations dans la peau \u00e0 l&#039;aide d&#039;aiguilles [&hellip;]\" \/>\n<meta property=\"og:url\" content=\"https:\/\/drtzadeh.com\/fr\/chirurgie-et-traitements-esthetiques\/microneedling\/\" \/>\n<meta property=\"og:site_name\" content=\"Dr. Teanoosh Zadeh - Clinique T\" \/>\n<meta property=\"article:publisher\" content=\"https:\/\/www.facebook.com\/drteanooshzadehMD\" \/>\n<meta property=\"article:modified_time\" content=\"2026-03-06T19:27:20+00:00\" \/>\n<meta name=\"twitter:label1\" content=\"Dur\u00e9e de lecture estim\u00e9e\" \/>\n\t<meta name=\"twitter:data1\" content=\"4 minutes\" \/>\n<!-- \/ Yoast SEO plugin. -->","yoast_head_json":{"title":"Microneedling - Dr. Teanoosh Zadeh - Clinique T Montreal","robots":{"index":"index","follow":"follow","max-snippet":"max-snippet:-1","max-image-preview":"max-image-preview:large","max-video-preview":"max-video-preview:-1"},"canonical":"https:\/\/drtzadeh.com\/fr\/chirurgie-et-traitements-esthetiques\/microneedling\/","og_locale":"fr_FR","og_type":"article","og_title":"Microneedling - Dr. Teanoosh Zadeh - Clinique T Montreal","og_description":"Microneedlingr\u00e9sum\u00e9Le microneedling est un proc\u00e9d\u00e9 cosm\u00e9tique peu invasif utilis\u00e9 pour traiter les probl\u00e8mes de peau en stimulant la production de collag\u00e8ne. \u00c9galement connu sous le nom de th\u00e9rapie d'induction du collag\u00e8ne, ce traitement cr\u00e9e des microperforations dans la peau \u00e0 l'aide d'aiguilles [&hellip;]","og_url":"https:\/\/drtzadeh.com\/fr\/chirurgie-et-traitements-esthetiques\/microneedling\/","og_site_name":"Dr. Teanoosh Zadeh - Clinique T","article_publisher":"https:\/\/www.facebook.com\/drteanooshzadehMD","article_modified_time":"2026-03-06T19:27:20+00:00","twitter_misc":{"Dur\u00e9e de lecture estim\u00e9e":"4 minutes"},"schema":{"@context":"https:\/\/schema.org","@graph":[{"@type":"WebPage","@id":"https:\/\/drtzadeh.com\/fr\/chirurgie-et-traitements-esthetiques\/microneedling\/","url":"https:\/\/drtzadeh.com\/fr\/chirurgie-et-traitements-esthetiques\/microneedling\/","name":"Microneedling - Dr. Teanoosh Zadeh - Clinique T Montreal","isPartOf":{"@id":"https:\/\/drtzadeh.com\/#website"},"datePublished":"2022-10-26T06:23:29+00:00","dateModified":"2026-03-06T19:27:20+00:00","breadcrumb":{"@id":"https:\/\/drtzadeh.com\/fr\/chirurgie-et-traitements-esthetiques\/microneedling\/#breadcrumb"},"inLanguage":"fr-FR","potentialAction":[{"@type":"ReadAction","target":["https:\/\/drtzadeh.com\/fr\/chirurgie-et-traitements-esthetiques\/microneedling\/"]}]},{"@type":"BreadcrumbList","@id":"https:\/\/drtzadeh.com\/fr\/chirurgie-et-traitements-esthetiques\/microneedling\/#breadcrumb","itemListElement":[{"@type":"ListItem","position":1,"name":"Home","item":"https:\/\/drtzadeh.com\/"},{"@type":"ListItem","position":2,"name":"Chirurgie et Traitements Esth\u00e9tiques","item":"https:\/\/drtzadeh.com\/fr\/chirurgie-et-traitements-esthetiques\/"},{"@type":"ListItem","position":3,"name":"Microneedling"}]},{"@type":"WebSite","@id":"https:\/\/drtzadeh.com\/#website","url":"https:\/\/drtzadeh.com\/","name":"Dr. Teanoosh Zadeh - Clinique T","description":"Experienced &amp; Certified Montreal Plastic Surgeon","publisher":{"@id":"https:\/\/drtzadeh.com\/#organization"},"potentialAction":[{"@type":"SearchAction","target":{"@type":"EntryPoint","urlTemplate":"https:\/\/drtzadeh.com\/?s={search_term_string}"},"query-input":{"@type":"PropertyValueSpecification","valueRequired":true,"valueName":"search_term_string"}}],"inLanguage":"fr-FR"},{"@type":"Organization","@id":"https:\/\/drtzadeh.com\/#organization","name":"Dr. Teanoosh Zadeh - Clinique T","url":"https:\/\/drtzadeh.com\/","logo":{"@type":"ImageObject","inLanguage":"fr-FR","@id":"https:\/\/drtzadeh.com\/#\/schema\/logo\/image\/","url":"https:\/\/drtzadeh.com\/wp-content\/uploads\/2023\/01\/CLINIQUE-T-Logo.png","contentUrl":"https:\/\/drtzadeh.com\/wp-content\/uploads\/2023\/01\/CLINIQUE-T-Logo.png","width":270,"height":77,"caption":"Dr. Teanoosh Zadeh - Clinique T"},"image":{"@id":"https:\/\/drtzadeh.com\/#\/schema\/logo\/image\/"},"sameAs":["https:\/\/www.facebook.com\/drteanooshzadehMD","http:\/\/www.instagram.com\/drzadehteanoosh\/"]}]}},"_links":{"self":[{"href":"https:\/\/drtzadeh.com\/fr\/wp-json\/wp\/v2\/pages\/5146","targetHints":{"allow":["GET"]}}],"collection":[{"href":"https:\/\/drtzadeh.com\/fr\/wp-json\/wp\/v2\/pages"}],"about":[{"href":"https:\/\/drtzadeh.com\/fr\/wp-json\/wp\/v2\/types\/page"}],"author":[{"embeddable":true,"href":"https:\/\/drtzadeh.com\/fr\/wp-json\/wp\/v2\/users\/5"}],"replies":[{"embeddable":true,"href":"https:\/\/drtzadeh.com\/fr\/wp-json\/wp\/v2\/comments?post=5146"}],"version-history":[{"count":2,"href":"https:\/\/drtzadeh.com\/fr\/wp-json\/wp\/v2\/pages\/5146\/revisions"}],"predecessor-version":[{"id":7065,"href":"https:\/\/drtzadeh.com\/fr\/wp-json\/wp\/v2\/pages\/5146\/revisions\/7065"}],"up":[{"embeddable":true,"href":"https:\/\/drtzadeh.com\/fr\/wp-json\/wp\/v2\/pages\/5066"}],"wp:attachment":[{"href":"https:\/\/drtzadeh.com\/fr\/wp-json\/wp\/v2\/media?parent=5146"}],"curies":[{"name":"wp","href":"https:\/\/api.w.org\/{rel}","templated":true}]}}