{"id":5147,"date":"2022-10-22T05:43:34","date_gmt":"2022-10-22T05:43:34","guid":{"rendered":"https:\/\/drtzadeh.com\/chirurgie-et-traitements-esthetiques\/mommy-makeover\/"},"modified":"2026-03-06T19:53:41","modified_gmt":"2026-03-06T19:53:41","slug":"transformation-dune-maman","status":"publish","type":"page","link":"https:\/\/drtzadeh.com\/fr\/chirurgie-et-traitements-esthetiques\/transformation-dune-maman\/","title":{"rendered":"Transformation d&#8217;une maman"},"content":{"rendered":"<p>[et_pb_section fb_built=&#8221;1&#8243; _builder_version=&#8221;4.17.4&#8243; _module_preset=&#8221;default&#8221; background_color=&#8221;gcid-d72333c4-2dcd-44de-8826-8dfc2c15db04&#8243; global_colors_info=&#8221;{%22gcid-d72333c4-2dcd-44de-8826-8dfc2c15db04%22:%91%22background_color%22%93}&#8221;][et_pb_row _builder_version=&#8221;4.17.4&#8243; _module_preset=&#8221;default&#8221; global_colors_info=&#8221;{}&#8221;][et_pb_column type=&#8221;4_4&#8243; _builder_version=&#8221;4.17.4&#8243; _module_preset=&#8221;default&#8221; global_colors_info=&#8221;{}&#8221;][et_pb_text module_class=&#8221;hero-sec-heading&#8221; _builder_version=&#8221;4.19.5&#8243; _module_preset=&#8221;default&#8221; header_font_size=&#8221;40px&#8221; custom_margin=&#8221;||0px||false|false&#8221; header_text_align_tablet=&#8221;&#8221; header_text_align_phone=&#8221;center&#8221; header_text_align_last_edited=&#8221;on|phone&#8221; header_font_size_tablet=&#8221;40px&#8221; header_font_size_phone=&#8221;34px&#8221; header_font_size_last_edited=&#8221;on|phone&#8221; global_colors_info=&#8221;{}&#8221;]<\/p>\n<h1>Transformation d&#8217;une maman<\/h1>\n<p>[\/et_pb_text][lwp_divi_breadcrumbs link_color=&#8221;gcid-5f7becaa-db42-4a27-923f-406088f8cb05&#8243; _builder_version=&#8221;4.27.4&#8243; _module_preset=&#8221;default&#8221; hover_enabled=&#8221;0&#8243; module_text_align_tablet=&#8221;&#8221; module_text_align_phone=&#8221;center&#8221; module_text_align_last_edited=&#8221;on|phone&#8221; module_font_size_tablet=&#8221;&#8221; module_font_size_phone=&#8221;16px&#8221; module_font_size_last_edited=&#8221;on|phone&#8221; global_colors_info=&#8221;{%22gcid-5f7becaa-db42-4a27-923f-406088f8cb05%22:%91%22link_color%22%93}&#8221; font_icon=&#8221;&#x35;||divi||400&#8243; sticky_enabled=&#8221;0&#8243;][\/lwp_divi_breadcrumbs][\/et_pb_column][\/et_pb_row][\/et_pb_section][et_pb_section fb_built=&#8221;1&#8243; _builder_version=&#8221;4.17.4&#8243; _module_preset=&#8221;default&#8221; global_colors_info=&#8221;{}&#8221;][et_pb_row column_structure=&#8221;2_3,1_3&#8243; _builder_version=&#8221;4.17.4&#8243; _module_preset=&#8221;default&#8221; global_colors_info=&#8221;{}&#8221;][et_pb_column type=&#8221;2_3&#8243; _builder_version=&#8221;4.17.4&#8243; _module_preset=&#8221;default&#8221; global_colors_info=&#8221;{}&#8221;][et_pb_text disabled_on=&#8221;on|on|on&#8221; _builder_version=&#8221;4.19.5&#8243; _module_preset=&#8221;default&#8221; disabled=&#8221;on&#8221; locked=&#8221;off&#8221; global_colors_info=&#8221;{}&#8221;]<\/p>\n<h2>r\u00e9sum\u00e9<\/h2>\n<p>[\/et_pb_text][et_pb_divider color=&#8221;#444444&#8243; divider_weight=&#8221;2px&#8221; disabled_on=&#8221;on|on|on&#8221; _builder_version=&#8221;4.16&#8243; _module_preset=&#8221;default&#8221; width=&#8221;100px&#8221; module_alignment=&#8221;left&#8221; custom_margin=&#8221;||15px||false|false&#8221; disabled=&#8221;on&#8221; locked=&#8221;off&#8221; global_colors_info=&#8221;{}&#8221;][\/et_pb_divider][et_pb_text _builder_version=&#8221;4.19.5&#8243; _module_preset=&#8221;default&#8221; text_orientation_tablet=&#8221;&#8221; text_orientation_phone=&#8221;center&#8221; text_orientation_last_edited=&#8221;on|phone&#8221; global_colors_info=&#8221;{}&#8221;]<\/p>\n<p>Le but d&#8217;une <strong>transformation d&#8217;une maman<\/strong> est de restaurer la forme et l&#8217;apparence du corps d&#8217;une femme apr\u00e8s l&#8217;accouchement. De nombreuses femmes remarquent des changements dans leur corps apr\u00e8s la grossesse. De nombreuses zones du corps peuvent \u00eatre trait\u00e9es, le plus souvent les seins, l&#8217;abdomen, la taille, les organes g\u00e9nitaux et les fesses.<\/p>\n<p>Une transformation de la maman est g\u00e9n\u00e9ralement effectu\u00e9e en une seule \u00e9tape. De nombreuses techniques sont utilis\u00e9es pour r\u00e9aliser une transformation de maman, et de nombreux facteurs doivent \u00eatre pris en consid\u00e9ration pour choisir les meilleures techniques :<\/p>\n<p>[\/et_pb_text][et_pb_text module_class=&#8221;service-list&#8221; _builder_version=&#8221;4.19.5&#8243; _module_preset=&#8221;default&#8221; global_colors_info=&#8221;{}&#8221;]<\/p>\n<ul>\n<li>Quantit\u00e9 de restauration souhait\u00e9e<\/li>\n<li>Placement des incisions<\/li>\n<li>Type d&#8217;implant utilis\u00e9<\/li>\n<\/ul>\n<p>[\/et_pb_text][et_pb_gallery gallery_ids=&#8221;5701,5695,3612,3616,3617,5699,5704&#8243; fullwidth=&#8221;on&#8221; _builder_version=&#8221;4.21.0&#8243; _module_preset=&#8221;default&#8221; max_width=&#8221;75%&#8221; max_width_tablet=&#8221;&#8221; max_width_phone=&#8221;&#8221; max_width_last_edited=&#8221;on|desktop&#8221; module_alignment=&#8221;left&#8221; dbdb_version=&#8221;4.8.1&#8243; global_colors_info=&#8221;{}&#8221;][\/et_pb_gallery][et_pb_text admin_label=&#8221;Frequently Asked Questions&#8221; _builder_version=&#8221;4.19.5&#8243; _module_preset=&#8221;default&#8221; header_2_text_align_tablet=&#8221;&#8221; header_2_text_align_phone=&#8221;center&#8221; header_2_text_align_last_edited=&#8221;on|phone&#8221; header_2_line_height_tablet=&#8221;&#8221; header_2_line_height_phone=&#8221;1.3em&#8221; header_2_line_height_last_edited=&#8221;on|phone&#8221; locked=&#8221;off&#8221; global_colors_info=&#8221;{}&#8221;]<\/p>\n<h2>Questions fr\u00e9quemment pos\u00e9es<\/h2>\n<p>[\/et_pb_text][et_pb_divider color=&#8221;#444444&#8243; divider_weight=&#8221;2px&#8221; _builder_version=&#8221;4.17.4&#8243; _module_preset=&#8221;default&#8221; width=&#8221;100px&#8221; module_alignment=&#8221;left&#8221; custom_margin=&#8221;||15px||false|false&#8221; module_alignment_tablet=&#8221;left&#8221; module_alignment_phone=&#8221;center&#8221; module_alignment_last_edited=&#8221;on|phone&#8221; locked=&#8221;off&#8221; global_colors_info=&#8221;{}&#8221;][\/et_pb_divider][et_pb_accordion open_toggle_text_color=&#8221;#333333&#8243; open_toggle_background_color=&#8221;#FFFFFF&#8221; closed_toggle_background_color=&#8221;#faf9f6&#8243; icon_color=&#8221;gcid-d72333c4-2dcd-44de-8826-8dfc2c15db04&#8243; module_id=&#8221;myfaq&#8221; module_class=&#8221;faq-list&#8221; _builder_version=&#8221;4.19.5&#8243; _module_preset=&#8221;default&#8221; toggle_font=&#8221;|700|||||||&#8221; global_colors_info=&#8221;{%22gcid-d72333c4-2dcd-44de-8826-8dfc2c15db04%22:%91%22icon_color%22%93}&#8221;][et_pb_accordion_item title=&#8221;Quelles sont les proc\u00e9dures possibles dans une transformation de la maman ?&#8221; open=&#8221;on&#8221; _builder_version=&#8221;4.19.5&#8243; _module_preset=&#8221;default&#8221; global_colors_info=&#8221;{}&#8221;]<\/p>\n<ul>\n<li>Augmentation mammaire<\/li>\n<li>Lifting des seins<\/li>\n<li>Augmentation des fesses\/ Lifting des fesses \u00e0 la br\u00e9silienne<\/li>\n<li>Labiaplastie<\/li>\n<li>Liposuccion<\/li>\n<li>Plastie abdominale<\/li>\n<\/ul>\n<p>[\/et_pb_accordion_item][et_pb_accordion_item title=&#8221;Qui est un bon candidat pour une transformation de la maman ?&#8221; _builder_version=&#8221;4.19.5&#8243; _module_preset=&#8221;default&#8221; global_colors_info=&#8221;{}&#8221; open=&#8221;off&#8221;]<\/p>\n<ul>\n<li>Vous \u00eates en bonne sant\u00e9<\/li>\n<li>Vous \u00eates \u00e0 votre poids id\u00e9al<\/li>\n<li>Vous avez une vision positive et des attentes r\u00e9alistes<\/li>\n<li>Vous n&#8217;\u00eates plus en \u00e2ge de procr\u00e9er<\/li>\n<\/ul>\n<p>[\/et_pb_accordion_item][et_pb_accordion_item title=&#8221;Combien co\u00fbte une transformation de maman ?&#8221; _builder_version=&#8221;4.19.5&#8243; _module_preset=&#8221;default&#8221; global_colors_info=&#8221;{}&#8221; open=&#8221;off&#8221;]<\/p>\n<p>Le co\u00fbt final de vos traitements sera calcul\u00e9 sur une base individuelle en fonction de vos besoins. En fonction de la proc\u00e9dure que vous souhaitez entreprendre, il peut \u00e9galement s&#8217;agir d&#8217;une combinaison de plusieurs.<\/p>\n<p>*Pour de plus amples informations, veuillez consulter la section des diff\u00e9rentes mati\u00e8res sur notre site web.<\/p>\n<p>[\/et_pb_accordion_item][\/et_pb_accordion][et_pb_code _builder_version=&#8221;4.17.4&#8243; _module_preset=&#8221;default&#8221; global_colors_info=&#8221;{}&#8221;]<script><!-- [et_pb_line_break_holder] -->jQuery(document).ready(function(){<!-- [et_pb_line_break_holder] -->  jQuery(\"button\").click(function(){<!-- [et_pb_line_break_holder] -->    jQuery(\"#div1\").fadeIn();<!-- [et_pb_line_break_holder] -->   <!-- [et_pb_line_break_holder] -->  });<!-- [et_pb_line_break_holder] -->});<!-- [et_pb_line_break_holder] --><\/script>[\/et_pb_code][et_pb_text _builder_version=&#8221;4.17.4&#8243; _module_preset=&#8221;default&#8221; global_colors_info=&#8221;{}&#8221;][\/et_pb_text][\/et_pb_column][et_pb_column type=&#8221;1_3&#8243; _builder_version=&#8221;4.17.4&#8243; _module_preset=&#8221;default&#8221; global_colors_info=&#8221;{}&#8221;][et_pb_sidebar area=&#8221;et_pb_widget_area_1&#8243; _builder_version=&#8221;4.17.4&#8243; _module_preset=&#8221;default&#8221; global_colors_info=&#8221;{}&#8221;][\/et_pb_sidebar][\/et_pb_column][\/et_pb_row][\/et_pb_section]<\/p>\n","protected":false},"excerpt":{"rendered":"<p>Transformation d&#8217;une maman<div class=\"et_pb_module lwp_divi_breadcrumbs lwp_divi_breadcrumbs_0\">\n\t\t\t\t\n\t\t\t\t\n\t\t\t\t\n\t\t\t\t\n\t\t\t\t\n\t\t\t\t\n\t\t\t\t<div class=\"et_pb_module_inner\">\n\t\t\t\t\t<div class=\"lwp-breadcrumbs\"> <span class=\"before\"><\/span> <span><span property=\"itemListElement\" typeof=\"ListItem\"><a property=\"item\" typeof=\"WebPage\" href=\"https:\/\/drtzadeh.com\/fr\/\" class=\"home\"><span property=\"name\">Accueil<\/span><\/a><meta property=\"position\" content=\"1\"><\/span> <span class=\"separator et-pb-icon\">&#x35;<\/span> <\/span><\/div>\n\t\t\t\t<\/div>\n\t\t\t<\/div>r\u00e9sum\u00e9Le but d&#8217;une transformation d&#8217;une maman est de restaurer la forme et l&#8217;apparence du corps d&#8217;une femme apr\u00e8s l&#8217;accouchement. De nombreuses femmes remarquent des changements dans leur corps apr\u00e8s la grossesse. De nombreuses zones du corps peuvent \u00eatre trait\u00e9es, le [&hellip;]<\/p>\n","protected":false},"author":5,"featured_media":0,"parent":5066,"menu_order":0,"comment_status":"closed","ping_status":"closed","template":"","meta":{"_et_pb_use_builder":"on","_et_pb_old_content":"","_et_gb_content_width":"","footnotes":""},"class_list":["post-5147","page","type-page","status-publish","hentry"],"yoast_head":"<!-- This site is optimized with the Yoast SEO plugin v25.7 - https:\/\/yoast.com\/wordpress\/plugins\/seo\/ -->\n<title>Transformation d&#039;une maman - Dr. Teanoosh Zadeh - Clinique T Montreal<\/title>\n<meta name=\"robots\" content=\"index, follow, max-snippet:-1, max-image-preview:large, max-video-preview:-1\" \/>\n<link rel=\"canonical\" href=\"https:\/\/drtzadeh.com\/fr\/chirurgie-et-traitements-esthetiques\/transformation-dune-maman\/\" \/>\n<meta property=\"og:locale\" content=\"fr_FR\" \/>\n<meta property=\"og:type\" content=\"article\" \/>\n<meta property=\"og:title\" content=\"Transformation d&#039;une maman - Dr. Teanoosh Zadeh - Clinique T Montreal\" \/>\n<meta property=\"og:description\" content=\"Transformation d&#039;une mamanr\u00e9sum\u00e9Le but d&#039;une transformation d&#039;une maman est de restaurer la forme et l&#039;apparence du corps d&#039;une femme apr\u00e8s l&#039;accouchement. De nombreuses femmes remarquent des changements dans leur corps apr\u00e8s la grossesse. De nombreuses zones du corps peuvent \u00eatre trait\u00e9es, le [&hellip;]\" \/>\n<meta property=\"og:url\" content=\"https:\/\/drtzadeh.com\/fr\/chirurgie-et-traitements-esthetiques\/transformation-dune-maman\/\" \/>\n<meta property=\"og:site_name\" content=\"Dr. Teanoosh Zadeh - Clinique T\" \/>\n<meta property=\"article:publisher\" content=\"https:\/\/www.facebook.com\/drteanooshzadehMD\" \/>\n<meta property=\"article:modified_time\" content=\"2026-03-06T19:53:41+00:00\" \/>\n<meta name=\"twitter:label1\" content=\"Dur\u00e9e de lecture estim\u00e9e\" \/>\n\t<meta name=\"twitter:data1\" content=\"4 minutes\" \/>\n<!-- \/ Yoast SEO plugin. -->","yoast_head_json":{"title":"Transformation d'une maman - Dr. Teanoosh Zadeh - Clinique T Montreal","robots":{"index":"index","follow":"follow","max-snippet":"max-snippet:-1","max-image-preview":"max-image-preview:large","max-video-preview":"max-video-preview:-1"},"canonical":"https:\/\/drtzadeh.com\/fr\/chirurgie-et-traitements-esthetiques\/transformation-dune-maman\/","og_locale":"fr_FR","og_type":"article","og_title":"Transformation d'une maman - Dr. Teanoosh Zadeh - Clinique T Montreal","og_description":"Transformation d'une mamanr\u00e9sum\u00e9Le but d'une transformation d'une maman est de restaurer la forme et l'apparence du corps d'une femme apr\u00e8s l'accouchement. De nombreuses femmes remarquent des changements dans leur corps apr\u00e8s la grossesse. De nombreuses zones du corps peuvent \u00eatre trait\u00e9es, le [&hellip;]","og_url":"https:\/\/drtzadeh.com\/fr\/chirurgie-et-traitements-esthetiques\/transformation-dune-maman\/","og_site_name":"Dr. Teanoosh Zadeh - Clinique T","article_publisher":"https:\/\/www.facebook.com\/drteanooshzadehMD","article_modified_time":"2026-03-06T19:53:41+00:00","twitter_misc":{"Dur\u00e9e de lecture estim\u00e9e":"4 minutes"},"schema":{"@context":"https:\/\/schema.org","@graph":[{"@type":"WebPage","@id":"https:\/\/drtzadeh.com\/fr\/chirurgie-et-traitements-esthetiques\/transformation-dune-maman\/","url":"https:\/\/drtzadeh.com\/fr\/chirurgie-et-traitements-esthetiques\/transformation-dune-maman\/","name":"Transformation d'une maman - Dr. Teanoosh Zadeh - Clinique T Montreal","isPartOf":{"@id":"https:\/\/drtzadeh.com\/#website"},"datePublished":"2022-10-22T05:43:34+00:00","dateModified":"2026-03-06T19:53:41+00:00","breadcrumb":{"@id":"https:\/\/drtzadeh.com\/fr\/chirurgie-et-traitements-esthetiques\/transformation-dune-maman\/#breadcrumb"},"inLanguage":"fr-FR","potentialAction":[{"@type":"ReadAction","target":["https:\/\/drtzadeh.com\/fr\/chirurgie-et-traitements-esthetiques\/transformation-dune-maman\/"]}]},{"@type":"BreadcrumbList","@id":"https:\/\/drtzadeh.com\/fr\/chirurgie-et-traitements-esthetiques\/transformation-dune-maman\/#breadcrumb","itemListElement":[{"@type":"ListItem","position":1,"name":"Home","item":"https:\/\/drtzadeh.com\/"},{"@type":"ListItem","position":2,"name":"Chirurgie et Traitements Esth\u00e9tiques","item":"https:\/\/drtzadeh.com\/fr\/chirurgie-et-traitements-esthetiques\/"},{"@type":"ListItem","position":3,"name":"Transformation d&#8217;une maman"}]},{"@type":"WebSite","@id":"https:\/\/drtzadeh.com\/#website","url":"https:\/\/drtzadeh.com\/","name":"Dr. Teanoosh Zadeh - Clinique T","description":"Experienced &amp; Certified Montreal Plastic Surgeon","publisher":{"@id":"https:\/\/drtzadeh.com\/#organization"},"potentialAction":[{"@type":"SearchAction","target":{"@type":"EntryPoint","urlTemplate":"https:\/\/drtzadeh.com\/?s={search_term_string}"},"query-input":{"@type":"PropertyValueSpecification","valueRequired":true,"valueName":"search_term_string"}}],"inLanguage":"fr-FR"},{"@type":"Organization","@id":"https:\/\/drtzadeh.com\/#organization","name":"Dr. Teanoosh Zadeh - Clinique T","url":"https:\/\/drtzadeh.com\/","logo":{"@type":"ImageObject","inLanguage":"fr-FR","@id":"https:\/\/drtzadeh.com\/#\/schema\/logo\/image\/","url":"https:\/\/drtzadeh.com\/wp-content\/uploads\/2023\/01\/CLINIQUE-T-Logo.png","contentUrl":"https:\/\/drtzadeh.com\/wp-content\/uploads\/2023\/01\/CLINIQUE-T-Logo.png","width":270,"height":77,"caption":"Dr. Teanoosh Zadeh - Clinique T"},"image":{"@id":"https:\/\/drtzadeh.com\/#\/schema\/logo\/image\/"},"sameAs":["https:\/\/www.facebook.com\/drteanooshzadehMD","http:\/\/www.instagram.com\/drzadehteanoosh\/"]}]}},"_links":{"self":[{"href":"https:\/\/drtzadeh.com\/fr\/wp-json\/wp\/v2\/pages\/5147","targetHints":{"allow":["GET"]}}],"collection":[{"href":"https:\/\/drtzadeh.com\/fr\/wp-json\/wp\/v2\/pages"}],"about":[{"href":"https:\/\/drtzadeh.com\/fr\/wp-json\/wp\/v2\/types\/page"}],"author":[{"embeddable":true,"href":"https:\/\/drtzadeh.com\/fr\/wp-json\/wp\/v2\/users\/5"}],"replies":[{"embeddable":true,"href":"https:\/\/drtzadeh.com\/fr\/wp-json\/wp\/v2\/comments?post=5147"}],"version-history":[{"count":4,"href":"https:\/\/drtzadeh.com\/fr\/wp-json\/wp\/v2\/pages\/5147\/revisions"}],"predecessor-version":[{"id":7185,"href":"https:\/\/drtzadeh.com\/fr\/wp-json\/wp\/v2\/pages\/5147\/revisions\/7185"}],"up":[{"embeddable":true,"href":"https:\/\/drtzadeh.com\/fr\/wp-json\/wp\/v2\/pages\/5066"}],"wp:attachment":[{"href":"https:\/\/drtzadeh.com\/fr\/wp-json\/wp\/v2\/media?parent=5147"}],"curies":[{"name":"wp","href":"https:\/\/api.w.org\/{rel}","templated":true}]}}