{"id":5149,"date":"2022-10-25T07:53:16","date_gmt":"2022-10-25T07:53:16","guid":{"rendered":"https:\/\/drtzadeh.com\/chirurgie-et-traitements-esthetiques\/necklift-lower-rhytidectomy\/"},"modified":"2026-03-06T19:21:57","modified_gmt":"2026-03-06T19:21:57","slug":"lifting-du-cou","status":"publish","type":"page","link":"https:\/\/drtzadeh.com\/fr\/chirurgie-et-traitements-esthetiques\/lifting-du-cou\/","title":{"rendered":"Lifting du cou"},"content":{"rendered":"<p>[et_pb_section fb_built=&#8221;1&#8243; _builder_version=&#8221;4.17.4&#8243; _module_preset=&#8221;default&#8221; background_color=&#8221;gcid-d72333c4-2dcd-44de-8826-8dfc2c15db04&#8243; global_colors_info=&#8221;{%22gcid-d72333c4-2dcd-44de-8826-8dfc2c15db04%22:%91%22background_color%22%93}&#8221;][et_pb_row _builder_version=&#8221;4.17.4&#8243; _module_preset=&#8221;default&#8221; global_colors_info=&#8221;{%22gcid-5f7becaa-db42-4a27-923f-406088f8cb05%22:%91%22link_color%22%93}&#8221;][et_pb_column type=&#8221;4_4&#8243; _builder_version=&#8221;4.17.4&#8243; _module_preset=&#8221;default&#8221; global_colors_info=&#8221;{}&#8221;][et_pb_text module_class=&#8221;hero-sec-heading&#8221; _builder_version=&#8221;4.17.4&#8243; _module_preset=&#8221;default&#8221; header_font_size=&#8221;40px&#8221; custom_margin=&#8221;||0px||false|false&#8221; header_text_align_tablet=&#8221;&#8221; header_text_align_phone=&#8221;center&#8221; header_text_align_last_edited=&#8221;on|phone&#8221; header_font_size_tablet=&#8221;40px&#8221; header_font_size_phone=&#8221;34px&#8221; header_font_size_last_edited=&#8221;on|phone&#8221; global_colors_info=&#8221;{}&#8221;]<\/p>\n<h1>Lifting du cou<\/h1>\n<p>[\/et_pb_text][lwp_divi_breadcrumbs link_color=&#8221;gcid-5f7becaa-db42-4a27-923f-406088f8cb05&#8243; _builder_version=&#8221;4.27.4&#8243; _module_preset=&#8221;default&#8221; hover_enabled=&#8221;0&#8243; module_text_align_tablet=&#8221;&#8221; module_text_align_phone=&#8221;center&#8221; module_text_align_last_edited=&#8221;on|phone&#8221; module_font_size_tablet=&#8221;&#8221; module_font_size_phone=&#8221;16px&#8221; module_font_size_last_edited=&#8221;on|phone&#8221; global_colors_info=&#8221;{%22gcid-5f7becaa-db42-4a27-923f-406088f8cb05%22:%91%22link_color%22%93}&#8221; font_icon=&#8221;&#x35;||divi||400&#8243; sticky_enabled=&#8221;0&#8243;][\/lwp_divi_breadcrumbs][\/et_pb_column][\/et_pb_row][\/et_pb_section][et_pb_section fb_built=&#8221;1&#8243; _builder_version=&#8221;4.17.4&#8243; _module_preset=&#8221;default&#8221; global_colors_info=&#8221;{}&#8221;][et_pb_row column_structure=&#8221;2_3,1_3&#8243; _builder_version=&#8221;4.17.4&#8243; _module_preset=&#8221;default&#8221; global_colors_info=&#8221;{}&#8221;][et_pb_column type=&#8221;2_3&#8243; _builder_version=&#8221;4.17.4&#8243; _module_preset=&#8221;default&#8221; global_colors_info=&#8221;{}&#8221;][et_pb_text disabled_on=&#8221;on|on|on&#8221; _builder_version=&#8221;4.19.5&#8243; _module_preset=&#8221;default&#8221; disabled=&#8221;on&#8221; locked=&#8221;off&#8221; global_colors_info=&#8221;{}&#8221;]<\/p>\n<h2>r\u00e9sum\u00e9<\/h2>\n<p>[\/et_pb_text][et_pb_divider color=&#8221;#444444&#8243; divider_weight=&#8221;2px&#8221; disabled_on=&#8221;on|on|on&#8221; _builder_version=&#8221;4.17.4&#8243; _module_preset=&#8221;default&#8221; width=&#8221;100px&#8221; module_alignment=&#8221;left&#8221; custom_margin=&#8221;||15px||false|false&#8221; disabled=&#8221;on&#8221; locked=&#8221;off&#8221; global_colors_info=&#8221;{}&#8221;][\/et_pb_divider][et_pb_text module_class=&#8221;service-txt&#8221; _builder_version=&#8221;4.19.5&#8243; _module_preset=&#8221;default&#8221; text_orientation_tablet=&#8221;&#8221; text_orientation_phone=&#8221;center&#8221; text_orientation_last_edited=&#8221;on|phone&#8221; global_colors_info=&#8221;{}&#8221;]<\/p>\n<p>Le lifting du cou, ou rhytidectomie inf\u00e9rieure, est une intervention chirurgicale qui permet d&#8217;am\u00e9liorer les signes visibles du vieillissement au niveau du cou. La perte des contours de la jeunesse du visage et du cou peut \u00eatre due \u00e0 divers facteurs, notamment l&#8217;h\u00e9r\u00e9dit\u00e9, la gravit\u00e9, les conditions environnementales et le stress.<\/p>\n<p>[\/et_pb_text][et_pb_image src=&#8221;https:\/\/drtzadeh.com\/wp-content\/uploads\/2022\/10\/image-022.png&#8221; title_text=&#8221;image-022&#8243; _builder_version=&#8221;4.17.4&#8243; _module_preset=&#8221;default&#8221; max_width=&#8221;75%&#8221; max_width_tablet=&#8221;&#8221; max_width_phone=&#8221;&#8221; max_width_last_edited=&#8221;on|desktop&#8221; module_alignment=&#8221;left&#8221; custom_padding=&#8221;|105px||||&#8221; global_colors_info=&#8221;{}&#8221;][\/et_pb_image][et_pb_text module_class=&#8221;service-txt&#8221; _builder_version=&#8221;4.19.5&#8243; _module_preset=&#8221;default&#8221; text_orientation_tablet=&#8221;&#8221; text_orientation_phone=&#8221;center&#8221; text_orientation_last_edited=&#8221;on|phone&#8221; global_colors_info=&#8221;{}&#8221;]<\/p>\n<p>Certaines personnes pensent qu&#8217;elles ne sont pas pr\u00eates pour un lifting complet car le haut du visage est encore agr\u00e9able. Cependant, de nombreux patients constatent un exc\u00e8s de rides au niveau de la peau du cou, un double menton ou une &#8220;caroncule de dinde&#8221; et des rides au niveau des bajoues. Lorsque la zone du cou ne correspond pas \u00e0 l&#8217;apparence du haut du visage, un lifting du cou peut \u00eatre une bonne solution. Le lifting du cou est l&#8217;une des pierres angulaires du rajeunissement du visage, o\u00f9 le repositionnement des muscles et le redrapage de l&#8217;exc\u00e8s de peau sont n\u00e9cessaires.<\/p>\n<p>[\/et_pb_text][et_pb_gallery gallery_ids=&#8221;3584,3592,3609&#8243; fullwidth=&#8221;on&#8221; _builder_version=&#8221;4.17.4&#8243; _module_preset=&#8221;default&#8221; max_width=&#8221;75%&#8221; max_width_tablet=&#8221;&#8221; max_width_phone=&#8221;&#8221; max_width_last_edited=&#8221;on|desktop&#8221; module_alignment=&#8221;left&#8221; dbdb_version=&#8221;4.8.1&#8243; global_colors_info=&#8221;{}&#8221;][\/et_pb_gallery][et_pb_text admin_label=&#8221;Frequently Asked Questions&#8221; _builder_version=&#8221;4.19.5&#8243; _module_preset=&#8221;default&#8221; header_2_text_align_tablet=&#8221;&#8221; header_2_text_align_phone=&#8221;center&#8221; header_2_text_align_last_edited=&#8221;on|phone&#8221; header_2_line_height_tablet=&#8221;&#8221; header_2_line_height_phone=&#8221;1.3em&#8221; header_2_line_height_last_edited=&#8221;on|phone&#8221; locked=&#8221;off&#8221; global_colors_info=&#8221;{}&#8221;]<\/p>\n<h2>Questions fr\u00e9quemment pos\u00e9es<\/h2>\n<p>[\/et_pb_text][et_pb_divider color=&#8221;#444444&#8243; divider_weight=&#8221;2px&#8221; _builder_version=&#8221;4.17.4&#8243; _module_preset=&#8221;default&#8221; width=&#8221;100px&#8221; module_alignment=&#8221;left&#8221; custom_margin=&#8221;||15px||false|false&#8221; module_alignment_tablet=&#8221;left&#8221; module_alignment_phone=&#8221;center&#8221; module_alignment_last_edited=&#8221;on|phone&#8221; locked=&#8221;off&#8221; global_colors_info=&#8221;{}&#8221;][\/et_pb_divider][et_pb_accordion open_toggle_text_color=&#8221;#333333&#8243; open_toggle_background_color=&#8221;#FFFFFF&#8221; closed_toggle_background_color=&#8221;#faf9f6&#8243; icon_color=&#8221;gcid-d72333c4-2dcd-44de-8826-8dfc2c15db04&#8243; module_id=&#8221;myfaq&#8221; module_class=&#8221;faq-list&#8221; _builder_version=&#8221;4.27.0&#8243; _module_preset=&#8221;default&#8221; toggle_font=&#8221;|700|||||||&#8221; global_colors_info=&#8221;{%22gcid-d72333c4-2dcd-44de-8826-8dfc2c15db04%22:%91%22icon_color%22%93}&#8221;][et_pb_accordion_item title=&#8221;Que peut traiter la chirurgie de lifting du cou ?&#8221; open=&#8221;on&#8221; _builder_version=&#8221;4.19.5&#8243; _module_preset=&#8221;default&#8221; global_colors_info=&#8221;{}&#8221;]<\/p>\n<ul>\n<li>D\u00e9p\u00f4ts graisseux excessifs sous le menton<\/li>\n<li>Peau du cou rel\u00e2ch\u00e9e<\/li>\n<li>Bande musculaire dans le cou, qui a cr\u00e9\u00e9 des contours anormaux<\/li>\n<li>Rel\u00e2chement des muscles du cou<\/li>\n<\/ul>\n<p>[\/et_pb_accordion_item][et_pb_accordion_item title=&#8221;Vous souhaitez corriger une m\u00e2choire mal d\u00e9finie ?&#8221; _builder_version=&#8221;4.19.5&#8243; _module_preset=&#8221;default&#8221; global_colors_info=&#8221;{}&#8221; open=&#8221;off&#8221;]<\/p>\n<p>Quand vous \u00eates jeune, votre visage est plus rond. Mais, avec l&#8217;\u00e2ge, le visage perd de son soutien et la m\u00e2choire commence \u00e0 s&#8217;affaisser, prenant une forme plus trap\u00e9zo\u00efdale, et les bajoues commencent \u00e0 appara\u00eetre. Un lifting du cou peut potentiellement rajeunir le contour du cou et am\u00e9liorer la ligne de la m\u00e2choire. Cependant, un lifting du cou seul peut ne pas am\u00e9liorer l&#8217;apparence des bajoues. La plupart du temps, les gens pensent qu&#8217;ils ont besoin d&#8217;un lifting du cou pour leur m\u00e2choire mal d\u00e9finie, mais d\u00e9couvrent qu&#8217;un lifting facial combin\u00e9 \u00e0 un lifting du cou est peut-\u00eatre plus appropri\u00e9. En effet, la zone des bajoues situ\u00e9e le long de la m\u00e2choire est soulev\u00e9e lors d&#8217;un lifting facial.<\/p>\n<p>[\/et_pb_accordion_item][et_pb_accordion_item title=&#8221;Vous souhaitez fixer les bandes verticales sur votre cou ?&#8221; _builder_version=&#8221;4.19.5&#8243; _module_preset=&#8221;default&#8221; global_colors_info=&#8221;{}&#8221; open=&#8221;off&#8221;]<\/p>\n<p>Les muscles du cou sont g\u00e9n\u00e9ralement cach\u00e9s derri\u00e8re des couches de graisse. Avec l&#8217;\u00e2ge, le rembourrage de la graisse diminue, ce qui r\u00e9duit la barri\u00e8re entre les muscles et la peau. C&#8217;est ainsi que se d\u00e9veloppent des bandes verticales inesth\u00e9tiques au niveau du cou. \u00c9galement connues sous le nom de bandes platysmales, ces bandes prennent un aspect \u00e9pais et \u00e9lastique et pendent sous le menton jusqu&#8217;\u00e0 la pomme d&#8217;Adam. En outre, avec l&#8217;\u00e2ge, les muscles se rel\u00e2chent. Un lifting du cou permet de relever la peau du cou, de resserrer les muscles sous-jacents et de redraper la peau.<\/p>\n<p>[\/et_pb_accordion_item][et_pb_accordion_item title=&#8221;Qu&#8217;est-ce que le lifting du cou ne peut pas faire ?&#8221; _builder_version=&#8221;4.19.5&#8243; _module_preset=&#8221;default&#8221; global_colors_info=&#8221;{}&#8221; open=&#8221;off&#8221;]<\/p>\n<p>En tant que chirurgie r\u00e9paratrice, le lifting du cou ne peut pas arr\u00eater le processus de vieillissement. Les traitements non chirurgicaux de rajeunissement ne permettent pas d&#8217;obtenir les m\u00eames r\u00e9sultats, mais ils peuvent contribuer \u00e0 retarder le moment o\u00f9 le lifting du cou devient n\u00e9cessaire et compl\u00e9ter les r\u00e9sultats de la chirurgie.<\/p>\n<p>[\/et_pb_accordion_item][et_pb_accordion_item title=&#8221;\u00cates-vous int\u00e9ress\u00e9 par un lifting non chirurgical du cou ?&#8221; _builder_version=&#8221;4.19.5&#8243; _module_preset=&#8221;default&#8221; global_colors_info=&#8221;{}&#8221; open=&#8221;off&#8221;]<\/p>\n<p>Certaines personnes peuvent vouloir am\u00e9liorer l&#8217;aspect vieillissant de leur cou par des proc\u00e9dures non chirurgicales. Cependant, ces proc\u00e9dures ne permettent pas de resserrer les muscles rel\u00e2ch\u00e9s ni de redraper et d&#8217;enlever l&#8217;exc\u00e8s de peau.<\/p>\n<p>Des injections de prot\u00e9ine botulique peuvent \u00eatre utilis\u00e9es sur les bandes verticales du cou pour d\u00e9tendre le muscle et r\u00e9duire les rides. Les produits de comblement dermique peuvent restaurer le volume perdu de la peau. La radiofr\u00e9quence et\/ou le microneedling peuvent rajeunir la peau en reproduisant le collag\u00e8ne. Cependant, il est important de noter que les r\u00e9sultats de la prot\u00e9ine botulique ne sont que temporaires, et qu&#8217;elle ne fonctionne que pour pr\u00e9venir le d\u00e9veloppement de futures marques de cou plut\u00f4t que de r\u00e9parer celles que vous avez d\u00e9j\u00e0.<\/p>\n<p>[\/et_pb_accordion_item][et_pb_accordion_item title=&#8221;Comment puis-je contr\u00f4ler la douleur \u00e0 la maison ?&#8221; _builder_version=&#8221;4.19.5&#8243; _module_preset=&#8221;default&#8221; global_colors_info=&#8221;{}&#8221; open=&#8221;off&#8221;]<\/p>\n<p>Le Dr Zadeh vous remettra, avant l&#8217;intervention, une ordonnance d&#8217;analg\u00e9siques \u00e0 emporter chez vous. Ainsi, les m\u00e9dicaments seront \u00e0 votre disposition lorsque vous rentrerez chez vous apr\u00e8s l&#8217;op\u00e9ration.<\/p>\n<p>Remarque : Assurez-vous que le Dr Zadeh est au courant des m\u00e9dicaments antidouleur qui vous ont caus\u00e9 des probl\u00e8mes dans le pass\u00e9.<\/p>\n<p>&nbsp;<\/p>\n<p>[\/et_pb_accordion_item][et_pb_accordion_item title=&#8221;Combien co\u00fbte un Lifting du Cou ?&#8221; _builder_version=&#8221;4.27.0&#8243; _module_preset=&#8221;default&#8221; global_colors_info=&#8221;{}&#8221; open=&#8221;off&#8221;]<\/p>\n<p>Le co\u00fbt d&#8217;un lifting du cou commence g\u00e9n\u00e9ralement de 6,500$ \u00e0 13,000$. Cependant, des frais suppl\u00e9mentaires peuvent s&#8217;appliquer si le patient pr\u00e9sente une condition particuli\u00e8re ou si diff\u00e9rentes chirurgies sont combin\u00e9es (ex: le visage) .Le co\u00fbt final de vos traitements sera calcul\u00e9 sur une base individuelle en fonction de vos besoins.<\/p>\n<p>[\/et_pb_accordion_item][et_pb_accordion_item title=&#8221;Quand ne pas envisager un lifting du cou&#8221; _builder_version=&#8221;4.19.5&#8243; _module_preset=&#8221;default&#8221; global_colors_info=&#8221;{}&#8221; open=&#8221;off&#8221;]<\/p>\n<p>Outre les probl\u00e8mes courants qu&#8217;un lifting du cou peut r\u00e9soudre, d&#8217;autres facteurs peuvent influencer la d\u00e9cision de proc\u00e9der ou non \u00e0 un lifting du cou. Le Dr Zadeh met un point d&#8217;honneur \u00e0 vous proposer la combinaison de proc\u00e9dures de rajeunissement facial qu&#8217;il juge la plus s\u00fbre et la plus efficace pour vous. Il ne recommandera un lifting du cou que si vous \u00eates vraiment un bon candidat pour cette intervention. Dans certains cas, un lifting du cou peut ne pas \u00eatre appropri\u00e9, par exemple :<\/p>\n<ul>\n<li>Vous manquez de laxit\u00e9 cutan\u00e9e au niveau du cou<\/li>\n<li>Vous avez des attentes irr\u00e9alistes concernant l&#8217;intervention<\/li>\n<li>Vous ne pouvez pas prendre le temps n\u00e9cessaire \u00e0 un r\u00e9tablissement complet.<\/li>\n<\/ul>\n<p>[\/et_pb_accordion_item][\/et_pb_accordion][\/et_pb_column][et_pb_column type=&#8221;1_3&#8243; _builder_version=&#8221;4.17.4&#8243; _module_preset=&#8221;default&#8221; global_colors_info=&#8221;{}&#8221;][et_pb_sidebar area=&#8221;et_pb_widget_area_1&#8243; _builder_version=&#8221;4.17.4&#8243; _module_preset=&#8221;default&#8221; global_colors_info=&#8221;{}&#8221;][\/et_pb_sidebar][\/et_pb_column][\/et_pb_row][\/et_pb_section]<\/p>\n","protected":false},"excerpt":{"rendered":"<p>Lifting du cou<div class=\"et_pb_module lwp_divi_breadcrumbs lwp_divi_breadcrumbs_0\">\n\t\t\t\t\n\t\t\t\t\n\t\t\t\t\n\t\t\t\t\n\t\t\t\t\n\t\t\t\t\n\t\t\t\t<div class=\"et_pb_module_inner\">\n\t\t\t\t\t<div class=\"lwp-breadcrumbs\"> <span class=\"before\"><\/span> <span><span property=\"itemListElement\" typeof=\"ListItem\"><a property=\"item\" typeof=\"WebPage\" href=\"https:\/\/drtzadeh.com\/fr\/\" class=\"home\"><span property=\"name\">Accueil<\/span><\/a><meta property=\"position\" content=\"1\"><\/span> <span class=\"separator et-pb-icon\">&#x35;<\/span> <\/span><\/div>\n\t\t\t\t<\/div>\n\t\t\t<\/div>r\u00e9sum\u00e9Le lifting du cou, ou rhytidectomie inf\u00e9rieure, est une intervention chirurgicale qui permet d&#8217;am\u00e9liorer les signes visibles du vieillissement au niveau du cou. La perte des contours de la jeunesse du visage et du cou peut \u00eatre due \u00e0 divers [&hellip;]<\/p>\n","protected":false},"author":5,"featured_media":0,"parent":5066,"menu_order":0,"comment_status":"closed","ping_status":"closed","template":"","meta":{"_et_pb_use_builder":"on","_et_pb_old_content":"","_et_gb_content_width":"","footnotes":""},"class_list":["post-5149","page","type-page","status-publish","hentry"],"yoast_head":"<!-- This site is optimized with the Yoast SEO plugin v25.7 - https:\/\/yoast.com\/wordpress\/plugins\/seo\/ -->\n<title>Lifting du cou - Dr. Teanoosh Zadeh - Clinique T Montreal<\/title>\n<meta name=\"robots\" content=\"index, follow, max-snippet:-1, max-image-preview:large, max-video-preview:-1\" \/>\n<link rel=\"canonical\" href=\"https:\/\/drtzadeh.com\/fr\/chirurgie-et-traitements-esthetiques\/lifting-du-cou\/\" \/>\n<meta property=\"og:locale\" content=\"fr_FR\" \/>\n<meta property=\"og:type\" content=\"article\" \/>\n<meta property=\"og:title\" content=\"Lifting du cou - Dr. Teanoosh Zadeh - Clinique T Montreal\" \/>\n<meta property=\"og:description\" content=\"Lifting du cour\u00e9sum\u00e9Le lifting du cou, ou rhytidectomie inf\u00e9rieure, est une intervention chirurgicale qui permet d&#039;am\u00e9liorer les signes visibles du vieillissement au niveau du cou. La perte des contours de la jeunesse du visage et du cou peut \u00eatre due \u00e0 divers [&hellip;]\" \/>\n<meta property=\"og:url\" content=\"https:\/\/drtzadeh.com\/fr\/chirurgie-et-traitements-esthetiques\/lifting-du-cou\/\" \/>\n<meta property=\"og:site_name\" content=\"Dr. Teanoosh Zadeh - Clinique T\" \/>\n<meta property=\"article:publisher\" content=\"https:\/\/www.facebook.com\/drteanooshzadehMD\" \/>\n<meta property=\"article:modified_time\" content=\"2026-03-06T19:21:57+00:00\" \/>\n<meta name=\"twitter:label1\" content=\"Dur\u00e9e de lecture estim\u00e9e\" \/>\n\t<meta name=\"twitter:data1\" content=\"6 minutes\" \/>\n<!-- \/ Yoast SEO plugin. -->","yoast_head_json":{"title":"Lifting du cou - Dr. Teanoosh Zadeh - Clinique T Montreal","robots":{"index":"index","follow":"follow","max-snippet":"max-snippet:-1","max-image-preview":"max-image-preview:large","max-video-preview":"max-video-preview:-1"},"canonical":"https:\/\/drtzadeh.com\/fr\/chirurgie-et-traitements-esthetiques\/lifting-du-cou\/","og_locale":"fr_FR","og_type":"article","og_title":"Lifting du cou - Dr. Teanoosh Zadeh - Clinique T Montreal","og_description":"Lifting du cour\u00e9sum\u00e9Le lifting du cou, ou rhytidectomie inf\u00e9rieure, est une intervention chirurgicale qui permet d'am\u00e9liorer les signes visibles du vieillissement au niveau du cou. La perte des contours de la jeunesse du visage et du cou peut \u00eatre due \u00e0 divers [&hellip;]","og_url":"https:\/\/drtzadeh.com\/fr\/chirurgie-et-traitements-esthetiques\/lifting-du-cou\/","og_site_name":"Dr. Teanoosh Zadeh - Clinique T","article_publisher":"https:\/\/www.facebook.com\/drteanooshzadehMD","article_modified_time":"2026-03-06T19:21:57+00:00","twitter_misc":{"Dur\u00e9e de lecture estim\u00e9e":"6 minutes"},"schema":{"@context":"https:\/\/schema.org","@graph":[{"@type":"WebPage","@id":"https:\/\/drtzadeh.com\/fr\/chirurgie-et-traitements-esthetiques\/lifting-du-cou\/","url":"https:\/\/drtzadeh.com\/fr\/chirurgie-et-traitements-esthetiques\/lifting-du-cou\/","name":"Lifting du cou - Dr. Teanoosh Zadeh - Clinique T Montreal","isPartOf":{"@id":"https:\/\/drtzadeh.com\/#website"},"datePublished":"2022-10-25T07:53:16+00:00","dateModified":"2026-03-06T19:21:57+00:00","breadcrumb":{"@id":"https:\/\/drtzadeh.com\/fr\/chirurgie-et-traitements-esthetiques\/lifting-du-cou\/#breadcrumb"},"inLanguage":"fr-FR","potentialAction":[{"@type":"ReadAction","target":["https:\/\/drtzadeh.com\/fr\/chirurgie-et-traitements-esthetiques\/lifting-du-cou\/"]}]},{"@type":"BreadcrumbList","@id":"https:\/\/drtzadeh.com\/fr\/chirurgie-et-traitements-esthetiques\/lifting-du-cou\/#breadcrumb","itemListElement":[{"@type":"ListItem","position":1,"name":"Home","item":"https:\/\/drtzadeh.com\/"},{"@type":"ListItem","position":2,"name":"Chirurgie et Traitements Esth\u00e9tiques","item":"https:\/\/drtzadeh.com\/fr\/chirurgie-et-traitements-esthetiques\/"},{"@type":"ListItem","position":3,"name":"Lifting du cou"}]},{"@type":"WebSite","@id":"https:\/\/drtzadeh.com\/#website","url":"https:\/\/drtzadeh.com\/","name":"Dr. Teanoosh Zadeh - Clinique T","description":"Experienced &amp; Certified Montreal Plastic Surgeon","publisher":{"@id":"https:\/\/drtzadeh.com\/#organization"},"potentialAction":[{"@type":"SearchAction","target":{"@type":"EntryPoint","urlTemplate":"https:\/\/drtzadeh.com\/?s={search_term_string}"},"query-input":{"@type":"PropertyValueSpecification","valueRequired":true,"valueName":"search_term_string"}}],"inLanguage":"fr-FR"},{"@type":"Organization","@id":"https:\/\/drtzadeh.com\/#organization","name":"Dr. Teanoosh Zadeh - Clinique T","url":"https:\/\/drtzadeh.com\/","logo":{"@type":"ImageObject","inLanguage":"fr-FR","@id":"https:\/\/drtzadeh.com\/#\/schema\/logo\/image\/","url":"https:\/\/drtzadeh.com\/wp-content\/uploads\/2023\/01\/CLINIQUE-T-Logo.png","contentUrl":"https:\/\/drtzadeh.com\/wp-content\/uploads\/2023\/01\/CLINIQUE-T-Logo.png","width":270,"height":77,"caption":"Dr. Teanoosh Zadeh - Clinique T"},"image":{"@id":"https:\/\/drtzadeh.com\/#\/schema\/logo\/image\/"},"sameAs":["https:\/\/www.facebook.com\/drteanooshzadehMD","http:\/\/www.instagram.com\/drzadehteanoosh\/"]}]}},"_links":{"self":[{"href":"https:\/\/drtzadeh.com\/fr\/wp-json\/wp\/v2\/pages\/5149","targetHints":{"allow":["GET"]}}],"collection":[{"href":"https:\/\/drtzadeh.com\/fr\/wp-json\/wp\/v2\/pages"}],"about":[{"href":"https:\/\/drtzadeh.com\/fr\/wp-json\/wp\/v2\/types\/page"}],"author":[{"embeddable":true,"href":"https:\/\/drtzadeh.com\/fr\/wp-json\/wp\/v2\/users\/5"}],"replies":[{"embeddable":true,"href":"https:\/\/drtzadeh.com\/fr\/wp-json\/wp\/v2\/comments?post=5149"}],"version-history":[{"count":5,"href":"https:\/\/drtzadeh.com\/fr\/wp-json\/wp\/v2\/pages\/5149\/revisions"}],"predecessor-version":[{"id":7044,"href":"https:\/\/drtzadeh.com\/fr\/wp-json\/wp\/v2\/pages\/5149\/revisions\/7044"}],"up":[{"embeddable":true,"href":"https:\/\/drtzadeh.com\/fr\/wp-json\/wp\/v2\/pages\/5066"}],"wp:attachment":[{"href":"https:\/\/drtzadeh.com\/fr\/wp-json\/wp\/v2\/media?parent=5149"}],"curies":[{"name":"wp","href":"https:\/\/api.w.org\/{rel}","templated":true}]}}