{"id":5152,"date":"2022-10-25T10:38:39","date_gmt":"2022-10-25T10:38:39","guid":{"rendered":"https:\/\/drtzadeh.com\/chirurgie-et-traitements-esthetiques\/otoplasty-surgery\/"},"modified":"2026-03-06T19:23:28","modified_gmt":"2026-03-06T19:23:28","slug":"otoplastie","status":"publish","type":"page","link":"https:\/\/drtzadeh.com\/fr\/chirurgie-et-traitements-esthetiques\/otoplastie\/","title":{"rendered":"Otoplastie"},"content":{"rendered":"<p>[et_pb_section fb_built=&#8221;1&#8243; _builder_version=&#8221;4.17.4&#8243; _module_preset=&#8221;default&#8221; background_color=&#8221;gcid-d72333c4-2dcd-44de-8826-8dfc2c15db04&#8243; global_colors_info=&#8221;{%22gcid-d72333c4-2dcd-44de-8826-8dfc2c15db04%22:%91%22background_color%22%93}&#8221;][et_pb_row _builder_version=&#8221;4.17.4&#8243; _module_preset=&#8221;default&#8221; global_colors_info=&#8221;{}&#8221;][et_pb_column type=&#8221;4_4&#8243; _builder_version=&#8221;4.17.4&#8243; _module_preset=&#8221;default&#8221; global_colors_info=&#8221;{}&#8221;][et_pb_text module_class=&#8221;hero-sec-heading&#8221; _builder_version=&#8221;4.19.5&#8243; _module_preset=&#8221;default&#8221; header_font_size=&#8221;40px&#8221; custom_margin=&#8221;||0px||false|false&#8221; header_text_align_tablet=&#8221;&#8221; header_text_align_phone=&#8221;center&#8221; header_text_align_last_edited=&#8221;on|phone&#8221; header_font_size_tablet=&#8221;40px&#8221; header_font_size_phone=&#8221;34px&#8221; header_font_size_last_edited=&#8221;on|phone&#8221; global_colors_info=&#8221;{}&#8221; header_font_size__hover_enabled=&#8221;off|desktop&#8221;]<\/p>\n<h1>Otoplastie<\/h1>\n<p>[\/et_pb_text][lwp_divi_breadcrumbs font_icon=&#8221;&#x35;||divi||400&#8243; link_color=&#8221;gcid-5f7becaa-db42-4a27-923f-406088f8cb05&#8243; _builder_version=&#8221;4.27.4&#8243; _module_preset=&#8221;default&#8221; hover_enabled=&#8221;0&#8243; module_text_align_tablet=&#8221;&#8221; module_text_align_phone=&#8221;center&#8221; module_text_align_last_edited=&#8221;on|phone&#8221; module_font_size_tablet=&#8221;&#8221; module_font_size_phone=&#8221;16px&#8221; module_font_size_last_edited=&#8221;on|phone&#8221; global_colors_info=&#8221;{%22gcid-5f7becaa-db42-4a27-923f-406088f8cb05%22:%91%22link_color%22%93}&#8221; sticky_enabled=&#8221;0&#8243;][\/lwp_divi_breadcrumbs][\/et_pb_column][\/et_pb_row][\/et_pb_section][et_pb_section fb_built=&#8221;1&#8243; _builder_version=&#8221;4.17.4&#8243; _module_preset=&#8221;default&#8221; global_colors_info=&#8221;{}&#8221;][et_pb_row column_structure=&#8221;2_3,1_3&#8243; _builder_version=&#8221;4.17.4&#8243; _module_preset=&#8221;default&#8221; global_colors_info=&#8221;{}&#8221;][et_pb_column type=&#8221;2_3&#8243; _builder_version=&#8221;4.17.4&#8243; _module_preset=&#8221;default&#8221; global_colors_info=&#8221;{}&#8221;][et_pb_text disabled_on=&#8221;on|on|on&#8221; _builder_version=&#8221;4.19.5&#8243; _module_preset=&#8221;default&#8221; disabled=&#8221;on&#8221; locked=&#8221;off&#8221; global_colors_info=&#8221;{}&#8221;]<\/p>\n<h2>r\u00e9sum\u00e9<\/h2>\n<p>[\/et_pb_text][et_pb_divider color=&#8221;#444444&#8243; divider_weight=&#8221;2px&#8221; disabled_on=&#8221;on|on|on&#8221; _builder_version=&#8221;4.16&#8243; _module_preset=&#8221;default&#8221; width=&#8221;100px&#8221; module_alignment=&#8221;left&#8221; custom_margin=&#8221;||15px||false|false&#8221; disabled=&#8221;on&#8221; locked=&#8221;off&#8221; global_colors_info=&#8221;{}&#8221;][\/et_pb_divider][et_pb_text module_class=&#8221;service-txt&#8221; _builder_version=&#8221;4.19.5&#8243; _module_preset=&#8221;default&#8221; text_orientation_tablet=&#8221;&#8221; text_orientation_phone=&#8221;center&#8221; text_orientation_last_edited=&#8221;on|phone&#8221; global_colors_info=&#8221;{}&#8221;]<\/p>\n<p>La chirurgie de l&#8217;oreille, \u00e9galement appel\u00e9e otoplastie, est une intervention couramment pratiqu\u00e9e pour corriger les oreilles pro\u00e9minentes. Elle peut am\u00e9liorer la forme, la position ou la proportion de l&#8217;oreille. Un d\u00e9faut dans la structure de l&#8217;oreille, pr\u00e9sent \u00e0 la naissance ou qui devient apparent avec le d\u00e9veloppement, peut \u00eatre corrig\u00e9 par une otoplastie.<\/p>\n<p>L&#8217;otoplastie cr\u00e9e une forme plus naturelle tout en apportant \u00e9quilibre et proportion aux oreilles et au visage. La correction de d\u00e9formations, m\u00eame mineures, peut avoir de profonds effets b\u00e9n\u00e9fiques sur l&#8217;apparence et l&#8217;estime de soi. Si des oreilles d\u00e9coll\u00e9es ou d\u00e9figur\u00e9es vous g\u00eanent, vous ou votre enfant, vous pouvez envisager une chirurgie plastique.<\/p>\n<p>[\/et_pb_text][et_pb_text _builder_version=&#8221;4.19.5&#8243; _module_preset=&#8221;default&#8221; header_2_text_align_tablet=&#8221;&#8221; header_2_text_align_phone=&#8221;center&#8221; header_2_text_align_last_edited=&#8221;on|phone&#8221; header_2_line_height_tablet=&#8221;&#8221; header_2_line_height_phone=&#8221;1.3em&#8221; header_2_line_height_last_edited=&#8221;on|phone&#8221; locked=&#8221;off&#8221; global_colors_info=&#8221;{}&#8221;]<\/p>\n<h2>Questions fr\u00e9quemment pos\u00e9es<\/h2>\n<p>[\/et_pb_text][et_pb_divider color=&#8221;#444444&#8243; divider_weight=&#8221;2px&#8221; _builder_version=&#8221;4.17.4&#8243; _module_preset=&#8221;default&#8221; width=&#8221;100px&#8221; module_alignment=&#8221;left&#8221; custom_margin=&#8221;||15px||false|false&#8221; module_alignment_tablet=&#8221;left&#8221; module_alignment_phone=&#8221;center&#8221; module_alignment_last_edited=&#8221;on|phone&#8221; locked=&#8221;off&#8221; global_colors_info=&#8221;{}&#8221;][\/et_pb_divider][et_pb_accordion open_toggle_text_color=&#8221;#333333&#8243; open_toggle_background_color=&#8221;#FFFFFF&#8221; closed_toggle_background_color=&#8221;#faf9f6&#8243; icon_color=&#8221;gcid-d72333c4-2dcd-44de-8826-8dfc2c15db04&#8243; module_id=&#8221;myfaq&#8221; module_class=&#8221;faq-list&#8221; _builder_version=&#8221;4.27.4&#8243; _module_preset=&#8221;default&#8221; toggle_font=&#8221;|700|||||||&#8221; global_colors_info=&#8221;{%22gcid-d72333c4-2dcd-44de-8826-8dfc2c15db04%22:%91%22icon_color%22%93}&#8221;][et_pb_accordion_item title=&#8221;Que peut traiter la chirurgie des oreilles ?&#8221; open=&#8221;on&#8221; _builder_version=&#8221;4.19.5&#8243; _module_preset=&#8221;default&#8221; global_colors_info=&#8221;{}&#8221;]<\/p>\n<ul>\n<li>Oreilles d\u00e9coll\u00e9es d&#8217;un ou des deux c\u00f4t\u00e9s \u00e0 des degr\u00e9s divers &#8211; non associ\u00e9es \u00e0 une perte d&#8217;audition.<\/li>\n<li>Insatisfaction de l&#8217;adulte \u00e0 la suite d&#8217;une chirurgie ant\u00e9rieure de l&#8217;oreille<\/li>\n<\/ul>\n<p>[\/et_pb_accordion_item][et_pb_accordion_item title=&#8221;Qui est un bon candidat pour la chirurgie de l&#8217;oreille ?&#8221; _builder_version=&#8221;4.19.5&#8243; _module_preset=&#8221;default&#8221; global_colors_info=&#8221;{}&#8221; open=&#8221;off&#8221;]<\/p>\n<p>Les enfants qui sont de <strong>bons candidats<\/strong> pour une chirurgie de l&#8217;oreille sont :<\/p>\n<ul>\n<li>En bonne sant\u00e9, sans maladie potentiellement mortelle ni infection chronique de l&#8217;oreille non trait\u00e9e.<\/li>\n<li>G\u00e9n\u00e9ralement \u00e2g\u00e9s de 5 ans, ou lorsque le cartilage de l&#8217;oreille de l&#8217;enfant est suffisamment stable pour \u00eatre corrig\u00e9.<\/li>\n<li>Coop\u00e9ratifs et suivant bien les instructions<\/li>\n<li>Ils sont capables de communiquer leurs sentiments et n&#8217;expriment pas d&#8217;objections lorsqu&#8217;il est question de chirurgie.<\/li>\n<\/ul>\n<p>Les adolescents et les adultes qui sont de<strong> bons candidats<\/strong> \u00e0 la chirurgie de l&#8217;oreille sont les suivants<\/p>\n<ul>\n<li>Les personnes en bonne sant\u00e9 qui ne souffrent pas d&#8217;une maladie grave ou d&#8217;un probl\u00e8me de sant\u00e9 susceptible de nuire \u00e0 la gu\u00e9rison.<\/li>\n<li>Les personnes qui ont une attitude positive et des objectifs pr\u00e9cis en mati\u00e8re de chirurgie de l&#8217;oreille.<\/li>\n<li>Les non-fumeurs<\/li>\n<\/ul>\n<p>[\/et_pb_accordion_item][et_pb_accordion_item title=&#8221;Quel est le co\u00fbt d&#8217;une otoplastie ?&#8221; _builder_version=&#8221;4.27.4&#8243; _module_preset=&#8221;default&#8221; global_colors_info=&#8221;{}&#8221; open=&#8221;off&#8221;]<\/p>\n<p>Le co\u00fbt final d\u00e9pend de vos besoins de correction. Le prix de cette chirurgie commence \u00e0 6 400$. Toutefois, des frais suppl\u00e9mentaires peuvent s&#8217;appliquer si le patient pr\u00e9sente une condition particuli\u00e8re ou si diff\u00e9rentes chirurgies sont combin\u00e9es.<\/p>\n<p>[\/et_pb_accordion_item][\/et_pb_accordion][\/et_pb_column][et_pb_column type=&#8221;1_3&#8243; _builder_version=&#8221;4.17.4&#8243; _module_preset=&#8221;default&#8221; global_colors_info=&#8221;{}&#8221;][et_pb_sidebar area=&#8221;et_pb_widget_area_1&#8243; _builder_version=&#8221;4.17.4&#8243; _module_preset=&#8221;default&#8221; global_colors_info=&#8221;{}&#8221;][\/et_pb_sidebar][\/et_pb_column][\/et_pb_row][\/et_pb_section]<\/p>\n","protected":false},"excerpt":{"rendered":"<p>Otoplastie<div class=\"et_pb_module lwp_divi_breadcrumbs lwp_divi_breadcrumbs_0\">\n\t\t\t\t\n\t\t\t\t\n\t\t\t\t\n\t\t\t\t\n\t\t\t\t\n\t\t\t\t\n\t\t\t\t<div class=\"et_pb_module_inner\">\n\t\t\t\t\t<div class=\"lwp-breadcrumbs\"> <span class=\"before\"><\/span> <span><span property=\"itemListElement\" typeof=\"ListItem\"><a property=\"item\" typeof=\"WebPage\" href=\"https:\/\/drtzadeh.com\/fr\/\" class=\"home\"><span property=\"name\">Accueil<\/span><\/a><meta property=\"position\" content=\"1\"><\/span> <span class=\"separator et-pb-icon\">&#x35;<\/span> <\/span><\/div>\n\t\t\t\t<\/div>\n\t\t\t<\/div>r\u00e9sum\u00e9La chirurgie de l&#8217;oreille, \u00e9galement appel\u00e9e otoplastie, est une intervention couramment pratiqu\u00e9e pour corriger les oreilles pro\u00e9minentes. Elle peut am\u00e9liorer la forme, la position ou la proportion de l&#8217;oreille. Un d\u00e9faut dans la structure de l&#8217;oreille, pr\u00e9sent \u00e0 la naissance ou qui [&hellip;]<\/p>\n","protected":false},"author":5,"featured_media":0,"parent":5066,"menu_order":0,"comment_status":"closed","ping_status":"closed","template":"","meta":{"_et_pb_use_builder":"on","_et_pb_old_content":"","_et_gb_content_width":"","footnotes":""},"class_list":["post-5152","page","type-page","status-publish","hentry"],"yoast_head":"<!-- This site is optimized with the Yoast SEO plugin v25.7 - https:\/\/yoast.com\/wordpress\/plugins\/seo\/ -->\n<title>Otoplastie - Dr. Teanoosh Zadeh - Clinique T Montreal<\/title>\n<meta name=\"robots\" content=\"index, follow, max-snippet:-1, max-image-preview:large, max-video-preview:-1\" \/>\n<link rel=\"canonical\" href=\"https:\/\/drtzadeh.com\/fr\/chirurgie-et-traitements-esthetiques\/otoplastie\/\" \/>\n<meta property=\"og:locale\" content=\"fr_FR\" \/>\n<meta property=\"og:type\" content=\"article\" \/>\n<meta property=\"og:title\" content=\"Otoplastie - Dr. Teanoosh Zadeh - Clinique T Montreal\" \/>\n<meta property=\"og:description\" content=\"Otoplastier\u00e9sum\u00e9La chirurgie de l&#039;oreille, \u00e9galement appel\u00e9e otoplastie, est une intervention couramment pratiqu\u00e9e pour corriger les oreilles pro\u00e9minentes. Elle peut am\u00e9liorer la forme, la position ou la proportion de l&#039;oreille. Un d\u00e9faut dans la structure de l&#039;oreille, pr\u00e9sent \u00e0 la naissance ou qui [&hellip;]\" \/>\n<meta property=\"og:url\" content=\"https:\/\/drtzadeh.com\/fr\/chirurgie-et-traitements-esthetiques\/otoplastie\/\" \/>\n<meta property=\"og:site_name\" content=\"Dr. Teanoosh Zadeh - Clinique T\" \/>\n<meta property=\"article:publisher\" content=\"https:\/\/www.facebook.com\/drteanooshzadehMD\" \/>\n<meta property=\"article:modified_time\" content=\"2026-03-06T19:23:28+00:00\" \/>\n<meta name=\"twitter:label1\" content=\"Dur\u00e9e de lecture estim\u00e9e\" \/>\n\t<meta name=\"twitter:data1\" content=\"3 minutes\" \/>\n<!-- \/ Yoast SEO plugin. -->","yoast_head_json":{"title":"Otoplastie - Dr. Teanoosh Zadeh - Clinique T Montreal","robots":{"index":"index","follow":"follow","max-snippet":"max-snippet:-1","max-image-preview":"max-image-preview:large","max-video-preview":"max-video-preview:-1"},"canonical":"https:\/\/drtzadeh.com\/fr\/chirurgie-et-traitements-esthetiques\/otoplastie\/","og_locale":"fr_FR","og_type":"article","og_title":"Otoplastie - Dr. Teanoosh Zadeh - Clinique T Montreal","og_description":"Otoplastier\u00e9sum\u00e9La chirurgie de l'oreille, \u00e9galement appel\u00e9e otoplastie, est une intervention couramment pratiqu\u00e9e pour corriger les oreilles pro\u00e9minentes. Elle peut am\u00e9liorer la forme, la position ou la proportion de l'oreille. Un d\u00e9faut dans la structure de l'oreille, pr\u00e9sent \u00e0 la naissance ou qui [&hellip;]","og_url":"https:\/\/drtzadeh.com\/fr\/chirurgie-et-traitements-esthetiques\/otoplastie\/","og_site_name":"Dr. Teanoosh Zadeh - Clinique T","article_publisher":"https:\/\/www.facebook.com\/drteanooshzadehMD","article_modified_time":"2026-03-06T19:23:28+00:00","twitter_misc":{"Dur\u00e9e de lecture estim\u00e9e":"3 minutes"},"schema":{"@context":"https:\/\/schema.org","@graph":[{"@type":"WebPage","@id":"https:\/\/drtzadeh.com\/fr\/chirurgie-et-traitements-esthetiques\/otoplastie\/","url":"https:\/\/drtzadeh.com\/fr\/chirurgie-et-traitements-esthetiques\/otoplastie\/","name":"Otoplastie - Dr. Teanoosh Zadeh - Clinique T Montreal","isPartOf":{"@id":"https:\/\/drtzadeh.com\/#website"},"datePublished":"2022-10-25T10:38:39+00:00","dateModified":"2026-03-06T19:23:28+00:00","breadcrumb":{"@id":"https:\/\/drtzadeh.com\/fr\/chirurgie-et-traitements-esthetiques\/otoplastie\/#breadcrumb"},"inLanguage":"fr-FR","potentialAction":[{"@type":"ReadAction","target":["https:\/\/drtzadeh.com\/fr\/chirurgie-et-traitements-esthetiques\/otoplastie\/"]}]},{"@type":"BreadcrumbList","@id":"https:\/\/drtzadeh.com\/fr\/chirurgie-et-traitements-esthetiques\/otoplastie\/#breadcrumb","itemListElement":[{"@type":"ListItem","position":1,"name":"Home","item":"https:\/\/drtzadeh.com\/"},{"@type":"ListItem","position":2,"name":"Chirurgie et Traitements Esth\u00e9tiques","item":"https:\/\/drtzadeh.com\/fr\/chirurgie-et-traitements-esthetiques\/"},{"@type":"ListItem","position":3,"name":"Otoplastie"}]},{"@type":"WebSite","@id":"https:\/\/drtzadeh.com\/#website","url":"https:\/\/drtzadeh.com\/","name":"Dr. Teanoosh Zadeh - Clinique T","description":"Experienced &amp; Certified Montreal Plastic Surgeon","publisher":{"@id":"https:\/\/drtzadeh.com\/#organization"},"potentialAction":[{"@type":"SearchAction","target":{"@type":"EntryPoint","urlTemplate":"https:\/\/drtzadeh.com\/?s={search_term_string}"},"query-input":{"@type":"PropertyValueSpecification","valueRequired":true,"valueName":"search_term_string"}}],"inLanguage":"fr-FR"},{"@type":"Organization","@id":"https:\/\/drtzadeh.com\/#organization","name":"Dr. Teanoosh Zadeh - Clinique T","url":"https:\/\/drtzadeh.com\/","logo":{"@type":"ImageObject","inLanguage":"fr-FR","@id":"https:\/\/drtzadeh.com\/#\/schema\/logo\/image\/","url":"https:\/\/drtzadeh.com\/wp-content\/uploads\/2023\/01\/CLINIQUE-T-Logo.png","contentUrl":"https:\/\/drtzadeh.com\/wp-content\/uploads\/2023\/01\/CLINIQUE-T-Logo.png","width":270,"height":77,"caption":"Dr. Teanoosh Zadeh - Clinique T"},"image":{"@id":"https:\/\/drtzadeh.com\/#\/schema\/logo\/image\/"},"sameAs":["https:\/\/www.facebook.com\/drteanooshzadehMD","http:\/\/www.instagram.com\/drzadehteanoosh\/"]}]}},"_links":{"self":[{"href":"https:\/\/drtzadeh.com\/fr\/wp-json\/wp\/v2\/pages\/5152","targetHints":{"allow":["GET"]}}],"collection":[{"href":"https:\/\/drtzadeh.com\/fr\/wp-json\/wp\/v2\/pages"}],"about":[{"href":"https:\/\/drtzadeh.com\/fr\/wp-json\/wp\/v2\/types\/page"}],"author":[{"embeddable":true,"href":"https:\/\/drtzadeh.com\/fr\/wp-json\/wp\/v2\/users\/5"}],"replies":[{"embeddable":true,"href":"https:\/\/drtzadeh.com\/fr\/wp-json\/wp\/v2\/comments?post=5152"}],"version-history":[{"count":7,"href":"https:\/\/drtzadeh.com\/fr\/wp-json\/wp\/v2\/pages\/5152\/revisions"}],"predecessor-version":[{"id":7058,"href":"https:\/\/drtzadeh.com\/fr\/wp-json\/wp\/v2\/pages\/5152\/revisions\/7058"}],"up":[{"embeddable":true,"href":"https:\/\/drtzadeh.com\/fr\/wp-json\/wp\/v2\/pages\/5066"}],"wp:attachment":[{"href":"https:\/\/drtzadeh.com\/fr\/wp-json\/wp\/v2\/media?parent=5152"}],"curies":[{"name":"wp","href":"https:\/\/api.w.org\/{rel}","templated":true}]}}