{"id":5160,"date":"2022-10-25T09:48:41","date_gmt":"2022-10-25T09:48:41","guid":{"rendered":"https:\/\/drtzadeh.com\/chirurgie-et-traitements-esthetiques\/rhinoplasty\/"},"modified":"2026-03-06T19:22:33","modified_gmt":"2026-03-06T19:22:33","slug":"rhinoplastie","status":"publish","type":"page","link":"https:\/\/drtzadeh.com\/fr\/chirurgie-et-traitements-esthetiques\/rhinoplastie\/","title":{"rendered":"Rhinoplastie"},"content":{"rendered":"<p>[et_pb_section fb_built=&#8221;1&#8243; _builder_version=&#8221;4.17.4&#8243; _module_preset=&#8221;default&#8221; background_color=&#8221;gcid-d72333c4-2dcd-44de-8826-8dfc2c15db04&#8243; global_colors_info=&#8221;{%22gcid-d72333c4-2dcd-44de-8826-8dfc2c15db04%22:%91%22background_color%22%93}&#8221;][et_pb_row _builder_version=&#8221;4.17.4&#8243; _module_preset=&#8221;default&#8221; global_colors_info=&#8221;{}&#8221;][et_pb_column type=&#8221;4_4&#8243; _builder_version=&#8221;4.17.4&#8243; _module_preset=&#8221;default&#8221; global_colors_info=&#8221;{}&#8221;][et_pb_text module_class=&#8221;hero-sec-heading&#8221; _builder_version=&#8221;4.17.4&#8243; _module_preset=&#8221;default&#8221; header_font_size=&#8221;40px&#8221; custom_margin=&#8221;||0px||false|false&#8221; header_text_align_tablet=&#8221;&#8221; header_text_align_phone=&#8221;center&#8221; header_text_align_last_edited=&#8221;on|phone&#8221; header_font_size_tablet=&#8221;40px&#8221; header_font_size_phone=&#8221;34px&#8221; header_font_size_last_edited=&#8221;on|phone&#8221; global_colors_info=&#8221;{}&#8221;]<\/p>\n<h1>Rhinoplastie<\/h1>\n<p>[\/et_pb_text][lwp_divi_breadcrumbs link_color=&#8221;gcid-5f7becaa-db42-4a27-923f-406088f8cb05&#8243; _builder_version=&#8221;4.27.4&#8243; _module_preset=&#8221;default&#8221; hover_enabled=&#8221;0&#8243; module_text_align_tablet=&#8221;&#8221; module_text_align_phone=&#8221;center&#8221; module_text_align_last_edited=&#8221;on|phone&#8221; module_font_size_tablet=&#8221;&#8221; module_font_size_phone=&#8221;16px&#8221; module_font_size_last_edited=&#8221;on|phone&#8221; global_colors_info=&#8221;{%22gcid-5f7becaa-db42-4a27-923f-406088f8cb05%22:%91%22link_color%22%93}&#8221; font_icon=&#8221;&#x35;||divi||400&#8243; sticky_enabled=&#8221;0&#8243;][\/lwp_divi_breadcrumbs][\/et_pb_column][\/et_pb_row][\/et_pb_section][et_pb_section fb_built=&#8221;1&#8243; _builder_version=&#8221;4.17.4&#8243; _module_preset=&#8221;default&#8221; global_colors_info=&#8221;{}&#8221;][et_pb_row column_structure=&#8221;2_3,1_3&#8243; _builder_version=&#8221;4.17.4&#8243; _module_preset=&#8221;default&#8221; global_colors_info=&#8221;{}&#8221;][et_pb_column type=&#8221;2_3&#8243; _builder_version=&#8221;4.17.4&#8243; _module_preset=&#8221;default&#8221; global_colors_info=&#8221;{}&#8221;][et_pb_text disabled_on=&#8221;on|on|on&#8221; _builder_version=&#8221;4.17.4&#8243; _module_preset=&#8221;default&#8221; disabled=&#8221;on&#8221; locked=&#8221;off&#8221; global_colors_info=&#8221;{}&#8221;]<\/p>\n<h2>r\u00e9sum\u00e9<\/h2>\n<p>[\/et_pb_text][et_pb_divider color=&#8221;#444444&#8243; divider_weight=&#8221;2px&#8221; disabled_on=&#8221;on|on|on&#8221; _builder_version=&#8221;4.17.4&#8243; _module_preset=&#8221;default&#8221; width=&#8221;100px&#8221; module_alignment=&#8221;left&#8221; custom_margin=&#8221;||15px||false|false&#8221; disabled=&#8221;on&#8221; locked=&#8221;off&#8221; global_colors_info=&#8221;{}&#8221;][\/et_pb_divider][et_pb_text module_class=&#8221;service-txt&#8221; _builder_version=&#8221;4.19.5&#8243; _module_preset=&#8221;default&#8221; text_orientation_tablet=&#8221;&#8221; text_orientation_phone=&#8221;center&#8221; text_orientation_last_edited=&#8221;on|phone&#8221; global_colors_info=&#8221;{}&#8221;]<\/p>\n<p>Une rhinoplastie est une intervention chirurgicale visant \u00e0 red\u00e9finir la forme et le contour du nez. Elle peut \u00eatre pratiqu\u00e9e pour des raisons fonctionnelles (par exemple, obstruction nasale, d\u00e9viation de la cloison nasale), et\/ou pour des raisons esth\u00e9tiques (d\u00e9formation, bosse, pointe mal d\u00e9finie), afin d&#8217;am\u00e9liorer l&#8217;apparence du nez en modifiant sa taille et sa forme.<\/p>\n<p>Une rhinoplastie peut augmenter ou diminuer la taille d&#8217;un nez, ou modifier son contour en changeant sa largeur et son profil. Cette proc\u00e9dure peut \u00e9galement corriger une asym\u00e9trie, redresser le nez en cas de d\u00e9viation importante, modifier la forme de la pointe du nez ou \u00e9liminer une bosse. Une rhinoplastie peut vous aider \u00e0 obtenir des proportions \u00e9quilibr\u00e9es de votre nez et donc de votre visage.<\/p>\n<p>[\/et_pb_text][et_pb_gallery gallery_ids=&#8221;3595,3594,3593&#8243; fullwidth=&#8221;on&#8221; _builder_version=&#8221;4.17.4&#8243; _module_preset=&#8221;default&#8221; max_width=&#8221;75%&#8221; max_width_tablet=&#8221;&#8221; max_width_phone=&#8221;&#8221; max_width_last_edited=&#8221;on|desktop&#8221; module_alignment=&#8221;left&#8221; dbdb_version=&#8221;4.8.1&#8243; global_colors_info=&#8221;{}&#8221;][\/et_pb_gallery][et_pb_text admin_label=&#8221;Frequently Asked Questions&#8221; _builder_version=&#8221;4.19.5&#8243; _module_preset=&#8221;default&#8221; header_2_text_align_tablet=&#8221;&#8221; header_2_text_align_phone=&#8221;center&#8221; header_2_text_align_last_edited=&#8221;on|phone&#8221; header_2_line_height_tablet=&#8221;&#8221; header_2_line_height_phone=&#8221;1.3em&#8221; header_2_line_height_last_edited=&#8221;on|phone&#8221; locked=&#8221;off&#8221; global_colors_info=&#8221;{}&#8221;]<\/p>\n<h2>Questions fr\u00e9quemment pos\u00e9es<\/h2>\n<p>[\/et_pb_text][et_pb_divider color=&#8221;#444444&#8243; divider_weight=&#8221;2px&#8221; _builder_version=&#8221;4.17.4&#8243; _module_preset=&#8221;default&#8221; width=&#8221;100px&#8221; module_alignment=&#8221;left&#8221; custom_margin=&#8221;||15px||false|false&#8221; module_alignment_tablet=&#8221;left&#8221; module_alignment_phone=&#8221;center&#8221; module_alignment_last_edited=&#8221;on|phone&#8221; locked=&#8221;off&#8221; global_colors_info=&#8221;{}&#8221;][\/et_pb_divider][et_pb_accordion open_toggle_text_color=&#8221;#333333&#8243; open_toggle_background_color=&#8221;#FFFFFF&#8221; closed_toggle_background_color=&#8221;#faf9f6&#8243; icon_color=&#8221;gcid-d72333c4-2dcd-44de-8826-8dfc2c15db04&#8243; module_id=&#8221;myfaq&#8221; module_class=&#8221;faq-list&#8221; _builder_version=&#8221;4.27.4&#8243; _module_preset=&#8221;default&#8221; toggle_font=&#8221;|700|||||||&#8221; global_colors_info=&#8221;{%22gcid-d72333c4-2dcd-44de-8826-8dfc2c15db04%22:%91%22icon_color%22%93}&#8221;][et_pb_accordion_item title=&#8221;Quelles sont les diff\u00e9rentes techniques de rhinoplastie ?&#8221; _builder_version=&#8221;4.19.5&#8243; _module_preset=&#8221;default&#8221; global_colors_info=&#8221;{}&#8221; open=&#8221;on&#8221;]<\/p>\n<h3>Rhinoplastie ouverte<\/h3>\n<p>La rhinoplastie ouverte est souvent appel\u00e9e rhinoplastie externe. Une petite incision est pratiqu\u00e9e sur la columelle, le tissu mou qui s\u00e9pare les narines, afin que le Dr Zadeh puisse acc\u00e9der plus facilement \u00e0 l&#8217;os et au cartilage du nez. Cette m\u00e9thode offre une meilleure visibilit\u00e9, ainsi qu&#8217;un acc\u00e8s \u00e0 une plus grande partie du nez avec des r\u00e9sultats plus pr\u00e9visibles. C&#8217;est la technique pr\u00e9f\u00e9r\u00e9e du Dr Zadeh. Cette technique est utilis\u00e9e dans les cas de :<\/p>\n<ul>\n<li>R\u00e9vision d&#8217;une pr\u00e9c\u00e9dente proc\u00e9dure de rhinoplastie :<\/li>\n<li>R\u00e9paration d&#8217;un nez qui a \u00e9t\u00e9 cass\u00e9 ;<\/li>\n<li>Correction d&#8217;un pont crochu ou d&#8217;un probl\u00e8me structurel du nez ;<\/li>\n<li>Remodelage significatif du nez ;<\/li>\n<li>Am\u00e9lioration et raffinement pr\u00e9visible de la projection\/rotation de la pointe du nez ;<\/li>\n<li>Sutures et greffes intensives ou complexes ;<\/li>\n<\/ul>\n<p>Une petite cicatrice sur la columelle est laiss\u00e9e derri\u00e8re, mais elle est \u00e0 peine visible et s&#8217;estompe avec le temps.<\/p>\n<h3>Rhinoplastie ferm\u00e9e<\/h3>\n<p>La rhinoplastie ferm\u00e9e est \u00e9galement appel\u00e9e rhinoplastie endonasale. Les incisions et le remodelage sont effectu\u00e9s \u00e0 l&#8217;int\u00e9rieur des narines. Cette m\u00e9thode est g\u00e9n\u00e9ralement utilis\u00e9e lorsque le patient souhaite des corrections et un remodelage mineurs. Une rhinoplastie endonasale est beaucoup moins invasive qu&#8217;une proc\u00e9dure ouverte, ce qui signifie qu&#8217;il y a g\u00e9n\u00e9ralement moins de gonflement post-chirurgical et un temps de r\u00e9cup\u00e9ration plus court. En outre, les incisions \u00e9tant pratiqu\u00e9es \u00e0 l&#8217;int\u00e9rieur des narines, il n&#8217;y a pas de cicatrices visibles.<\/p>\n<h3>Rhinoplastie de r\u00e9vision<\/h3>\n<p>Une rhinoplastie de r\u00e9vision, ou secondaire, vise \u00e0 am\u00e9liorer encore (si n\u00e9cessaire) l&#8217;apparence du nez apr\u00e8s une premi\u00e8re rhinoplastie. Les patients ont recours \u00e0 la chirurgie de r\u00e9vision lorsqu&#8217;ils ne sont pas enti\u00e8rement satisfaits de la fonction et de l&#8217;apparence de leur nez, lorsqu&#8217;ils ont encore des difficult\u00e9s \u00e0 respirer, si le r\u00e9sultat global est trop subtil ou trop spectaculaire et\/ou s&#8217;ils pr\u00e9sentent une asym\u00e9trie r\u00e9siduelle. Une rhinoplastie de r\u00e9vision est beaucoup plus complexe qu&#8217;une rhinoplastie primaire et est associ\u00e9e \u00e0 de plus grands risques de complications. Le docteur Zadeh recommande d&#8217;attendre au moins 12 \u00e0 18 mois apr\u00e8s votre premi\u00e8re rhinoplastie avant d&#8217;envisager une chirurgie de r\u00e9vision, afin de donner \u00e0 votre nez le temps de gu\u00e9rir compl\u00e8tement et d&#8217;atteindre sa forme d\u00e9finitive.<\/p>\n<p>[\/et_pb_accordion_item][et_pb_accordion_item title=&#8221;Comment puis-je contr\u00f4ler la douleur \u00e0 la maison ?&#8221; _builder_version=&#8221;4.19.5&#8243; _module_preset=&#8221;default&#8221; global_colors_info=&#8221;{}&#8221; open=&#8221;off&#8221;]<\/p>\n<p>Avant l&#8217;op\u00e9ration, le Dr Zadeh vous remettra une ordonnance pour des m\u00e9dicaments contre la douleur. Ainsi, les m\u00e9dicaments seront \u00e0 votre disposition lorsque vous rentrerez chez vous apr\u00e8s l&#8217;op\u00e9ration.<\/p>\n<p>Remarque : Assurez-vous que le Dr Zadeh est au courant des m\u00e9dicaments antidouleur qui vous ont caus\u00e9 des probl\u00e8mes dans le pass\u00e9.<\/p>\n<p>[\/et_pb_accordion_item][et_pb_accordion_item title=&#8221;Quelle est la dur\u00e9e de la proc\u00e9dure ?&#8221; _builder_version=&#8221;4.19.5&#8243; _module_preset=&#8221;default&#8221; global_colors_info=&#8221;{}&#8221; open=&#8221;off&#8221;]<\/p>\n<p>Selon le type de rhinoplastie et les corrections requises, une rhinoplastie peut durer environ 1 \u00e0 2 heures.<\/p>\n<p>[\/et_pb_accordion_item][et_pb_accordion_item title=&#8221;Quelle est la dur\u00e9e de la p\u00e9riode de r\u00e9tablissement ? Y a-t-il des restrictions en termes d&#8217;activit\u00e9s ?&#8221; _builder_version=&#8221;4.19.5&#8243; _module_preset=&#8221;default&#8221; global_colors_info=&#8221;{}&#8221; open=&#8221;off&#8221;]<\/p>\n<p>Le gonflement et les ecchymoses sont normaux dans les jours qui suivent une rhinoplastie, et peuvent prendre jusqu&#8217;\u00e0 deux semaines pour se dissiper. Vous pouvez \u00e9galement avoir les yeux noirs. Afin de prot\u00e9ger votre nouveau nez, vous devez \u00e9viter de porter des lunettes pendant les deux premi\u00e8res semaines suivant l&#8217;intervention. Ne vous inqui\u00e9tez pas des asym\u00e9tries ou des irr\u00e9gularit\u00e9s initiales, car elles devraient revenir \u00e0 la normale au fur et \u00e0 mesure de votre gu\u00e9rison. Dormir avec la t\u00eate appuy\u00e9e sur des oreillers favorise l&#8217;\u00e9coulement du liquide. L&#8217;\u0153d\u00e8me (gonflement) et la d\u00e9coloration devraient diminuer sensiblement au cours des deux premi\u00e8res semaines suivant l&#8217;op\u00e9ration. Cependant, il peut falloir jusqu&#8217;\u00e0 18 mois pour que votre nez retrouve sa forme d\u00e9finitive.<\/p>\n<p>Vous devez \u00e9viter tout exercice physique intense ou sport de contact pendant les six premi\u00e8res semaines suivant l&#8217;op\u00e9ration afin de donner \u00e0 votre corps la possibilit\u00e9 de gu\u00e9rir confortablement. Vous pouvez reprendre vos activit\u00e9s physiques normales quatre \u00e0 six semaines apr\u00e8s l&#8217;op\u00e9ration, mais faites tr\u00e8s attention \u00e0 ne pas blesser votre nez.<\/p>\n<p>[\/et_pb_accordion_item][et_pb_accordion_item title=&#8221;Qui est un bon candidat pour une rhinoplastie ?&#8221; _builder_version=&#8221;4.19.5&#8243; _module_preset=&#8221;default&#8221; global_colors_info=&#8221;{}&#8221; open=&#8221;off&#8221;]<\/p>\n<p>Le patient id\u00e9al pour cette intervention est en bonne sant\u00e9 g\u00e9n\u00e9rale et a des attentes r\u00e9alistes quant aux r\u00e9sultats possibles de l&#8217;op\u00e9ration.<\/p>\n<p>Les patients doivent \u00eatre \u00e2g\u00e9s d&#8217;au moins 16 ans (c&#8217;est-\u00e0-dire l&#8217;\u00e2ge auquel leur visage cesse de grandir) pour pouvoir b\u00e9n\u00e9ficier de cette intervention. Cette intervention peut ne pas vous convenir si vous fumez ou si vous avez des probl\u00e8mes de sant\u00e9 complexes pour lesquels vous \u00eates actuellement trait\u00e9. En outre, cette intervention n&#8217;est pas pratiqu\u00e9e sur les patients qui ont des attentes irr\u00e9alistes ou qui ne sont pas psychologiquement pr\u00e9par\u00e9s \u00e0 la chirurgie.<\/p>\n<p>[\/et_pb_accordion_item][et_pb_accordion_item title=&#8221;Combien co\u00fbte l&#8217;op\u00e9ration ?&#8221; open=&#8221;off&#8221; _builder_version=&#8221;4.27.4&#8243; _module_preset=&#8221;default&#8221; global_colors_info=&#8221;{}&#8221;]<\/p>\n<p>Le co\u00fbt final de vos traitements sera calcul\u00e9 sur une base individuelle en fonction de vos besoins. Le co\u00fbt d&#8217;une rhinoplastie compl\u00e8te commence \u00e0 12 500 $. Pour une rhinoplastie partielle, le co\u00fbt est de 6,500 $. Toutefois, des frais suppl\u00e9mentaires peuvent s&#8217;appliquer si le patient pr\u00e9sente une condition particuli\u00e8re ou si diff\u00e9rentes chirurgies sont combin\u00e9es.<\/p>\n<p>[\/et_pb_accordion_item][\/et_pb_accordion][\/et_pb_column][et_pb_column type=&#8221;1_3&#8243; _builder_version=&#8221;4.17.4&#8243; _module_preset=&#8221;default&#8221; global_colors_info=&#8221;{}&#8221;][et_pb_sidebar area=&#8221;et_pb_widget_area_1&#8243; _builder_version=&#8221;4.17.4&#8243; _module_preset=&#8221;default&#8221; global_colors_info=&#8221;{}&#8221;][\/et_pb_sidebar][\/et_pb_column][\/et_pb_row][\/et_pb_section]<\/p>\n","protected":false},"excerpt":{"rendered":"<p>Rhinoplastie<div class=\"et_pb_module lwp_divi_breadcrumbs lwp_divi_breadcrumbs_0\">\n\t\t\t\t\n\t\t\t\t\n\t\t\t\t\n\t\t\t\t\n\t\t\t\t\n\t\t\t\t\n\t\t\t\t<div class=\"et_pb_module_inner\">\n\t\t\t\t\t<div class=\"lwp-breadcrumbs\"> <span class=\"before\"><\/span> <span><span property=\"itemListElement\" typeof=\"ListItem\"><a property=\"item\" typeof=\"WebPage\" href=\"https:\/\/drtzadeh.com\/fr\/\" class=\"home\"><span property=\"name\">Accueil<\/span><\/a><meta property=\"position\" content=\"1\"><\/span> <span class=\"separator et-pb-icon\">&#x35;<\/span> <\/span><\/div>\n\t\t\t\t<\/div>\n\t\t\t<\/div>r\u00e9sum\u00e9Une rhinoplastie est une intervention chirurgicale visant \u00e0 red\u00e9finir la forme et le contour du nez. Elle peut \u00eatre pratiqu\u00e9e pour des raisons fonctionnelles (par exemple, obstruction nasale, d\u00e9viation de la cloison nasale), et\/ou pour des raisons esth\u00e9tiques (d\u00e9formation, bosse, pointe mal [&hellip;]<\/p>\n","protected":false},"author":5,"featured_media":0,"parent":5066,"menu_order":0,"comment_status":"closed","ping_status":"closed","template":"","meta":{"_et_pb_use_builder":"on","_et_pb_old_content":"","_et_gb_content_width":"","footnotes":""},"class_list":["post-5160","page","type-page","status-publish","hentry"],"yoast_head":"<!-- This site is optimized with the Yoast SEO plugin v25.7 - https:\/\/yoast.com\/wordpress\/plugins\/seo\/ -->\n<title>Rhinoplastie - Dr. Teanoosh Zadeh - Clinique T Montreal<\/title>\n<meta name=\"robots\" content=\"index, follow, max-snippet:-1, max-image-preview:large, max-video-preview:-1\" \/>\n<link rel=\"canonical\" href=\"https:\/\/drtzadeh.com\/fr\/chirurgie-et-traitements-esthetiques\/rhinoplastie\/\" \/>\n<meta property=\"og:locale\" content=\"fr_FR\" \/>\n<meta property=\"og:type\" content=\"article\" \/>\n<meta property=\"og:title\" content=\"Rhinoplastie - Dr. Teanoosh Zadeh - Clinique T Montreal\" \/>\n<meta property=\"og:description\" content=\"Rhinoplastier\u00e9sum\u00e9Une rhinoplastie est une intervention chirurgicale visant \u00e0 red\u00e9finir la forme et le contour du nez. Elle peut \u00eatre pratiqu\u00e9e pour des raisons fonctionnelles (par exemple, obstruction nasale, d\u00e9viation de la cloison nasale), et\/ou pour des raisons esth\u00e9tiques (d\u00e9formation, bosse, pointe mal [&hellip;]\" \/>\n<meta property=\"og:url\" content=\"https:\/\/drtzadeh.com\/fr\/chirurgie-et-traitements-esthetiques\/rhinoplastie\/\" \/>\n<meta property=\"og:site_name\" content=\"Dr. Teanoosh Zadeh - Clinique T\" \/>\n<meta property=\"article:publisher\" content=\"https:\/\/www.facebook.com\/drteanooshzadehMD\" \/>\n<meta property=\"article:modified_time\" content=\"2026-03-06T19:22:33+00:00\" \/>\n<meta name=\"twitter:label1\" content=\"Dur\u00e9e de lecture estim\u00e9e\" \/>\n\t<meta name=\"twitter:data1\" content=\"6 minutes\" \/>\n<!-- \/ Yoast SEO plugin. -->","yoast_head_json":{"title":"Rhinoplastie - Dr. Teanoosh Zadeh - Clinique T Montreal","robots":{"index":"index","follow":"follow","max-snippet":"max-snippet:-1","max-image-preview":"max-image-preview:large","max-video-preview":"max-video-preview:-1"},"canonical":"https:\/\/drtzadeh.com\/fr\/chirurgie-et-traitements-esthetiques\/rhinoplastie\/","og_locale":"fr_FR","og_type":"article","og_title":"Rhinoplastie - Dr. Teanoosh Zadeh - Clinique T Montreal","og_description":"Rhinoplastier\u00e9sum\u00e9Une rhinoplastie est une intervention chirurgicale visant \u00e0 red\u00e9finir la forme et le contour du nez. Elle peut \u00eatre pratiqu\u00e9e pour des raisons fonctionnelles (par exemple, obstruction nasale, d\u00e9viation de la cloison nasale), et\/ou pour des raisons esth\u00e9tiques (d\u00e9formation, bosse, pointe mal [&hellip;]","og_url":"https:\/\/drtzadeh.com\/fr\/chirurgie-et-traitements-esthetiques\/rhinoplastie\/","og_site_name":"Dr. Teanoosh Zadeh - Clinique T","article_publisher":"https:\/\/www.facebook.com\/drteanooshzadehMD","article_modified_time":"2026-03-06T19:22:33+00:00","twitter_misc":{"Dur\u00e9e de lecture estim\u00e9e":"6 minutes"},"schema":{"@context":"https:\/\/schema.org","@graph":[{"@type":"WebPage","@id":"https:\/\/drtzadeh.com\/fr\/chirurgie-et-traitements-esthetiques\/rhinoplastie\/","url":"https:\/\/drtzadeh.com\/fr\/chirurgie-et-traitements-esthetiques\/rhinoplastie\/","name":"Rhinoplastie - Dr. Teanoosh Zadeh - Clinique T Montreal","isPartOf":{"@id":"https:\/\/drtzadeh.com\/#website"},"datePublished":"2022-10-25T09:48:41+00:00","dateModified":"2026-03-06T19:22:33+00:00","breadcrumb":{"@id":"https:\/\/drtzadeh.com\/fr\/chirurgie-et-traitements-esthetiques\/rhinoplastie\/#breadcrumb"},"inLanguage":"fr-FR","potentialAction":[{"@type":"ReadAction","target":["https:\/\/drtzadeh.com\/fr\/chirurgie-et-traitements-esthetiques\/rhinoplastie\/"]}]},{"@type":"BreadcrumbList","@id":"https:\/\/drtzadeh.com\/fr\/chirurgie-et-traitements-esthetiques\/rhinoplastie\/#breadcrumb","itemListElement":[{"@type":"ListItem","position":1,"name":"Home","item":"https:\/\/drtzadeh.com\/"},{"@type":"ListItem","position":2,"name":"Chirurgie et Traitements Esth\u00e9tiques","item":"https:\/\/drtzadeh.com\/fr\/chirurgie-et-traitements-esthetiques\/"},{"@type":"ListItem","position":3,"name":"Rhinoplastie"}]},{"@type":"WebSite","@id":"https:\/\/drtzadeh.com\/#website","url":"https:\/\/drtzadeh.com\/","name":"Dr. Teanoosh Zadeh - Clinique T","description":"Experienced &amp; Certified Montreal Plastic Surgeon","publisher":{"@id":"https:\/\/drtzadeh.com\/#organization"},"potentialAction":[{"@type":"SearchAction","target":{"@type":"EntryPoint","urlTemplate":"https:\/\/drtzadeh.com\/?s={search_term_string}"},"query-input":{"@type":"PropertyValueSpecification","valueRequired":true,"valueName":"search_term_string"}}],"inLanguage":"fr-FR"},{"@type":"Organization","@id":"https:\/\/drtzadeh.com\/#organization","name":"Dr. Teanoosh Zadeh - Clinique T","url":"https:\/\/drtzadeh.com\/","logo":{"@type":"ImageObject","inLanguage":"fr-FR","@id":"https:\/\/drtzadeh.com\/#\/schema\/logo\/image\/","url":"https:\/\/drtzadeh.com\/wp-content\/uploads\/2023\/01\/CLINIQUE-T-Logo.png","contentUrl":"https:\/\/drtzadeh.com\/wp-content\/uploads\/2023\/01\/CLINIQUE-T-Logo.png","width":270,"height":77,"caption":"Dr. Teanoosh Zadeh - Clinique T"},"image":{"@id":"https:\/\/drtzadeh.com\/#\/schema\/logo\/image\/"},"sameAs":["https:\/\/www.facebook.com\/drteanooshzadehMD","http:\/\/www.instagram.com\/drzadehteanoosh\/"]}]}},"_links":{"self":[{"href":"https:\/\/drtzadeh.com\/fr\/wp-json\/wp\/v2\/pages\/5160","targetHints":{"allow":["GET"]}}],"collection":[{"href":"https:\/\/drtzadeh.com\/fr\/wp-json\/wp\/v2\/pages"}],"about":[{"href":"https:\/\/drtzadeh.com\/fr\/wp-json\/wp\/v2\/types\/page"}],"author":[{"embeddable":true,"href":"https:\/\/drtzadeh.com\/fr\/wp-json\/wp\/v2\/users\/5"}],"replies":[{"embeddable":true,"href":"https:\/\/drtzadeh.com\/fr\/wp-json\/wp\/v2\/comments?post=5160"}],"version-history":[{"count":5,"href":"https:\/\/drtzadeh.com\/fr\/wp-json\/wp\/v2\/pages\/5160\/revisions"}],"predecessor-version":[{"id":7051,"href":"https:\/\/drtzadeh.com\/fr\/wp-json\/wp\/v2\/pages\/5160\/revisions\/7051"}],"up":[{"embeddable":true,"href":"https:\/\/drtzadeh.com\/fr\/wp-json\/wp\/v2\/pages\/5066"}],"wp:attachment":[{"href":"https:\/\/drtzadeh.com\/fr\/wp-json\/wp\/v2\/media?parent=5160"}],"curies":[{"name":"wp","href":"https:\/\/api.w.org\/{rel}","templated":true}]}}