{"id":5165,"date":"2022-02-15T10:05:05","date_gmt":"2022-02-15T10:05:05","guid":{"rendered":"https:\/\/drtzadeh.com\/dr-zahed\/"},"modified":"2023-09-15T18:58:14","modified_gmt":"2023-09-15T18:58:14","slug":"dr-zadeh","status":"publish","type":"page","link":"https:\/\/drtzadeh.com\/fr\/dr-zadeh\/","title":{"rendered":"Dr. Zadeh"},"content":{"rendered":"<p>[et_pb_section fb_built=&#8221;1&#8243; _builder_version=&#8221;4.16&#8243; _module_preset=&#8221;default&#8221; background_color=&#8221;RGBA(255,255,255,0)&#8221; custom_padding=&#8221;||0px||false|false&#8221; locked=&#8221;off&#8221; global_colors_info=&#8221;{}&#8221;][et_pb_row custom_padding_last_edited=&#8221;on|phone&#8221; _builder_version=&#8221;4.17.4&#8243; _module_preset=&#8221;default&#8221; custom_padding=&#8221;0px||40px||false|false&#8221; custom_padding_tablet=&#8221;0px||40px||false|false&#8221; custom_padding_phone=&#8221;0px||30px||false|false&#8221; border_width_bottom=&#8221;1px&#8221; border_color_bottom=&#8221;gcid-d72333c4-2dcd-44de-8826-8dfc2c15db04&#8243; global_colors_info=&#8221;{%22gcid-d72333c4-2dcd-44de-8826-8dfc2c15db04%22:%91%22border_color_bottom%22%93}&#8221;][et_pb_column type=&#8221;4_4&#8243; _builder_version=&#8221;4.16&#8243; _module_preset=&#8221;default&#8221; global_colors_info=&#8221;{}&#8221;][et_pb_text _builder_version=&#8221;4.20.0&#8243; _module_preset=&#8221;default&#8221; header_2_font=&#8221;Poppins|200||on|||||&#8221; header_2_text_align=&#8221;center&#8221; header_2_font_size=&#8221;32px&#8221; header_2_letter_spacing=&#8221;2px&#8221; custom_margin=&#8221;||10px||false|false&#8221; global_colors_info=&#8221;{}&#8221;]<\/p>\n<h2>\u00c0 propos du Dr Zadeh<\/h2>\n<p>[\/et_pb_text][\/et_pb_column][\/et_pb_row][\/et_pb_section][et_pb_section fb_built=&#8221;1&#8243; custom_padding_last_edited=&#8221;on|tablet&#8221; _builder_version=&#8221;4.19.5&#8243; _module_preset=&#8221;default&#8221; min_height=&#8221;1404.1px&#8221; min_height_tablet=&#8221;&#8221; min_height_phone=&#8221;&#8221; min_height_last_edited=&#8221;on|phone&#8221; custom_margin=&#8221;||-136px|||&#8221; custom_margin_tablet=&#8221;0px||||false|false&#8221; custom_margin_phone=&#8221;0px||||false|false&#8221; custom_margin_last_edited=&#8221;on|phone&#8221; custom_padding_tablet=&#8221;0px||||false|false&#8221; custom_padding_phone=&#8221;0px||||false|false&#8221; locked=&#8221;off&#8221; global_colors_info=&#8221;{}&#8221;][et_pb_row column_structure=&#8221;1_2,1_2&#8243; custom_padding_last_edited=&#8221;on|phone&#8221; _builder_version=&#8221;4.17.4&#8243; _module_preset=&#8221;default&#8221; custom_padding_tablet=&#8221;&#8221; custom_padding_phone=&#8221;0px||||false|false&#8221; global_colors_info=&#8221;{}&#8221;][et_pb_column type=&#8221;1_2&#8243; _builder_version=&#8221;4.16&#8243; _module_preset=&#8221;default&#8221; background_enable_image=&#8221;off&#8221; global_colors_info=&#8221;{}&#8221;][et_pb_image src=&#8221;https:\/\/drtzadeh.com\/wp-content\/uploads\/2022\/03\/Dr-zadeh.jpg&#8221; title_text=&#8221;Dr zadeh&#8221; align=&#8221;center&#8221; _builder_version=&#8221;4.19.5&#8243; _module_preset=&#8221;default&#8221; width_tablet=&#8221;&#8221; width_phone=&#8221;&#8221; width_last_edited=&#8221;on|phone&#8221; max_width=&#8221;776px&#8221; max_width_tablet=&#8221;&#8221; max_width_phone=&#8221;&#8221; max_width_last_edited=&#8221;on|phone&#8221; min_height=&#8221;912.5px&#8221; min_height_tablet=&#8221;&#8221; min_height_phone=&#8221;&#8221; min_height_last_edited=&#8221;on|tablet&#8221; custom_padding=&#8221;|||0px||&#8221; module_alignment_tablet=&#8221;&#8221; module_alignment_phone=&#8221;&#8221; module_alignment_last_edited=&#8221;on|tablet&#8221; global_colors_info=&#8221;{}&#8221;][\/et_pb_image][\/et_pb_column][et_pb_column type=&#8221;1_2&#8243; _builder_version=&#8221;4.16&#8243; _module_preset=&#8221;default&#8221; global_colors_info=&#8221;{}&#8221;][et_pb_text disabled_on=&#8221;on|on|off&#8221; _builder_version=&#8221;4.20.0&#8243; _module_preset=&#8221;default&#8221; text_font=&#8221;||||||||&#8221; custom_padding=&#8221;||0px|||&#8221; text_font_size_tablet=&#8221;&#8221; text_font_size_phone=&#8221;16px&#8221; text_font_size_last_edited=&#8221;on|phone&#8221; custom_css_main_element=&#8221;font-weight: 300;&#8221; global_colors_info=&#8221;{}&#8221;]<\/p>\n<p>N\u00e9 \u00e0 T\u00e9h\u00e9ran, en Iran, le Dr Teanoosh Zadeh a d&#8217;abord pass\u00e9 sa jeunesse en Angleterre avant d&#8217;\u00e9migrer avec ses parents au Qu\u00e9bec.<\/p>\n<p>&nbsp;<\/p>\n<h3>Formation chirurgicale<\/h3>\n<p>Il a ensuite termin\u00e9 ses \u00e9tudes de doctorat en m\u00e9decine \u00e0 l&#8217;Universit\u00e9 Laval, \u00e0 Qu\u00e9bec. \u00c0 l&#8217;\u00e2ge de 21 ans, il est devenu m\u00e9decin. Par la suite, le Dr Zadeh a effectu\u00e9 sa r\u00e9sidence en chirurgie g\u00e9n\u00e9rale, puis en chirurgie plastique \u00e0 l&#8217;Universit\u00e9 McGill de Montr\u00e9al, au Canada.<\/p>\n<p>Le Dr Zadeh a \u00e9t\u00e9 <strong>certifi\u00e9 en chirurgie g\u00e9n\u00e9rale et en chirurgie plastique<\/strong> par le Coll\u00e8ge royal des m\u00e9decins et chirurgiens du Canada en 1993 et 1994 respectivement.<\/p>\n<p>&nbsp;<\/p>\n<h3>Leader, innovateur et \u00e9ducateur en chirurgie esth\u00e9tique<\/h3>\n<p>Certifi\u00e9 avec plus de 26 ans d&#8217;exp\u00e9rience, le Dr Zadeh partage son temps entre sa clinique esth\u00e9tique priv\u00e9e \u00e0 Westmount et le Centre universitaire de sant\u00e9 McGill en tant que professeur adjoint de chirurgie.<\/p>\n<p>Chaque ann\u00e9e, des chirurgiens plasticiens nouvellement dipl\u00f4m\u00e9s du monde entier sont form\u00e9s gr\u00e2ce \u00e0 l&#8217;expertise du Dr Zadeh. Gr\u00e2ce \u00e0 son talent et \u00e0 son exp\u00e9rience, le Dr Zadeh donne des conf\u00e9rences lors de r\u00e9unions nationales et internationales \u00e0 ses pairs ainsi qu&#8217;aux futurs chirurgiens plasticiens. Le Dr Zadeh a publi\u00e9 de nombreux articles dans les plus prestigieuses revues de chirurgie plastique.<\/p>\n<p>D\u00e8s le d\u00e9but de sa pratique, le Dr Zadeh a \u00e9t\u00e9 implacable dans sa recherche de l&#8217;excellence en chirurgie plastique. Il s&#8217;occupe de certains des cas de traumatisme et de cancer les plus difficiles en<strong> mati\u00e8re d&#8217;esth\u00e9tique et de reconstruction<\/strong>, ce qui exige un large \u00e9ventail de comp\u00e9tences et de techniques qui n\u00e9cessitent de rester constamment \u00e0 la pointe de son domaine.<\/p>\n<p>[\/et_pb_text][\/et_pb_column][\/et_pb_row][et_pb_row custom_padding_last_edited=&#8221;on|phone&#8221; _builder_version=&#8221;4.17.4&#8243; _module_preset=&#8221;default&#8221; custom_padding_tablet=&#8221;&#8221; custom_padding_phone=&#8221;0px||||false|false&#8221; global_colors_info=&#8221;{}&#8221;][et_pb_column type=&#8221;4_4&#8243; _builder_version=&#8221;4.16&#8243; _module_preset=&#8221;default&#8221; global_colors_info=&#8221;{}&#8221;][et_pb_text _builder_version=&#8221;4.20.0&#8243; _module_preset=&#8221;default&#8221; header_4_text_color=&#8221;#444444&#8243; header_4_font_size=&#8221;24px&#8221; header_4_letter_spacing=&#8221;1px&#8221; min_height=&#8221;59px&#8221; custom_margin=&#8221;||10px||false|false&#8221; custom_padding=&#8221;||||false|false&#8221; header_4_text_align_tablet=&#8221;&#8221; header_4_text_align_phone=&#8221;center&#8221; header_4_text_align_last_edited=&#8221;on|phone&#8221; header_4_font_size_tablet=&#8221;24px&#8221; header_4_font_size_phone=&#8221;20px&#8221; header_4_font_size_last_edited=&#8221;on|phone&#8221; header_4_line_height_tablet=&#8221;&#8221; header_4_line_height_phone=&#8221;1.3em&#8221; header_4_line_height_last_edited=&#8221;on|phone&#8221; locked=&#8221;off&#8221; global_colors_info=&#8221;{}&#8221;]<\/p>\n<h2>Des r\u00e9f\u00e9rences qui font de lui l&#8217;un des meilleurs chirurgiens de sa profession<\/h2>\n<p>[\/et_pb_text][\/et_pb_column][\/et_pb_row][\/et_pb_section][et_pb_section fb_built=&#8221;1&#8243; _builder_version=&#8221;4.16&#8243; _module_preset=&#8221;default&#8221; background_color=&#8221;gcid-67073b55-63ba-4f75-b2ce-fe88022882be&#8221; custom_padding=&#8221;||||false|false&#8221; border_color_top=&#8221;#eeeeee&#8221; locked=&#8221;off&#8221; global_colors_info=&#8221;{%22gcid-67073b55-63ba-4f75-b2ce-fe88022882be%22:%91%22background_color%22%93}&#8221;][et_pb_row column_structure=&#8221;1_5,1_5,1_5,1_5,1_5&#8243; use_custom_gutter=&#8221;on&#8221; gutter_width=&#8221;2&#8243; custom_padding_last_edited=&#8221;on|phone&#8221; module_class=&#8221;Work-excp-row&#8221; _builder_version=&#8221;4.17.4&#8243; _module_preset=&#8221;default&#8221; custom_padding_tablet=&#8221;&#8221; custom_padding_phone=&#8221;0px||||false|false&#8221; global_colors_info=&#8221;{}&#8221;][et_pb_column type=&#8221;1_5&#8243; _builder_version=&#8221;4.16&#8243; _module_preset=&#8221;default&#8221; background_color=&#8221;#FFFFFF&#8221; custom_padding=&#8221;35px|20px|35px|20px|true|true&#8221; box_shadow_style=&#8221;preset2&#8243; box_shadow_color=&#8221;rgba(0,0,0,0.1)&#8221; global_colors_info=&#8221;{}&#8221;][et_pb_text _builder_version=&#8221;4.20.0&#8243; _module_preset=&#8221;default&#8221; global_colors_info=&#8221;{}&#8221;]<\/p>\n<p>Membre du Coll\u00e8ge des M\u00e9decins<\/p>\n<p>[\/et_pb_text][\/et_pb_column][et_pb_column type=&#8221;1_5&#8243; _builder_version=&#8221;4.20.0&#8243; _module_preset=&#8221;default&#8221; global_colors_info=&#8221;{}&#8221;][et_pb_accordion _builder_version=&#8221;4.20.0&#8243; _module_preset=&#8221;default&#8221; global_colors_info=&#8221;{}&#8221;][et_pb_accordion_item open=&#8221;on&#8221; _builder_version=&#8221;4.20.0&#8243; _module_preset=&#8221;default&#8221; global_colors_info=&#8221;{}&#8221;]<\/p>\n<p>Membre de l&#8217;Association des Sp\u00e9cialistes en Chirurgie Plastique et Esth\u00e9tiques du Quebec<\/p>\n<p>[\/et_pb_accordion_item][\/et_pb_accordion][\/et_pb_column][et_pb_column type=&#8221;1_5&#8243; _builder_version=&#8221;4.20.0&#8243; _module_preset=&#8221;default&#8221; global_colors_info=&#8221;{}&#8221;][et_pb_accordion _builder_version=&#8221;4.20.0&#8243; _module_preset=&#8221;default&#8221; global_colors_info=&#8221;{}&#8221;][et_pb_accordion_item open=&#8221;on&#8221; _builder_version=&#8221;4.20.0&#8243; _module_preset=&#8221;default&#8221; global_colors_info=&#8221;{}&#8221;]<\/p>\n<p>Membre du Coll\u00e8ge Royal des M\u00e9decins et Chirurgiens du Canada<\/p>\n<p>[\/et_pb_accordion_item][\/et_pb_accordion][\/et_pb_column][et_pb_column type=&#8221;1_5&#8243; _builder_version=&#8221;4.16&#8243; _module_preset=&#8221;default&#8221; background_color=&#8221;#FFFFFF&#8221; custom_padding=&#8221;35px|20px|35px|20px|true|true&#8221; box_shadow_style=&#8221;preset2&#8243; box_shadow_color=&#8221;rgba(0,0,0,0.1)&#8221; global_colors_info=&#8221;{}&#8221;][et_pb_blurb icon_placement=&#8221;left&#8221; _builder_version=&#8221;4.20.0&#8243; _module_preset=&#8221;default&#8221; header_font_size=&#8221;20px&#8221; body_font_size=&#8221;16px&#8221; header_text_align_tablet=&#8221;&#8221; header_text_align_phone=&#8221;center&#8221; header_text_align_last_edited=&#8221;on|phone&#8221; header_font_size_tablet=&#8221;20px&#8221; header_font_size_phone=&#8221;18px&#8221; header_font_size_last_edited=&#8221;on|phone&#8221; body_text_align_tablet=&#8221;&#8221; body_text_align_phone=&#8221;center&#8221; body_text_align_last_edited=&#8221;on|phone&#8221; global_colors_info=&#8221;{}&#8221;]<\/p>\n<p>Membre de la Soci\u00e9t\u00e9 Canadienne de Chirurgie Plastique<\/p>\n<p>[\/et_pb_blurb][\/et_pb_column][et_pb_column type=&#8221;1_5&#8243; _builder_version=&#8221;4.16&#8243; _module_preset=&#8221;default&#8221; background_color=&#8221;#FFFFFF&#8221; custom_padding=&#8221;35px|20px|35px|20px|true|true&#8221; box_shadow_style=&#8221;preset2&#8243; box_shadow_color=&#8221;rgba(0,0,0,0.1)&#8221; global_colors_info=&#8221;{}&#8221;][et_pb_blurb icon_placement=&#8221;left&#8221; _builder_version=&#8221;4.20.0&#8243; _module_preset=&#8221;default&#8221; header_font_size=&#8221;20px&#8221; body_font_size=&#8221;16px&#8221; header_text_align_tablet=&#8221;&#8221; header_text_align_phone=&#8221;center&#8221; header_text_align_last_edited=&#8221;on|phone&#8221; header_font_size_tablet=&#8221;20px&#8221; header_font_size_phone=&#8221;18px&#8221; header_font_size_last_edited=&#8221;on|phone&#8221; body_text_align_tablet=&#8221;&#8221; body_text_align_phone=&#8221;center&#8221; body_text_align_last_edited=&#8221;on|phone&#8221; global_colors_info=&#8221;{}&#8221;]<\/p>\n<p>Membre de la Soci\u00e9t\u00e9 Am\u00e9ricaine des Chirurgiens Plasticiens<\/p>\n<p>[\/et_pb_blurb][\/et_pb_column][\/et_pb_row][et_pb_row column_structure=&#8221;1_3,1_3,1_3&#8243; use_custom_gutter=&#8221;on&#8221; gutter_width=&#8221;2&#8243; custom_padding_last_edited=&#8221;on|phone&#8221; module_class=&#8221;Work-excp-row&#8221; _builder_version=&#8221;4.17.4&#8243; _module_preset=&#8221;default&#8221; custom_padding_tablet=&#8221;&#8221; custom_padding_phone=&#8221;0px||||false|false&#8221; global_colors_info=&#8221;{}&#8221;][et_pb_column type=&#8221;1_3&#8243; _builder_version=&#8221;4.16&#8243; _module_preset=&#8221;default&#8221; background_color=&#8221;#FFFFFF&#8221; custom_padding=&#8221;35px|20px|35px|20px|true|true&#8221; box_shadow_style=&#8221;preset2&#8243; box_shadow_color=&#8221;rgba(0,0,0,0.1)&#8221; global_colors_info=&#8221;{}&#8221;][et_pb_accordion _builder_version=&#8221;4.22.1&#8243; _module_preset=&#8221;default&#8221; min_height=&#8221;198.4px&#8221; custom_margin=&#8221;||2px|||&#8221; hover_enabled=&#8221;0&#8243; global_colors_info=&#8221;{}&#8221; sticky_enabled=&#8221;0&#8243;][et_pb_accordion_item open=&#8221;on&#8221; _builder_version=&#8221;4.22.1&#8243; _module_preset=&#8221;default&#8221; hover_enabled=&#8221;0&#8243; global_colors_info=&#8221;{}&#8221; sticky_enabled=&#8221;0&#8243;]<\/p>\n<p>Professeur Adjoint de Chirurgie-Universit\u00e9 McGill 1996-2023<\/p>\n<p>[\/et_pb_accordion_item][\/et_pb_accordion][\/et_pb_column][et_pb_column type=&#8221;1_3&#8243; _builder_version=&#8221;4.20.0&#8243; _module_preset=&#8221;default&#8221; global_colors_info=&#8221;{}&#8221;][et_pb_accordion _builder_version=&#8221;4.20.0&#8243; _module_preset=&#8221;default&#8221; global_colors_info=&#8221;{}&#8221;][et_pb_accordion_item open=&#8221;on&#8221; _builder_version=&#8221;4.20.0&#8243; _module_preset=&#8221;default&#8221; global_colors_info=&#8221;{}&#8221;]<\/p>\n<p>Vice-pr\u00e9sident &#8211; Comit\u00e9 D&#8217;Examen des Examens de Chirurgie Plastique du CRMCC<\/p>\n<p>[\/et_pb_accordion_item][\/et_pb_accordion][\/et_pb_column][et_pb_column type=&#8221;1_3&#8243; _builder_version=&#8221;4.16&#8243; _module_preset=&#8221;default&#8221; background_color=&#8221;#FFFFFF&#8221; custom_padding=&#8221;35px|20px|35px|20px|true|true&#8221; box_shadow_style=&#8221;preset2&#8243; box_shadow_color=&#8221;rgba(0,0,0,0.1)&#8221; global_colors_info=&#8221;{}&#8221;][et_pb_text _builder_version=&#8221;4.20.0&#8243; _module_preset=&#8221;default&#8221; global_colors_info=&#8221;{}&#8221;]<\/p>\n<p>Expert M\u00e9dical \u00e0 l&#8217;Agence Canadienne de Protection M\u00e9dicale<\/p>\n<p>[\/et_pb_text][\/et_pb_column][\/et_pb_row][\/et_pb_section]<\/p>\n","protected":false},"excerpt":{"rendered":"<p>\u00c0 propos du Dr ZadehN\u00e9 \u00e0 T\u00e9h\u00e9ran, en Iran, le Dr Teanoosh Zadeh a d&#8217;abord pass\u00e9 sa jeunesse en Angleterre avant d&#8217;\u00e9migrer avec ses parents au Qu\u00e9bec. &nbsp; Formation chirurgicale Il a ensuite termin\u00e9 ses \u00e9tudes de doctorat en m\u00e9decine \u00e0 l&#8217;Universit\u00e9 Laval, \u00e0 Qu\u00e9bec. \u00c0 l&#8217;\u00e2ge de 21 ans, il est devenu m\u00e9decin. Par [&hellip;]<\/p>\n","protected":false},"author":5,"featured_media":0,"parent":0,"menu_order":0,"comment_status":"closed","ping_status":"closed","template":"","meta":{"_et_pb_use_builder":"on","_et_pb_old_content":"<!-- wp:divi\/placeholder \/-->","_et_gb_content_width":"","footnotes":""},"class_list":["post-5165","page","type-page","status-publish","hentry"],"yoast_head":"<!-- This site is optimized with the Yoast SEO plugin v25.7 - https:\/\/yoast.com\/wordpress\/plugins\/seo\/ -->\n<title>Dr. Zadeh - Dr. Teanoosh Zadeh - Clinique T Montreal<\/title>\n<meta name=\"robots\" content=\"index, follow, max-snippet:-1, max-image-preview:large, max-video-preview:-1\" \/>\n<link rel=\"canonical\" href=\"https:\/\/drtzadeh.com\/fr\/dr-zadeh\/\" \/>\n<meta property=\"og:locale\" content=\"fr_FR\" \/>\n<meta property=\"og:type\" content=\"article\" \/>\n<meta property=\"og:title\" content=\"Dr. Zadeh - Dr. Teanoosh Zadeh - Clinique T Montreal\" \/>\n<meta property=\"og:description\" content=\"\u00c0 propos du Dr ZadehN\u00e9 \u00e0 T\u00e9h\u00e9ran, en Iran, le Dr Teanoosh Zadeh a d&#039;abord pass\u00e9 sa jeunesse en Angleterre avant d&#039;\u00e9migrer avec ses parents au Qu\u00e9bec. &nbsp; Formation chirurgicale Il a ensuite termin\u00e9 ses \u00e9tudes de doctorat en m\u00e9decine \u00e0 l&#039;Universit\u00e9 Laval, \u00e0 Qu\u00e9bec. \u00c0 l&#039;\u00e2ge de 21 ans, il est devenu m\u00e9decin. Par [&hellip;]\" \/>\n<meta property=\"og:url\" content=\"https:\/\/drtzadeh.com\/fr\/dr-zadeh\/\" \/>\n<meta property=\"og:site_name\" content=\"Dr. Teanoosh Zadeh - Clinique T\" \/>\n<meta property=\"article:publisher\" content=\"https:\/\/www.facebook.com\/drteanooshzadehMD\" \/>\n<meta property=\"article:modified_time\" content=\"2023-09-15T18:58:14+00:00\" \/>\n<meta name=\"twitter:label1\" content=\"Dur\u00e9e de lecture estim\u00e9e\" \/>\n\t<meta name=\"twitter:data1\" content=\"3 minutes\" \/>\n<!-- \/ Yoast SEO plugin. -->","yoast_head_json":{"title":"Dr. Zadeh - Dr. Teanoosh Zadeh - Clinique T Montreal","robots":{"index":"index","follow":"follow","max-snippet":"max-snippet:-1","max-image-preview":"max-image-preview:large","max-video-preview":"max-video-preview:-1"},"canonical":"https:\/\/drtzadeh.com\/fr\/dr-zadeh\/","og_locale":"fr_FR","og_type":"article","og_title":"Dr. Zadeh - Dr. Teanoosh Zadeh - Clinique T Montreal","og_description":"\u00c0 propos du Dr ZadehN\u00e9 \u00e0 T\u00e9h\u00e9ran, en Iran, le Dr Teanoosh Zadeh a d'abord pass\u00e9 sa jeunesse en Angleterre avant d'\u00e9migrer avec ses parents au Qu\u00e9bec. &nbsp; Formation chirurgicale Il a ensuite termin\u00e9 ses \u00e9tudes de doctorat en m\u00e9decine \u00e0 l'Universit\u00e9 Laval, \u00e0 Qu\u00e9bec. \u00c0 l'\u00e2ge de 21 ans, il est devenu m\u00e9decin. Par [&hellip;]","og_url":"https:\/\/drtzadeh.com\/fr\/dr-zadeh\/","og_site_name":"Dr. Teanoosh Zadeh - Clinique T","article_publisher":"https:\/\/www.facebook.com\/drteanooshzadehMD","article_modified_time":"2023-09-15T18:58:14+00:00","twitter_misc":{"Dur\u00e9e de lecture estim\u00e9e":"3 minutes"},"schema":{"@context":"https:\/\/schema.org","@graph":[{"@type":"WebPage","@id":"https:\/\/drtzadeh.com\/fr\/dr-zadeh\/","url":"https:\/\/drtzadeh.com\/fr\/dr-zadeh\/","name":"Dr. Zadeh - Dr. Teanoosh Zadeh - Clinique T Montreal","isPartOf":{"@id":"https:\/\/drtzadeh.com\/#website"},"datePublished":"2022-02-15T10:05:05+00:00","dateModified":"2023-09-15T18:58:14+00:00","breadcrumb":{"@id":"https:\/\/drtzadeh.com\/fr\/dr-zadeh\/#breadcrumb"},"inLanguage":"fr-FR","potentialAction":[{"@type":"ReadAction","target":["https:\/\/drtzadeh.com\/fr\/dr-zadeh\/"]}]},{"@type":"BreadcrumbList","@id":"https:\/\/drtzadeh.com\/fr\/dr-zadeh\/#breadcrumb","itemListElement":[{"@type":"ListItem","position":1,"name":"Home","item":"https:\/\/drtzadeh.com\/"},{"@type":"ListItem","position":2,"name":"Dr. Zadeh"}]},{"@type":"WebSite","@id":"https:\/\/drtzadeh.com\/#website","url":"https:\/\/drtzadeh.com\/","name":"Dr. Teanoosh Zadeh - Clinique T","description":"Experienced &amp; Certified Montreal Plastic Surgeon","publisher":{"@id":"https:\/\/drtzadeh.com\/#organization"},"potentialAction":[{"@type":"SearchAction","target":{"@type":"EntryPoint","urlTemplate":"https:\/\/drtzadeh.com\/?s={search_term_string}"},"query-input":{"@type":"PropertyValueSpecification","valueRequired":true,"valueName":"search_term_string"}}],"inLanguage":"fr-FR"},{"@type":"Organization","@id":"https:\/\/drtzadeh.com\/#organization","name":"Dr. Teanoosh Zadeh - Clinique T","url":"https:\/\/drtzadeh.com\/","logo":{"@type":"ImageObject","inLanguage":"fr-FR","@id":"https:\/\/drtzadeh.com\/#\/schema\/logo\/image\/","url":"https:\/\/drtzadeh.com\/wp-content\/uploads\/2023\/01\/CLINIQUE-T-Logo.png","contentUrl":"https:\/\/drtzadeh.com\/wp-content\/uploads\/2023\/01\/CLINIQUE-T-Logo.png","width":270,"height":77,"caption":"Dr. Teanoosh Zadeh - Clinique T"},"image":{"@id":"https:\/\/drtzadeh.com\/#\/schema\/logo\/image\/"},"sameAs":["https:\/\/www.facebook.com\/drteanooshzadehMD","http:\/\/www.instagram.com\/drzadehteanoosh\/"]}]}},"_links":{"self":[{"href":"https:\/\/drtzadeh.com\/fr\/wp-json\/wp\/v2\/pages\/5165","targetHints":{"allow":["GET"]}}],"collection":[{"href":"https:\/\/drtzadeh.com\/fr\/wp-json\/wp\/v2\/pages"}],"about":[{"href":"https:\/\/drtzadeh.com\/fr\/wp-json\/wp\/v2\/types\/page"}],"author":[{"embeddable":true,"href":"https:\/\/drtzadeh.com\/fr\/wp-json\/wp\/v2\/users\/5"}],"replies":[{"embeddable":true,"href":"https:\/\/drtzadeh.com\/fr\/wp-json\/wp\/v2\/comments?post=5165"}],"version-history":[{"count":6,"href":"https:\/\/drtzadeh.com\/fr\/wp-json\/wp\/v2\/pages\/5165\/revisions"}],"predecessor-version":[{"id":5822,"href":"https:\/\/drtzadeh.com\/fr\/wp-json\/wp\/v2\/pages\/5165\/revisions\/5822"}],"wp:attachment":[{"href":"https:\/\/drtzadeh.com\/fr\/wp-json\/wp\/v2\/media?parent=5165"}],"curies":[{"name":"wp","href":"https:\/\/api.w.org\/{rel}","templated":true}]}}