{"id":5544,"date":"2022-10-25T04:31:21","date_gmt":"2022-10-25T04:31:21","guid":{"rendered":"https:\/\/drtzadeh.com\/chirurgie-et-traitements-esthetiques\/breast-reduction\/"},"modified":"2023-05-15T19:23:34","modified_gmt":"2023-05-15T19:23:34","slug":"reduction-mammaire","status":"publish","type":"page","link":"https:\/\/drtzadeh.com\/fr\/chirurgie-et-traitements-esthetiques\/reduction-mammaire\/","title":{"rendered":"R\u00e9duction mammaire"},"content":{"rendered":"<p>[et_pb_section fb_built=&#8221;1&#8243; _builder_version=&#8221;4.17.4&#8243; _module_preset=&#8221;default&#8221; background_color=&#8221;gcid-d72333c4-2dcd-44de-8826-8dfc2c15db04&#8243; global_colors_info=&#8221;{%22gcid-d72333c4-2dcd-44de-8826-8dfc2c15db04%22:%91%22background_color%22%93}&#8221;][et_pb_row _builder_version=&#8221;4.17.4&#8243; _module_preset=&#8221;default&#8221; global_colors_info=&#8221;{}&#8221;][et_pb_column type=&#8221;4_4&#8243; _builder_version=&#8221;4.17.4&#8243; _module_preset=&#8221;default&#8221; global_colors_info=&#8221;{}&#8221;][et_pb_text module_class=&#8221;hero-sec-heading&#8221; _builder_version=&#8221;4.20.0&#8243; _module_preset=&#8221;default&#8221; header_font_size=&#8221;40px&#8221; custom_margin=&#8221;||0px||false|false&#8221; header_text_align_tablet=&#8221;&#8221; header_text_align_phone=&#8221;center&#8221; header_text_align_last_edited=&#8221;on|phone&#8221; header_font_size_tablet=&#8221;40px&#8221; header_font_size_phone=&#8221;34px&#8221; header_font_size_last_edited=&#8221;on|desktop&#8221; global_colors_info=&#8221;{}&#8221;]<\/p>\n<h1>R\u00e9duction mammaire<\/h1>\n<p>[\/et_pb_text][lwp_divi_breadcrumbs link_color=&#8221;gcid-5f7becaa-db42-4a27-923f-406088f8cb05&#8243; _builder_version=&#8221;4.17.4&#8243; _module_preset=&#8221;default&#8221; module_text_align_tablet=&#8221;&#8221; module_text_align_phone=&#8221;center&#8221; module_text_align_last_edited=&#8221;on|phone&#8221; module_font_size_tablet=&#8221;&#8221; module_font_size_phone=&#8221;16px&#8221; module_font_size_last_edited=&#8221;on|phone&#8221; global_colors_info=&#8221;{%22gcid-5f7becaa-db42-4a27-923f-406088f8cb05%22:%91%22link_color%22%93}&#8221;][\/lwp_divi_breadcrumbs][\/et_pb_column][\/et_pb_row][\/et_pb_section][et_pb_section fb_built=&#8221;1&#8243; _builder_version=&#8221;4.17.4&#8243; _module_preset=&#8221;default&#8221; global_colors_info=&#8221;{}&#8221;][et_pb_row column_structure=&#8221;2_3,1_3&#8243; _builder_version=&#8221;4.20.0&#8243; _module_preset=&#8221;default&#8221; width=&#8221;79%&#8221; module_alignment=&#8221;center&#8221; custom_margin=&#8221;|auto||64px||&#8221; custom_padding=&#8221;|||0px||&#8221; global_colors_info=&#8221;{}&#8221;][et_pb_column type=&#8221;2_3&#8243; _builder_version=&#8221;4.17.4&#8243; _module_preset=&#8221;default&#8221; global_colors_info=&#8221;{}&#8221;][et_pb_text disabled_on=&#8221;on|on|on&#8221; _builder_version=&#8221;4.20.0&#8243; _module_preset=&#8221;default&#8221; disabled=&#8221;on&#8221; locked=&#8221;off&#8221; global_colors_info=&#8221;{}&#8221;]<\/p>\n<h2>R\u00e9sum\u00e9<\/h2>\n<p>[\/et_pb_text][et_pb_divider color=&#8221;#444444&#8243; divider_weight=&#8221;2px&#8221; disabled_on=&#8221;on|on|on&#8221; _builder_version=&#8221;4.16&#8243; _module_preset=&#8221;default&#8221; width=&#8221;100px&#8221; module_alignment=&#8221;left&#8221; custom_margin=&#8221;||15px||false|false&#8221; disabled=&#8221;on&#8221; locked=&#8221;off&#8221; global_colors_info=&#8221;{}&#8221;][\/et_pb_divider][et_pb_text module_class=&#8221;service-txt&#8221; _builder_version=&#8221;4.20.0&#8243; _module_preset=&#8221;default&#8221; text_orientation_tablet=&#8221;&#8221; text_orientation_phone=&#8221;center&#8221; text_orientation_last_edited=&#8221;on|phone&#8221; global_colors_info=&#8221;{}&#8221;]<\/p>\n<p>La r\u00e9duction mammaire, \u00e9galement connue sous le nom de mammaplastie de r\u00e9duction, est une intervention qui consiste \u00e0 retirer l&#8217;exc\u00e8s de graisse, de tissu glandulaire et de peau des seins afin d&#8217;obtenir une taille de poitrine plus proportionnelle \u00e0 votre corps et de soulager la g\u00eane associ\u00e9e \u00e0 des seins trop volumineux (macromastie).<\/p>\n<p>Des seins disproportionn\u00e9s peuvent provoquer une d\u00e9tresse physique et \u00e9motionnelle chez les patientes. Les patients souffrant de macromastie peuvent ressentir une g\u00eane physique due au poids de leurs seins. La douleur qui en r\u00e9sulte peut emp\u00eacher certains patients d&#8217;effectuer des activit\u00e9s physiques de routine.<\/p>\n<p>Bien que la r\u00e9duction mammaire soit souvent pratiqu\u00e9e pour r\u00e9pondre \u00e0 des probl\u00e8mes m\u00e9dicaux, les patientes qui ne pr\u00e9sentent pas les sympt\u00f4mes de la macromastie mais qui ne sont pas satisfaites de la taille de leurs seins peuvent n\u00e9anmoins envisager une r\u00e9duction mammaire \u00e0 des fins esth\u00e9tiques. Les patientes qui choisissent de subir une r\u00e9duction mammaire pour des raisons esth\u00e9tiques peuvent invoquer un certain nombre de facteurs, notamment la stigmatisation sociale et les pr\u00e9occupations li\u00e9es \u00e0 la garde-robe.<\/p>\n<p>[\/et_pb_text][et_pb_text _builder_version=&#8221;4.20.0&#8243; _module_preset=&#8221;default&#8221; header_2_text_align_tablet=&#8221;&#8221; header_2_text_align_phone=&#8221;center&#8221; header_2_text_align_last_edited=&#8221;on|phone&#8221; header_2_line_height_tablet=&#8221;&#8221; header_2_line_height_phone=&#8221;1.3em&#8221; header_2_line_height_last_edited=&#8221;on|phone&#8221; locked=&#8221;off&#8221; global_colors_info=&#8221;{}&#8221;]<\/p>\n<h2>Questions fr\u00e9quemment pos\u00e9es<\/h2>\n<p>[\/et_pb_text][et_pb_divider color=&#8221;#444444&#8243; divider_weight=&#8221;2px&#8221; _builder_version=&#8221;4.17.4&#8243; _module_preset=&#8221;default&#8221; width=&#8221;100px&#8221; module_alignment=&#8221;left&#8221; custom_margin=&#8221;||15px||false|false&#8221; module_alignment_tablet=&#8221;left&#8221; module_alignment_phone=&#8221;center&#8221; module_alignment_last_edited=&#8221;on|phone&#8221; locked=&#8221;off&#8221; global_colors_info=&#8221;{}&#8221;][\/et_pb_divider][et_pb_accordion open_toggle_text_color=&#8221;#333333&#8243; open_toggle_background_color=&#8221;#FFFFFF&#8221; closed_toggle_background_color=&#8221;#faf9f6&#8243; icon_color=&#8221;gcid-d72333c4-2dcd-44de-8826-8dfc2c15db04&#8243; module_id=&#8221;myfaq&#8221; module_class=&#8221;faq-list&#8221; _builder_version=&#8221;4.20.0&#8243; _module_preset=&#8221;default&#8221; toggle_font=&#8221;|700|||||||&#8221; hover_enabled=&#8221;0&#8243; global_colors_info=&#8221;{%22gcid-d72333c4-2dcd-44de-8826-8dfc2c15db04%22:%91%22icon_color%22%93}&#8221; sticky_enabled=&#8221;0&#8243;][et_pb_accordion_item title=&#8221;Qui est un bon candidat \u00e0 la chirurgie de r\u00e9duction mammaire ?&#8221; open=&#8221;off&#8221; _builder_version=&#8221;4.20.0&#8243; _module_preset=&#8221;default&#8221; global_colors_info=&#8221;{}&#8221;]<\/p>\n<p>Des seins trop volumineux peuvent entra\u00eener des probl\u00e8mes de sant\u00e9 et des probl\u00e8mes \u00e9motionnels. Outre les probl\u00e8mes d&#8217;image de soi, vous pouvez \u00e9galement ressentir des douleurs et une g\u00eane physiques. Le poids du tissu mammaire exc\u00e9dentaire peut vous emp\u00eacher de mener une vie active. La g\u00eane \u00e9motionnelle et la conscience de soi souvent associ\u00e9es \u00e0 des seins volumineux et pendants peuvent \u00eatre aussi importantes que la g\u00eane et la douleur physiques.<\/p>\n<p>Vous pouvez \u00eatre candidate \u00e0 une chirurgie de r\u00e9duction mammaire si<\/p>\n<ul>\n<li>Vous \u00eates en bonne sant\u00e9 physique<\/li>\n<li>Vous avez des attentes r\u00e9alistes<\/li>\n<li>Vous ne fumez pas<\/li>\n<li>Vous \u00eates g\u00ean\u00e9e par le sentiment que vos seins sont trop gros<\/li>\n<li>Vos seins vous g\u00eanent dans vos activit\u00e9s physiques<\/li>\n<li>Vous avez des douleurs au dos, au cou et aux \u00e9paules caus\u00e9es par le poids de vos seins.<\/li>\n<li>Les bretelles de soutien-gorge font des marques sur vos \u00e9paules<\/li>\n<li>Vous avez une irritation de la peau sous le pli du sein.<\/li>\n<\/ul>\n<p>[\/et_pb_accordion_item][et_pb_accordion_item title=&#8221;Quels sont les types d&#8217;incisions de r\u00e9duction mammaire ?&#8221; _builder_version=&#8221;4.20.0&#8243; _module_preset=&#8221;default&#8221; global_colors_info=&#8221;{}&#8221; open=&#8221;off&#8221;]<\/p>\n<p><img loading=\"lazy\" decoding=\"async\" class=\"wp-image-2355 alignnone size-full\" style=\"float: right;\" src=\"https:\/\/drtzadeh.com\/wp-content\/uploads\/2022\/10\/image-010.png\" alt=\"\" width=\"280\" height=\"280\" srcset=\"https:\/\/drtzadeh.com\/wp-content\/uploads\/2022\/10\/image-010.png 480w, https:\/\/drtzadeh.com\/wp-content\/uploads\/2022\/10\/image-010-300x300.png 300w, https:\/\/drtzadeh.com\/wp-content\/uploads\/2022\/10\/image-010-150x150.png 150w\" sizes=\"(max-width: 280px) 100vw, 280px\" \/><\/p>\n<p>Le docteur Zadeh enl\u00e8vera le tissu mammaire, la graisse et la peau, rel\u00e8vera le mamelon et l&#8217;ar\u00e9ole et rapprochera la peau et le tissu de la glande pour resserrer et remodeler le sein. Il existe plusieurs mod\u00e8les et techniques d&#8217;incision mammaire. Le docteur Zadeh choisira une technique en fonction de la taille et de la forme de vos seins, de la taille et de la position de l&#8217;ar\u00e9ole, du degr\u00e9 d&#8217;affaissement des seins, de la qualit\u00e9 et de l&#8217;\u00e9lasticit\u00e9 de la peau, et de l&#8217;importance de l&#8217;exc\u00e8s de peau.<\/p>\n<p>Il existe deux types d&#8217;incisions :<\/p>\n<ul>\n<li>L&#8217;incision descendante, de l&#8217;ar\u00e9ole jusqu&#8217;au sillon mammaire.<\/li>\n<li>Horizontale, le long des plis du sein.<\/li>\n<\/ul>\n<h2>L&#8217;incision d&#8217;ancrage<\/h2>\n<p>L&#8217;incision d&#8217;ancrage, la technique la plus courante, comporte trois coupes distinctes. Le docteur Zadeh pratique la premi\u00e8re incision autour du p\u00e9rim\u00e8tre de l&#8217;ar\u00e9ole, la deuxi\u00e8me verticalement de l&#8217;ar\u00e9ole au pli mammaire et la troisi\u00e8me horizontalement le long du pli mammaire. Si vous souhaitez une r\u00e9duction importante ou si vous avez un affaissement important, votre chirurgien vous recommandera probablement cette approche. Cette technique peut vous aider \u00e0 obtenir les r\u00e9sultats les plus spectaculaires, mais c&#8217;est aussi celle qui laisse le plus de cicatrices.<\/p>\n<p>Une incision &#8220;d&#8217;ancrage&#8221; est pratiqu\u00e9e autour de l&#8217;ar\u00e9ole, puis verticalement vers le bas et sous le pli mammaire.<\/p>\n<h3>Incision en trou de serrure (\u00e9galement connue sous le nom de lifting &#8220;lollipop&#8221;)<\/h3>\n<p><img loading=\"lazy\" decoding=\"async\" class=\"wp-image-2361 alignnone size-full\" style=\"float: right;\" src=\"https:\/\/drtzadeh.com\/wp-content\/uploads\/2022\/10\/image-011.jpg\" alt=\"\" width=\"280\" height=\"280\" srcset=\"https:\/\/drtzadeh.com\/wp-content\/uploads\/2022\/10\/image-011.jpg 480w, https:\/\/drtzadeh.com\/wp-content\/uploads\/2022\/10\/image-011-300x300.jpg 300w, https:\/\/drtzadeh.com\/wp-content\/uploads\/2022\/10\/image-011-150x150.jpg 150w\" sizes=\"(max-width: 280px) 100vw, 280px\" \/><\/p>\n<p>L&#8217;incision en &#8220;trou de serrure&#8221; implique deux coupes distinctes. Le Dr Zadeh pratique la premi\u00e8re incision autour du p\u00e9rim\u00e8tre de l&#8217;ar\u00e9ole et la seconde incision verticalement de l&#8217;ar\u00e9ole au pli du sein. Si vous souhaitez une r\u00e9duction mod\u00e9r\u00e9e et que vous pr\u00e9sentez un affaissement mod\u00e9r\u00e9, votre chirurgien peut vous recommander cette approche. Cette technique produit une cicatrice mod\u00e9r\u00e9e.<\/p>\n<p>Une incision en &#8220;trou de serrure&#8221; est pratiqu\u00e9e autour de l&#8217;ar\u00e9ole, puis verticalement jusqu&#8217;au pli du sein.<\/p>\n<p>Si vos seins sont extr\u00eamement volumineux, le Dr Zadeh peut \u00eatre amen\u00e9 \u00e0 retirer compl\u00e8tement les mamelons et les ar\u00e9oles, puis \u00e0 les greffer \u00e0 un niveau plus \u00e9lev\u00e9. Cette technique est rare et, dans ce cas, vous perdrez la sensibilit\u00e9 du mamelon et ne pourrez peut-\u00eatre pas allaiter.<\/p>\n<p>[\/et_pb_accordion_item][et_pb_accordion_item title=&#8221;Aurai-je des cicatrices apr\u00e8s ma r\u00e9duction mammaire ?&#8221; _builder_version=&#8221;4.20.0&#8243; _module_preset=&#8221;default&#8221; global_colors_info=&#8221;{}&#8221; open=&#8221;off&#8221;]<\/p>\n<p>Les cicatrices de la r\u00e9duction mammaire varient en fonction du type d&#8217;incision pratiqu\u00e9e par votre chirurgien plasticien (comme d\u00e9crit ci-dessus). Le Dr Zadeh peut dissimuler certaines cicatrices dans les contours naturels des seins, mais d&#8217;autres seront visibles \u00e0 la surface des seins.<\/p>\n<p>Bien que les lignes d&#8217;incision soient permanentes, dans la plupart des cas, elles s&#8217;estomperont et s&#8217;am\u00e9lioreront consid\u00e9rablement avec le temps. Le docteur Zadeh s&#8217;efforce de placer les incisions dans des zones cach\u00e9es et de les minimiser, dans le but d&#8217;obtenir les r\u00e9sultats souhait\u00e9s avec la cicatrice la plus courte possible. Des techniques sp\u00e9ciales de manipulation des tissus et de suture permettent de minimiser encore davantage les cicatrices.<\/p>\n<p>La cicatrisation de votre incision d\u00e9pendra de la technique chirurgicale, des mesures que vous prendrez pour pr\u00e9venir l&#8217;infection (r\u00e9gime alimentaire, interdiction de fumer, hydratation) et de toute condition m\u00e9dicale sous-jacente ou tendance g\u00e9n\u00e9tique.<\/p>\n<p>[\/et_pb_accordion_item][et_pb_accordion_item title=&#8221;Les cicatrices de la r\u00e9duction mammaire sont-elles permanentes ?&#8221; _builder_version=&#8221;4.20.0&#8243; _module_preset=&#8221;default&#8221; global_colors_info=&#8221;{}&#8221; open=&#8221;off&#8221;]<\/p>\n<p>Toute intervention impliquant des incisions chirurgicales entra\u00eene un certain degr\u00e9 de tissu cicatriciel, qui ne dispara\u00eet pas compl\u00e8tement. Toutefois, l&#8217;apparence des cicatrices de r\u00e9duction mammaire devrait progressivement s&#8217;\u00e9claircir et devenir plus plate et plus lisse. Avec le temps, vous pouvez vous attendre \u00e0 ce que vos cicatrices deviennent moins visibles, surtout si vous prenez bien soin des plaies apr\u00e8s votre chirurgie de r\u00e9duction.<\/p>\n<p>[\/et_pb_accordion_item][et_pb_accordion_item title=&#8221;Comment att\u00e9nuer les cicatrices d&#8217;une r\u00e9duction mammaire ?&#8221; _builder_version=&#8221;4.20.0&#8243; _module_preset=&#8221;default&#8221; global_colors_info=&#8221;{}&#8221; open=&#8221;off&#8221;]<\/p>\n<p>Bien qu&#8217;il ne soit pas possible d&#8217;emp\u00eacher compl\u00e8tement l&#8217;apparition de cicatrices apr\u00e8s une chirurgie de r\u00e9duction mammaire, il existe quelques bonnes pratiques \u00e0 suivre pour minimiser leur apparence, notamment :<\/p>\n<ul>\n<li>Essayez de limiter la prise de poids pendant votre convalescence, qui peut entra\u00eener l&#8217;\u00e9largissement des cicatrices.<\/li>\n<li>Abstenez-vous de fumer et d&#8217;utiliser d&#8217;autres produits du tabac, car ils peuvent nuire \u00e0 la cicatrisation.<\/li>\n<li>\u00c9vitez la lumi\u00e8re directe du soleil ou les rayons UV des lits de bronzage, qui peuvent assombrir les cicatrices.<\/li>\n<li>Suivre les instructions de soins de la plaie pour minimiser le risque d&#8217;infection.<\/li>\n<li>La Clinique T propose une gamme de cr\u00e8mes topiques ainsi que des traitements tels que le BBL et le Microneedling pour r\u00e9duire l&#8217;apparence des cicatrices.<\/li>\n<\/ul>\n<p>[\/et_pb_accordion_item][et_pb_accordion_item title=&#8221;Comment puis-je contr\u00f4ler la douleur \u00e0 la maison ? &#8221; _builder_version=&#8221;4.20.0&#8243; _module_preset=&#8221;default&#8221; global_colors_info=&#8221;{}&#8221; open=&#8221;off&#8221;]<\/p>\n<p>Le docteur Zadeh vous remettra une ordonnance pour un m\u00e9dicament contre la douleur \u00e0 emporter chez vous avant l&#8217;intervention. Vous pourrez ainsi disposer de ces m\u00e9dicaments lorsque vous rentrerez chez vous apr\u00e8s l&#8217;intervention.<\/p>\n<p>Remarque : Assurez-vous que le Dr Zadeh sait quels m\u00e9dicaments contre la douleur vous ont caus\u00e9 des probl\u00e8mes dans le pass\u00e9.<\/p>\n<p>[\/et_pb_accordion_item][et_pb_accordion_item title=&#8221;Combien co\u00fbte une r\u00e9duction mammaire ?&#8221; _builder_version=&#8221;4.20.0&#8243; _module_preset=&#8221;default&#8221; hover_enabled=&#8221;0&#8243; global_colors_info=&#8221;{}&#8221; open=&#8221;on&#8221; sticky_enabled=&#8221;0&#8243;]<\/p>\n<p>La chirurgie de r\u00e9duction mammaire n&#8217;est pas couverte par la RAMQ .<\/p>\n<p>[\/et_pb_accordion_item][\/et_pb_accordion][\/et_pb_column][et_pb_column type=&#8221;1_3&#8243; _builder_version=&#8221;4.17.4&#8243; _module_preset=&#8221;default&#8221; global_colors_info=&#8221;{}&#8221;][et_pb_sidebar area=&#8221;et_pb_widget_area_1&#8243; _builder_version=&#8221;4.17.4&#8243; _module_preset=&#8221;default&#8221; global_colors_info=&#8221;{}&#8221;][\/et_pb_sidebar][\/et_pb_column][\/et_pb_row][\/et_pb_section]<\/p>\n","protected":false},"excerpt":{"rendered":"<p>R\u00e9duction mammaire<div class=\"et_pb_module lwp_divi_breadcrumbs lwp_divi_breadcrumbs_0\">\n\t\t\t\t\n\t\t\t\t\n\t\t\t\t\n\t\t\t\t\n\t\t\t\t\n\t\t\t\t\n\t\t\t\t<div class=\"et_pb_module_inner\">\n\t\t\t\t\t<div class=\"lwp-breadcrumbs\"> <span class=\"before\"><\/span> <span><span property=\"itemListElement\" typeof=\"ListItem\"><a property=\"item\" typeof=\"WebPage\" href=\"https:\/\/drtzadeh.com\/fr\/\" class=\"home\"><span property=\"name\">Accueil<\/span><\/a><meta property=\"position\" content=\"1\"><\/span> <span class=\"separator et-pb-icon\">&amp;#x39;<\/span> <\/span><\/div>\n\t\t\t\t<\/div>\n\t\t\t<\/div>R\u00e9sum\u00e9La r\u00e9duction mammaire, \u00e9galement connue sous le nom de mammaplastie de r\u00e9duction, est une intervention qui consiste \u00e0 retirer l&#8217;exc\u00e8s de graisse, de tissu glandulaire et de peau des seins afin d&#8217;obtenir une taille de poitrine plus proportionnelle \u00e0 votre corps et de soulager [&hellip;]<\/p>\n","protected":false},"author":5,"featured_media":0,"parent":5066,"menu_order":0,"comment_status":"closed","ping_status":"closed","template":"","meta":{"_et_pb_use_builder":"on","_et_pb_old_content":"","_et_gb_content_width":"","footnotes":""},"class_list":["post-5544","page","type-page","status-publish","hentry"],"yoast_head":"<!-- This site is optimized with the Yoast SEO plugin v25.7 - https:\/\/yoast.com\/wordpress\/plugins\/seo\/ -->\n<title>R\u00e9duction mammaire - Dr. Teanoosh Zadeh - Clinique T Montreal<\/title>\n<meta name=\"robots\" content=\"index, follow, max-snippet:-1, max-image-preview:large, max-video-preview:-1\" \/>\n<link rel=\"canonical\" href=\"https:\/\/drtzadeh.com\/fr\/chirurgie-et-traitements-esthetiques\/reduction-mammaire\/\" \/>\n<meta property=\"og:locale\" content=\"fr_FR\" \/>\n<meta property=\"og:type\" content=\"article\" \/>\n<meta property=\"og:title\" content=\"R\u00e9duction mammaire - Dr. Teanoosh Zadeh - Clinique T Montreal\" \/>\n<meta property=\"og:description\" content=\"R\u00e9duction mammaireR\u00e9sum\u00e9La r\u00e9duction mammaire, \u00e9galement connue sous le nom de mammaplastie de r\u00e9duction, est une intervention qui consiste \u00e0 retirer l&#039;exc\u00e8s de graisse, de tissu glandulaire et de peau des seins afin d&#039;obtenir une taille de poitrine plus proportionnelle \u00e0 votre corps et de soulager [&hellip;]\" \/>\n<meta property=\"og:url\" content=\"https:\/\/drtzadeh.com\/fr\/chirurgie-et-traitements-esthetiques\/reduction-mammaire\/\" \/>\n<meta property=\"og:site_name\" content=\"Dr. Teanoosh Zadeh - Clinique T\" \/>\n<meta property=\"article:publisher\" content=\"https:\/\/www.facebook.com\/drteanooshzadehMD\" \/>\n<meta property=\"article:modified_time\" content=\"2023-05-15T19:23:34+00:00\" \/>\n<meta property=\"og:image\" content=\"https:\/\/drtzadeh.com\/wp-content\/uploads\/2022\/10\/image-010.png\" \/>\n<meta name=\"twitter:label1\" content=\"Dur\u00e9e de lecture estim\u00e9e\" \/>\n\t<meta name=\"twitter:data1\" content=\"7 minutes\" \/>\n<!-- \/ Yoast SEO plugin. -->","yoast_head_json":{"title":"R\u00e9duction mammaire - Dr. Teanoosh Zadeh - Clinique T Montreal","robots":{"index":"index","follow":"follow","max-snippet":"max-snippet:-1","max-image-preview":"max-image-preview:large","max-video-preview":"max-video-preview:-1"},"canonical":"https:\/\/drtzadeh.com\/fr\/chirurgie-et-traitements-esthetiques\/reduction-mammaire\/","og_locale":"fr_FR","og_type":"article","og_title":"R\u00e9duction mammaire - Dr. Teanoosh Zadeh - Clinique T Montreal","og_description":"R\u00e9duction mammaireR\u00e9sum\u00e9La r\u00e9duction mammaire, \u00e9galement connue sous le nom de mammaplastie de r\u00e9duction, est une intervention qui consiste \u00e0 retirer l'exc\u00e8s de graisse, de tissu glandulaire et de peau des seins afin d'obtenir une taille de poitrine plus proportionnelle \u00e0 votre corps et de soulager [&hellip;]","og_url":"https:\/\/drtzadeh.com\/fr\/chirurgie-et-traitements-esthetiques\/reduction-mammaire\/","og_site_name":"Dr. Teanoosh Zadeh - Clinique T","article_publisher":"https:\/\/www.facebook.com\/drteanooshzadehMD","article_modified_time":"2023-05-15T19:23:34+00:00","og_image":[{"url":"https:\/\/drtzadeh.com\/wp-content\/uploads\/2022\/10\/image-010.png","type":"","width":"","height":""}],"twitter_misc":{"Dur\u00e9e de lecture estim\u00e9e":"7 minutes"},"schema":{"@context":"https:\/\/schema.org","@graph":[{"@type":"WebPage","@id":"https:\/\/drtzadeh.com\/fr\/chirurgie-et-traitements-esthetiques\/reduction-mammaire\/","url":"https:\/\/drtzadeh.com\/fr\/chirurgie-et-traitements-esthetiques\/reduction-mammaire\/","name":"R\u00e9duction mammaire - Dr. Teanoosh Zadeh - Clinique T Montreal","isPartOf":{"@id":"https:\/\/drtzadeh.com\/#website"},"primaryImageOfPage":{"@id":"https:\/\/drtzadeh.com\/fr\/chirurgie-et-traitements-esthetiques\/reduction-mammaire\/#primaryimage"},"image":{"@id":"https:\/\/drtzadeh.com\/fr\/chirurgie-et-traitements-esthetiques\/reduction-mammaire\/#primaryimage"},"thumbnailUrl":"https:\/\/drtzadeh.com\/wp-content\/uploads\/2022\/10\/image-010.png","datePublished":"2022-10-25T04:31:21+00:00","dateModified":"2023-05-15T19:23:34+00:00","breadcrumb":{"@id":"https:\/\/drtzadeh.com\/fr\/chirurgie-et-traitements-esthetiques\/reduction-mammaire\/#breadcrumb"},"inLanguage":"fr-FR","potentialAction":[{"@type":"ReadAction","target":["https:\/\/drtzadeh.com\/fr\/chirurgie-et-traitements-esthetiques\/reduction-mammaire\/"]}]},{"@type":"ImageObject","inLanguage":"fr-FR","@id":"https:\/\/drtzadeh.com\/fr\/chirurgie-et-traitements-esthetiques\/reduction-mammaire\/#primaryimage","url":"https:\/\/drtzadeh.com\/wp-content\/uploads\/2022\/10\/image-010.png","contentUrl":"https:\/\/drtzadeh.com\/wp-content\/uploads\/2022\/10\/image-010.png"},{"@type":"BreadcrumbList","@id":"https:\/\/drtzadeh.com\/fr\/chirurgie-et-traitements-esthetiques\/reduction-mammaire\/#breadcrumb","itemListElement":[{"@type":"ListItem","position":1,"name":"Home","item":"https:\/\/drtzadeh.com\/"},{"@type":"ListItem","position":2,"name":"Chirurgie et Traitements Esth\u00e9tiques","item":"https:\/\/drtzadeh.com\/fr\/chirurgie-et-traitements-esthetiques\/"},{"@type":"ListItem","position":3,"name":"R\u00e9duction mammaire"}]},{"@type":"WebSite","@id":"https:\/\/drtzadeh.com\/#website","url":"https:\/\/drtzadeh.com\/","name":"Dr. Teanoosh Zadeh - Clinique T","description":"Experienced &amp; Certified Montreal Plastic Surgeon","publisher":{"@id":"https:\/\/drtzadeh.com\/#organization"},"potentialAction":[{"@type":"SearchAction","target":{"@type":"EntryPoint","urlTemplate":"https:\/\/drtzadeh.com\/?s={search_term_string}"},"query-input":{"@type":"PropertyValueSpecification","valueRequired":true,"valueName":"search_term_string"}}],"inLanguage":"fr-FR"},{"@type":"Organization","@id":"https:\/\/drtzadeh.com\/#organization","name":"Dr. Teanoosh Zadeh - Clinique T","url":"https:\/\/drtzadeh.com\/","logo":{"@type":"ImageObject","inLanguage":"fr-FR","@id":"https:\/\/drtzadeh.com\/#\/schema\/logo\/image\/","url":"https:\/\/drtzadeh.com\/wp-content\/uploads\/2023\/01\/CLINIQUE-T-Logo.png","contentUrl":"https:\/\/drtzadeh.com\/wp-content\/uploads\/2023\/01\/CLINIQUE-T-Logo.png","width":270,"height":77,"caption":"Dr. Teanoosh Zadeh - Clinique T"},"image":{"@id":"https:\/\/drtzadeh.com\/#\/schema\/logo\/image\/"},"sameAs":["https:\/\/www.facebook.com\/drteanooshzadehMD","http:\/\/www.instagram.com\/drzadehteanoosh\/"]}]}},"_links":{"self":[{"href":"https:\/\/drtzadeh.com\/fr\/wp-json\/wp\/v2\/pages\/5544","targetHints":{"allow":["GET"]}}],"collection":[{"href":"https:\/\/drtzadeh.com\/fr\/wp-json\/wp\/v2\/pages"}],"about":[{"href":"https:\/\/drtzadeh.com\/fr\/wp-json\/wp\/v2\/types\/page"}],"author":[{"embeddable":true,"href":"https:\/\/drtzadeh.com\/fr\/wp-json\/wp\/v2\/users\/5"}],"replies":[{"embeddable":true,"href":"https:\/\/drtzadeh.com\/fr\/wp-json\/wp\/v2\/comments?post=5544"}],"version-history":[{"count":5,"href":"https:\/\/drtzadeh.com\/fr\/wp-json\/wp\/v2\/pages\/5544\/revisions"}],"predecessor-version":[{"id":5555,"href":"https:\/\/drtzadeh.com\/fr\/wp-json\/wp\/v2\/pages\/5544\/revisions\/5555"}],"up":[{"embeddable":true,"href":"https:\/\/drtzadeh.com\/fr\/wp-json\/wp\/v2\/pages\/5066"}],"wp:attachment":[{"href":"https:\/\/drtzadeh.com\/fr\/wp-json\/wp\/v2\/media?parent=5544"}],"curies":[{"name":"wp","href":"https:\/\/api.w.org\/{rel}","templated":true}]}}