{"id":5860,"date":"2023-10-02T20:18:45","date_gmt":"2023-10-02T20:18:45","guid":{"rendered":"https:\/\/drtzadeh.com\/chirurgie-et-traitements-esthetiques\/skin-boosters\/"},"modified":"2026-03-30T14:23:37","modified_gmt":"2026-03-30T14:23:37","slug":"skin-boosters","status":"publish","type":"page","link":"https:\/\/drtzadeh.com\/fr\/chirurgie-et-traitements-esthetiques\/skin-boosters\/","title":{"rendered":"Skin Boosters"},"content":{"rendered":"<p>[et_pb_section fb_built=&#8221;1&#8243; _builder_version=&#8221;4.17.4&#8243; _module_preset=&#8221;default&#8221; background_color=&#8221;gcid-d72333c4-2dcd-44de-8826-8dfc2c15db04&#8243; global_colors_info=&#8221;{%22gcid-d72333c4-2dcd-44de-8826-8dfc2c15db04%22:%91%22background_color%22%93}&#8221;][et_pb_row _builder_version=&#8221;4.17.4&#8243; _module_preset=&#8221;default&#8221; global_colors_info=&#8221;{}&#8221;][et_pb_column type=&#8221;4_4&#8243; _builder_version=&#8221;4.17.4&#8243; _module_preset=&#8221;default&#8221; global_colors_info=&#8221;{}&#8221;][et_pb_text module_class=&#8221;hero-sec-heading&#8221; _builder_version=&#8221;4.22.1&#8243; _module_preset=&#8221;default&#8221; header_font_size=&#8221;40px&#8221; custom_margin=&#8221;||0px||false|false&#8221; header_text_align_tablet=&#8221;&#8221; header_text_align_phone=&#8221;center&#8221; header_text_align_last_edited=&#8221;on|phone&#8221; header_font_size_tablet=&#8221;40px&#8221; header_font_size_phone=&#8221;34px&#8221; header_font_size_last_edited=&#8221;on|phone&#8221; global_colors_info=&#8221;{}&#8221;]<\/p>\n<h1>Skin Boosters<\/h1>\n<p>[\/et_pb_text][lwp_divi_breadcrumbs link_color=&#8221;gcid-5f7becaa-db42-4a27-923f-406088f8cb05&#8243; _builder_version=&#8221;4.27.4&#8243; _module_preset=&#8221;default&#8221; hover_enabled=&#8221;0&#8243; module_text_align_tablet=&#8221;&#8221; module_text_align_phone=&#8221;center&#8221; module_text_align_last_edited=&#8221;on|phone&#8221; module_font_size_tablet=&#8221;&#8221; module_font_size_phone=&#8221;16px&#8221; module_font_size_last_edited=&#8221;on|phone&#8221; global_colors_info=&#8221;{%22gcid-5f7becaa-db42-4a27-923f-406088f8cb05%22:%91%22link_color%22%93}&#8221; font_icon=&#8221;&#x35;||divi||400&#8243; sticky_enabled=&#8221;0&#8243;][\/lwp_divi_breadcrumbs][\/et_pb_column][\/et_pb_row][\/et_pb_section][et_pb_section fb_built=&#8221;1&#8243; _builder_version=&#8221;4.17.4&#8243; _module_preset=&#8221;default&#8221; global_colors_info=&#8221;{}&#8221;][et_pb_row column_structure=&#8221;2_3,1_3&#8243; _builder_version=&#8221;4.17.4&#8243; _module_preset=&#8221;default&#8221; global_colors_info=&#8221;{}&#8221;][et_pb_column type=&#8221;2_3&#8243; _builder_version=&#8221;4.17.4&#8243; _module_preset=&#8221;default&#8221; global_colors_info=&#8221;{}&#8221;][et_pb_text disabled_on=&#8221;on|on|on&#8221; _builder_version=&#8221;4.22.1&#8243; _module_preset=&#8221;default&#8221; disabled=&#8221;on&#8221; locked=&#8221;off&#8221; global_colors_info=&#8221;{}&#8221;]<\/p>\n<h2>R\u00e9sum\u00e9<\/h2>\n<p>[\/et_pb_text][et_pb_divider color=&#8221;#444444&#8243; divider_weight=&#8221;2px&#8221; disabled_on=&#8221;on|on|on&#8221; _builder_version=&#8221;4.17.4&#8243; _module_preset=&#8221;default&#8221; width=&#8221;100px&#8221; module_alignment=&#8221;left&#8221; custom_margin=&#8221;||15px||false|false&#8221; disabled=&#8221;on&#8221; locked=&#8221;off&#8221; global_colors_info=&#8221;{}&#8221;][\/et_pb_divider][et_pb_text module_class=&#8221;service-txt&#8221; _builder_version=&#8221;4.22.1&#8243; _module_preset=&#8221;default&#8221; text_orientation_tablet=&#8221;&#8221; text_orientation_phone=&#8221;center&#8221; text_orientation_last_edited=&#8221;on|phone&#8221; global_colors_info=&#8221;{}&#8221;]<\/p>\n<p>Les Skin Boosters sont une technique de micro-injection globale qui permet d&#8217;injecter de l&#8217;acide hyaluronique de longue dur\u00e9e dans la peau pour la rendre plus rebondie et plus uniforme. Elle permet \u00e9galement d&#8217;att\u00e9nuer les ridules, de lisser les cicatrices d&#8217;acn\u00e9 et d&#8217;am\u00e9liorer la fermet\u00e9 et l&#8217;\u00e9lasticit\u00e9 de la peau. \u00c9galement connu sous le nom d&#8217;Hyrolifting et d&#8217;Hydrofilling.<\/p>\n<p>Ce traitement a pour but d&#8217;hydrater et de rajeunir la peau, de traiter le rel\u00e2chement cutan\u00e9 et d&#8217;obtenir une apparence plus brillante et plus jeune pour le visage, le cou ou les mains.<\/p>\n<p>L&#8217;acide hyaluronique est une substance naturellement pr\u00e9sente dans notre corps, capable d&#8217;absorber et de retenir 1000 fois son propre poids en eau. De nombreux produits de soins de la peau se vantent de contenir de l&#8217;acide hyaluronique topique qui, en r\u00e9alit\u00e9, n&#8217;a qu&#8217;un effet tr\u00e8s limit\u00e9. En effet, l&#8217;acide hyaluronique est incapable de p\u00e9n\u00e9trer les couches de la peau dont il a besoin pour produire un r\u00e9sultat efficace.<\/p>\n<p><img loading=\"lazy\" decoding=\"async\" class=\"wp-image-5849 alignnone \" src=\"https:\/\/drtzadeh.com\/wp-content\/uploads\/2023\/10\/WhatsApp-Image-2023-10-02-at-10.03.18-AM-300x300.jpeg\" alt=\"\" width=\"385\" height=\"385\" \/><\/p>\n<p>[\/et_pb_text][et_pb_text admin_label=&#8221;Frequently Asked Questions&#8221; _builder_version=&#8221;4.22.1&#8243; _module_preset=&#8221;default&#8221; header_2_text_align_tablet=&#8221;&#8221; header_2_text_align_phone=&#8221;center&#8221; header_2_text_align_last_edited=&#8221;on|phone&#8221; header_2_line_height_tablet=&#8221;&#8221; header_2_line_height_phone=&#8221;1.3em&#8221; header_2_line_height_last_edited=&#8221;on|phone&#8221; locked=&#8221;off&#8221; global_colors_info=&#8221;{}&#8221;]<\/p>\n<h2>Questions fr\u00e9quemment pos\u00e9es<\/h2>\n<p>[\/et_pb_text][et_pb_divider color=&#8221;#444444&#8243; divider_weight=&#8221;2px&#8221; _builder_version=&#8221;4.17.4&#8243; _module_preset=&#8221;default&#8221; width=&#8221;100px&#8221; module_alignment=&#8221;left&#8221; custom_margin=&#8221;||15px||false|false&#8221; module_alignment_tablet=&#8221;left&#8221; module_alignment_phone=&#8221;center&#8221; module_alignment_last_edited=&#8221;on|phone&#8221; locked=&#8221;off&#8221; global_colors_info=&#8221;{}&#8221;][\/et_pb_divider][et_pb_accordion open_toggle_text_color=&#8221;#333333&#8243; open_toggle_background_color=&#8221;#FFFFFF&#8221; closed_toggle_background_color=&#8221;#faf9f6&#8243; icon_color=&#8221;gcid-d72333c4-2dcd-44de-8826-8dfc2c15db04&#8243; module_id=&#8221;myfaq&#8221; module_class=&#8221;faq-list&#8221; _builder_version=&#8221;4.27.4&#8243; _module_preset=&#8221;default&#8221; toggle_font=&#8221;|700|||||||&#8221; global_colors_info=&#8221;{%22gcid-d72333c4-2dcd-44de-8826-8dfc2c15db04%22:%91%22icon_color%22%93}&#8221;][et_pb_accordion_item title=&#8221;Pourquoi suivre ce traitement avec le Dr Zadeh ?&#8221; open=&#8221;on&#8221; _builder_version=&#8221;4.27.4&#8243; _module_preset=&#8221;default&#8221; global_colors_info=&#8221;{}&#8221;]<\/p>\n<p>La peau est constitu\u00e9e d&#8217;une couche sup\u00e9rieure appel\u00e9e \u00e9piderme et d&#8217;une seconde couche inf\u00e9rieure appel\u00e9e derme. Contrairement \u00e0 la plupart des traitements de stimulation de la peau, le Dr Zadeh utilise diff\u00e9rents produits et techniques, chacun \u00e9tant sp\u00e9cifiquement con\u00e7u pour cibler chacune de ces deux couches individuellement afin d&#8217;obtenir des r\u00e9sultats optimaux.<\/p>\n<p>Dans cette nouvelle technique, une forme libre d&#8217;acide hyaluronique de comblement ainsi que des ingr\u00e9dients actifs d&#8217;acide amin\u00e9 : glycine, L-proline, L-lysine monohydrochloride et L-leucine sont inject\u00e9s dans la couche dermique, suivis d&#8217;un acide hyaluronique de comblement plus fin avec d&#8217;autres acides amin\u00e9s, des enzymes et des min\u00e9raux inject\u00e9s dans l&#8217;\u00e9piderme.<\/p>\n<p>Globalement, outre les produits de comblement \u00e0 base d&#8217;acide hyaluronique, ce traitement apporte :<br \/>12 VITAMINES + 24 ACIDES AMIN\u00c9S + 6 CO-ENZYMES + ACIDES NUCL\u00c9IQUES + 6 MIN\u00c9RAUX + 6 autres.<\/p>\n<p>Ces Boosters hydratent de l&#8217;int\u00e9rieur, stimulent la croissance du collag\u00e8ne et procurent une hydratation durable aux zones trait\u00e9es, am\u00e9liorant la fermet\u00e9, l&#8217;\u00e9lasticit\u00e9 et l&#8217;\u00e9clat de la peau. Ils sont \u00e9galement parfaits pour les ridules telles que les rides du fumeur et les cicatrices d&#8217;acn\u00e9.<\/p>\n<p>Ce traitement peut \u00eatre adapt\u00e9 aux besoins individuels en variant les diff\u00e9rents produits utilis\u00e9s pour cibler un probl\u00e8me de peau sp\u00e9cifique que vous pouvez avoir ou en fonction du type de peau ou de vos attentes par rapport au traitement. <\/p>\n<p>L&#8217;avantage est que tous les traitements sont individualis\u00e9s, ce qui permet de cibler correctement les zones \u00e0 probl\u00e8mes. Ce point sera abord\u00e9 lors de la premi\u00e8re consultation.<\/p>\n<p><em>Pour des r\u00e9sultats optimaux, il est recommand\u00e9 d&#8217;effectuer un premier cycle de 3 traitements \u00e0 4 semaines d&#8217;intervalle. Ensuite, un traitement d&#8217;entretien semestriel peut \u00eatre n\u00e9cessaire, bien qu&#8217;avec le temps, ces traitements d&#8217;entretien deviennent de moins en moins fr\u00e9quents.<\/em><\/p>\n<p>[\/et_pb_accordion_item][et_pb_accordion_item title=&#8221;Zones de traitement &#8221; _builder_version=&#8221;4.22.1&#8243; _module_preset=&#8221;default&#8221; global_colors_info=&#8221;{}&#8221; open=&#8221;off&#8221;]<\/p>\n<p>Zones de traitement :<\/p>\n<p>Visage<br \/>Cicatrices d&#8217;acn\u00e9<br \/>Rides fines sur les joues et le visage<br \/>Le corps<br \/>Cou <br \/>Dos des mains &#8211; volume et dissimulation des veines<br \/>D\u00e9collet\u00e9<br \/>Peau du coude<br \/>Peau du genou<\/p>\n<p>[\/et_pb_accordion_item][et_pb_accordion_item title=&#8221;R\u00e9sum\u00e9 de votre traitement&#8221; _builder_version=&#8221;4.22.1&#8243; _module_preset=&#8221;default&#8221; global_colors_info=&#8221;{}&#8221; open=&#8221;off&#8221;]<\/p>\n<p><strong>Dur\u00e9e de l&#8217;intervention :<\/strong> 45 \u00e0 60 minutes environ<br \/><strong>Retour au travail<\/strong> : Imm\u00e9diatement<br \/><strong>Anesth\u00e9sie :<\/strong> Un anesth\u00e9sique topique peut \u00eatre utilis\u00e9, mais il n&#8217;est pas n\u00e9cessaire car il n&#8217;est pas douloureux.<\/p>\n<p><strong>R\u00e9sultats<\/strong> : visibles en 2 \u00e0 3 semaines<\/p>\n<p><strong>R\u00e9tablissement complet :<\/strong> 24 heures environ<br \/><strong>Dur\u00e9e des r\u00e9sultats<\/strong> : 6 \u00e0 9 mois apr\u00e8s la premi\u00e8re s\u00e9rie de traitements<\/p>\n<p><strong>Risques et complications<\/strong> : Asym\u00e9trie, ecchymoses, infections et gonflements *<\/p>\n<p>[\/et_pb_accordion_item][\/et_pb_accordion][\/et_pb_column][et_pb_column type=&#8221;1_3&#8243; _builder_version=&#8221;4.17.4&#8243; _module_preset=&#8221;default&#8221; global_colors_info=&#8221;{}&#8221;][et_pb_sidebar area=&#8221;et_pb_widget_area_1&#8243; _builder_version=&#8221;4.17.4&#8243; _module_preset=&#8221;default&#8221; global_colors_info=&#8221;{}&#8221;][\/et_pb_sidebar][\/et_pb_column][\/et_pb_row][\/et_pb_section]<\/p>\n","protected":false},"excerpt":{"rendered":"<p>Skin Boosters<div class=\"et_pb_module lwp_divi_breadcrumbs lwp_divi_breadcrumbs_0\">\n\t\t\t\t\n\t\t\t\t\n\t\t\t\t\n\t\t\t\t\n\t\t\t\t\n\t\t\t\t\n\t\t\t\t<div class=\"et_pb_module_inner\">\n\t\t\t\t\t<div class=\"lwp-breadcrumbs\"> <span class=\"before\"><\/span> <span><span property=\"itemListElement\" typeof=\"ListItem\"><a property=\"item\" typeof=\"WebPage\" href=\"https:\/\/drtzadeh.com\/fr\/\" class=\"home\"><span property=\"name\">Accueil<\/span><\/a><meta property=\"position\" content=\"1\"><\/span> <span class=\"separator et-pb-icon\">&#x35;<\/span> <\/span><\/div>\n\t\t\t\t<\/div>\n\t\t\t<\/div>R\u00e9sum\u00e9Les Skin Boosters sont une technique de micro-injection globale qui permet d&#8217;injecter de l&#8217;acide hyaluronique de longue dur\u00e9e dans la peau pour la rendre plus rebondie et plus uniforme. Elle permet \u00e9galement d&#8217;att\u00e9nuer les ridules, de lisser les cicatrices d&#8217;acn\u00e9 et [&hellip;]<\/p>\n","protected":false},"author":5,"featured_media":0,"parent":5066,"menu_order":0,"comment_status":"closed","ping_status":"closed","template":"","meta":{"_et_pb_use_builder":"on","_et_pb_old_content":"","_et_gb_content_width":"","footnotes":""},"class_list":["post-5860","page","type-page","status-publish","hentry"],"yoast_head":"<!-- This site is optimized with the Yoast SEO plugin v25.7 - https:\/\/yoast.com\/wordpress\/plugins\/seo\/ -->\n<title>Skin Boosters - Dr. Teanoosh Zadeh - Clinique T Montreal<\/title>\n<meta name=\"robots\" content=\"index, follow, max-snippet:-1, max-image-preview:large, max-video-preview:-1\" \/>\n<link rel=\"canonical\" href=\"https:\/\/drtzadeh.com\/fr\/chirurgie-et-traitements-esthetiques\/skin-boosters\/\" \/>\n<meta property=\"og:locale\" content=\"fr_FR\" \/>\n<meta property=\"og:type\" content=\"article\" \/>\n<meta property=\"og:title\" content=\"Skin Boosters - Dr. Teanoosh Zadeh - Clinique T Montreal\" \/>\n<meta property=\"og:description\" content=\"Skin BoostersR\u00e9sum\u00e9Les Skin Boosters sont une technique de micro-injection globale qui permet d&#039;injecter de l&#039;acide hyaluronique de longue dur\u00e9e dans la peau pour la rendre plus rebondie et plus uniforme. Elle permet \u00e9galement d&#039;att\u00e9nuer les ridules, de lisser les cicatrices d&#039;acn\u00e9 et [&hellip;]\" \/>\n<meta property=\"og:url\" content=\"https:\/\/drtzadeh.com\/fr\/chirurgie-et-traitements-esthetiques\/skin-boosters\/\" \/>\n<meta property=\"og:site_name\" content=\"Dr. Teanoosh Zadeh - Clinique T\" \/>\n<meta property=\"article:publisher\" content=\"https:\/\/www.facebook.com\/drteanooshzadehMD\" \/>\n<meta property=\"article:modified_time\" content=\"2026-03-30T14:23:37+00:00\" \/>\n<meta property=\"og:image\" content=\"https:\/\/drtzadeh.com\/wp-content\/uploads\/2023\/10\/WhatsApp-Image-2023-10-02-at-10.03.18-AM.jpeg\" \/>\n\t<meta property=\"og:image:width\" content=\"1080\" \/>\n\t<meta property=\"og:image:height\" content=\"1080\" \/>\n\t<meta property=\"og:image:type\" content=\"image\/jpeg\" \/>\n<meta name=\"twitter:label1\" content=\"Dur\u00e9e de lecture estim\u00e9e\" \/>\n\t<meta name=\"twitter:data1\" content=\"4 minutes\" \/>\n<!-- \/ Yoast SEO plugin. -->","yoast_head_json":{"title":"Skin Boosters - Dr. Teanoosh Zadeh - Clinique T Montreal","robots":{"index":"index","follow":"follow","max-snippet":"max-snippet:-1","max-image-preview":"max-image-preview:large","max-video-preview":"max-video-preview:-1"},"canonical":"https:\/\/drtzadeh.com\/fr\/chirurgie-et-traitements-esthetiques\/skin-boosters\/","og_locale":"fr_FR","og_type":"article","og_title":"Skin Boosters - Dr. Teanoosh Zadeh - Clinique T Montreal","og_description":"Skin BoostersR\u00e9sum\u00e9Les Skin Boosters sont une technique de micro-injection globale qui permet d'injecter de l'acide hyaluronique de longue dur\u00e9e dans la peau pour la rendre plus rebondie et plus uniforme. Elle permet \u00e9galement d'att\u00e9nuer les ridules, de lisser les cicatrices d'acn\u00e9 et [&hellip;]","og_url":"https:\/\/drtzadeh.com\/fr\/chirurgie-et-traitements-esthetiques\/skin-boosters\/","og_site_name":"Dr. Teanoosh Zadeh - Clinique T","article_publisher":"https:\/\/www.facebook.com\/drteanooshzadehMD","article_modified_time":"2026-03-30T14:23:37+00:00","og_image":[{"width":1080,"height":1080,"url":"https:\/\/drtzadeh.com\/wp-content\/uploads\/2023\/10\/WhatsApp-Image-2023-10-02-at-10.03.18-AM.jpeg","type":"image\/jpeg"}],"twitter_misc":{"Dur\u00e9e de lecture estim\u00e9e":"4 minutes"},"schema":{"@context":"https:\/\/schema.org","@graph":[{"@type":"WebPage","@id":"https:\/\/drtzadeh.com\/fr\/chirurgie-et-traitements-esthetiques\/skin-boosters\/","url":"https:\/\/drtzadeh.com\/fr\/chirurgie-et-traitements-esthetiques\/skin-boosters\/","name":"Skin Boosters - Dr. Teanoosh Zadeh - Clinique T Montreal","isPartOf":{"@id":"https:\/\/drtzadeh.com\/#website"},"primaryImageOfPage":{"@id":"https:\/\/drtzadeh.com\/fr\/chirurgie-et-traitements-esthetiques\/skin-boosters\/#primaryimage"},"image":{"@id":"https:\/\/drtzadeh.com\/fr\/chirurgie-et-traitements-esthetiques\/skin-boosters\/#primaryimage"},"thumbnailUrl":"https:\/\/drtzadeh.com\/wp-content\/uploads\/2023\/10\/WhatsApp-Image-2023-10-02-at-10.03.18-AM-300x300.jpeg","datePublished":"2023-10-02T20:18:45+00:00","dateModified":"2026-03-30T14:23:37+00:00","breadcrumb":{"@id":"https:\/\/drtzadeh.com\/fr\/chirurgie-et-traitements-esthetiques\/skin-boosters\/#breadcrumb"},"inLanguage":"fr-FR","potentialAction":[{"@type":"ReadAction","target":["https:\/\/drtzadeh.com\/fr\/chirurgie-et-traitements-esthetiques\/skin-boosters\/"]}]},{"@type":"ImageObject","inLanguage":"fr-FR","@id":"https:\/\/drtzadeh.com\/fr\/chirurgie-et-traitements-esthetiques\/skin-boosters\/#primaryimage","url":"https:\/\/drtzadeh.com\/wp-content\/uploads\/2023\/10\/WhatsApp-Image-2023-10-02-at-10.03.18-AM-300x300.jpeg","contentUrl":"https:\/\/drtzadeh.com\/wp-content\/uploads\/2023\/10\/WhatsApp-Image-2023-10-02-at-10.03.18-AM-300x300.jpeg"},{"@type":"BreadcrumbList","@id":"https:\/\/drtzadeh.com\/fr\/chirurgie-et-traitements-esthetiques\/skin-boosters\/#breadcrumb","itemListElement":[{"@type":"ListItem","position":1,"name":"Home","item":"https:\/\/drtzadeh.com\/"},{"@type":"ListItem","position":2,"name":"Chirurgie et Traitements Esth\u00e9tiques","item":"https:\/\/drtzadeh.com\/fr\/chirurgie-et-traitements-esthetiques\/"},{"@type":"ListItem","position":3,"name":"Skin Boosters"}]},{"@type":"WebSite","@id":"https:\/\/drtzadeh.com\/#website","url":"https:\/\/drtzadeh.com\/","name":"Dr. Teanoosh Zadeh - Clinique T","description":"Experienced &amp; Certified Montreal Plastic Surgeon","publisher":{"@id":"https:\/\/drtzadeh.com\/#organization"},"potentialAction":[{"@type":"SearchAction","target":{"@type":"EntryPoint","urlTemplate":"https:\/\/drtzadeh.com\/?s={search_term_string}"},"query-input":{"@type":"PropertyValueSpecification","valueRequired":true,"valueName":"search_term_string"}}],"inLanguage":"fr-FR"},{"@type":"Organization","@id":"https:\/\/drtzadeh.com\/#organization","name":"Dr. Teanoosh Zadeh - Clinique T","url":"https:\/\/drtzadeh.com\/","logo":{"@type":"ImageObject","inLanguage":"fr-FR","@id":"https:\/\/drtzadeh.com\/#\/schema\/logo\/image\/","url":"https:\/\/drtzadeh.com\/wp-content\/uploads\/2023\/01\/CLINIQUE-T-Logo.png","contentUrl":"https:\/\/drtzadeh.com\/wp-content\/uploads\/2023\/01\/CLINIQUE-T-Logo.png","width":270,"height":77,"caption":"Dr. Teanoosh Zadeh - Clinique T"},"image":{"@id":"https:\/\/drtzadeh.com\/#\/schema\/logo\/image\/"},"sameAs":["https:\/\/www.facebook.com\/drteanooshzadehMD","http:\/\/www.instagram.com\/drzadehteanoosh\/"]}]}},"_links":{"self":[{"href":"https:\/\/drtzadeh.com\/fr\/wp-json\/wp\/v2\/pages\/5860","targetHints":{"allow":["GET"]}}],"collection":[{"href":"https:\/\/drtzadeh.com\/fr\/wp-json\/wp\/v2\/pages"}],"about":[{"href":"https:\/\/drtzadeh.com\/fr\/wp-json\/wp\/v2\/types\/page"}],"author":[{"embeddable":true,"href":"https:\/\/drtzadeh.com\/fr\/wp-json\/wp\/v2\/users\/5"}],"replies":[{"embeddable":true,"href":"https:\/\/drtzadeh.com\/fr\/wp-json\/wp\/v2\/comments?post=5860"}],"version-history":[{"count":7,"href":"https:\/\/drtzadeh.com\/fr\/wp-json\/wp\/v2\/pages\/5860\/revisions"}],"predecessor-version":[{"id":7288,"href":"https:\/\/drtzadeh.com\/fr\/wp-json\/wp\/v2\/pages\/5860\/revisions\/7288"}],"up":[{"embeddable":true,"href":"https:\/\/drtzadeh.com\/fr\/wp-json\/wp\/v2\/pages\/5066"}],"wp:attachment":[{"href":"https:\/\/drtzadeh.com\/fr\/wp-json\/wp\/v2\/media?parent=5860"}],"curies":[{"name":"wp","href":"https:\/\/api.w.org\/{rel}","templated":true}]}}